{"id":6466,"date":"2025-05-29T02:37:40","date_gmt":"2025-05-29T02:37:40","guid":{"rendered":"https:\/\/sinoextrud.com\/product\/3003-aluminum-tube-and-pipe\/"},"modified":"2025-06-24T06:10:57","modified_gmt":"2025-06-24T06:10:57","slug":"3003-aluminiumrohr-und-schlauch","status":"publish","type":"product","link":"https:\/\/sinoextrud.com\/de\/product\/3003-aluminum-tube-and-pipe\/","title":{"rendered":"3003 Aluminium Rohr und Rohr"},"content":{"rendered":"<h2>Produkte Details<\/h2>\n<table class=\"custom-table\">\n<tr>\n<td class=\"label\">Name:<\/td>\n<td>3003 Aluminium Rohre und Schl\u00e4uche<\/td>\n<\/tr>\n<tr>\n<td class=\"label\">Marke:<\/td>\n<td>Sinoextrud \/ Sinoextrud<\/td>\n<\/tr>\n<tr>\n<td class=\"label\">Material:<\/td>\n<td>Serie 3000<\/td>\n<\/tr>\n<tr>\n<td class=\"label\">Temperament:<\/td>\n<td>T5-T8<\/td>\n<\/tr>\n<tr>\n<td class=\"label\">L\u00e4nge:<\/td>\n<td>Personalisierung<\/td>\n<\/tr>\n<tr>\n<td class=\"label\">Oberfl\u00e4chenbehandlung:<\/td>\n<td>Eloxiert, Holzmaserung, PVDF-Beschichtung etc.<\/td>\n<\/tr>\n<tr>\n<td class=\"label\">Verwendung:<\/td>\n<td>Industrie, Architektur<\/td>\n<\/tr>\n<tr>\n<td class=\"label\">Farbe:<\/td>\n<td>Kundenspezifisch<\/td>\n<\/tr>\n<tr>\n<td class=\"label\">Zertifizierung:<\/td>\n<td>ISO9001-2008, CE, BV, JIS, AS, NZS, QUALICOAT<\/td>\n<\/tr>\n<tr>\n<td class=\"label\">Fabrikation:<\/td>\n<td>Schneiden, Fr\u00e4sen, Bohren, Stanzen, etc.<\/td>\n<\/tr>\n<tr>\n<td class=\"label\">Von:<\/td>\n<td>Foshan, Guangdong, China<\/td>\n<\/tr>\n<\/table>\n<h2>Unsere Produktionsbasis<\/h2>\n<h3>Fabrik-Panorama<\/h3>\n<p><img decoding=\"async\" src=\"\/wp-content\/uploads\/factory-01.webp\"\/><\/p>\n<h3>Werkstatt zur Herstellung von Aluminiumstangen<\/h3>\n<p><img decoding=\"async\" src=\"\/wp-content\/uploads\/factory-02.webp\"\/><\/p>\n<p><img decoding=\"async\" src=\"\/wp-content\/uploads\/factory-03.webp\"\/><\/p>\n<h3>Lagerhaus f\u00fcr Formen<\/h3>\n<p><img decoding=\"async\" src=\"\/wp-content\/uploads\/factory-04.webp\"\/><\/p>\n<h3>43 Aluminium-Strangpressanlagen (500\u00e2\u20ac\"5500 Tonnen)<\/h3>\n<p><img decoding=\"async\" src=\"\/wp-content\/uploads\/factory-05.webp\"\/><\/p>\n<p><img decoding=\"async\" src=\"\/wp-content\/uploads\/factory-06.webp\"\/><\/p>\n<p><img decoding=\"async\" src=\"\/wp-content\/uploads\/factory-07.webp\"\/><\/p>\n<h3>Werkstatt f\u00fcr Pulverbeschichtung<\/h3>\n<p><img decoding=\"async\" src=\"\/wp-content\/uploads\/factory-09.webp\"\/><\/p>\n<h3>Eloxal-Werkstatt<\/h3>\n<p><img decoding=\"async\" src=\"\/wp-content\/uploads\/factory-10.webp\"\/><\/p>\n<h3>Workshop zur Tiefenverarbeitung<\/h3>\n<p><img decoding=\"async\" src=\"\/wp-content\/uploads\/factory-11.webp\"\/><\/p>\n<h3>CNC-Pr\u00e4zisionsbearbeitungswerkstatt<\/h3>\n<p><img decoding=\"async\" src=\"\/wp-content\/uploads\/factory-11.5.webp\"\/><\/p>\n<h3>Lager f\u00fcr Fertigprodukte und Export<\/h3>\n<p><img decoding=\"async\" src=\"\/wp-content\/uploads\/factory-12.webp\"\/><\/p>\n<p><img decoding=\"async\" src=\"\/wp-content\/uploads\/factory-13.webp\"\/><\/p>\n<p><img decoding=\"async\" src=\"\/wp-content\/uploads\/factory-14.webp\"\/><\/p>\n<h2>FAQ<\/h2>\n<p><p><b>1. wof\u00fcr werden 3003 Aluminiumrohre und -schl\u00e4uche verwendet?<\/b><\/p>\n<p>Rohre und Schl\u00e4uche aus Aluminium 3003 werden dank ihrer Verformbarkeit und Korrosionsbest\u00e4ndigkeit in HLK-Systemen, im Fl\u00fcssigkeitstransport, f\u00fcr dekorative Gel\u00e4nder und f\u00fcr strukturelle Anwendungen eingesetzt.<br \/>\n<\/p><br \/>\n<br \/>\n<p><b>2. was sind die wichtigsten Vorteile von 3003 Aluminium-Rohr und Rohr?<\/b><\/p>\n<p>Rohre aus Aluminium 3003 bieten eine hervorragende Korrosionsbest\u00e4ndigkeit, gute Schwei\u00dfbarkeit und hohe Verarbeitbarkeit und eignen sich daher ideal f\u00fcr den Einsatz im Innen- und Au\u00dfenbereich.<br \/>\n<\/p><br \/>\n<br \/>\n<p><b>3. warum w\u00e4hlen 3003 Legierung f\u00fcr Aluminium-Rohr und Rohr?<\/b><\/p>\n<p>Die Legierung 3003 bietet eine hervorragende Best\u00e4ndigkeit gegen Feuchtigkeit und chemische Einfl\u00fcsse sowie eine gute Festigkeit und Dehnbarkeit beim Biegen und Formen.<br \/>\n<\/p><br \/>\n<br \/>\n<p><b>4. k\u00f6nnen 3003 Aluminiumrohre und -schl\u00e4uche individuell angepasst werden?<\/b><\/p>\n<p>Ja, 3003-Aluminiumrohre k\u00f6nnen in Durchmesser, Wandst\u00e4rke, L\u00e4nge und Oberfl\u00e4chenbeschaffenheit an die jeweiligen Projektanforderungen angepasst werden.<br \/>\n<\/p><br \/>\n<br \/>\n<p><b>5. welche Oberfl\u00e4chenbehandlungen sind f\u00fcr 3003 Aluminiumrohre erh\u00e4ltlich?<\/b><\/p>\n<p>Zu den Oberfl\u00e4chenbeschichtungen f\u00fcr Rohre aus Aluminium 3003 geh\u00f6ren Walzoberfl\u00e4che, Eloxierung und Pulverbeschichtung zur Verbesserung des Korrosionsschutzes und des Aussehens.<br \/>\n<\/p><br \/>\n<br \/>\n<p><b>6. sind 3003 Aluminiumrohre f\u00fcr den Au\u00dfenbereich geeignet?<\/b><\/p>\n<p>Ja, Rohre aus Aluminium 3003 sind rost- und UV-best\u00e4ndig und eignen sich daher f\u00fcr Anwendungen im Freien, im Meer und in feuchten Umgebungen.<br \/>\n<\/p><br \/>\n<br \/>\n<p><b>7 Wie unterst\u00fctzen 3003 Aluminiumrohre und -tuben nachhaltiges Bauen?<\/b><\/p>\n<p>3003 Aluminiumtuben und -rohre sind 100% recycelbar und energieeffizient in der Herstellung, was die Umweltbelastung und den Materialabfall reduziert.<br \/>\n<\/p><br \/>\n<br \/>\n<p><b>8. welche Branchen profitieren am meisten von 3003 Aluminiumrohren?<\/b><\/p>\n<p>Branchen wie HLK, Schifffahrt, Lebensmittelverarbeitung und Architekturdesign nutzen Rohre aus Aluminium 3003 wegen ihrer Haltbarkeit und Korrosionsbest\u00e4ndigkeit.<br \/>\n<\/p><br \/><\/p>","protected":false},"featured_media":6465,"template":"","categories":[60],"class_list":["post-6466","product","type-product","status-publish","has-post-thumbnail","hentry","category-general-tubes-and-bars"],"meta_box":{"hilight_text_group":{"product_hilight_text":"<li>Made from 3003 aluminum alloy with excellent corrosion resistance<\/li>\r\r\n<li>Lightweight and easy to fabricate for various industrial applications<\/li>\r\r\n<li>Suitable for HVAC, marine, and general structural use<\/li>\r\r\n<li>Available in multiple diameters, wall thicknesses, and lengths<\/li>\r\r\n<li>Supports bulk supply with consistent quality and timely delivery<\/li>","product_chanpin_blog":"<ul>\r\r\n<li><a href=\"https:\/\/sinoextrud.com\/t-slot-v-slot-differences\/\" target=\"_blank\">t slot vs v slot<\/a><\/li>\r\r\n<li><a href=\"https:\/\/sinoextrud.com\/what-is-4040-aluminium-extrud\/\" target=\"_blank\">4040 aluminium extrusion<\/a><\/li>\r\r\n<li><a href=\"https:\/\/sinoextrud.com\/what-is-4040-aluminium-extrud\/\" target=\"_blank\">aluminum extrusions for industrial racks<\/a><\/li>\r\r\n<li><a href=\"https:\/\/sinoextrud.com\/powder-coating-aluminium-process\/\" target=\"_blank\">powder coating aluminium<\/a><\/li>\r\r\n<li><a href=\"https:\/\/sinoextrud.com\/what-is-an-aluminium-strip-ceiling\/\" target=\"_blank\">aluminium strip ceiling<\/a><\/li>\r\r\n<li><a href=\"https:\/\/sinoextrud.com\/what-is-a-heat-sink\/\" target=\"_blank\">what is a heat sink<\/a><\/li>\r\r\n<\/ul>","product_chanpin_chanpin":"<li><a href=\"https:\/\/sinoextrud.com\/product\/extruded-aluminium-round-tube\/\" target=\"_blank\">Extruded Aluminium Round Tube<\/a><\/li>\r\n<li><a href=\"https:\/\/sinoextrud.com\/product\/u-shaped-aluminum-extrusion\/\" target=\"_blank\">U Shaped Aluminum Extrusion<\/a><\/li>\r\n<li><a href=\"https:\/\/sinoextrud.com\/product\/40-x-40-aluminium-extrusion\/\" target=\"_blank\">40 X 40 Aluminium Extrusion<\/a><\/li>\r\n<li><a href=\"https:\/\/sinoextrud.com\/product\/aluminium-bars\/\" target=\"_blank\">Aluminium Bars<\/a><\/li>\r\n<li><a href=\"https:\/\/sinoextrud.com\/product\/3003-aluminum-tube-and-pipe\/\" target=\"_blank\">3003 Aluminum Tube And Pipe<\/a><\/li>\r\n<li><a href=\"https:\/\/sinoextrud.com\/product\/triangle-champagne-aluminum-extruded-tube\/\" target=\"_blank\">Triangle Champagne Aluminum Extruded Tube<\/a><\/li>\r\n<li><a href=\"https:\/\/sinoextrud.com\/product\/6063-aluminum-pipe-fire-hydrant-aluminum-profile\/\" target=\"_blank\">6063 Aluminum Pipe Fire Hydrant Aluminum Profile<\/a><\/li>\r\n<li><a href=\"https:\/\/sinoextrud.com\/product\/aluminum-extrusion-electrophoresis-aluminum-tube\/\" target=\"_blank\">Aluminum Extrusion Electrophoresis Aluminum Tube<\/a><\/li>\r\n<li><a href=\"https:\/\/sinoextrud.com\/product\/aluminum-square-tube-powder-coating-6063-t5-extruded-profiles\/\" target=\"_blank\">aluminum square tube powder coating 6063 t5 extruded profiles<\/a><\/li>\r\n<li><a href=\"https:\/\/sinoextrud.com\/product\/customized-aluminum-alloy-housing-grow-light\/\" target=\"_blank\">Customized Aluminum Alloy Housing Grow Light<\/a><\/li>\r\n<li><a href=\"https:\/\/sinoextrud.com\/product\/short-run-custom-aluminum-extrusions\/\" target=\"_blank\">Short Run Custom Aluminum Extrusions<\/a><\/li>"},"feature_list":[]},"_links":{"self":[{"href":"https:\/\/sinoextrud.com\/de\/wp-json\/wp\/v2\/product\/6466","targetHints":{"allow":["GET"]}}],"collection":[{"href":"https:\/\/sinoextrud.com\/de\/wp-json\/wp\/v2\/product"}],"about":[{"href":"https:\/\/sinoextrud.com\/de\/wp-json\/wp\/v2\/types\/product"}],"wp:featuredmedia":[{"embeddable":true,"href":"https:\/\/sinoextrud.com\/de\/wp-json\/wp\/v2\/media\/6465"}],"wp:attachment":[{"href":"https:\/\/sinoextrud.com\/de\/wp-json\/wp\/v2\/media?parent=6466"}],"wp:term":[{"taxonomy":"category","embeddable":true,"href":"https:\/\/sinoextrud.com\/de\/wp-json\/wp\/v2\/categories?post=6466"}],"curies":[{"name":"wp","href":"https:\/\/api.w.org\/{rel}","templated":true}]}}