{"id":6462,"date":"2025-05-29T02:29:17","date_gmt":"2025-05-29T02:29:17","guid":{"rendered":"https:\/\/sinoextrud.com\/product\/40-x-40-aluminium-extrusion\/"},"modified":"2025-06-24T06:10:57","modified_gmt":"2025-06-24T06:10:57","slug":"40-x-40-aluminium-strangpressprofil","status":"publish","type":"product","link":"https:\/\/sinoextrud.com\/de\/product\/40-x-40-aluminium-extrusion\/","title":{"rendered":"40 X 40 Aluminium-Strangpressprofile"},"content":{"rendered":"<h2>Produkte Details<\/h2>\n<table class=\"custom-table\">\n<tr>\n<td class=\"label\">Modell Nr.:<\/td>\n<td> 40\u00d740 normales Rohr<\/td>\n<\/tr>\n<tr>\n<td class=\"label\">Oberfl\u00e4chenbehandlung:<\/td>\n<td> je nach Bedarf<\/td>\n<\/tr>\n<tr>\n<td class=\"label\">Legierung:<\/td>\n<td> Legierung<\/td>\n<\/tr>\n<tr>\n<td class=\"label\">Material:<\/td>\n<td> AA6061\/6063<\/td>\n<\/tr>\n<tr>\n<td class=\"label\">Legnth:<\/td>\n<td> bis zu 6000 mm<\/td>\n<\/tr>\n<tr>\n<td class=\"label\">H\u00f6he oder Durchmesser:<\/td>\n<td> bis zu 150 mm<\/td>\n<\/tr>\n<tr>\n<td class=\"label\">Aluminium H\u00e4rte:<\/td>\n<td> T5\/T6<\/td>\n<\/tr>\n<tr>\n<td class=\"label\">Art der Verpackung:<\/td>\n<td> Am besten geeignetes Verpacken<\/td>\n<\/tr>\n<tr>\n<td class=\"label\">Transport-Paket:<\/td>\n<td> Am besten geeignetes Verpacken<\/td>\n<\/tr>\n<tr>\n<td class=\"label\">HS-Code:<\/td>\n<td> 7608100000<\/td>\n<\/tr>\n<tr>\n<td class=\"label\">Die Form:<\/td>\n<td> Mehrere Arten<\/td>\n<\/tr>\n<tr>\n<td class=\"label\">Note:<\/td>\n<td> Serie 6000<\/td>\n<\/tr>\n<tr>\n<td class=\"label\">Temperament:<\/td>\n<td> T6<\/td>\n<\/tr>\n<tr>\n<td class=\"label\">Breite oder Durchmesser:<\/td>\n<td> bis zu 150 mm<\/td>\n<\/tr>\n<tr>\n<td class=\"label\">Wanddicke:<\/td>\n<td> bis zu 10 mm<\/td>\n<\/tr>\n<tr>\n<td class=\"label\">Oberfl\u00e4che:<\/td>\n<td> Original, Lackierung, Pulverbeschichtung, Verzinkung<\/td>\n<\/tr>\n<tr>\n<td class=\"label\">Anwendung:<\/td>\n<td> W\u00e4rmetauscher und industrielle Bereiche<\/td>\n<\/tr>\n<tr>\n<td class=\"label\">Herkunft:<\/td>\n<td> Guangdong, China<\/td>\n<\/tr>\n<\/table>\n<h2>Unsere Produktionsbasis<\/h2>\n<h3>Fabrik-Panorama<\/h3>\n<p><img decoding=\"async\" src=\"\/wp-content\/uploads\/factory-01.webp\"\/><\/p>\n<h3>Werkstatt zur Herstellung von Aluminiumstangen<\/h3>\n<p><img decoding=\"async\" src=\"\/wp-content\/uploads\/factory-02.webp\"\/><\/p>\n<p><img decoding=\"async\" src=\"\/wp-content\/uploads\/factory-03.webp\"\/><\/p>\n<h3>Lagerhaus f\u00fcr Formen<\/h3>\n<p><img decoding=\"async\" src=\"\/wp-content\/uploads\/factory-04.webp\"\/><\/p>\n<h3>43 Aluminium-Strangpressanlagen (500\u00e2\u20ac\"5500 Tonnen)<\/h3>\n<p><img decoding=\"async\" src=\"\/wp-content\/uploads\/factory-05.webp\"\/><\/p>\n<p><img decoding=\"async\" src=\"\/wp-content\/uploads\/factory-06.webp\"\/><\/p>\n<p><img decoding=\"async\" src=\"\/wp-content\/uploads\/factory-07.webp\"\/><\/p>\n<h3>Werkstatt f\u00fcr Pulverbeschichtung<\/h3>\n<p><img decoding=\"async\" src=\"\/wp-content\/uploads\/factory-09.webp\"\/><\/p>\n<h3>Eloxal-Werkstatt<\/h3>\n<p><img decoding=\"async\" src=\"\/wp-content\/uploads\/factory-10.webp\"\/><\/p>\n<h3>Workshop zur Tiefenverarbeitung<\/h3>\n<p><img decoding=\"async\" src=\"\/wp-content\/uploads\/factory-11.webp\"\/><\/p>\n<h3>CNC-Pr\u00e4zisionsbearbeitungswerkstatt<\/h3>\n<p><img decoding=\"async\" src=\"\/wp-content\/uploads\/factory-11.5.webp\"\/><\/p>\n<h3>Lager f\u00fcr Fertigprodukte und Export<\/h3>\n<p><img decoding=\"async\" src=\"\/wp-content\/uploads\/factory-12.webp\"\/><\/p>\n<p><img decoding=\"async\" src=\"\/wp-content\/uploads\/factory-13.webp\"\/><\/p>\n<p><img decoding=\"async\" src=\"\/wp-content\/uploads\/factory-14.webp\"\/><\/p>\n<h2>FAQ<\/h2>\n<p><p><b>1. wof\u00fcr werden 40 X 40 Aluminium-Strangpressprofile verwendet?<\/b><\/p>\n<p>40 X 40 Aluminium-Strangpressprofile werden aufgrund ihres standardisierten T-Nut-Designs und ihrer Vielseitigkeit h\u00e4ufig f\u00fcr modulare Rahmen, Maschinenschutzvorrichtungen, Arbeitsstationen und Regalsysteme verwendet.<br \/>\n<\/p><br \/>\n<br \/>\n<p><b>2. was sind die wichtigsten Vorteile von 40 X 40 Aluminium Strangpressprofilen?<\/b><\/p>\n<p>40 X 40 Aluminium-Strangpressprofile bieten ein hervorragendes Verh\u00e4ltnis zwischen Festigkeit und Gewicht, Korrosionsbest\u00e4ndigkeit, pr\u00e4zise Toleranzen und eine einfache Montage mit kompatiblen Steckern.<br \/>\n<\/p><br \/>\n<br \/>\n<p><b>3. warum 40 X 40 Aluminium-Strangpressprofile f\u00fcr modulare Rahmen w\u00e4hlen?<\/b><\/p>\n<p>Die T-Nut am 40 x 40 Aluminium-Strangpressprofil erm\u00f6glicht eine werkzeuglose Montage, eine flexible Neupositionierung der Paneele und eine schnelle Integration von Zubeh\u00f6r f\u00fcr einen schnellen Ausbau.<br \/>\n<\/p><br \/>\n<br \/>\n<p><b>4. kann 40 X 40 Aluminium Extrusion angepasst werden?<\/b><\/p>\n<p>Ja, 40 X 40 Aluminium-Strangpressprofile k\u00f6nnen auf L\u00e4nge geschnitten, mit kundenspezifischen Lochmustern bearbeitet und mit verschiedenen Oberfl\u00e4chenbehandlungen versehen werden, um spezifische Designanforderungen zu erf\u00fcllen.<br \/>\n<\/p><br \/>\n<br \/>\n<p><b>5. welche Oberfl\u00e4chenausf\u00fchrungen sind f\u00fcr 40 X 40 Aluminium-Strangpressprofile erh\u00e4ltlich?<\/b><\/p>\n<p>G\u00e4ngige Oberfl\u00e4chen f\u00fcr 40 X 40 Aluminium-Strangpressprofile sind eloxiert, pulverbeschichtet und gefr\u00e4st, um Haltbarkeit, \u00c4sthetik und Korrosionsschutz zu verbessern.<br \/>\n<\/p><br \/>\n<br \/>\n<p><b>6. sind 40 X 40 Aluminium-Strangpressprofile f\u00fcr den schweren Einsatz geeignet?<\/b><\/p>\n<p>Ja, in Kombination mit geeigneten T-Nut-Befestigungselementen und Verst\u00e4rkungen k\u00f6nnen 40 x 40 Aluminium-Strangpressprofile erhebliche Lasten in industriellen Anwendungen tragen.<br \/>\n<\/p><br \/>\n<br \/>\n<p><b>7. wie unterst\u00fctzt 40 X 40 Aluminium Extrusion nachhaltiges Design?<\/b><\/p>\n<p>40 X 40 Aluminium-Strangpressprofile sind 100% recycelbar und energieeffizient in der Herstellung, was den Materialabfall reduziert und umweltfreundliches, modulares Bauen unterst\u00fctzt.<br \/>\n<\/p><br \/><\/p>","protected":false},"featured_media":6461,"template":"","categories":[60],"class_list":["post-6462","product","type-product","status-publish","has-post-thumbnail","hentry","category-general-tubes-and-bars"],"meta_box":{"hilight_text_group":{"product_hilight_text":"<li>Standard 40x40 profile ideal for versatile structural and framing solutions<\/li>\r\r\n<li>Made from high-strength aluminum alloy with excellent corrosion resistance<\/li>\r\r\n<li>Precision extrusion ensures consistent dimensions and smooth finish<\/li>\r\r\n<li>Compatible with a wide range of connectors and modular accessories<\/li>\r\r\n<li>Supports custom lengths and surface treatments for diverse applications<\/li>","product_chanpin_blog":"<ul>\r\r\n<li><a href=\"https:\/\/sinoextrud.com\/t-slot-v-slot-differences\/\" target=\"_blank\">t slot vs v slot<\/a><\/li>\r\r\n<li><a href=\"https:\/\/sinoextrud.com\/what-is-4040-aluminium-extrud\/\" target=\"_blank\">4040 aluminium extrusion<\/a><\/li>\r\r\n<li><a href=\"https:\/\/sinoextrud.com\/what-is-4040-aluminium-extrud\/\" target=\"_blank\">aluminum extrusions for industrial racks<\/a><\/li>\r\r\n<li><a href=\"https:\/\/sinoextrud.com\/powder-coating-aluminium-process\/\" target=\"_blank\">powder coating aluminium<\/a><\/li>\r\r\n<li><a href=\"https:\/\/sinoextrud.com\/what-is-an-aluminium-strip-ceiling\/\" target=\"_blank\">aluminium strip ceiling<\/a><\/li>\r\r\n<li><a href=\"https:\/\/sinoextrud.com\/what-is-a-heat-sink\/\" target=\"_blank\">what is a heat sink<\/a><\/li>\r\r\n<\/ul>","product_chanpin_chanpin":"<li><a href=\"https:\/\/sinoextrud.com\/product\/oval-aluminum-tube\/\" target=\"_blank\">Oval Aluminum Tube<\/a><\/li>\r\n<li><a href=\"https:\/\/sinoextrud.com\/product\/triangle-aluminum-profile\/\" target=\"_blank\">Triangle Aluminum Profile<\/a><\/li>\r\n<li><a href=\"https:\/\/sinoextrud.com\/product\/extruded-aluminium-round-tube\/\" target=\"_blank\">Extruded Aluminium Round Tube<\/a><\/li>\r\n<li><a href=\"https:\/\/sinoextrud.com\/product\/u-shaped-aluminum-extrusion\/\" target=\"_blank\">U Shaped Aluminum Extrusion<\/a><\/li>\r\n<li><a href=\"https:\/\/sinoextrud.com\/product\/40-x-40-aluminium-extrusion\/\" target=\"_blank\">40 X 40 Aluminium Extrusion<\/a><\/li>\r\n<li><a href=\"https:\/\/sinoextrud.com\/product\/aluminium-bars\/\" target=\"_blank\">Aluminium Bars<\/a><\/li>\r\n<li><a href=\"https:\/\/sinoextrud.com\/product\/3003-aluminum-tube-and-pipe\/\" target=\"_blank\">3003 Aluminum Tube And Pipe<\/a><\/li>\r\n<li><a href=\"https:\/\/sinoextrud.com\/product\/triangle-champagne-aluminum-extruded-tube\/\" target=\"_blank\">Triangle Champagne Aluminum Extruded Tube<\/a><\/li>\r\n<li><a href=\"https:\/\/sinoextrud.com\/product\/6063-aluminum-pipe-fire-hydrant-aluminum-profile\/\" target=\"_blank\">6063 Aluminum Pipe Fire Hydrant Aluminum Profile<\/a><\/li>\r\n<li><a href=\"https:\/\/sinoextrud.com\/product\/aerospace-aluminum-extrusions\/\" target=\"_blank\">Aerospace Aluminum Extrusions<\/a><\/li>\r\n<li><a href=\"https:\/\/sinoextrud.com\/product\/anodized-aluminium-profile-value-frame-extrusion\/\" target=\"_blank\">Anodized Aluminium Profile Value Frame Extrusion<\/a><\/li>"},"feature_list":[]},"_links":{"self":[{"href":"https:\/\/sinoextrud.com\/de\/wp-json\/wp\/v2\/product\/6462","targetHints":{"allow":["GET"]}}],"collection":[{"href":"https:\/\/sinoextrud.com\/de\/wp-json\/wp\/v2\/product"}],"about":[{"href":"https:\/\/sinoextrud.com\/de\/wp-json\/wp\/v2\/types\/product"}],"wp:featuredmedia":[{"embeddable":true,"href":"https:\/\/sinoextrud.com\/de\/wp-json\/wp\/v2\/media\/6461"}],"wp:attachment":[{"href":"https:\/\/sinoextrud.com\/de\/wp-json\/wp\/v2\/media?parent=6462"}],"wp:term":[{"taxonomy":"category","embeddable":true,"href":"https:\/\/sinoextrud.com\/de\/wp-json\/wp\/v2\/categories?post=6462"}],"curies":[{"name":"wp","href":"https:\/\/api.w.org\/{rel}","templated":true}]}}