{"id":6460,"date":"2025-05-29T02:26:58","date_gmt":"2025-05-29T02:26:58","guid":{"rendered":"https:\/\/sinoextrud.com\/product\/u-shaped-aluminum-extrusion\/"},"modified":"2025-06-24T06:10:56","modified_gmt":"2025-06-24T06:10:56","slug":"u-formiges-aluminium-strangpressprofil","status":"publish","type":"product","link":"https:\/\/sinoextrud.com\/de\/product\/u-shaped-aluminum-extrusion\/","title":{"rendered":"U-f\u00f6rmige Aluminium-Extrusion"},"content":{"rendered":"<h2>Produkte Details<\/h2>\n<table class=\"custom-table\">\n<tr>\n<td class=\"label\">Name<\/td>\n<td>U-f\u00f6rmiges Aluminium-Strangpressprofil<\/td>\n<\/tr>\n<tr>\n<td class=\"label\">Marke<\/td>\n<td>Sinoextrud<\/td>\n<\/tr>\n<tr>\n<td class=\"label\">Kategorie<\/td>\n<td>Strangpressen von Aluminium<\/td>\n<\/tr>\n<tr>\n<td class=\"label\">Typ<\/td>\n<td>Schwerer Typ oder leicht ist verf\u00fcgbar<\/td>\n<\/tr>\n<tr>\n<td class=\"label\">Material<\/td>\n<td>6061 ist weit verbreitet. 6063, 6463, 6005, 6082 ist auch verf\u00fcgbar.<\/td>\n<\/tr>\n<tr>\n<td class=\"label\">Temperament<\/td>\n<td>T5-T8<\/td>\n<\/tr>\n<tr>\n<td class=\"label\">L\u00e4nge<\/td>\n<td>5.8m f\u00fcr 20ft , 5.9m \/6.0m f\u00fcr 40'GP<\/td>\n<\/tr>\n<tr>\n<td class=\"label\">Gr\u00f6\u00dfe (mm)<\/td>\n<td>Verschiedene Gr\u00f6\u00dfen sind verf\u00fcgbar<\/td>\n<\/tr>\n<tr>\n<td class=\"label\">Form<\/td>\n<td>U-Form\/Anpassung<\/td>\n<\/tr>\n<tr>\n<td class=\"label\">Oberfl\u00e4chenbehandlung<\/td>\n<td>Feinstbearbeitung, Eloxieren, Sandstrahlen, Elektrophorese, Pulverbeschichtung, Holzmaserung usw.<\/td>\n<\/tr>\n<tr>\n<td class=\"label\">Farbe<\/td>\n<td>Silber oder kundenspezifische Farbe<\/td>\n<\/tr>\n<tr>\n<td class=\"label\">B\u00fcrgschaft<\/td>\n<td>BV , Soncap , ISO<\/td>\n<\/tr>\n<tr>\n<td class=\"label\">Standard<\/td>\n<td>Mittlere und hohe Qualit\u00e4t<\/td>\n<\/tr>\n<tr>\n<td class=\"label\">MOQ<\/td>\n<td>200KGS f\u00fcr jede Position<\/td>\n<\/tr>\n<tr>\n<td class=\"label\">Von<\/td>\n<td>Guangdong, China<\/td>\n<\/tr>\n<tr>\n<td class=\"label\">Anmeldung<\/td>\n<td>Industrieprofil, Geb\u00e4ude, Dekoration<\/td>\n<\/tr>\n<\/table>\n<h2>Unsere Produktionsbasis<\/h2>\n<h3>Fabrik-Panorama<\/h3>\n<p><img decoding=\"async\" src=\"\/wp-content\/uploads\/factory-01.webp\"\/><\/p>\n<h3>Werkstatt zur Herstellung von Aluminiumstangen<\/h3>\n<p><img decoding=\"async\" src=\"\/wp-content\/uploads\/factory-02.webp\"\/><\/p>\n<p><img decoding=\"async\" src=\"\/wp-content\/uploads\/factory-03.webp\"\/><\/p>\n<h3>Lagerhaus f\u00fcr Formen<\/h3>\n<p><img decoding=\"async\" src=\"\/wp-content\/uploads\/factory-04.webp\"\/><\/p>\n<h3>43 Aluminium-Strangpressanlagen (500-5500 Tonnen)<\/h3>\n<p><img decoding=\"async\" src=\"\/wp-content\/uploads\/factory-05.webp\"\/><\/p>\n<p><img decoding=\"async\" src=\"\/wp-content\/uploads\/factory-06.webp\"\/><\/p>\n<p><img decoding=\"async\" src=\"\/wp-content\/uploads\/factory-07.webp\"\/><\/p>\n<h3>Werkstatt f\u00fcr Pulverbeschichtung<\/h3>\n<p><img decoding=\"async\" src=\"\/wp-content\/uploads\/factory-09.webp\"\/><\/p>\n<h3>Eloxal-Werkstatt<\/h3>\n<p><img decoding=\"async\" src=\"\/wp-content\/uploads\/factory-10.webp\"\/><\/p>\n<h3>Workshop zur Tiefenverarbeitung<\/h3>\n<p><img decoding=\"async\" src=\"\/wp-content\/uploads\/factory-11.webp\"\/><\/p>\n<h3>CNC-Pr\u00e4zisionsbearbeitungswerkstatt<\/h3>\n<p><img decoding=\"async\" src=\"\/wp-content\/uploads\/factory-11.5.webp\"\/><\/p>\n<h3>Lager f\u00fcr Fertigprodukte und Export<\/h3>\n<p><img decoding=\"async\" src=\"\/wp-content\/uploads\/factory-12.webp\"\/><\/p>\n<p><img decoding=\"async\" src=\"\/wp-content\/uploads\/factory-13.webp\"\/><\/p>\n<p><img decoding=\"async\" src=\"\/wp-content\/uploads\/factory-14.webp\"\/><\/p>\n<h2>FAQ<\/h2>\n<p><p><b>1. wof\u00fcr wird ein U-f\u00f6rmiges Aluminium-Strangpressprofil verwendet?<\/b><\/p>\n<p>U-f\u00f6rmige Aluminium-Strangpressprofile werden f\u00fcr Rahmen, Kantenschutz, Kabelmanagement und Montageschienen im Bauwesen, in der M\u00f6belindustrie und f\u00fcr industrielle Anwendungen verwendet.<br \/>\n<\/p><br \/>\n<br \/>\n<p><b>2. was sind die wichtigsten Vorteile von U-f\u00f6rmigen Aluminium-Strangpressprofilen?<\/b><\/p>\n<p>U-f\u00f6rmige Aluminium-Strangpressprofile bieten ein hohes Verh\u00e4ltnis von Festigkeit zu Gewicht, Korrosionsbest\u00e4ndigkeit und eine pr\u00e4zise Kanalgeometrie f\u00fcr zuverl\u00e4ssige Unterst\u00fctzung und Ausrichtung.<br \/>\n<\/p><br \/>\n<br \/>\n<p><b>3. warum ein U-f\u00f6rmiges Strangpressprofil anstelle von Flachstangen oder L-Profilen w\u00e4hlen?<\/b><\/p>\n<p>U-f\u00f6rmige Aluminium-Strangpressprofile bieten eine integrierte Kanalunterst\u00fctzung, eine saubere \u00c4sthetik und eine einfachere Installation von Platten, Dichtungen oder Kabeln im Vergleich zu flachen oder abgewinkelten Profilen.<br \/>\n<\/p><br \/>\n<br \/>\n<p><b>4. k\u00f6nnen U-f\u00f6rmige Aluminium-Strangpressprofile angepasst werden?<\/b><\/p>\n<p>Ja, U-f\u00f6rmige Aluminium-Strangpressprofile k\u00f6nnen in Bezug auf Kanalbreite, Schenkelh\u00f6he, Wandst\u00e4rke, Legierungsgrad und L\u00e4nge so angepasst werden, dass sie spezifische Design- und Strukturanforderungen erf\u00fcllen.<br \/>\n<\/p><br \/>\n<br \/>\n<p><b>5. welche Oberfl\u00e4chenausf\u00fchrungen sind f\u00fcr U-f\u00f6rmige Aluminium-Strangpressprofile erh\u00e4ltlich?<\/b><\/p>\n<p>G\u00e4ngige Oberfl\u00e4chenbehandlungen sind Eloxieren, Pulverbeschichten und Walzen, die den Korrosionsschutz, die Verschlei\u00dffestigkeit und die optische Attraktivit\u00e4t verbessern.<br \/>\n<\/p><br \/>\n<br \/>\n<p><b>6. sind U-f\u00f6rmige Aluminium-Strangpressprofile f\u00fcr den Au\u00dfeneinsatz geeignet?<\/b><\/p>\n<p>Ja, mit eloxierten oder pulverbeschichteten Oberfl\u00e4chen sind U-f\u00f6rmige Aluminium-Strangpressprofile resistent gegen UV-Strahlung, Feuchtigkeit und raue Witterungseinfl\u00fcsse, was sie ideal f\u00fcr Au\u00dfeninstallationen macht.<br \/>\n<\/p><br \/>\n<br \/>\n<p><b>7. wie verbessern U-f\u00f6rmige Aluminium-Strangpressprofile die Effizienz der Installation?<\/b><\/p>\n<p>Das einheitliche Kanaldesign und die engen Toleranzen der U-f\u00f6rmigen Aluminium-Strangpressprofile erm\u00f6glichen eine schnelle, werkzeuglose Montage von Paneelen, Halterungen und Zubeh\u00f6r, was den Arbeitsaufwand reduziert.<br \/>\n<\/p><br \/>\n<br \/>\n<p><b>8. wie unterst\u00fctzen U-f\u00f6rmige Aluminium-Strangpressprofile nachhaltiges Design?<\/b><\/p>\n<p>Aluminium ist 100% recycelbar und energieeffizient in der Herstellung, und U-f\u00f6rmige Strangpressprofile minimieren den Materialabfall durch pr\u00e4zises Strangpressen und modulare Wiederverwendung.<br \/>\n<\/p><br \/><\/p>","protected":false},"featured_media":6459,"template":"","categories":[60],"class_list":["post-6460","product","type-product","status-publish","has-post-thumbnail","hentry","category-general-tubes-and-bars"],"meta_box":{"hilight_text_group":{"product_hilight_text":"<li>U-shaped design offers strong support and easy integration<\/li>\r\r\n<li>Made from durable, corrosion-resistant aluminum alloy<\/li>\r\r\n<li>Precision extrusion ensures consistent dimensions and smooth finish<\/li>\r\r\n<li>Available in various sizes and thicknesses to meet project needs<\/li>\r\r\n<li>Ideal for construction, framing, and industrial applications<\/li>","product_chanpin_blog":"<ul>\r\r\n<li><a href=\"https:\/\/sinoextrud.com\/t-slot-v-slot-differences\/\" target=\"_blank\">t slot vs v slot<\/a><\/li>\r\r\n<li><a href=\"https:\/\/sinoextrud.com\/what-is-4040-aluminium-extrud\/\" target=\"_blank\">4040 aluminium extrusion<\/a><\/li>\r\r\n<li><a href=\"https:\/\/sinoextrud.com\/what-is-4040-aluminium-extrud\/\" target=\"_blank\">aluminum extrusions for industrial racks<\/a><\/li>\r\r\n<li><a href=\"https:\/\/sinoextrud.com\/powder-coating-aluminium-process\/\" target=\"_blank\">powder coating aluminium<\/a><\/li>\r\r\n<li><a href=\"https:\/\/sinoextrud.com\/what-is-an-aluminium-strip-ceiling\/\" target=\"_blank\">aluminium strip ceiling<\/a><\/li>\r\r\n<li><a href=\"https:\/\/sinoextrud.com\/what-is-a-heat-sink\/\" target=\"_blank\">what is a heat sink<\/a><\/li>\r\r\n<\/ul>","product_chanpin_chanpin":"<li><a href=\"https:\/\/sinoextrud.com\/product\/triangle-aluminium-tube-factory-price\/\" target=\"_blank\">Triangle Aluminium Tube Factory Price<\/a><\/li>\r\n<li><a href=\"https:\/\/sinoextrud.com\/product\/oval-aluminum-tube\/\" target=\"_blank\">Oval Aluminum Tube<\/a><\/li>\r\n<li><a href=\"https:\/\/sinoextrud.com\/product\/triangle-aluminum-profile\/\" target=\"_blank\">Triangle Aluminum Profile<\/a><\/li>\r\n<li><a href=\"https:\/\/sinoextrud.com\/product\/extruded-aluminium-round-tube\/\" target=\"_blank\">Extruded Aluminium Round Tube<\/a><\/li>\r\n<li><a href=\"https:\/\/sinoextrud.com\/product\/u-shaped-aluminum-extrusion\/\" target=\"_blank\">U Shaped Aluminum Extrusion<\/a><\/li>\r\n<li><a href=\"https:\/\/sinoextrud.com\/product\/40-x-40-aluminium-extrusion\/\" target=\"_blank\">40 X 40 Aluminium Extrusion<\/a><\/li>\r\n<li><a href=\"https:\/\/sinoextrud.com\/product\/aluminium-bars\/\" target=\"_blank\">Aluminium Bars<\/a><\/li>\r\n<li><a href=\"https:\/\/sinoextrud.com\/product\/3003-aluminum-tube-and-pipe\/\" target=\"_blank\">3003 Aluminum Tube And Pipe<\/a><\/li>\r\n<li><a href=\"https:\/\/sinoextrud.com\/product\/triangle-champagne-aluminum-extruded-tube\/\" target=\"_blank\">Triangle Champagne Aluminum Extruded Tube<\/a><\/li>\r\n<li><a href=\"https:\/\/sinoextrud.com\/product\/customized-6063-extruded-aluminum-flat-bar\/\" target=\"_blank\">Customized 6063 Extruded Aluminum Flat Bar<\/a><\/li>\r\n<li><a href=\"https:\/\/sinoextrud.com\/product\/aluminium-sections-for-glazing\/\" target=\"_blank\">Aluminium Sections For Glazing<\/a><\/li>"},"feature_list":[]},"_links":{"self":[{"href":"https:\/\/sinoextrud.com\/de\/wp-json\/wp\/v2\/product\/6460","targetHints":{"allow":["GET"]}}],"collection":[{"href":"https:\/\/sinoextrud.com\/de\/wp-json\/wp\/v2\/product"}],"about":[{"href":"https:\/\/sinoextrud.com\/de\/wp-json\/wp\/v2\/types\/product"}],"wp:featuredmedia":[{"embeddable":true,"href":"https:\/\/sinoextrud.com\/de\/wp-json\/wp\/v2\/media\/6459"}],"wp:attachment":[{"href":"https:\/\/sinoextrud.com\/de\/wp-json\/wp\/v2\/media?parent=6460"}],"wp:term":[{"taxonomy":"category","embeddable":true,"href":"https:\/\/sinoextrud.com\/de\/wp-json\/wp\/v2\/categories?post=6460"}],"curies":[{"name":"wp","href":"https:\/\/api.w.org\/{rel}","templated":true}]}}