{"id":6458,"date":"2025-05-29T02:22:36","date_gmt":"2025-05-29T02:22:36","guid":{"rendered":"https:\/\/sinoextrud.com\/product\/extruded-aluminium-round-tube\/"},"modified":"2025-06-24T06:10:56","modified_gmt":"2025-06-24T06:10:56","slug":"stranggepresstes-aluminium-rundrohr","status":"publish","type":"product","link":"https:\/\/sinoextrud.com\/de\/product\/extruded-aluminium-round-tube\/","title":{"rendered":"Stranggepresstes Aluminium-Rundrohr"},"content":{"rendered":"<h2>Produkte Details<\/h2>\n<table class=\"custom-table\">\n<tr>\n<td class=\"label\">Artikel<\/td>\n<td>Stranggepresstes Aluminium-Rundrohr<\/td>\n<\/tr>\n<tr>\n<td class=\"label\">Material<\/td>\n<td>6063, 6061, 6463, 6082<\/td>\n<\/tr>\n<tr>\n<td class=\"label\">Temperament<\/td>\n<td>T4, T5, T6<\/td>\n<\/tr>\n<tr>\n<td class=\"label\">Gr\u00f6\u00dfe\/St\u00e4rke<\/td>\n<td>Allgemeine Profildicke von 0,8 bis 5,0 mm oder kundenspezifisch, L\u00e4nge von 1 m bis 9 m oder kundenspezifisch verf\u00fcgbar;<br \/>Eloxalschutzschichtdicke von 8~20 um, Pulverbeschichtung von 40 ~ 120 um.<\/td>\n<\/tr>\n<tr>\n<td class=\"label\">Form<\/td>\n<td>quadratisch, rund, rechteckig, dreieckig, etc. oder individuell<\/td>\n<\/tr>\n<tr>\n<td class=\"label\">Anmeldung<\/td>\n<td>Fenster&amp;T\u00fcren, Dekoration, Industrie, Bauwesen, etc.<\/td>\n<\/tr>\n<tr>\n<td class=\"label\">Oberfl\u00e4chenbehandlung<\/td>\n<td>Pulverbeschichtung, PVDF, Eloxal, Holzmaserung, Elektrophorese, geb\u00fcrstet, poliert, usw.<\/td>\n<\/tr>\n<tr>\n<td class=\"label\">Farben<\/td>\n<td>Ref Pulverbeschichtung Farbe Blatt und kundenspezifische Farbe verf\u00fcgbar<\/td>\n<\/tr>\n<tr>\n<td class=\"label\">Tiefgreifender Prozess<\/td>\n<td>CNC, Bohren, Fr\u00e4sen, Schneiden, Schwei\u00dfen, Biegen, Montieren<\/td>\n<\/tr>\n<tr>\n<td class=\"label\">MOQ<\/td>\n<td>200KGs f\u00fcr jeden Artikel<\/td>\n<\/tr>\n<tr>\n<td class=\"label\">Details zur Verpackung<\/td>\n<td>(1) Innen: verpackt mit Plastikschutzfolie oder Plastikschutzbeutel<br \/>(2) Au\u00dferhalb: Wrap zu sein B\u00fcndel von wasserdichten Handwerk Papier<\/td>\n<\/tr>\n<tr>\n<td class=\"label\">Lieferfrist<\/td>\n<td>(1) Entwicklung von Werkzeugen und Musterpr\u00fcfung: 10-15 Tage<br \/>(2) Massenproduktion abgeschlossen: 20-30 Tage nach der Probe wird vom K\u00e4ufer best\u00e4tigt<\/td>\n<\/tr>\n<tr>\n<td class=\"label\">FOB Hafen<\/td>\n<td>Guangzhou, Foshan, Shenzhen<\/td>\n<\/tr>\n<tr>\n<td class=\"label\">Zahlungsbedingungen<\/td>\n<td>T\/T, 30% Anzahlung und der Restbetrag ist vor dem Versand zu begleichen<\/td>\n<\/tr>\n<tr>\n<td class=\"label\">Zertifizierung verf\u00fcgbar:<\/td>\n<td>ISO:9001, SONCAP, BV-Zertifikat oder Zertifikat des Kunden verf\u00fcgbar<\/td>\n<\/tr>\n<tr>\n<td class=\"label\">B\u00fcrgschaft<\/td>\n<td>Die Oberfl\u00e4chenfarbe kann im Innenbereich 10 bis 20 Jahre lang stabil bleiben.<\/td>\n<\/tr>\n<\/table>\n<h2>Unsere Produktionsbasis<\/h2>\n<h3>Fabrik-Panorama<\/h3>\n<p><img decoding=\"async\" src=\"\/wp-content\/uploads\/factory-01.webp\"\/><\/p>\n<h3>Werkstatt zur Herstellung von Aluminiumstangen<\/h3>\n<p><img decoding=\"async\" src=\"\/wp-content\/uploads\/factory-02.webp\"\/><\/p>\n<p><img decoding=\"async\" src=\"\/wp-content\/uploads\/factory-03.webp\"\/><\/p>\n<h3>Lagerhaus f\u00fcr Formen<\/h3>\n<p><img decoding=\"async\" src=\"\/wp-content\/uploads\/factory-04.webp\"\/><\/p>\n<h3>43 Aluminium-Strangpressanlagen (500\u00e2\u20ac\"5500 Tonnen)<\/h3>\n<p><img decoding=\"async\" src=\"\/wp-content\/uploads\/factory-05.webp\"\/><\/p>\n<p><img decoding=\"async\" src=\"\/wp-content\/uploads\/factory-06.webp\"\/><\/p>\n<p><img decoding=\"async\" src=\"\/wp-content\/uploads\/factory-07.webp\"\/><\/p>\n<h3>Werkstatt f\u00fcr Pulverbeschichtung<\/h3>\n<p><img decoding=\"async\" src=\"\/wp-content\/uploads\/factory-09.webp\"\/><\/p>\n<h3>Eloxal-Werkstatt<\/h3>\n<p><img decoding=\"async\" src=\"\/wp-content\/uploads\/factory-10.webp\"\/><\/p>\n<h3>Workshop zur Tiefenverarbeitung<\/h3>\n<p><img decoding=\"async\" src=\"\/wp-content\/uploads\/factory-11.webp\"\/><\/p>\n<h3>CNC-Pr\u00e4zisionsbearbeitungswerkstatt<\/h3>\n<p><img decoding=\"async\" src=\"\/wp-content\/uploads\/factory-11.5.webp\"\/><\/p>\n<h3>Lager f\u00fcr Fertigprodukte und Export<\/h3>\n<p><img decoding=\"async\" src=\"\/wp-content\/uploads\/factory-12.webp\"\/><\/p>\n<p><img decoding=\"async\" src=\"\/wp-content\/uploads\/factory-13.webp\"\/><\/p>\n<p><img decoding=\"async\" src=\"\/wp-content\/uploads\/factory-14.webp\"\/><\/p>\n<h2>FAQ<\/h2>\n<p><p><b>1. wof\u00fcr wird ein stranggepresstes Aluminium-Rundrohr verwendet?<\/b><\/p>\n<p>Stranggepresste Aluminium-Rundrohre werden aufgrund ihrer Festigkeit, ihres geringen Gewichts und ihres vielseitigen Designs in der Bau-, Automobil-, M\u00f6bel- und Industrieindustrie eingesetzt.<br \/>\n<\/p><br \/>\n<br \/>\n<p><b>2. was sind die wichtigsten Vorteile von stranggepresstem Aluminium Rundrohr?<\/b><\/p>\n<p>Stranggepresste Aluminium-Rundrohre bieten ein hohes Verh\u00e4ltnis von Festigkeit zu Gewicht, hervorragende Korrosionsbest\u00e4ndigkeit, pr\u00e4zise Abmessungen und eine glatte Oberfl\u00e4che f\u00fcr zuverl\u00e4ssige Leistung.<br \/>\n<\/p><br \/>\n<br \/>\n<p><b>3. warum stranggepresstes Aluminium-Rundrohr anstelle von Stahl- oder Kunststoffrohren w\u00e4hlen?<\/b><\/p>\n<p>Stranggepresste Aluminium-Rundrohre sind leichter als Stahl, haltbarer als Kunststoff und bieten eine hervorragende W\u00e4rmeleitf\u00e4higkeit und Rostbest\u00e4ndigkeit f\u00fcr eine lange Nutzungsdauer.<br \/>\n<\/p><br \/>\n<br \/>\n<p><b>4. k\u00f6nnen stranggepresste Aluminium Rundrohr angepasst werden?<\/b><\/p>\n<p>Ja, stranggepresste Aluminium-Rundrohre k\u00f6nnen in Durchmesser, Wandst\u00e4rke, Legierungsgrad, L\u00e4nge und Oberfl\u00e4chenbeschaffenheit auf die jeweiligen Projektanforderungen zugeschnitten werden.<br \/>\n<\/p><br \/>\n<br \/>\n<p><b>5. welche Oberfl\u00e4chenausf\u00fchrungen sind f\u00fcr stranggepresste Aluminium-Rundrohre erh\u00e4ltlich?<\/b><\/p>\n<p>Zu den \u00fcblichen Oberfl\u00e4chenbehandlungen f\u00fcr stranggepresste Aluminiumrundrohre geh\u00f6ren Walzen, Eloxieren und Pulverbeschichten, um Korrosionsschutz, Haltbarkeit und \u00c4sthetik zu verbessern.<br \/>\n<\/p><br \/>\n<br \/>\n<p><b>6. sind stranggepresste Aluminium-Rundrohre f\u00fcr den Au\u00dfeneinsatz geeignet?<\/b><\/p>\n<p>Ja, mit der richtigen Oberfl\u00e4chenbehandlung sind stranggepresste Aluminium-Rundrohre resistent gegen UV-Strahlung, Feuchtigkeit und raue Witterungseinfl\u00fcsse und damit ideal f\u00fcr den Einsatz im Freien und auf See.<br \/>\n<\/p><br \/>\n<br \/>\n<p><b>7. wie unterst\u00fctzt stranggepresstes Aluminium-Rundrohr nachhaltiges Design?<\/b><\/p>\n<p>Das stranggepresste Aluminium-Rundrohr 100% ist recycelbar und energieeffizient in der Herstellung, wodurch Materialabf\u00e4lle reduziert und Initiativen f\u00fcr umweltfreundliches Bauen unterst\u00fctzt werden.<br \/>\n<\/p><br \/>\n<br \/>\n<p><b>8. welche Branchen profitieren am meisten von stranggepressten Aluminium-Rundrohren?<\/b><\/p>\n<p>Branchen wie die Luft- und Raumfahrt, die Automobilindustrie, das Baugewerbe, die Heizungs-, L\u00fcftungs- und Klimatechnik und die M\u00f6belindustrie verlassen sich auf stranggepresste Aluminiumrundrohre aufgrund ihrer Kombination aus Festigkeit, geringem Gewicht und Korrosionsbest\u00e4ndigkeit.<br \/>\n<\/p><br \/><\/p>","protected":false},"featured_media":6457,"template":"","categories":[60],"class_list":["post-6458","product","type-product","status-publish","has-post-thumbnail","hentry","category-general-tubes-and-bars"],"meta_box":{"hilight_text_group":{"product_hilight_text":"<li>Precision-extruded for consistent round shape and smooth surface finish<\/li>\r\r\n<li>Lightweight aluminum with high strength-to-weight ratio<\/li>\r\r\n<li>Excellent corrosion resistance for indoor and outdoor applications<\/li>\r\r\n<li>Available in various diameters, wall thicknesses, and custom lengths<\/li>\r\r\n<li>Supports bulk orders and OEM customization for diverse industries<\/li>","product_chanpin_blog":"<ul>\r\r\n<li><a href=\"https:\/\/sinoextrud.com\/t-slot-v-slot-differences\/\" target=\"_blank\">t slot vs v slot<\/a><\/li>\r\r\n<li><a href=\"https:\/\/sinoextrud.com\/what-is-4040-aluminium-extrud\/\" target=\"_blank\">4040 aluminium extrusion<\/a><\/li>\r\r\n<li><a href=\"https:\/\/sinoextrud.com\/what-is-4040-aluminium-extrud\/\" target=\"_blank\">aluminum extrusions for industrial racks<\/a><\/li>\r\r\n<li><a href=\"https:\/\/sinoextrud.com\/powder-coating-aluminium-process\/\" target=\"_blank\">powder coating aluminium<\/a><\/li>\r\r\n<li><a href=\"https:\/\/sinoextrud.com\/what-is-an-aluminium-strip-ceiling\/\" target=\"_blank\">aluminium strip ceiling<\/a><\/li>\r\r\n<li><a href=\"https:\/\/sinoextrud.com\/what-is-a-heat-sink\/\" target=\"_blank\">what is a heat sink<\/a><\/li>\r\r\n<\/ul>","product_chanpin_chanpin":"<li><a href=\"https:\/\/sinoextrud.com\/product\/thick-wall-large-diameter-aluminium-pipe\/\" target=\"_blank\">Thick Wall Large Diameter Aluminium Pipe<\/a><\/li>\r\n<li><a href=\"https:\/\/sinoextrud.com\/product\/triangle-aluminium-tube-factory-price\/\" target=\"_blank\">Triangle Aluminium Tube Factory Price<\/a><\/li>\r\n<li><a href=\"https:\/\/sinoextrud.com\/product\/oval-aluminum-tube\/\" target=\"_blank\">Oval Aluminum Tube<\/a><\/li>\r\n<li><a href=\"https:\/\/sinoextrud.com\/product\/triangle-aluminum-profile\/\" target=\"_blank\">Triangle Aluminum Profile<\/a><\/li>\r\n<li><a href=\"https:\/\/sinoextrud.com\/product\/extruded-aluminium-round-tube\/\" target=\"_blank\">Extruded Aluminium Round Tube<\/a><\/li>\r\n<li><a href=\"https:\/\/sinoextrud.com\/product\/u-shaped-aluminum-extrusion\/\" target=\"_blank\">U Shaped Aluminum Extrusion<\/a><\/li>\r\n<li><a href=\"https:\/\/sinoextrud.com\/product\/40-x-40-aluminium-extrusion\/\" target=\"_blank\">40 X 40 Aluminium Extrusion<\/a><\/li>\r\n<li><a href=\"https:\/\/sinoextrud.com\/product\/aluminium-bars\/\" target=\"_blank\">Aluminium Bars<\/a><\/li>\r\n<li><a href=\"https:\/\/sinoextrud.com\/product\/3003-aluminum-tube-and-pipe\/\" target=\"_blank\">3003 Aluminum Tube And Pipe<\/a><\/li>\r\n<li><a href=\"https:\/\/sinoextrud.com\/product\/factory-cnc-precision-aluminum-parts\/\" target=\"_blank\">Factory Cnc Precision Aluminum Parts<\/a><\/li>\r\n<li><a href=\"https:\/\/sinoextrud.com\/product\/wood-grain-finish-aluminium-profiles\/\" target=\"_blank\">Wood Grain Finish Aluminium Profiles<\/a><\/li>"},"feature_list":[]},"_links":{"self":[{"href":"https:\/\/sinoextrud.com\/de\/wp-json\/wp\/v2\/product\/6458","targetHints":{"allow":["GET"]}}],"collection":[{"href":"https:\/\/sinoextrud.com\/de\/wp-json\/wp\/v2\/product"}],"about":[{"href":"https:\/\/sinoextrud.com\/de\/wp-json\/wp\/v2\/types\/product"}],"wp:featuredmedia":[{"embeddable":true,"href":"https:\/\/sinoextrud.com\/de\/wp-json\/wp\/v2\/media\/6457"}],"wp:attachment":[{"href":"https:\/\/sinoextrud.com\/de\/wp-json\/wp\/v2\/media?parent=6458"}],"wp:term":[{"taxonomy":"category","embeddable":true,"href":"https:\/\/sinoextrud.com\/de\/wp-json\/wp\/v2\/categories?post=6458"}],"curies":[{"name":"wp","href":"https:\/\/api.w.org\/{rel}","templated":true}]}}