{"id":6448,"date":"2025-05-29T02:07:08","date_gmt":"2025-05-29T02:07:08","guid":{"rendered":"https:\/\/sinoextrud.com\/product\/thick-wall-large-diameter-aluminium-pipe\/"},"modified":"2025-06-24T06:10:55","modified_gmt":"2025-06-24T06:10:55","slug":"dickwandiges-aluminiumrohr-mit-grosem-durchmesser","status":"publish","type":"product","link":"https:\/\/sinoextrud.com\/de\/product\/thick-wall-large-diameter-aluminium-pipe\/","title":{"rendered":"Dickwandige Aluminiumrohre mit gro\u00dfem Durchmesser"},"content":{"rendered":"<h2>Produkte Details<\/h2>\n<table class=\"custom-table\">\n<tr>\n<td class=\"label\">Artikel<\/td>\n<td>Aluminium-Rohre mit gro\u00dfem Durchmesser Aluminium-Rohre\/Rohre\/Rohre<\/td>\n<\/tr>\n<tr>\n<td class=\"label\">Material<\/td>\n<td>Aluminium<\/td>\n<\/tr>\n<tr>\n<td class=\"label\">Klasse<\/td>\n<td>Serie 6000: 6101,6003,6061,6063,6020,6201,6262,6082, etc<br \/>Serie 7000: 7003, 7005, 7050, 7075, usw.<\/td>\n<\/tr>\n<tr>\n<td class=\"label\">Normen<\/td>\n<td>ASTM, ASME, EN, JIS, DIN, GB\/T usw.<\/td>\n<\/tr>\n<tr>\n<td class=\"label\">Gr\u00f6\u00dfe<\/td>\n<td>Au\u00dfendurchmesser:3-250mm<br \/>Wanddicke: 0,3-50 mm<br \/>L\u00e4nge: 10mm -6000mm<\/td>\n<\/tr>\n<tr>\n<td class=\"label\">Oberfl\u00e4chenbehandlung<\/td>\n<td>Oberfl\u00e4che fr\u00e4sen<br \/>Eloxiert<br \/>Elektrophorese<br \/>Pulverbeschichtung<br \/>H\u00f6lzerne Maserung<br \/>Sandstrahlen<\/td>\n<\/tr>\n<tr>\n<td class=\"label\">Oberfl\u00e4chenfarben<\/td>\n<td>Natur, Silber, Bronze, Champagner, Schwarz, Gold, etc.<br \/>Wie angepasst<\/td>\n<\/tr>\n<tr>\n<td class=\"label\">Temperament<\/td>\n<td>T3-T8<\/td>\n<\/tr>\n<tr>\n<td class=\"label\">Formgebung\/Muster<\/td>\n<td>Verwendung unserer Formen, keine Geb\u00fchr<br \/>Mit Kundenzeichnung, \u00d6ffnung Form, in der Regel etwa 5 Tonnen die Formung Geb\u00fchr ist frei.<br \/>Kann digitalisiert werden.<\/td>\n<\/tr>\n<tr>\n<td class=\"label\">Anmeldung<\/td>\n<td>1. Beleuchtung, Solarreflektorplatte.<br \/>2. architektonisches Aussehen, Inneneinrichtung: Decke, Metope,<br \/>M\u00f6bel, Schr\u00e4nke und so weiter.<br \/>3. Aufzug, Typenschild, Taschen.<br \/>4. Innen- und Au\u00dfendekoration von Fahrzeugen.<br \/>5. Innendekoration: wie Fotorahmen.<br \/>6. Haushaltsger\u00e4te, K\u00fchlschrank, Mikrowellenherd,<br \/>Audioger\u00e4te.<br \/>7. Luft- und Raumfahrt und milit\u00e4rische Aspekte.<br \/>8, Verarbeitung von Maschinenteilen, Formenbau .<br \/>9. Ummantelung von Rohrleitungen f\u00fcr Chemikalien\/Isolierung.<\/td>\n<\/tr>\n<\/table>\n<h2>Unsere Produktionsbasis<\/h2>\n<h3>Fabrik-Panorama<\/h3>\n<p><img decoding=\"async\" src=\"\/wp-content\/uploads\/factory-01.webp\"\/><\/p>\n<h3>Werkstatt zur Herstellung von Aluminiumstangen<\/h3>\n<p><img decoding=\"async\" src=\"\/wp-content\/uploads\/factory-02.webp\"\/><\/p>\n<p><img decoding=\"async\" src=\"\/wp-content\/uploads\/factory-03.webp\"\/><\/p>\n<h3>Lagerhaus f\u00fcr Formen<\/h3>\n<p><img decoding=\"async\" src=\"\/wp-content\/uploads\/factory-04.webp\"\/><\/p>\n<h3>43 Aluminium-Strangpressanlagen (500\u00e2\u20ac\"5500 Tonnen)<\/h3>\n<p><img decoding=\"async\" src=\"\/wp-content\/uploads\/factory-05.webp\"\/><\/p>\n<p><img decoding=\"async\" src=\"\/wp-content\/uploads\/factory-06.webp\"\/><\/p>\n<p><img decoding=\"async\" src=\"\/wp-content\/uploads\/factory-07.webp\"\/><\/p>\n<h3>Werkstatt f\u00fcr Pulverbeschichtung<\/h3>\n<p><img decoding=\"async\" src=\"\/wp-content\/uploads\/factory-09.webp\"\/><\/p>\n<h3>Eloxal-Werkstatt<\/h3>\n<p><img decoding=\"async\" src=\"\/wp-content\/uploads\/factory-10.webp\"\/><\/p>\n<h3>Workshop zur Tiefenverarbeitung<\/h3>\n<p><img decoding=\"async\" src=\"\/wp-content\/uploads\/factory-11.webp\"\/><\/p>\n<h3>CNC-Pr\u00e4zisionsbearbeitungswerkstatt<\/h3>\n<p><img decoding=\"async\" src=\"\/wp-content\/uploads\/factory-11.5.webp\"\/><\/p>\n<h3>Lager f\u00fcr Fertigprodukte und Export<\/h3>\n<p><img decoding=\"async\" src=\"\/wp-content\/uploads\/factory-12.webp\"\/><\/p>\n<p><img decoding=\"async\" src=\"\/wp-content\/uploads\/factory-13.webp\"\/><\/p>\n<p><img decoding=\"async\" src=\"\/wp-content\/uploads\/factory-14.webp\"\/><\/p>\n<h2>FAQ<\/h2>\n<p><p><b>1. wof\u00fcr wird ein dickwandiges Aluminiumrohr mit gro\u00dfem Durchmesser verwendet?<\/b><\/p>\n<p>Dickwandige Aluminiumrohre mit gro\u00dfem Durchmesser werden f\u00fcr Schwerlastanwendungen wie Offshore-Plattformen, Industrierohrleitungen, Strukturtr\u00e4ger und den Transport von Hochdruckfl\u00fcssigkeiten verwendet.<br \/>\n<\/p><br \/>\n<br \/>\n<p><b>2. was sind die wichtigsten Vorteile von dickwandigen Aluminiumrohren mit gro\u00dfem Durchmesser?<\/b><\/p>\n<p>Sie bieten ein au\u00dfergew\u00f6hnliches Verh\u00e4ltnis zwischen Festigkeit und Gewicht, eine hervorragende Korrosionsbest\u00e4ndigkeit und die F\u00e4higkeit, hohen internen und externen Dr\u00fccken in anspruchsvollen Umgebungen standzuhalten.<br \/>\n<\/p><br \/>\n<br \/>\n<p><b>3. warum sollte man dickwandige Aluminiumrohre mit gro\u00dfem Durchmesser d\u00fcnneren oder kleineren Rohren vorziehen?<\/b><\/p>\n<p>Dickwandige Rohre mit gro\u00dfem Durchmesser bieten eine verbesserte strukturelle Integrit\u00e4t, eine l\u00e4ngere Lebensdauer und ein geringeres Risiko der Verformung unter Last oder bei Temperaturschwankungen.<br \/>\n<\/p><br \/>\n<br \/>\n<p><b>4. k\u00f6nnen dickwandige Aluminiumrohre mit gro\u00dfem Durchmesser angepasst werden?<\/b><\/p>\n<p>Ja, diese Rohre k\u00f6nnen im Durchmesser, in der Wandst\u00e4rke, in der Legierungssorte (z. B. 6061, 5083) und in der L\u00e4nge an die jeweiligen technischen und projektbezogenen Anforderungen angepasst werden.<br \/>\n<\/p><br \/>\n<br \/>\n<p><b>5. welche Oberfl\u00e4chenbehandlungen gibt es f\u00fcr dickwandige Aluminiumrohre mit gro\u00dfem Durchmesser?<\/b><\/p>\n<p>Zu den \u00fcblichen Behandlungen geh\u00f6ren Eloxieren, Pulverbeschichten und Sandstrahlen, um die Korrosionsbest\u00e4ndigkeit, den Verschlei\u00dfschutz und das Aussehen zu verbessern.<br \/>\n<\/p><br \/>\n<br \/>\n<p><b>6. sind dickwandige Aluminiumrohre mit gro\u00dfem Durchmesser f\u00fcr den Einsatz im Freien und im Meer geeignet?<\/b><\/p>\n<p>Ja, mit der richtigen Oberfl\u00e4chenbehandlung und Legierungsauswahl eignen sich diese Rohre aufgrund ihrer nat\u00fcrlichen Korrosionsbest\u00e4ndigkeit hervorragend f\u00fcr den Einsatz im Meer, an der K\u00fcste und unter rauen Au\u00dfenbedingungen.<br \/>\n<\/p><br \/>\n<br \/>\n<p><b>7. wie unterst\u00fctzen dickwandige Aluminiumrohre mit gro\u00dfem Durchmesser eine kosteng\u00fcnstige Installation?<\/b><\/p>\n<p>Ihr geringes Gewicht reduziert die Handhabungs- und Transportkosten, und die pr\u00e4zise Extrusion minimiert die Schwei\u00df- und Bearbeitungsarbeiten vor Ort, was die Installation beschleunigt.<br \/>\n<\/p><br \/>\n<br \/>\n<p><b>8. welche Branchen profitieren am meisten von dickwandigen Aluminiumrohren mit gro\u00dfem Durchmesser?<\/b><\/p>\n<p>Branchen wie die \u00d6l- und Gasindustrie, die chemische Verarbeitung, der Schiffbau und die Energieerzeugung verlassen sich auf diese Rohre, die auch unter extremen Bedingungen zuverl\u00e4ssig funktionieren.<br \/>\n<\/p><br \/><\/p>","protected":false},"featured_media":6447,"template":"","categories":[60],"class_list":["post-6448","product","type-product","status-publish","has-post-thumbnail","hentry","category-general-tubes-and-bars"],"meta_box":{"hilight_text_group":{"product_hilight_text":"<li>Thick wall design ensures superior strength and durability<\/li>\r\r\n<li>Large diameter suitable for heavy-duty industrial and structural applications<\/li>\r\r\n<li>Corrosion-resistant aluminum alloy extends service life<\/li>\r\r\n<li>Customizable lengths and finishes to meet project specifications<\/li>\r\r\n<li>Reliable bulk supply with consistent quality and timely delivery<\/li>","product_chanpin_blog":"<ul>\r\r\n<li><a href=\"https:\/\/sinoextrud.com\/t-slot-v-slot-differences\/\" target=\"_blank\">t slot vs v slot<\/a><\/li>\r\r\n<li><a href=\"https:\/\/sinoextrud.com\/what-is-4040-aluminium-extrud\/\" target=\"_blank\">4040 aluminium extrusion<\/a><\/li>\r\r\n<li><a href=\"https:\/\/sinoextrud.com\/what-is-4040-aluminium-extrud\/\" target=\"_blank\">aluminum extrusions for industrial racks<\/a><\/li>\r\r\n<li><a href=\"https:\/\/sinoextrud.com\/powder-coating-aluminium-process\/\" target=\"_blank\">powder coating aluminium<\/a><\/li>\r\r\n<li><a href=\"https:\/\/sinoextrud.com\/what-is-an-aluminium-strip-ceiling\/\" target=\"_blank\">aluminium strip ceiling<\/a><\/li>\r\r\n<li><a href=\"https:\/\/sinoextrud.com\/what-is-a-heat-sink\/\" target=\"_blank\">what is a heat sink<\/a><\/li>\r\r\n<\/ul>","product_chanpin_chanpin":"<li><a href=\"https:\/\/sinoextrud.com\/product\/alloy-aluminium\/\" target=\"_blank\">Alloy Aluminium<\/a><\/li>\r\n<li><a href=\"https:\/\/sinoextrud.com\/product\/aluminium-piping\/\" target=\"_blank\">Aluminium Piping<\/a><\/li>\r\n<li><a href=\"https:\/\/sinoextrud.com\/product\/aluminum-u-profile\/\" target=\"_blank\">Aluminum U Profile<\/a><\/li>\r\n<li><a href=\"https:\/\/sinoextrud.com\/product\/short-run-custom-aluminum-extrusions\/\" target=\"_blank\">Short Run Custom Aluminum Extrusions<\/a><\/li>\r\n<li><a href=\"https:\/\/sinoextrud.com\/product\/thick-wall-large-diameter-aluminium-pipe\/\" target=\"_blank\">Thick Wall Large Diameter Aluminium Pipe<\/a><\/li>\r\n<li><a href=\"https:\/\/sinoextrud.com\/product\/triangle-aluminium-tube-factory-price\/\" target=\"_blank\">Triangle Aluminium Tube Factory Price<\/a><\/li>\r\n<li><a href=\"https:\/\/sinoextrud.com\/product\/oval-aluminum-tube\/\" target=\"_blank\">Oval Aluminum Tube<\/a><\/li>\r\n<li><a href=\"https:\/\/sinoextrud.com\/product\/triangle-aluminum-profile\/\" target=\"_blank\">Triangle Aluminum Profile<\/a><\/li>\r\n<li><a href=\"https:\/\/sinoextrud.com\/product\/extruded-aluminium-round-tube\/\" target=\"_blank\">Extruded Aluminium Round Tube<\/a><\/li>\r\n<li><a href=\"https:\/\/sinoextrud.com\/product\/wood-grain-aluminum-extrusion-slider\/\" target=\"_blank\">Wood Grain Aluminum Extrusion Slider<\/a><\/li>\r\n<li><a href=\"https:\/\/sinoextrud.com\/product\/hook-on-tile-ceiling-system\/\" target=\"_blank\">Hook-On Tile Ceiling System<\/a><\/li>"},"feature_list":[]},"_links":{"self":[{"href":"https:\/\/sinoextrud.com\/de\/wp-json\/wp\/v2\/product\/6448","targetHints":{"allow":["GET"]}}],"collection":[{"href":"https:\/\/sinoextrud.com\/de\/wp-json\/wp\/v2\/product"}],"about":[{"href":"https:\/\/sinoextrud.com\/de\/wp-json\/wp\/v2\/types\/product"}],"wp:featuredmedia":[{"embeddable":true,"href":"https:\/\/sinoextrud.com\/de\/wp-json\/wp\/v2\/media\/6447"}],"wp:attachment":[{"href":"https:\/\/sinoextrud.com\/de\/wp-json\/wp\/v2\/media?parent=6448"}],"wp:term":[{"taxonomy":"category","embeddable":true,"href":"https:\/\/sinoextrud.com\/de\/wp-json\/wp\/v2\/categories?post=6448"}],"curies":[{"name":"wp","href":"https:\/\/api.w.org\/{rel}","templated":true}]}}