{"id":6446,"date":"2025-05-29T02:00:19","date_gmt":"2025-05-29T02:00:19","guid":{"rendered":"https:\/\/sinoextrud.com\/product\/short-run-custom-aluminum-extrusions\/"},"modified":"2025-06-24T06:10:55","modified_gmt":"2025-06-24T06:10:55","slug":"kundenspezifische-aluminium-strangpressprofile-in-kleinen-stuckzahlen","status":"publish","type":"product","link":"https:\/\/sinoextrud.com\/de\/product\/short-run-custom-aluminum-extrusions\/","title":{"rendered":"Kundenspezifische Aluminium-Strangpressprofile in kleinen St\u00fcckzahlen"},"content":{"rendered":"<h2>Produkte Details<\/h2>\n<table class=\"custom-table\">\n<tr>\n<td class=\"label\">Name<\/td>\n<td>Kundenspezifische Aluminium-Strangpressprofile in kleinen St\u00fcckzahlen<\/td>\n<\/tr>\n<tr>\n<td class=\"label\">Marke<\/td>\n<td>Sinoextrud<\/td>\n<\/tr>\n<tr>\n<td class=\"label\">Kategorie<\/td>\n<td>Strangpressen von Aluminium<\/td>\n<\/tr>\n<tr>\n<td class=\"label\">Material<\/td>\n<td>6063 ist weit verbreitet. 6061, 6463, 6005, 6082 ist auch verf\u00fcgbar.<\/td>\n<\/tr>\n<tr>\n<td class=\"label\">Temperament<\/td>\n<td>T5-T8<\/td>\n<\/tr>\n<tr>\n<td class=\"label\">L\u00e4nge<\/td>\n<td>Gem\u00e4\u00df der Zeichnung<\/td>\n<\/tr>\n<tr>\n<td class=\"label\">Gr\u00f6\u00dfe (mm)<\/td>\n<td>Kundenspezifisch<\/td>\n<\/tr>\n<tr>\n<td class=\"label\">Form<\/td>\n<td>Personalisierung<\/td>\n<\/tr>\n<tr>\n<td class=\"label\">Oberfl\u00e4chenbehandlung<\/td>\n<td>Pulverbeschichtung; Fr\u00e4sen, Eloxieren, Sandstrahlen, Elektrophorese ist ebenfalls m\u00f6glich<\/td>\n<\/tr>\n<tr>\n<td class=\"label\">Farbe<\/td>\n<td>Silber, Schwarz, Gold, Champange, Bronze, Rot, Blau und wir k\u00f6nnen die Farben nach Kundenwunsch anpassen.<\/td>\n<\/tr>\n<tr>\n<td class=\"label\">B\u00fcrgschaft<\/td>\n<td>BV, TUV, ISO<\/td>\n<\/tr>\n<tr>\n<td class=\"label\">Standard<\/td>\n<td>Mittlere und hohe Qualit\u00e4t<\/td>\n<\/tr>\n<tr>\n<td class=\"label\">MOQ<\/td>\n<td>300-200KGS f\u00fcr jeden Artikel<\/td>\n<\/tr>\n<tr>\n<td class=\"label\">Von<\/td>\n<td>Guangdong, China<\/td>\n<\/tr>\n<tr>\n<td class=\"label\">Anmeldung<\/td>\n<td>Industrie, Bauwesen<\/td>\n<\/tr>\n<tr>\n<td class=\"label\">Tiefgehende Verarbeitung<\/td>\n<td>Schneiden, Bohren, Bearbeiten, Stanzen, Biegen, Gewindeschneiden usw.<\/td>\n<\/tr>\n<tr>\n<td class=\"label\">Paket<\/td>\n<td>Innen mit Schutzfolie, Schrumpfschlauch oder PE-Schaum. Au\u00dfen mit Kiste, Karton oder Holzrahmen oder kundenspezifisch.<\/td>\n<\/tr>\n<tr>\n<td class=\"label\">Lieferfrist<\/td>\n<td>Die Entwicklung der Form und die Herstellung des Musters dauern 12-18 Tage, die Produktion dauert dann 25-30 Tage nach Eingang der Anzahlung des K\u00e4ufers.<\/td>\n<\/tr>\n<tr>\n<td class=\"label\">Kapazit\u00e4t des Produkts<\/td>\n<td>10000+ T\u00f6ne \/ Monat<\/td>\n<\/tr>\n<\/table>\n<h2>Unsere Produktionsbasis<\/h2>\n<h3>Fabrik-Panorama<\/h3>\n<p><img decoding=\"async\" src=\"\/wp-content\/uploads\/factory-01.webp\"\/><\/p>\n<h3>Werkstatt zur Herstellung von Aluminiumstangen<\/h3>\n<p><img decoding=\"async\" src=\"\/wp-content\/uploads\/factory-02.webp\"\/><\/p>\n<\/p>\n<p><img decoding=\"async\" src=\"\/wp-content\/uploads\/factory-03.webp\"\/><\/p>\n<h3>Lagerhaus f\u00fcr Formen<\/h3>\n<p><img decoding=\"async\" src=\"\/wp-content\/uploads\/factory-04.webp\"\/><\/p>\n<h3>43 Aluminium-Strangpressanlagen (500-5500 Tonnen)<\/h3>\n<p><img decoding=\"async\" src=\"\/wp-content\/uploads\/factory-05.webp\"\/><\/p>\n<p><img decoding=\"async\" src=\"\/wp-content\/uploads\/factory-06.webp\"\/><\/p>\n<p><img decoding=\"async\" src=\"\/wp-content\/uploads\/factory-07.webp\"\/><\/p>\n<h3>Werkstatt f\u00fcr Pulverbeschichtung<\/h3>\n<p><img decoding=\"async\" src=\"\/wp-content\/uploads\/factory-09.webp\"\/><\/p>\n<h3>Eloxal-Werkstatt<\/h3>\n<p><img decoding=\"async\" src=\"\/wp-content\/uploads\/factory-10.webp\"\/><\/p>\n<h3>Workshop zur Tiefenverarbeitung<\/h3>\n<p><img decoding=\"async\" src=\"\/wp-content\/uploads\/factory-11.webp\"\/><\/p>\n<h3>CNC-Pr\u00e4zisionsbearbeitungswerkstatt<\/h3>\n<p><img decoding=\"async\" src=\"\/wp-content\/uploads\/factory-11.5.webp\"\/><\/p>\n<h3>Lager f\u00fcr Fertigprodukte und Export<\/h3>\n<p><img decoding=\"async\" src=\"\/wp-content\/uploads\/factory-12.webp\"\/><\/p>\n<p><img decoding=\"async\" src=\"\/wp-content\/uploads\/factory-13.webp\"\/><\/p>\n<p><img decoding=\"async\" src=\"\/wp-content\/uploads\/factory-14.webp\"\/><\/p>\n<h2>FAQ<\/h2>\n<p><b>1. wof\u00fcr werden kundenspezifische Aluminium-Strangpressprofile in kleinen St\u00fcckzahlen verwendet?<\/b><\/p>\n<p>Kundenspezifische Aluminium-Strangpressprofile in kleinen St\u00fcckzahlen sind ideal f\u00fcr die Herstellung von Prototypen, Kleinserien und einzigartigen architektonischen oder industriellen Komponenten, die spezielle Profile erfordern.\n<\/p>\n<p><\/p>\n<p><b>2 Was sind die Vorteile von kundenspezifischen Aluminium-Strangpressprofilen in kleinen St\u00fcckzahlen?<\/b><\/p>\n<p>Sie bieten eine schnelle Durchlaufzeit, niedrigere Werkzeugkosten und die Flexibilit\u00e4t, das Design vor der Serienproduktion anzupassen, was eine pr\u00e4zise Passform und ein geringeres Bestandsrisiko gew\u00e4hrleistet.\n<\/p>\n<p><\/p>\n<p><b>3. warum sollte man sich f\u00fcr kundenspezifische Aluminium-Strangpressprofile in kleinen St\u00fcckzahlen und nicht f\u00fcr Standardprofile entscheiden?<\/b><\/p>\n<p>Kundenspezifische Strangpressprofile in kleinen St\u00fcckzahlen bieten ma\u00dfgeschneiderte Querschnitte, Legierungsauswahl und Oberfl\u00e4chenbeschaffenheit, die mit Standardprofilen nicht erreicht werden k\u00f6nnen, und verbessern die Produktleistung und \u00c4sthetik.\n<\/p>\n<p><\/p>\n<p><b>4. k\u00f6nnen kundenspezifische Aluminium-Strangpressprofile in kleinen St\u00fcckzahlen bearbeitet und behandelt werden?<\/b><\/p>\n<p>Ja, diese Strangpressprofile k\u00f6nnen eloxiert, pulverbeschichtet und anderen Oberfl\u00e4chenbehandlungen unterzogen werden, um die Korrosionsbest\u00e4ndigkeit, die Haltbarkeit und die optische Attraktivit\u00e4t zu verbessern.\n<\/p>\n<p><\/p>\n<p><b>Wie wird die Entwicklungszeit durch den Kurzzeitprozess verk\u00fcrzt?<\/b><\/p>\n<p>Werkzeuge f\u00fcr Kleinserien und geringere Mindestbestellmengen beschleunigen die Designvalidierung und Produktion und erm\u00f6glichen schnellere Iterationen und Markteinf\u00fchrungen.\n<\/p>\n<p><\/p>\n<p><b>6 Welche Branchen profitieren von kundenspezifischen Aluminium-Strangpressprofilen in kleinen St\u00fcckzahlen?<\/b><\/p>\n<p>Branchen wie die Luft- und Raumfahrt, die Medizintechnik, die Elektronik und der Spezialbau nutzen kundenspezifische Extrusionen f\u00fcr Pr\u00e4zisionsteile und Baugruppen in begrenzter St\u00fcckzahl.\n<\/p>\n<p><\/p>\n<p><b>7. wie kosteneffizient sind kundenspezifische Aluminium-Strangpressprofile in kleinen St\u00fcckzahlen?<\/b><\/p>\n<p>Durch die Minimierung der Werkzeuginvestitionen und die Verringerung des \u00fcbersch\u00fcssigen Lagerbestands bieten kundenspezifische Extrusionen in Kleinserien eine kosteneffiziente L\u00f6sung f\u00fcr Projekte mit geringen St\u00fcckzahlen und hoher Spezifikation.\n<\/p>\n<p><\/p>\n<p><b>8. wie unterst\u00fctzen kundenspezifische Aluminium-Strangpressprofile in kleinen St\u00fcckzahlen eine nachhaltige Produktion?<\/b><\/p>\n<p>Durch die exakte Anpassung der Strangpressprofile an die Projektanforderungen werden Materialabf\u00e4lle und \u00dcberproduktionen reduziert, und die Recyclingf\u00e4higkeit von Aluminium verbessert die Umweltvorteile noch weiter.\n<\/p>\n<p><\/p>","protected":false},"featured_media":6445,"template":"","categories":[60],"class_list":["post-6446","product","type-product","status-publish","has-post-thumbnail","hentry","category-general-tubes-and-bars"],"meta_box":{"hilight_text_group":{"product_hilight_text":"<li>Flexible production runs tailored to specific project requirements<\/li>\r\r\n<li>Cost-effective solution for small to medium batch orders<\/li>\r\r\n<li>High-quality extrusion with precise dimensional control<\/li>\r\r\n<li>Supports custom alloys, shapes, and surface finishes<\/li>\r\r\n<li>Fast turnaround times to meet tight project deadlines<\/li>","product_chanpin_blog":"<ul>\r\r\n<li><a href=\"https:\/\/sinoextrud.com\/t-slot-v-slot-differences\/\" target=\"_blank\">t slot vs v slot<\/a><\/li>\r\r\n<li><a href=\"https:\/\/sinoextrud.com\/what-is-4040-aluminium-extrud\/\" target=\"_blank\">4040 aluminium extrusion<\/a><\/li>\r\r\n<li><a href=\"https:\/\/sinoextrud.com\/what-is-4040-aluminium-extrud\/\" target=\"_blank\">aluminum extrusions for industrial racks<\/a><\/li>\r\r\n<li><a href=\"https:\/\/sinoextrud.com\/powder-coating-aluminium-process\/\" target=\"_blank\">powder coating aluminium<\/a><\/li>\r\r\n<li><a href=\"https:\/\/sinoextrud.com\/what-is-an-aluminium-strip-ceiling\/\" target=\"_blank\">aluminium strip ceiling<\/a><\/li>\r\r\n<li><a href=\"https:\/\/sinoextrud.com\/what-is-a-heat-sink\/\" target=\"_blank\">what is a heat sink<\/a><\/li>\r\r\n<\/ul>","product_chanpin_chanpin":"<li><a href=\"https:\/\/sinoextrud.com\/product\/aluminium-extrusion-pipe\/\" target=\"_blank\">Aluminium Extrusion Pipe<\/a><\/li>\r\n<li><a href=\"https:\/\/sinoextrud.com\/product\/alloy-aluminium\/\" target=\"_blank\">Alloy Aluminium<\/a><\/li>\r\n<li><a href=\"https:\/\/sinoextrud.com\/product\/aluminium-piping\/\" target=\"_blank\">Aluminium Piping<\/a><\/li>\r\n<li><a href=\"https:\/\/sinoextrud.com\/product\/aluminum-u-profile\/\" target=\"_blank\">Aluminum U Profile<\/a><\/li>\r\n<li><a href=\"https:\/\/sinoextrud.com\/product\/short-run-custom-aluminum-extrusions\/\" target=\"_blank\">Short Run Custom Aluminum Extrusions<\/a><\/li>\r\n<li><a href=\"https:\/\/sinoextrud.com\/product\/thick-wall-large-diameter-aluminium-pipe\/\" target=\"_blank\">Thick Wall Large Diameter Aluminium Pipe<\/a><\/li>\r\n<li><a href=\"https:\/\/sinoextrud.com\/product\/triangle-aluminium-tube-factory-price\/\" target=\"_blank\">Triangle Aluminium Tube Factory Price<\/a><\/li>\r\n<li><a href=\"https:\/\/sinoextrud.com\/product\/oval-aluminum-tube\/\" target=\"_blank\">Oval Aluminum Tube<\/a><\/li>\r\n<li><a href=\"https:\/\/sinoextrud.com\/product\/triangle-aluminum-profile\/\" target=\"_blank\">Triangle Aluminum Profile<\/a><\/li>\r\n<li><a href=\"https:\/\/sinoextrud.com\/product\/aluminum-extrusion-custom-electric-vehicle-battery-enclosure-aluminum-profile\/\" target=\"_blank\">Aluminum Extrusion Custom Electric Vehicle Battery Enclosure Aluminum Profile<\/a><\/li>\r\n<li><a href=\"https:\/\/sinoextrud.com\/product\/aluminum-rail-profile\/\" target=\"_blank\">Aluminum Rail Profile<\/a><\/li>"},"feature_list":[]},"_links":{"self":[{"href":"https:\/\/sinoextrud.com\/de\/wp-json\/wp\/v2\/product\/6446","targetHints":{"allow":["GET"]}}],"collection":[{"href":"https:\/\/sinoextrud.com\/de\/wp-json\/wp\/v2\/product"}],"about":[{"href":"https:\/\/sinoextrud.com\/de\/wp-json\/wp\/v2\/types\/product"}],"wp:featuredmedia":[{"embeddable":true,"href":"https:\/\/sinoextrud.com\/de\/wp-json\/wp\/v2\/media\/6445"}],"wp:attachment":[{"href":"https:\/\/sinoextrud.com\/de\/wp-json\/wp\/v2\/media?parent=6446"}],"wp:term":[{"taxonomy":"category","embeddable":true,"href":"https:\/\/sinoextrud.com\/de\/wp-json\/wp\/v2\/categories?post=6446"}],"curies":[{"name":"wp","href":"https:\/\/api.w.org\/{rel}","templated":true}]}}