{"id":6442,"date":"2025-05-29T01:54:21","date_gmt":"2025-05-29T01:54:21","guid":{"rendered":"https:\/\/sinoextrud.com\/product\/aluminium-piping\/"},"modified":"2025-06-24T06:10:54","modified_gmt":"2025-06-24T06:10:54","slug":"aluminiumverrohrung","status":"publish","type":"product","link":"https:\/\/sinoextrud.com\/de\/product\/aluminium-piping\/","title":{"rendered":"Aluminium-Rohrleitungen"},"content":{"rendered":"<h2>Produkte Details<\/h2>\n<table class=\"custom-table\">\n<tr>\n<td class=\"label\">Artikel<\/td>\n<td>Aluminium-Rohrleitungen\/Rohre Aluminium-Rohr\/Rohre\/Rohre<\/td>\n<\/tr>\n<tr>\n<td class=\"label\">Material<\/td>\n<td>Aluminium<\/td>\n<\/tr>\n<tr>\n<td class=\"label\">Klasse<\/td>\n<td>Serie 1000: 1050,1060,1070,1080,1100,1435, etc<br \/>Serie 2000: 2011, 2014, 2017, 2024, usw.<br \/>Serie 3000: 3002,3003,3104,3204,3030, etc<br \/>Serie 5000: 5005,5025,5040,5056,5083, etc<br \/>Serie 6000: 6101,6003,6061,6063,6020,6201,6262,6082, etc<br \/>Serie 7000: 7003, 7005, 7050, 7075, usw.<\/td>\n<\/tr>\n<tr>\n<td class=\"label\">Normen<\/td>\n<td>ASTM, ASME, EN, JIS, DIN, GB\/T usw.<\/td>\n<\/tr>\n<tr>\n<td class=\"label\">Gr\u00f6\u00dfe<\/td>\n<td>Au\u00dfendurchmesser:3-250mm<br \/>Wanddicke: 0,3-50 mm<br \/>L\u00e4nge: 10mm -6000mm<\/td>\n<\/tr>\n<tr>\n<td class=\"label\">Form<\/td>\n<td>Rund\/Viereckig\/Rechteckig<\/td>\n<\/tr>\n<tr>\n<td class=\"label\">Oberfl\u00e4chenbehandlung<\/td>\n<td>Oberfl\u00e4che fr\u00e4sen<br \/>Eloxiert<br \/>Elektrophorese<br \/>Pulverbeschichtung<br \/>H\u00f6lzerne Maserung<br \/>Sandstrahlen<\/td>\n<\/tr>\n<tr>\n<td class=\"label\">Oberfl\u00e4chenfarben<\/td>\n<td>Natur, Silber, Bronze, Champagner, Schwarz, Gold, etc.<br \/>Wie angepasst<\/td>\n<\/tr>\n<tr>\n<td class=\"label\">Temperament<\/td>\n<td>T3-T8<\/td>\n<\/tr>\n<tr>\n<td class=\"label\">Formgebung\/Muster<\/td>\n<td>1. Verwendung unserer Formen, keine Geb\u00fchr<br \/>2. Mit Kundenzeichnung, \u00d6ffnung Form, in der Regel etwa 5 Tonnen die Formgebung Geb\u00fchr ist frei.<br \/>3. Kann diskutiert werden.<\/td>\n<\/tr>\n<tr>\n<td class=\"label\">Anmeldung<\/td>\n<td>1. Beleuchtung, Solarreflektorplatte.<br \/>2. architektonisches Aussehen, Inneneinrichtung: Decke, Metope, M\u00f6bel, Schr\u00e4nke und so weiter.<br \/>3. Aufzug, Typenschild, Taschen.<br \/>4. Innen- und Au\u00dfendekoration von Fahrzeugen.<br \/>5. Innendekoration: wie Fotorahmen.<br \/>6. Haushaltsger\u00e4te, K\u00fchlschrank, Mikrowellenherd, Audioger\u00e4te.<br \/>7. Luft- und Raumfahrt und milit\u00e4rische Aspekte.<br \/>8, Verarbeitung von Maschinenteilen, Formenbau .<br \/>9. Ummantelung von Rohrleitungen f\u00fcr Chemikalien\/Isolierung.<\/td>\n<\/tr>\n<\/table>\n<h2>Unsere Produktionsbasis<\/h2>\n<h3>Fabrik-Panorama<\/h3>\n<p><img decoding=\"async\" src=\"\/wp-content\/uploads\/factory-01.webp\"\/><\/p>\n<h3>Werkstatt zur Herstellung von Aluminiumstangen<\/h3>\n<p><img decoding=\"async\" src=\"\/wp-content\/uploads\/factory-02.webp\"\/><\/p>\n<p><img decoding=\"async\" src=\"\/wp-content\/uploads\/factory-03.webp\"\/><\/p>\n<h3>Lagerhaus f\u00fcr Formen<\/h3>\n<p><img decoding=\"async\" src=\"\/wp-content\/uploads\/factory-04.webp\"\/><\/p>\n<h3>43 Aluminium-Strangpressanlagen (500-5500 Tonnen)<\/h3>\n<p><img decoding=\"async\" src=\"\/wp-content\/uploads\/factory-05.webp\"\/><\/p>\n<p><img decoding=\"async\" src=\"\/wp-content\/uploads\/factory-06.webp\"\/><\/p>\n<p><img decoding=\"async\" src=\"\/wp-content\/uploads\/factory-07.webp\"\/><\/p>\n<h3>Werkstatt f\u00fcr Pulverbeschichtung<\/h3>\n<p><img decoding=\"async\" src=\"\/wp-content\/uploads\/factory-09.webp\"\/><\/p>\n<h3>Eloxal-Werkstatt<\/h3>\n<p><img decoding=\"async\" src=\"\/wp-content\/uploads\/factory-10.webp\"\/><\/p>\n<h3>Workshop zur Tiefenverarbeitung<\/h3>\n<p><img decoding=\"async\" src=\"\/wp-content\/uploads\/factory-11.webp\"\/><\/p>\n<h3>CNC-Pr\u00e4zisionsbearbeitungswerkstatt<\/h3>\n<p><img decoding=\"async\" src=\"\/wp-content\/uploads\/factory-11.5.webp\"\/><\/p>\n<h3>Lager f\u00fcr Fertigprodukte und Export<\/h3>\n<p><img decoding=\"async\" src=\"\/wp-content\/uploads\/factory-12.webp\"\/><\/p>\n<p><img decoding=\"async\" src=\"\/wp-content\/uploads\/factory-13.webp\"\/><\/p>\n<p><img decoding=\"async\" src=\"\/wp-content\/uploads\/factory-14.webp\"\/><\/p>\n<h2>FAQ<\/h2>\n<p><p><b>1. wof\u00fcr werden Aluminiumrohre verwendet?<\/b><\/p>\n<p>Aluminiumrohre werden aufgrund ihrer Leichtigkeit und Korrosionsbest\u00e4ndigkeit in Sanit\u00e4r- und HLK-Systemen, im industriellen Fl\u00fcssigkeitstransport und in K\u00fchlkreisl\u00e4ufen von Kraftfahrzeugen eingesetzt.<br \/>\n<\/p><br \/>\n<br \/>\n<p><b>2. was sind die wichtigsten Vorteile von Aluminiumrohren?<\/b><\/p>\n<p>Aluminiumrohre bieten ein hohes Verh\u00e4ltnis von Festigkeit zu Gewicht, hervorragende Korrosionsbest\u00e4ndigkeit, W\u00e4rmeleitf\u00e4higkeit und lange Lebensdauer bei minimalem Wartungsaufwand.<br \/>\n<\/p><br \/>\n<br \/>\n<p><b>3. warum sollte man Aluminiumrohre den Alternativen aus Stahl oder Kunststoff vorziehen?<\/b><\/p>\n<p>Aluminiumrohre sind leichter als Stahl und haltbarer als Kunststoff und bieten eine bessere Durchflussleistung, geringere Installationskosten und eine bessere Korrosionsbest\u00e4ndigkeit.<br \/>\n<\/p><br \/>\n<br \/>\n<p><b>4. k\u00f6nnen Aluminiumrohre individuell angepasst werden?<\/b><\/p>\n<p>Ja, Aluminiumrohre k\u00f6nnen in verschiedenen Durchmessern, Wandst\u00e4rken, L\u00e4ngen und Legierungsgraden stranggepresst oder gezogen werden, um bestimmten Projekt- und Industrienormen zu entsprechen.<br \/>\n<\/p><br \/>\n<br \/>\n<p><b>5. welche Oberfl\u00e4chenbehandlungen gibt es f\u00fcr Aluminiumrohre?<\/b><\/p>\n<p>Zu den \u00fcblichen Oberfl\u00e4chenbehandlungen geh\u00f6ren Eloxieren, Pulverbeschichtung und Walzoberfl\u00e4che, um den Korrosionsschutz, die Verschlei\u00dffestigkeit und die \u00c4sthetik zu verbessern.<br \/>\n<\/p><br \/>\n<br \/>\n<p><b>6. sind Aluminiumrohre f\u00fcr die Verwendung im Freien und auf See geeignet?<\/b><\/p>\n<p>Ja, Aluminiumrohre mit der richtigen Oberfl\u00e4chenbehandlung sind resistent gegen UV-Strahlung, Salzspr\u00fchnebel und raue Witterungsbedingungen und eignen sich daher ideal f\u00fcr Anwendungen im Freien und auf See.<br \/>\n<\/p><br \/>\n<br \/>\n<p><b>7. wie unterst\u00fctzen Aluminiumrohre ein effizientes W\u00e4rmemanagement?<\/b><\/p>\n<p>Die hohe W\u00e4rmeleitf\u00e4higkeit von Aluminium erm\u00f6glicht eine schnelle W\u00e4rme\u00fcbertragung in HLK-, K\u00fchl- und W\u00e4rmetauschersystemen und verbessert so die Gesamtenergieeffizienz.<br \/>\n<\/p><br \/>\n<br \/>\n<p><b>8. wie tragen Aluminiumrohre zur nachhaltigen Technik bei?<\/b><\/p>\n<p>Aluminium ist 100% recycelbar und energieeffizient in der Herstellung, und die Verwendung von Aluminiumrohren reduziert den Materialabfall und verringert die Umweltbelastung w\u00e4hrend des gesamten Lebenszyklus.<br \/>\n<\/p><br \/><\/p>","protected":false},"featured_media":6441,"template":"","categories":[60],"class_list":["post-6442","product","type-product","status-publish","has-post-thumbnail","hentry","category-general-tubes-and-bars"],"meta_box":{"hilight_text_group":{"product_hilight_text":"<li>Lightweight and durable, ideal for fluid transport and structural use<\/li>\r\r\n<li>Corrosion-resistant aluminum ensures long service life<\/li>\r\r\n<li>Available in various diameters, wall thicknesses, and lengths<\/li>\r\r\n<li>Easy to cut, weld, and fabricate for custom applications<\/li>\r\r\n<li>Supports bulk orders with consistent quality and timely delivery<\/li>","product_chanpin_blog":"<ul>\r\r\n<li><a href=\"https:\/\/sinoextrud.com\/t-slot-v-slot-differences\/\" target=\"_blank\">t slot vs v slot<\/a><\/li>\r\r\n<li><a href=\"https:\/\/sinoextrud.com\/what-is-4040-aluminium-extrud\/\" target=\"_blank\">4040 aluminium extrusion<\/a><\/li>\r\r\n<li><a href=\"https:\/\/sinoextrud.com\/what-is-4040-aluminium-extrud\/\" target=\"_blank\">aluminum extrusions for industrial racks<\/a><\/li>\r\r\n<li><a href=\"https:\/\/sinoextrud.com\/powder-coating-aluminium-process\/\" target=\"_blank\">powder coating aluminium<\/a><\/li>\r\r\n<li><a href=\"https:\/\/sinoextrud.com\/what-is-an-aluminium-strip-ceiling\/\" target=\"_blank\">aluminium strip ceiling<\/a><\/li>\r\r\n<li><a href=\"https:\/\/sinoextrud.com\/what-is-a-heat-sink\/\" target=\"_blank\">what is a heat sink<\/a><\/li>\r\r\n<\/ul>","product_chanpin_chanpin":"<li><a href=\"https:\/\/sinoextrud.com\/product\/thin-wall-extruded-aluminum-tubing\/\" target=\"_blank\">Thin Wall Extruded Aluminum Tubing<\/a><\/li>\r\n<li><a href=\"https:\/\/sinoextrud.com\/product\/extruded-aluminum-z-bar\/\" target=\"_blank\">Extruded Aluminum Z Bar<\/a><\/li>\r\n<li><a href=\"https:\/\/sinoextrud.com\/product\/aluminium-extrusion-pipe\/\" target=\"_blank\">Aluminium Extrusion Pipe<\/a><\/li>\r\n<li><a href=\"https:\/\/sinoextrud.com\/product\/alloy-aluminium\/\" target=\"_blank\">Alloy Aluminium<\/a><\/li>\r\n<li><a href=\"https:\/\/sinoextrud.com\/product\/aluminium-piping\/\" target=\"_blank\">Aluminium Piping<\/a><\/li>\r\n<li><a href=\"https:\/\/sinoextrud.com\/product\/aluminum-u-profile\/\" target=\"_blank\">Aluminum U Profile<\/a><\/li>\r\n<li><a href=\"https:\/\/sinoextrud.com\/product\/short-run-custom-aluminum-extrusions\/\" target=\"_blank\">Short Run Custom Aluminum Extrusions<\/a><\/li>\r\n<li><a href=\"https:\/\/sinoextrud.com\/product\/thick-wall-large-diameter-aluminium-pipe\/\" target=\"_blank\">Thick Wall Large Diameter Aluminium Pipe<\/a><\/li>\r\n<li><a href=\"https:\/\/sinoextrud.com\/product\/triangle-aluminium-tube-factory-price\/\" target=\"_blank\">Triangle Aluminium Tube Factory Price<\/a><\/li>\r\n<li><a href=\"https:\/\/sinoextrud.com\/product\/hook-type-sereen-ceiling-system\/\" target=\"_blank\">Hook Type Sereen Ceiling System<\/a><\/li>\r\n<li><a href=\"https:\/\/sinoextrud.com\/product\/o-shape-baffle-ceiling-system\/\" target=\"_blank\">O-shape Baffle Ceiling System<\/a><\/li>"},"feature_list":[]},"_links":{"self":[{"href":"https:\/\/sinoextrud.com\/de\/wp-json\/wp\/v2\/product\/6442","targetHints":{"allow":["GET"]}}],"collection":[{"href":"https:\/\/sinoextrud.com\/de\/wp-json\/wp\/v2\/product"}],"about":[{"href":"https:\/\/sinoextrud.com\/de\/wp-json\/wp\/v2\/types\/product"}],"wp:featuredmedia":[{"embeddable":true,"href":"https:\/\/sinoextrud.com\/de\/wp-json\/wp\/v2\/media\/6441"}],"wp:attachment":[{"href":"https:\/\/sinoextrud.com\/de\/wp-json\/wp\/v2\/media?parent=6442"}],"wp:term":[{"taxonomy":"category","embeddable":true,"href":"https:\/\/sinoextrud.com\/de\/wp-json\/wp\/v2\/categories?post=6442"}],"curies":[{"name":"wp","href":"https:\/\/api.w.org\/{rel}","templated":true}]}}