{"id":6436,"date":"2025-05-28T10:29:18","date_gmt":"2025-05-28T10:29:18","guid":{"rendered":"https:\/\/sinoextrud.com\/product\/alloy-aluminium\/"},"modified":"2025-06-24T06:10:55","modified_gmt":"2025-06-24T06:10:55","slug":"aluminiumlegierung","status":"publish","type":"product","link":"https:\/\/sinoextrud.com\/de\/product\/alloy-aluminium\/","title":{"rendered":"Aluminium-Legierung"},"content":{"rendered":"<h2>Produkte Details<\/h2>\n<table class=\"custom-table\">\n<tr>\n<td class=\"label\">Artikel<\/td>\n<td>Aluminium-Rohr\/Rohre Aluminium-Rohr\/Rohre\/R\u00f6hren Legierung Aluminium<\/td>\n<\/tr>\n<tr>\n<td class=\"label\">Material<\/td>\n<td>Aluminium<\/td>\n<\/tr>\n<tr>\n<td class=\"label\">Klasse<\/td>\n<td>Serie 1000: 1050,1060,1070,1080,1100,1435, etc<br \/>Serie 2000: 2011, 2014, 2017, 2024, usw.<br \/>Serie 3000: 3002,3003,3104,3204,3030, etc<br \/>Serie 5000: 5005,5025,5040,5056,5083, etc<br \/>Serie 6000: 6101,6003,6061,6063,6020,6201,6262,6082, etc<br \/>Serie 7000: 7003, 7005, 7050, 7075, usw.<\/td>\n<\/tr>\n<tr>\n<td class=\"label\">Normen<\/td>\n<td>ASTM, ASME, EN, JIS, DIN, GB\/T usw.<\/td>\n<\/tr>\n<tr>\n<td class=\"label\">Gr\u00f6\u00dfe<\/td>\n<td>Au\u00dfendurchmesser:3-250mm<br \/>Wanddicke: 0,3-50 mm<br \/>L\u00e4nge: 10mm -6000mm<\/td>\n<\/tr>\n<tr>\n<td class=\"label\">Form<\/td>\n<td>Rund\/Viereckig\/Rechteckig<\/td>\n<\/tr>\n<tr>\n<td class=\"label\">Oberfl\u00e4chenbehandlung<\/td>\n<td>Oberfl\u00e4che fr\u00e4sen<br \/>Eloxiert<br \/>Elektrophorese<br \/>Pulverbeschichtung<br \/>H\u00f6lzerne Maserung<br \/>Sandstrahlen<\/td>\n<\/tr>\n<tr>\n<td class=\"label\">Oberfl\u00e4chenfarben<\/td>\n<td>Natur, Silber, Bronze, Champagner, Schwarz, Gold, etc.<br \/>Wie angepasst<\/td>\n<\/tr>\n<tr>\n<td class=\"label\">Temperament<\/td>\n<td>T3-T8<\/td>\n<\/tr>\n<tr>\n<td class=\"label\">Formgebung\/Muster<\/td>\n<td>1. Verwendung unserer Formen, keine Geb\u00fchr<br \/>2. Mit Kundenzeichnung, \u00d6ffnung Form, in der Regel etwa 5 Tonnen die Formgebung Geb\u00fchr ist frei.<br \/>3. Kann digitalisiert werden.<\/td>\n<\/tr>\n<tr>\n<td class=\"label\">Anmeldung<\/td>\n<td>1. Beleuchtung, Solarreflektorplatte.<br \/>2. architektonisches Aussehen, Inneneinrichtung: Decke, Metope, M\u00f6bel, Schr\u00e4nke und so weiter.<br \/>3. Aufzug, Typenschild, Taschen.<br \/>4. Innen- und Au\u00dfendekoration von Fahrzeugen.<br \/>5. Innendekoration: wie Fotorahmen.<br \/>6. Haushaltsger\u00e4te, K\u00fchlschrank, Mikrowellenherd, Audioger\u00e4te.<br \/>7. Luft- und Raumfahrt und milit\u00e4rische Aspekte.<br \/>8, Verarbeitung von Maschinenteilen, Formenbau .<br \/>9. Ummantelung von Rohrleitungen f\u00fcr Chemikalien\/Isolierung.<br \/>Merkmale der verschiedenen Oberfl\u00e4chenbehandlungen<\/td>\n<\/tr>\n<tr>\n<td class=\"label\">Oberfl\u00e4che fr\u00e4sen<\/td>\n<td>Aluminium-Rohmaterial nach nationalem Standard, das f\u00fcr jede Art von Oberfl\u00e4chenbehandlung geeignet ist<\/td>\n<\/tr>\n<tr>\n<td class=\"label\">Eloxieren<\/td>\n<td>Die Oxidationsschichtdicke von mehr als 13mu, gleichm\u00e4\u00dfige Farbe, ohne mechanische Linien, Korrosionsbest\u00e4ndigkeit, dauerhaft gl\u00e4nzend und dekorativ. Erh\u00e4ltlich in verschiedenen Farben wie Metall Silber, Champagner, dunkel, Bronze, schwarz......<\/td>\n<\/tr>\n<tr>\n<td class=\"label\">Elektrophorese<\/td>\n<td>13 Jahre Qualit\u00e4tssicherung, elegante und gleichm\u00e4\u00dfige Farbe, Oberfl\u00e4che ohne K\u00f6rnung, gl\u00e4nzende Oberfl\u00e4che, Korrosionsbest\u00e4ndigkeit, hohe Verschlei\u00dffestigkeit, hohe Oberfl\u00e4che und Helligkeit. Erh\u00e4ltlich in verschiedenen Farben wie Metall Silber.<\/td>\n<\/tr>\n<tr>\n<td class=\"label\">Geb\u00fcrstet<\/td>\n<td>Optionale Farbe f\u00fcr Slap-up-Dekorationszwecke, wie Bilderrahmen, Fenster und T\u00fcren.<\/td>\n<\/tr>\n<tr>\n<td class=\"label\">Holzmaserung<\/td>\n<td>1. glatte Oberfl\u00e4che.<br \/>2. Hohe H\u00e4rte der Beschichtung und Schlagz\u00e4higkeit.<br \/>3. Hohe Korrosionsbest\u00e4ndigkeit, Wetter, Hitze und Alkli Widerstand.<br \/>4. Dekoratives Material der neuen Generation, das ein nat\u00fcrliches Aussehen erzeugt.<\/td>\n<\/tr>\n<tr>\n<td class=\"label\">Pulverbeschichtung<\/td>\n<td>1. Einheitliche Farbe.<br \/>2. Hohe H\u00e4rte der Beschichtung und starke Adh\u00e4sion.<br \/>3. Hohe Korrosions-, Wetter-, Hitze-, Alkli- und Schlagfestigkeit.<\/td>\n<\/tr>\n<\/table>\n<h2>Unsere Produktionsbasis<\/h2>\n<h3>Fabrik-Panorama<\/h3>\n<p><img decoding=\"async\" src=\"\/wp-content\/uploads\/factory-01.webp\"\/><\/p>\n<h3>Werkstatt zur Herstellung von Aluminiumstangen<\/h3>\n<p><img decoding=\"async\" src=\"\/wp-content\/uploads\/factory-02.webp\"\/><\/p>\n<p><img decoding=\"async\" src=\"\/wp-content\/uploads\/factory-03.webp\"\/><\/p>\n<h3>Lagerhaus f\u00fcr Formen<\/h3>\n<p><img decoding=\"async\" src=\"\/wp-content\/uploads\/factory-04.webp\"\/><\/p>\n<h3>43 Aluminium-Strangpressanlagen (500\u00e2\u20ac\"5500 Tonnen)<\/h3>\n<p><img decoding=\"async\" src=\"\/wp-content\/uploads\/factory-05.webp\"\/><\/p>\n<p><img decoding=\"async\" src=\"\/wp-content\/uploads\/factory-06.webp\"\/><\/p>\n<p><img decoding=\"async\" src=\"\/wp-content\/uploads\/factory-07.webp\"\/><\/p>\n<h3>Werkstatt f\u00fcr Pulverbeschichtung<\/h3>\n<p><img decoding=\"async\" src=\"\/wp-content\/uploads\/factory-09.webp\"\/><\/p>\n<h3>Eloxal-Werkstatt<\/h3>\n<p><img decoding=\"async\" src=\"\/wp-content\/uploads\/factory-10.webp\"\/><\/p>\n<h3>Workshop zur Tiefenverarbeitung<\/h3>\n<p><img decoding=\"async\" src=\"\/wp-content\/uploads\/factory-11.webp\"\/><\/p>\n<h3>CNC-Pr\u00e4zisionsbearbeitungswerkstatt<\/h3>\n<p><img decoding=\"async\" src=\"\/wp-content\/uploads\/factory-11.5.webp\"\/><\/p>\n<h3>Lager f\u00fcr Fertigprodukte und Export<\/h3>\n<p><img decoding=\"async\" src=\"\/wp-content\/uploads\/factory-12.webp\"\/><\/p>\n<p><img decoding=\"async\" src=\"\/wp-content\/uploads\/factory-13.webp\"\/><\/p>\n<p><img decoding=\"async\" src=\"\/wp-content\/uploads\/factory-14.webp\"\/><\/p>\n<h2>FAQ<\/h2>\n<p><p><b>1. wof\u00fcr wird legiertes Aluminium verwendet?<\/b><\/p>\n<p>Aluminiumlegierungen werden in der Luft- und Raumfahrt, in der Automobilindustrie, im Bauwesen und in der Unterhaltungselektronik aufgrund ihrer hohen Festigkeit, ihres geringen Gewichts und ihrer Vielseitigkeit eingesetzt.<br \/>\n<\/p><br \/>\n<br \/>\n<p><b>2 Was sind die wichtigsten Vorteile von legiertem Aluminium?<\/b><\/p>\n<p>Aluminiumlegierungen bieten ein besseres Verh\u00e4ltnis von Festigkeit zu Gewicht, eine ausgezeichnete Korrosionsbest\u00e4ndigkeit und eine bessere thermische und elektrische Leitf\u00e4higkeit als reines Aluminium.<br \/>\n<\/p><br \/>\n<br \/>\n<p><b>3 Warum sollte man legiertes Aluminium dem reinen Aluminium vorziehen?<\/b><\/p>\n<p>Legiertes Aluminium bietet eine h\u00f6here mechanische Festigkeit, eine bessere Erm\u00fcdungsbest\u00e4ndigkeit und eine ma\u00dfgeschneiderte Leistung durch verschiedene Legierungselemente wie Silizium, Magnesium und Kupfer.<br \/>\n<\/p><br \/>\n<br \/>\n<p><b>4. k\u00f6nnen Aluminiumlegierungen f\u00fcr spezifische Anwendungen angepasst werden?<\/b><\/p>\n<p>Ja, legiertes Aluminium kann mit verschiedenen Legierungsgraden (z. B. 6061, 7075, 2024) formuliert werden, um die Festigkeit, Schwei\u00dfbarkeit und Oberfl\u00e4chenbeschaffenheit f\u00fcr bestimmte Branchen zu optimieren.<br \/>\n<\/p><br \/>\n<br \/>\n<p><b>5. welche Oberfl\u00e4chenbehandlungen gibt es f\u00fcr legiertes Aluminium?<\/b><\/p>\n<p>Zu den \u00fcblichen Behandlungen geh\u00f6ren Eloxieren, Pulverbeschichten und mechanisches Polieren, die den Korrosionsschutz, die H\u00e4rte und die \u00c4sthetik verbessern.<br \/>\n<\/p><br \/>\n<br \/>\n<p><b>6. wie unterst\u00fctzt legiertes Aluminium die nachhaltige Produktion?<\/b><\/p>\n<p>Die Aluminiumlegierung ist 100% recycelbar, ben\u00f6tigt weniger Energie f\u00fcr die Herstellung des recycelten Materials und verl\u00e4ngert die Lebensdauer des Produkts durch eine dauerhafte Leistung, wodurch die Umweltbelastung verringert wird.<br \/>\n<\/p><br \/>\n<br \/>\n<p><b>7. welche Branchen profitieren am meisten von legiertem Aluminium?<\/b><\/p>\n<p>Branchen wie die Luft- und Raumfahrt, die Automobilindustrie, die Schifffahrt, das Bauwesen und die Elektronik nutzen legiertes Aluminium f\u00fcr leichte Strukturen, Treibstoffeffizienz und Pr\u00e4zisionstechnik.<br \/>\n<\/p><br \/><\/p>","protected":false},"featured_media":6435,"template":"","categories":[60],"class_list":["post-6436","product","type-product","status-publish","has-post-thumbnail","hentry","category-general-tubes-and-bars"],"meta_box":{"hilight_text_group":{"product_hilight_text":"<li>High-strength alloy composition ensures durability and performance<\/li>\r\r\n<li>Excellent corrosion resistance suitable for harsh environments<\/li>\r\r\n<li>Lightweight material reduces overall product weight and costs<\/li>\r\r\n<li>Versatile applications across automotive, aerospace, and construction<\/li>\r\r\n<li>Customizable grades and finishes to meet specific project needs<\/li>","product_chanpin_blog":"<ul>\r\r\n<li><a href=\"https:\/\/sinoextrud.com\/t-slot-v-slot-differences\/\" target=\"_blank\">t slot vs v slot<\/a><\/li>\r\r\n<li><a href=\"https:\/\/sinoextrud.com\/what-is-4040-aluminium-extrud\/\" target=\"_blank\">4040 aluminium extrusion<\/a><\/li>\r\r\n<li><a href=\"https:\/\/sinoextrud.com\/what-is-4040-aluminium-extrud\/\" target=\"_blank\">aluminum extrusions for industrial racks<\/a><\/li>\r\r\n<li><a href=\"https:\/\/sinoextrud.com\/powder-coating-aluminium-process\/\" target=\"_blank\">powder coating aluminium<\/a><\/li>\r\r\n<li><a href=\"https:\/\/sinoextrud.com\/what-is-an-aluminium-strip-ceiling\/\" target=\"_blank\">aluminium strip ceiling<\/a><\/li>\r\r\n<li><a href=\"https:\/\/sinoextrud.com\/what-is-a-heat-sink\/\" target=\"_blank\">what is a heat sink<\/a><\/li>\r\r\n<\/ul>","product_chanpin_chanpin":"<li><a href=\"https:\/\/sinoextrud.com\/product\/aluminium-angles\/\" target=\"_blank\">Aluminium Angles<\/a><\/li>\r\n<li><a href=\"https:\/\/sinoextrud.com\/product\/thin-wall-extruded-aluminum-tubing\/\" target=\"_blank\">Thin Wall Extruded Aluminum Tubing<\/a><\/li>\r\n<li><a href=\"https:\/\/sinoextrud.com\/product\/extruded-aluminum-z-bar\/\" target=\"_blank\">Extruded Aluminum Z Bar<\/a><\/li>\r\n<li><a href=\"https:\/\/sinoextrud.com\/product\/aluminium-extrusion-pipe\/\" target=\"_blank\">Aluminium Extrusion Pipe<\/a><\/li>\r\n<li><a href=\"https:\/\/sinoextrud.com\/product\/alloy-aluminium\/\" target=\"_blank\">Alloy Aluminium<\/a><\/li>\r\n<li><a href=\"https:\/\/sinoextrud.com\/product\/aluminium-piping\/\" target=\"_blank\">Aluminium Piping<\/a><\/li>\r\n<li><a href=\"https:\/\/sinoextrud.com\/product\/aluminum-u-profile\/\" target=\"_blank\">Aluminum U Profile<\/a><\/li>\r\n<li><a href=\"https:\/\/sinoextrud.com\/product\/short-run-custom-aluminum-extrusions\/\" target=\"_blank\">Short Run Custom Aluminum Extrusions<\/a><\/li>\r\n<li><a href=\"https:\/\/sinoextrud.com\/product\/thick-wall-large-diameter-aluminium-pipe\/\" target=\"_blank\">Thick Wall Large Diameter Aluminium Pipe<\/a><\/li>\r\n<li><a href=\"https:\/\/sinoextrud.com\/product\/aluminium-extrusion-machining\/\" target=\"_blank\">Aluminium Extrusion Machining<\/a><\/li>\r\n<li><a href=\"https:\/\/sinoextrud.com\/product\/standard-aluminium-sections-for-partition\/\" target=\"_blank\">Standard Aluminium Sections For Partition<\/a><\/li>"},"feature_list":[]},"_links":{"self":[{"href":"https:\/\/sinoextrud.com\/de\/wp-json\/wp\/v2\/product\/6436","targetHints":{"allow":["GET"]}}],"collection":[{"href":"https:\/\/sinoextrud.com\/de\/wp-json\/wp\/v2\/product"}],"about":[{"href":"https:\/\/sinoextrud.com\/de\/wp-json\/wp\/v2\/types\/product"}],"wp:featuredmedia":[{"embeddable":true,"href":"https:\/\/sinoextrud.com\/de\/wp-json\/wp\/v2\/media\/6435"}],"wp:attachment":[{"href":"https:\/\/sinoextrud.com\/de\/wp-json\/wp\/v2\/media?parent=6436"}],"wp:term":[{"taxonomy":"category","embeddable":true,"href":"https:\/\/sinoextrud.com\/de\/wp-json\/wp\/v2\/categories?post=6436"}],"curies":[{"name":"wp","href":"https:\/\/api.w.org\/{rel}","templated":true}]}}