{"id":6432,"date":"2025-05-28T09:05:51","date_gmt":"2025-05-28T09:05:51","guid":{"rendered":"https:\/\/sinoextrud.com\/product\/extruded-aluminum-z-bar\/"},"modified":"2025-06-24T06:10:53","modified_gmt":"2025-06-24T06:10:53","slug":"stranggepresstes-aluminium-z-bar","status":"publish","type":"product","link":"https:\/\/sinoextrud.com\/de\/product\/extruded-aluminum-z-bar\/","title":{"rendered":"Stranggepresstes Aluminium Z-Bar"},"content":{"rendered":"<h2>Produkte Details<\/h2>\n<table class=\"custom-table\">\n<tr>\n<td class=\"label\">Name<\/td>\n<td>Stranggepresstes Aluminium Z-Bar<\/td>\n<\/tr>\n<tr>\n<td class=\"label\">Marke<\/td>\n<td>Sinoextrud<\/td>\n<\/tr>\n<tr>\n<td class=\"label\">Kategorie<\/td>\n<td>Aluminium-Profile<\/td>\n<\/tr>\n<tr>\n<td class=\"label\">Material<\/td>\n<td>6063 ist weit verbreitet. 6063, 6463, 6005, 6082 ist auch verf\u00fcgbar.<\/td>\n<\/tr>\n<tr>\n<td class=\"label\">Temperament<\/td>\n<td>T5-T8<\/td>\n<\/tr>\n<tr>\n<td class=\"label\">L\u00e4nge<\/td>\n<td>1-9m oder individuelle Anpassung<\/td>\n<\/tr>\n<tr>\n<td class=\"label\">Gr\u00f6\u00dfe (mm)<\/td>\n<td>Verschiedene Gr\u00f6\u00dfen, k\u00f6nnen Sie f\u00fcr Details kontaktieren.<\/td>\n<\/tr>\n<tr>\n<td class=\"label\">Dicke<\/td>\n<td>Gem\u00e4\u00df Ihrer Anfrage<\/td>\n<\/tr>\n<tr>\n<td class=\"label\">Form<\/td>\n<td>Z-Form oder Individualisierung<\/td>\n<\/tr>\n<tr>\n<td class=\"label\">Oberfl\u00e4chenbehandlung<\/td>\n<td>Fr\u00e4sen, Eloxieren, Sandstrahlen, Elektrophorese, Pulverbeschichtung, usw.<\/td>\n<\/tr>\n<tr>\n<td class=\"label\">Farbe<\/td>\n<td>Silber, Schwarz, Wei\u00df, Rot, Gelb, Champagner oder kundenspezifische Farbe<\/td>\n<\/tr>\n<tr>\n<td class=\"label\">Standard<\/td>\n<td>ASTM, GB, DIN<\/td>\n<\/tr>\n<tr>\n<td class=\"label\">Von<\/td>\n<td>Guangdong, China<\/td>\n<\/tr>\n<tr>\n<td class=\"label\">Anmeldung<\/td>\n<td>Dekoration, Industrie<\/td>\n<\/tr>\n<\/table>\n<h2>Unsere Produktionsbasis<\/h2>\n<h3>Fabrik-Panorama<\/h3>\n<p><img decoding=\"async\" src=\"\/wp-content\/uploads\/factory-01.webp\"\/><\/p>\n<h3>Werkstatt zur Herstellung von Aluminiumstangen<\/h3>\n<p><img decoding=\"async\" src=\"\/wp-content\/uploads\/factory-02.webp\"\/><\/p>\n<p><img decoding=\"async\" src=\"\/wp-content\/uploads\/factory-03.webp\"\/><\/p>\n<h3>Lagerhaus f\u00fcr Formen<\/h3>\n<p><img decoding=\"async\" src=\"\/wp-content\/uploads\/factory-04.webp\"\/><\/p>\n<h3>43 Aluminium-Strangpressanlagen (500\u00e2\u20ac\"5500 Tonnen)<\/h3>\n<p><img decoding=\"async\" src=\"\/wp-content\/uploads\/factory-05.webp\"\/><\/p>\n<p><img decoding=\"async\" src=\"\/wp-content\/uploads\/factory-06.webp\"\/><\/p>\n<p><img decoding=\"async\" src=\"\/wp-content\/uploads\/factory-07.webp\"\/><\/p>\n<h3>Werkstatt f\u00fcr Pulverbeschichtung<\/h3>\n<p><img decoding=\"async\" src=\"\/wp-content\/uploads\/factory-09.webp\"\/><\/p>\n<h3>Eloxal-Werkstatt<\/h3>\n<p><img decoding=\"async\" src=\"\/wp-content\/uploads\/factory-10.webp\"\/><\/p>\n<h3>Workshop zur Tiefenverarbeitung<\/h3>\n<p><img decoding=\"async\" src=\"\/wp-content\/uploads\/factory-11.webp\"\/><\/p>\n<h3>CNC-Pr\u00e4zisionsbearbeitungswerkstatt<\/h3>\n<p><img decoding=\"async\" src=\"\/wp-content\/uploads\/factory-11.5.webp\"\/><\/p>\n<h3>Lager f\u00fcr Fertigprodukte und Export<\/h3>\n<p><img decoding=\"async\" src=\"\/wp-content\/uploads\/factory-12.webp\"\/><\/p>\n<p><img decoding=\"async\" src=\"\/wp-content\/uploads\/factory-13.webp\"\/><\/p>\n<p><img decoding=\"async\" src=\"\/wp-content\/uploads\/factory-14.webp\"\/><\/p>\n<h2>FAQ<\/h2>\n<p><p><b>1. wof\u00fcr wird eine stranggepresste Aluminium-Z-Stange verwendet?<\/b><\/p>\n<p>Z-Stangen aus stranggepresstem Aluminium werden als Kantenschutz, zur strukturellen Unterst\u00fctzung und als \u00dcbergangsleisten im Bauwesen, f\u00fcr D\u00e4cher und architektonische Anwendungen eingesetzt.<br \/>\n<\/p><br \/>\n<br \/>\n<p><b>2. was sind die wichtigsten Vorteile von stranggepressten Aluminium-Z-Stangen?<\/b><\/p>\n<p>Z-Stangen aus stranggepresstem Aluminium bieten ein hohes Verh\u00e4ltnis von Festigkeit zu Gewicht, hervorragende Korrosionsbest\u00e4ndigkeit und pr\u00e4zise Abmessungen f\u00fcr zuverl\u00e4ssige Leistung.<br \/>\n<\/p><br \/>\n<br \/>\n<p><b>3. warum stranggepresste Aluminium-Z-Stangen gegen\u00fcber Alternativen aus Stahl w\u00e4hlen?<\/b><\/p>\n<p>Z-Stangen aus Aluminium sind leichter, von Natur aus rostfrei und einfacher zu installieren als Stahl, was die Arbeits- und Wartungskosten reduziert.<br \/>\n<\/p><br \/>\n<br \/>\n<p><b>4. k\u00f6nnen stranggepresste Aluminium Z Bars angepasst werden?<\/b><\/p>\n<p>Ja, stranggepresste Aluminium-Z-Stangen k\u00f6nnen in L\u00e4nge, Dicke, Legierungsgrad und Oberfl\u00e4chenbeschaffenheit auf die jeweiligen Projektanforderungen zugeschnitten werden.<br \/>\n<\/p><br \/>\n<br \/>\n<p><b>5. welche Oberfl\u00e4chenausf\u00fchrungen sind f\u00fcr stranggepresste Aluminium-Z-Stangen erh\u00e4ltlich?<\/b><\/p>\n<p>G\u00e4ngige Oberfl\u00e4chenbehandlungen sind Eloxieren, Pulverbeschichten und Walzen, die die Haltbarkeit, die \u00c4sthetik und den Korrosionsschutz verbessern.<br \/>\n<\/p><br \/>\n<br \/>\n<p><b>6. sind stranggepresste Aluminium-Z-Stangen f\u00fcr den Au\u00dfeneinsatz geeignet?<\/b><\/p>\n<p>Ja, mit eloxierter oder beschichteter Oberfl\u00e4che widerstehen stranggepresste Z-Stangen aus Aluminium UV-Strahlung, Feuchtigkeit und rauen Wetterbedingungen.<br \/>\n<\/p><br \/>\n<br \/>\n<p><b>7. wie unterst\u00fctzen stranggepresste Aluminium-Z-Stangen nachhaltiges Design?<\/b><\/p>\n<p>Aluminium ist 100% recycelbar und energieeffizient in der Herstellung, was Z-St\u00e4be zu einer umweltfreundlichen Wahl f\u00fcr gr\u00fcne Bauprojekte macht.<br \/>\n<\/p><br \/><\/p>","protected":false},"featured_media":6431,"template":"","categories":[60],"class_list":["post-6432","product","type-product","status-publish","has-post-thumbnail","hentry","category-general-tubes-and-bars"],"meta_box":{"hilight_text_group":{"product_hilight_text":"<li>Z-shaped design provides excellent structural support and versatility<\/li>\r\r\n<li>Precision extrusion ensures uniform dimensions and smooth finish<\/li>\r\r\n<li>Made from corrosion-resistant aluminum alloy for long-lasting durability<\/li>\r\r\n<li>Available in various sizes and thicknesses to meet project requirements<\/li>\r\r\n<li>Ideal for construction, framing, and industrial fabrication applications<\/li>","product_chanpin_blog":"<ul>\r\r\n<li><a href=\"https:\/\/sinoextrud.com\/t-slot-v-slot-differences\/\" target=\"_blank\">t slot vs v slot<\/a><\/li>\r\r\n<li><a href=\"https:\/\/sinoextrud.com\/what-is-4040-aluminium-extrud\/\" target=\"_blank\">4040 aluminium extrusion<\/a><\/li>\r\r\n<li><a href=\"https:\/\/sinoextrud.com\/what-is-4040-aluminium-extrud\/\" target=\"_blank\">aluminum extrusions for industrial racks<\/a><\/li>\r\r\n<li><a href=\"https:\/\/sinoextrud.com\/powder-coating-aluminium-process\/\" target=\"_blank\">powder coating aluminium<\/a><\/li>\r\r\n<li><a href=\"https:\/\/sinoextrud.com\/what-is-an-aluminium-strip-ceiling\/\" target=\"_blank\">aluminium strip ceiling<\/a><\/li>\r\r\n<li><a href=\"https:\/\/sinoextrud.com\/what-is-a-heat-sink\/\" target=\"_blank\">what is a heat sink<\/a><\/li>\r\r\n<\/ul>","product_chanpin_chanpin":"<li><a href=\"https:\/\/sinoextrud.com\/product\/aluminium-profile-channel\/\" target=\"_blank\">Aluminium Profile Channel<\/a><\/li>\r\n<li><a href=\"https:\/\/sinoextrud.com\/product\/rectangular-aluminum-tube\/\" target=\"_blank\">Rectangular Aluminum Tube<\/a><\/li>\r\n<li><a href=\"https:\/\/sinoextrud.com\/product\/aluminium-angles\/\" target=\"_blank\">Aluminium Angles<\/a><\/li>\r\n<li><a href=\"https:\/\/sinoextrud.com\/product\/thin-wall-extruded-aluminum-tubing\/\" target=\"_blank\">Thin Wall Extruded Aluminum Tubing<\/a><\/li>\r\n<li><a href=\"https:\/\/sinoextrud.com\/product\/extruded-aluminum-z-bar\/\" target=\"_blank\">Extruded Aluminum Z Bar<\/a><\/li>\r\n<li><a href=\"https:\/\/sinoextrud.com\/product\/aluminium-extrusion-pipe\/\" target=\"_blank\">Aluminium Extrusion Pipe<\/a><\/li>\r\n<li><a href=\"https:\/\/sinoextrud.com\/product\/alloy-aluminium\/\" target=\"_blank\">Alloy Aluminium<\/a><\/li>\r\n<li><a href=\"https:\/\/sinoextrud.com\/product\/aluminium-piping\/\" target=\"_blank\">Aluminium Piping<\/a><\/li>\r\n<li><a href=\"https:\/\/sinoextrud.com\/product\/aluminum-u-profile\/\" target=\"_blank\">Aluminum U Profile<\/a><\/li>\r\n<li><a href=\"https:\/\/sinoextrud.com\/product\/anodized-powder-coated-aluminum-extrusion-profile-for-outdoor-louver-shutter\/\" target=\"_blank\">Anodized Powder Coated Aluminum Extrusion Profile For Outdoor Louver Shutter<\/a><\/li>\r\n<li><a href=\"https:\/\/sinoextrud.com\/product\/custom-extra-large-industrial-equipment-aluminum-profile\/\" target=\"_blank\">Custom Extra Large Industrial Equipment Aluminum Profile<\/a><\/li>"},"feature_list":[]},"_links":{"self":[{"href":"https:\/\/sinoextrud.com\/de\/wp-json\/wp\/v2\/product\/6432","targetHints":{"allow":["GET"]}}],"collection":[{"href":"https:\/\/sinoextrud.com\/de\/wp-json\/wp\/v2\/product"}],"about":[{"href":"https:\/\/sinoextrud.com\/de\/wp-json\/wp\/v2\/types\/product"}],"wp:featuredmedia":[{"embeddable":true,"href":"https:\/\/sinoextrud.com\/de\/wp-json\/wp\/v2\/media\/6431"}],"wp:attachment":[{"href":"https:\/\/sinoextrud.com\/de\/wp-json\/wp\/v2\/media?parent=6432"}],"wp:term":[{"taxonomy":"category","embeddable":true,"href":"https:\/\/sinoextrud.com\/de\/wp-json\/wp\/v2\/categories?post=6432"}],"curies":[{"name":"wp","href":"https:\/\/api.w.org\/{rel}","templated":true}]}}