{"id":6430,"date":"2025-05-28T09:01:25","date_gmt":"2025-05-28T09:01:25","guid":{"rendered":"https:\/\/sinoextrud.com\/product\/thin-wall-extruded-aluminum-tubing\/"},"modified":"2025-06-24T06:10:53","modified_gmt":"2025-06-24T06:10:53","slug":"dunnwandige-stranggepresste-aluminiumrohre","status":"publish","type":"product","link":"https:\/\/sinoextrud.com\/de\/product\/thin-wall-extruded-aluminum-tubing\/","title":{"rendered":"D\u00fcnnwandige stranggepresste Aluminiumrohre"},"content":{"rendered":"<h2>Produkte Details<\/h2>\n<table class=\"custom-table\">\n<tr>\n<td class=\"label\">Name<\/td>\n<td>D\u00fcnnwandige stranggepresste Aluminiumrohre<\/td>\n<\/tr>\n<tr>\n<td class=\"label\">Kategorie<\/td>\n<td>Aluminium Rahmen<\/td>\n<\/tr>\n<tr>\n<td class=\"label\">Material<\/td>\n<td>6063 ist weit verbreitet. 6061, 6463, 6005, 6082 ist auch verf\u00fcgbar.<\/td>\n<\/tr>\n<tr>\n<td class=\"label\">Temperament<\/td>\n<td>T5-T8<\/td>\n<\/tr>\n<tr>\n<td class=\"label\">L\u00e4nge<\/td>\n<td>5.8m f\u00fcr 20ft, 5.9m \/6.0m f\u00fcr 40'GP, oder kundenspezifische Anpassung<\/td>\n<\/tr>\n<tr>\n<td class=\"label\">Gr\u00f6\u00dfe (mm)<\/td>\n<td>Verschiedene Gr\u00f6\u00dfen, k\u00f6nnen Sie f\u00fcr Details kontaktieren.<\/td>\n<\/tr>\n<tr>\n<td class=\"label\">Dicke<\/td>\n<td>Gem\u00e4\u00df Ihrer Anfrage<\/td>\n<\/tr>\n<tr>\n<td class=\"label\">Form<\/td>\n<td>Personalisierung<\/td>\n<\/tr>\n<tr>\n<td class=\"label\">Oberfl\u00e4chenbehandlung<\/td>\n<td>Fr\u00e4sen, Eloxieren, Sandstrahlen, Elektrophorese, Pulverbeschichtung, usw.<\/td>\n<\/tr>\n<tr>\n<td class=\"label\">Farbe<\/td>\n<td>Silber, Schwarz, Wei\u00df, Rot, Gelb, Champagner oder kundenspezifische Farbe<\/td>\n<\/tr>\n<tr>\n<td class=\"label\">Standard<\/td>\n<td>ASTM, GB, DIN<\/td>\n<\/tr>\n<tr>\n<td class=\"label\">Von<\/td>\n<td>Guangdong, China<\/td>\n<\/tr>\n<tr>\n<td class=\"label\">Anmeldung<\/td>\n<td>Dekoration, Industrie, Bauwesen<\/td>\n<\/tr>\n<\/table>\n<h2>Unsere Produktionsbasis<\/h2>\n<h3>Fabrik-Panorama<\/h3>\n<p><img decoding=\"async\" src=\"\/wp-content\/uploads\/factory-01.webp\"\/><\/p>\n<h3>Werkstatt zur Herstellung von Aluminiumstangen<\/h3>\n<p><img decoding=\"async\" src=\"\/wp-content\/uploads\/factory-02.webp\"\/><\/p>\n<p><img decoding=\"async\" src=\"\/wp-content\/uploads\/factory-03.webp\"\/><\/p>\n<h3>Lagerhaus f\u00fcr Formen<\/h3>\n<p><img decoding=\"async\" src=\"\/wp-content\/uploads\/factory-04.webp\"\/><\/p>\n<h3>43 Aluminium-Strangpressanlagen (500-5500 Tonnen)<\/h3>\n<p><img decoding=\"async\" src=\"\/wp-content\/uploads\/factory-05.webp\"\/><\/p>\n<p><img decoding=\"async\" src=\"\/wp-content\/uploads\/factory-06.webp\"\/><\/p>\n<p><img decoding=\"async\" src=\"\/wp-content\/uploads\/factory-07.webp\"\/><\/p>\n<h3>Werkstatt f\u00fcr Pulverbeschichtung<\/h3>\n<p><img decoding=\"async\" src=\"\/wp-content\/uploads\/factory-09.webp\"\/><\/p>\n<h3>Eloxal-Werkstatt<\/h3>\n<p><img decoding=\"async\" src=\"\/wp-content\/uploads\/factory-10.webp\"\/><\/p>\n<h3>Workshop zur Tiefenverarbeitung<\/h3>\n<p><img decoding=\"async\" src=\"\/wp-content\/uploads\/factory-11.webp\"\/><\/p>\n<h3>CNC-Pr\u00e4zisionsbearbeitungswerkstatt<\/h3>\n<p><img decoding=\"async\" src=\"\/wp-content\/uploads\/factory-11.5.webp\"\/><\/p>\n<h3>Lager f\u00fcr Fertigprodukte und Export<\/h3>\n<p><img decoding=\"async\" src=\"\/wp-content\/uploads\/factory-12.webp\"\/><\/p>\n<p><img decoding=\"async\" src=\"\/wp-content\/uploads\/factory-13.webp\"\/><\/p>\n<p><img decoding=\"async\" src=\"\/wp-content\/uploads\/factory-14.webp\"\/><\/p>\n<h2>FAQ<\/h2>\n<p><p><b>1. wof\u00fcr werden d\u00fcnnwandige stranggepresste Aluminiumrohre verwendet?<\/b><\/p>\n<p>D\u00fcnnwandige stranggepresste Aluminiumrohre werden f\u00fcr Anwendungen verwendet, die eine leichte strukturelle Unterst\u00fctzung erfordern, wie z. B. Komponenten f\u00fcr die Luft- und Raumfahrt, Automobilrahmen, Elektronikgeh\u00e4use und LED-Beleuchtungsarmaturen.<br \/>\n<\/p><br \/>\n<br \/>\n<p><b>2. was sind die wichtigsten Vorteile von d\u00fcnnwandigen stranggepressten Aluminiumrohren?<\/b><\/p>\n<p>D\u00fcnnwandige, stranggepresste Aluminiumrohre bieten ein gutes Verh\u00e4ltnis von Festigkeit zu Gewicht, eine hervorragende W\u00e4rmeableitung und Materialeinsparungen f\u00fcr kosteng\u00fcnstige, leichte Konstruktionen.<br \/>\n<\/p><br \/>\n<br \/>\n<p><b>3 Warum sollte man d\u00fcnnwandige stranggepresste Aluminiumrohre den Standardrohren vorziehen?<\/b><\/p>\n<p>D\u00fcnnwandige stranggepresste Aluminiumrohre reduzieren das Gesamtgewicht und die Materialkosten, w\u00e4hrend die strukturelle Integrit\u00e4t im Vergleich zu dickwandigeren Alternativen erhalten bleibt.<br \/>\n<\/p><br \/>\n<br \/>\n<p><b>4. k\u00f6nnen d\u00fcnnwandige stranggepresste Aluminiumrohre angepasst werden?<\/b><\/p>\n<p>Ja, d\u00fcnnwandige stranggepresste Aluminiumrohre k\u00f6nnen in Durchmesser, Wandst\u00e4rke, Legierungsgrad und Oberfl\u00e4chenbeschaffenheit individuell angepasst werden, um pr\u00e4zise technische und gestalterische Anforderungen zu erf\u00fcllen.<br \/>\n<\/p><br \/>\n<br \/>\n<p><b>5. welche Oberfl\u00e4chenbehandlungen sind f\u00fcr d\u00fcnnwandige stranggepresste Aluminiumrohre erh\u00e4ltlich?<\/b><\/p>\n<p>Zu den \u00fcblichen Oberfl\u00e4chenbehandlungen geh\u00f6ren Eloxieren, Pulverbeschichtung und Walzoberfl\u00e4che, die allesamt die Korrosionsbest\u00e4ndigkeit, Haltbarkeit und optische Attraktivit\u00e4t verbessern.<br \/>\n<\/p><br \/>\n<br \/>\n<p><b>6. sind d\u00fcnnwandige stranggepresste Aluminiumrohre f\u00fcr den Au\u00dfeneinsatz geeignet?<\/b><\/p>\n<p>Ja, mit den entsprechenden Oberfl\u00e4chenbehandlungen sind d\u00fcnnwandige, stranggepresste Aluminiumrohre best\u00e4ndig gegen UV-Strahlung, Feuchtigkeit und raue Umgebungsbedingungen f\u00fcr Anwendungen im Freien und auf See.<br \/>\n<\/p><br \/>\n<br \/>\n<p><b>7 Wie unterst\u00fctzen d\u00fcnnwandige stranggepresste Aluminiumrohre das W\u00e4rmemanagement?<\/b><\/p>\n<p>Das d\u00fcnnwandige Design in Kombination mit der hohen W\u00e4rmeleitf\u00e4higkeit von Aluminium erm\u00f6glicht eine effiziente W\u00e4rmeableitung in Elektronik, Beleuchtung und W\u00e4rmetauschersystemen.<br \/>\n<\/p><br \/>\n<br \/>\n<p><b>8. wie tragen d\u00fcnnwandige stranggepresste Aluminiumrohre zu einem nachhaltigen Design bei?<\/b><\/p>\n<p>Aluminium ist 100% recycelbar, und die Verwendung von d\u00fcnnwandigen stranggepressten Aluminiumrohren reduziert den Material- und Energieverbrauch und unterst\u00fctzt umweltfreundliche und gr\u00fcne Bauprojekte.<br \/>\n<\/p><br \/><\/p>","protected":false},"featured_media":6429,"template":"","categories":[60],"class_list":["post-6430","product","type-product","status-publish","has-post-thumbnail","hentry","category-general-tubes-and-bars"],"meta_box":{"hilight_text_group":{"product_hilight_text":"<li>Lightweight thin-wall design reduces material usage without compromising strength<\/li>\r\r\n<li>Precision extrusion ensures consistent wall thickness and dimensional accuracy<\/li>\r\r\n<li>High-quality aluminum alloy offers excellent corrosion resistance<\/li>\r\r\n<li>Ideal for automotive, aerospace, and lightweight structural applications<\/li>\r\r\n<li>Supports custom sizes, finishes, and bulk orders with reliable supply<\/li>","product_chanpin_blog":"<ul>\r\r\n<li><a href=\"https:\/\/sinoextrud.com\/t-slot-v-slot-differences\/\" target=\"_blank\">t slot vs v slot<\/a><\/li>\r\r\n<li><a href=\"https:\/\/sinoextrud.com\/what-is-4040-aluminium-extrud\/\" target=\"_blank\">4040 aluminium extrusion<\/a><\/li>\r\r\n<li><a href=\"https:\/\/sinoextrud.com\/what-is-4040-aluminium-extrud\/\" target=\"_blank\">aluminum extrusions for industrial racks<\/a><\/li>\r\r\n<li><a href=\"https:\/\/sinoextrud.com\/powder-coating-aluminium-process\/\" target=\"_blank\">powder coating aluminium<\/a><\/li>\r\r\n<li><a href=\"https:\/\/sinoextrud.com\/what-is-an-aluminium-strip-ceiling\/\" target=\"_blank\">aluminium strip ceiling<\/a><\/li>\r\r\n<li><a href=\"https:\/\/sinoextrud.com\/what-is-a-heat-sink\/\" target=\"_blank\">what is a heat sink<\/a><\/li>\r\r\n<\/ul>","product_chanpin_chanpin":"<li><a href=\"https:\/\/sinoextrud.com\/product\/40x40-aluminium-profile\/\" target=\"_blank\">40\u00c3\u201440 Aluminium Profile<\/a><\/li>\r\n<li><a href=\"https:\/\/sinoextrud.com\/product\/aluminium-profile-channel\/\" target=\"_blank\">Aluminium Profile Channel<\/a><\/li>\r\n<li><a href=\"https:\/\/sinoextrud.com\/product\/rectangular-aluminum-tube\/\" target=\"_blank\">Rectangular Aluminum Tube<\/a><\/li>\r\n<li><a href=\"https:\/\/sinoextrud.com\/product\/aluminium-angles\/\" target=\"_blank\">Aluminium Angles<\/a><\/li>\r\n<li><a href=\"https:\/\/sinoextrud.com\/product\/thin-wall-extruded-aluminum-tubing\/\" target=\"_blank\">Thin Wall Extruded Aluminum Tubing<\/a><\/li>\r\n<li><a href=\"https:\/\/sinoextrud.com\/product\/extruded-aluminum-z-bar\/\" target=\"_blank\">Extruded Aluminum Z Bar<\/a><\/li>\r\n<li><a href=\"https:\/\/sinoextrud.com\/product\/aluminium-extrusion-pipe\/\" target=\"_blank\">Aluminium Extrusion Pipe<\/a><\/li>\r\n<li><a href=\"https:\/\/sinoextrud.com\/product\/alloy-aluminium\/\" target=\"_blank\">Alloy Aluminium<\/a><\/li>\r\n<li><a href=\"https:\/\/sinoextrud.com\/product\/aluminium-piping\/\" target=\"_blank\">Aluminium Piping<\/a><\/li>\r\n<li><a href=\"https:\/\/sinoextrud.com\/product\/round-extruded-aluminum\/\" target=\"_blank\">Round Extruded Aluminum<\/a><\/li>\r\n<li><a href=\"https:\/\/sinoextrud.com\/product\/t-shaped-aluminium-profile\/\" target=\"_blank\">T Shaped Aluminium Profile<\/a><\/li>"},"feature_list":[]},"_links":{"self":[{"href":"https:\/\/sinoextrud.com\/de\/wp-json\/wp\/v2\/product\/6430","targetHints":{"allow":["GET"]}}],"collection":[{"href":"https:\/\/sinoextrud.com\/de\/wp-json\/wp\/v2\/product"}],"about":[{"href":"https:\/\/sinoextrud.com\/de\/wp-json\/wp\/v2\/types\/product"}],"wp:featuredmedia":[{"embeddable":true,"href":"https:\/\/sinoextrud.com\/de\/wp-json\/wp\/v2\/media\/6429"}],"wp:attachment":[{"href":"https:\/\/sinoextrud.com\/de\/wp-json\/wp\/v2\/media?parent=6430"}],"wp:term":[{"taxonomy":"category","embeddable":true,"href":"https:\/\/sinoextrud.com\/de\/wp-json\/wp\/v2\/categories?post=6430"}],"curies":[{"name":"wp","href":"https:\/\/api.w.org\/{rel}","templated":true}]}}