{"id":6426,"date":"2025-05-28T08:54:39","date_gmt":"2025-05-28T08:54:39","guid":{"rendered":"https:\/\/sinoextrud.com\/product\/rectangular-aluminum-tube\/"},"modified":"2025-06-24T06:10:53","modified_gmt":"2025-06-24T06:10:53","slug":"rechteckrohr-aus-aluminium","status":"publish","type":"product","link":"https:\/\/sinoextrud.com\/de\/product\/rectangular-aluminum-tube\/","title":{"rendered":"Rechteckiges Aluminiumrohr"},"content":{"rendered":"<h2>Produkte Details<\/h2>\n<table class=\"custom-table\">\n<tr>\n<td class=\"label\">Modell Nr.:<\/td>\n<td> Rechteckrohr aus Aluminium<\/td>\n<\/tr>\n<tr>\n<td class=\"label\">Die Form:<\/td>\n<td> rechteckig<\/td>\n<\/tr>\n<tr>\n<td class=\"label\">Temperament:<\/td>\n<td> 6063, T4-T6<\/td>\n<\/tr>\n<tr>\n<td class=\"label\">Legierung:<\/td>\n<td> Legierung 6063<\/td>\n<\/tr>\n<tr>\n<td class=\"label\">Individuelles Material:<\/td>\n<td> 6063 6463 6061 6082<\/td>\n<\/tr>\n<tr>\n<td class=\"label\">Kundenspezifische Bearbeitungen:<\/td>\n<td> Pr\u00e4zisionsschneiden, Fr\u00e4sen, Bohren, Gewindeschneiden, etc.<\/td>\n<\/tr>\n<tr>\n<td class=\"label\">Farbe:<\/td>\n<td> Fr\u00e4soptik<\/td>\n<\/tr>\n<tr>\n<td class=\"label\">Herkunft:<\/td>\n<td> Foshan China<\/td>\n<\/tr>\n<tr>\n<td class=\"label\">Art:<\/td>\n<td> offene Gr\u00f6\u00dfe von Sinoextrud, kundenspezifische Gr\u00f6\u00dfe verf\u00fcgbar.<\/td>\n<\/tr>\n<tr>\n<td class=\"label\">Note:<\/td>\n<td> Serie 6000<\/td>\n<\/tr>\n<tr>\n<td class=\"label\">Andere Oberfl\u00e4chenbehandlung:<\/td>\n<td> Eloxiert, Pulverbeschichtet, etc.<\/td>\n<\/tr>\n<tr>\n<td class=\"label\">Zertifizierung:<\/td>\n<td> ISO, RoHS, GB<\/td>\n<\/tr>\n<tr>\n<td class=\"label\">HS-Code:<\/td>\n<td> 76042990<\/td>\n<\/tr>\n<\/table>\n<h2>Unsere Produktionsbasis<\/h2>\n<h3>Fabrik-Panorama<\/h3>\n<p><img decoding=\"async\" src=\"\/wp-content\/uploads\/factory-01.webp\"\/><\/p>\n<h3>Werkstatt zur Herstellung von Aluminiumstangen<\/h3>\n<p><img decoding=\"async\" src=\"\/wp-content\/uploads\/factory-02.webp\"\/><\/p>\n<p><img decoding=\"async\" src=\"\/wp-content\/uploads\/factory-03.webp\"\/><\/p>\n<h3>Lagerhaus f\u00fcr Formen<\/h3>\n<p><img decoding=\"async\" src=\"\/wp-content\/uploads\/factory-04.webp\"\/><\/p>\n<h3>43 Aluminium-Strangpressanlagen (500\u00e2\u20ac\"5500 Tonnen)<\/h3>\n<p><img decoding=\"async\" src=\"\/wp-content\/uploads\/factory-05.webp\"\/><\/p>\n<p><img decoding=\"async\" src=\"\/wp-content\/uploads\/factory-06.webp\"\/><\/p>\n<p><img decoding=\"async\" src=\"\/wp-content\/uploads\/factory-07.webp\"\/><\/p>\n<h3>Werkstatt f\u00fcr Pulverbeschichtung<\/h3>\n<p><img decoding=\"async\" src=\"\/wp-content\/uploads\/factory-09.webp\"\/><\/p>\n<h3>Eloxal-Werkstatt<\/h3>\n<p><img decoding=\"async\" src=\"\/wp-content\/uploads\/factory-10.webp\"\/><\/p>\n<h3>Workshop zur Tiefenverarbeitung<\/h3>\n<p><img decoding=\"async\" src=\"\/wp-content\/uploads\/factory-11.webp\"\/><\/p>\n<h3>CNC-Pr\u00e4zisionsbearbeitungswerkstatt<\/h3>\n<p><img decoding=\"async\" src=\"\/wp-content\/uploads\/factory-11.5.webp\"\/><\/p>\n<h3>Lager f\u00fcr Fertigprodukte und Export<\/h3>\n<p><img decoding=\"async\" src=\"\/wp-content\/uploads\/factory-12.webp\"\/><\/p>\n<p><img decoding=\"async\" src=\"\/wp-content\/uploads\/factory-13.webp\"\/><\/p>\n<p><img decoding=\"async\" src=\"\/wp-content\/uploads\/factory-14.webp\"\/><\/p>\n<h2>FAQ<\/h2>\n<p><p><b>1. was sind die wichtigsten Vorteile der Verwendung von rechteckigen Aluminiumrohren? <\/b><\/p>\n<p>Rechteckige Aluminiumrohre zeichnen sich durch hohe Festigkeit, geringes Gewicht, Korrosionsbest\u00e4ndigkeit und einfache Verarbeitung aus und sind daher ideal f\u00fcr strukturelle und industrielle Anwendungen.<br \/>\n<\/p><br \/>\n<br \/>\n<p><b>2. sind rechteckige Aluminiumrohre korrosionsbest\u00e4ndig? <\/b><\/p>\n<p>Ja, rechteckige Aluminiumrohre sind von Natur aus korrosionsbest\u00e4ndig und werden h\u00e4ufig mit zus\u00e4tzlichen Beschichtungen versehen, um die Haltbarkeit in rauen Umgebungen zu erh\u00f6hen.<br \/>\n<\/p><br \/>\n<br \/>\n<p><b>3. k\u00f6nnen rechteckige Aluminiumrohre f\u00fcr strukturelle Anwendungen verwendet werden? <\/b><\/p>\n<p>Das hohe Verh\u00e4ltnis von Festigkeit zu Gewicht macht das Aluminium-Rechteckrohr perfekt f\u00fcr tragende und strukturelle Konstruktionen.<br \/>\n<\/p><br \/>\n<br \/>\n<p><b>4. welche Gr\u00f6\u00dfen sind f\u00fcr rechteckige Aluminiumrohre erh\u00e4ltlich? <\/b><\/p>\n<p>Rechteckige Aluminiumrohre sind in einer Vielzahl von Gr\u00f6\u00dfen und Wandst\u00e4rken erh\u00e4ltlich, um die unterschiedlichsten Konstruktions- und Fertigungsanforderungen zu erf\u00fcllen.<br \/>\n<\/p><br \/>\n<br \/>\n<p><b>Sind Aluminiumrohre leicht zu schneiden und zu schwei\u00dfen? <\/b><\/p>\n<p>Ja, rechteckige Aluminiumrohre sind f\u00fcr ihre hervorragende Bearbeitbarkeit und Schwei\u00dfbarkeit bekannt, was die Herstellung und Installation vereinfacht.<br \/>\n<\/p><br \/>\n<br \/>\n<p><b>6. warum Aluminium statt Stahl f\u00fcr Rechteckrohre? <\/b><\/p>\n<p>Aluminium ist leichter, korrosionsbest\u00e4ndiger und einfacher zu verarbeiten als Stahl, bietet aber dennoch eine ausreichende Festigkeit f\u00fcr viele Anwendungen.<br \/>\n<\/p><br \/>\n<br \/>\n<p><b>7. k\u00f6nnen rechteckige Aluminiumrohre angepasst werden? <\/b><\/p>\n<p>Ja, sie k\u00f6nnen auf L\u00e4nge geschnitten, eloxiert oder pulverbeschichtet werden, um spezifische Projekt- oder \u00e4sthetische Anforderungen zu erf\u00fcllen.<br \/>\n<\/p><br \/><\/p>","protected":false},"featured_media":6425,"template":"","categories":[60],"class_list":["post-6426","product","type-product","status-publish","has-post-thumbnail","hentry","category-general-tubes-and-bars"],"meta_box":{"hilight_text_group":{"product_hilight_text":"<li>High-strength aluminum alloy material for heavy-duty structural applications<\/li>\r\r\n<li>Corrosion-resistant surface treatment suitable for various industrial environments<\/li>\r\r\n<li>Available in a wide range of sizes to meet custom project requirements<\/li>\r\r\n<li>Excellent weldability for easy fabrication and installation<\/li>\r\r\n<li>Lightweight structure reduces transportation and construction costs<\/li>","product_chanpin_blog":"<ul>\r\r\n<li><a href=\"https:\/\/sinoextrud.com\/t-slot-v-slot-differences\/\" target=\"_blank\">t slot vs v slot<\/a><\/li>\r\r\n<li><a href=\"https:\/\/sinoextrud.com\/what-is-4040-aluminium-extrud\/\" target=\"_blank\">4040 aluminium extrusion<\/a><\/li>\r\r\n<li><a href=\"https:\/\/sinoextrud.com\/what-is-4040-aluminium-extrud\/\" target=\"_blank\">aluminum extrusions for industrial racks<\/a><\/li>\r\r\n<li><a href=\"https:\/\/sinoextrud.com\/powder-coating-aluminium-process\/\" target=\"_blank\">powder coating aluminium<\/a><\/li>\r\r\n<li><a href=\"https:\/\/sinoextrud.com\/what-is-an-aluminium-strip-ceiling\/\" target=\"_blank\">aluminium strip ceiling<\/a><\/li>\r\r\n<li><a href=\"https:\/\/sinoextrud.com\/what-is-a-heat-sink\/\" target=\"_blank\">what is a heat sink<\/a><\/li>\r\r\n<\/ul>","product_chanpin_chanpin":"<li><a href=\"https:\/\/sinoextrud.com\/product\/extruded-aluminum-t-bar\/\" target=\"_blank\">Extruded Aluminum T Bar<\/a><\/li>\r\n<li><a href=\"https:\/\/sinoextrud.com\/product\/round-aluminum-tube\/\" target=\"_blank\">Round Aluminum Tube<\/a><\/li>\r\n<li><a href=\"https:\/\/sinoextrud.com\/product\/40x40-aluminium-profile\/\" target=\"_blank\">40\u00c3\u201440 Aluminium Profile<\/a><\/li>\r\n<li><a href=\"https:\/\/sinoextrud.com\/product\/aluminium-profile-channel\/\" target=\"_blank\">Aluminium Profile Channel<\/a><\/li>\r\n<li><a href=\"https:\/\/sinoextrud.com\/product\/rectangular-aluminum-tube\/\" target=\"_blank\">Rectangular Aluminum Tube<\/a><\/li>\r\n<li><a href=\"https:\/\/sinoextrud.com\/product\/aluminium-angles\/\" target=\"_blank\">Aluminium Angles<\/a><\/li>\r\n<li><a href=\"https:\/\/sinoextrud.com\/product\/thin-wall-extruded-aluminum-tubing\/\" target=\"_blank\">Thin Wall Extruded Aluminum Tubing<\/a><\/li>\r\n<li><a href=\"https:\/\/sinoextrud.com\/product\/extruded-aluminum-z-bar\/\" target=\"_blank\">Extruded Aluminum Z Bar<\/a><\/li>\r\n<li><a href=\"https:\/\/sinoextrud.com\/product\/aluminium-extrusion-pipe\/\" target=\"_blank\">Aluminium Extrusion Pipe<\/a><\/li>\r\n<li><a href=\"https:\/\/sinoextrud.com\/product\/extruded-aluminium-case\/\" target=\"_blank\">Extruded Aluminium Case<\/a><\/li>\r\n<li><a href=\"https:\/\/sinoextrud.com\/product\/customized-extruded-aluminum-flat-bar-profile\/\" target=\"_blank\">Customized Extruded Aluminum Flat Bar Profile<\/a><\/li>"},"feature_list":[]},"_links":{"self":[{"href":"https:\/\/sinoextrud.com\/de\/wp-json\/wp\/v2\/product\/6426","targetHints":{"allow":["GET"]}}],"collection":[{"href":"https:\/\/sinoextrud.com\/de\/wp-json\/wp\/v2\/product"}],"about":[{"href":"https:\/\/sinoextrud.com\/de\/wp-json\/wp\/v2\/types\/product"}],"wp:featuredmedia":[{"embeddable":true,"href":"https:\/\/sinoextrud.com\/de\/wp-json\/wp\/v2\/media\/6425"}],"wp:attachment":[{"href":"https:\/\/sinoextrud.com\/de\/wp-json\/wp\/v2\/media?parent=6426"}],"wp:term":[{"taxonomy":"category","embeddable":true,"href":"https:\/\/sinoextrud.com\/de\/wp-json\/wp\/v2\/categories?post=6426"}],"curies":[{"name":"wp","href":"https:\/\/api.w.org\/{rel}","templated":true}]}}