{"id":6424,"date":"2025-05-28T08:51:07","date_gmt":"2025-05-28T08:51:07","guid":{"rendered":"https:\/\/sinoextrud.com\/product\/aluminium-profile-channel\/"},"modified":"2025-06-24T06:10:52","modified_gmt":"2025-06-24T06:10:52","slug":"aluminium-profilkanal","status":"publish","type":"product","link":"https:\/\/sinoextrud.com\/de\/product\/aluminium-profile-channel\/","title":{"rendered":"Aluminium-Profilkanal"},"content":{"rendered":"<h2>Produkte Details<\/h2>\n<table class=\"custom-table\">\n<tr>\n<td class=\"label\">Dicke der Rinne:<\/td>\n<td> 1mm-10mm<\/td>\n<\/tr>\n<tr>\n<td class=\"label\">Funktion:<\/td>\n<td> Feuerfest, antistatisch, antibakteriell, schimmelresistent<\/td>\n<\/tr>\n<tr>\n<td class=\"label\">Zertifizierung:<\/td>\n<td> SGS, ISO, ROHS<\/td>\n<\/tr>\n<tr>\n<td class=\"label\">Produzieren Sie Erfahrung:<\/td>\n<td> S\u00fcdostasien, Amerika, Afrika, Australien<\/td>\n<\/tr>\n<tr>\n<td class=\"label\">L\u00e4nge:<\/td>\n<td> 5,8 m als Standard, maximal 6,8 m m\u00f6glich<\/td>\n<\/tr>\n<tr>\n<td class=\"label\">B\u00fcrgschaft:<\/td>\n<td> PE 10 Jahre \/PVDF 15 Jahre<\/td>\n<\/tr>\n<tr>\n<td class=\"label\">Gewicht:<\/td>\n<td> 0,3-3kgs\/m<\/td>\n<\/tr>\n<tr>\n<td class=\"label\">Aluminium Dicke:<\/td>\n<td> 0,8mm-10mm<\/td>\n<\/tr>\n<tr>\n<td class=\"label\">Transport-Paket:<\/td>\n<td> Wasserfestes Papier oder in Bulk<\/td>\n<\/tr>\n<tr>\n<td class=\"label\">Herkunft:<\/td>\n<td> China<\/td>\n<\/tr>\n<tr>\n<td class=\"label\">Oberfl\u00e4chenveredelung:<\/td>\n<td> Beschichtung<\/td>\n<\/tr>\n<tr>\n<td class=\"label\">Aluminium Dicke:<\/td>\n<td> 0,8mm-10mm<\/td>\n<\/tr>\n<tr>\n<td class=\"label\">Verwendung:<\/td>\n<td> Au\u00dfenwand, Vorhangwand, Innenraum, Werbung<\/td>\n<\/tr>\n<tr>\n<td class=\"label\">Gr\u00f6\u00dfe:<\/td>\n<td> 51,6*25 als Standard<\/td>\n<\/tr>\n<tr>\n<td class=\"label\">Die Dicke des Kanals:<\/td>\n<td> 1,0 mm<\/td>\n<\/tr>\n<tr>\n<td class=\"label\">Aluminium-Legierung:<\/td>\n<td> Sorte 6063\/6061\/6082<\/td>\n<\/tr>\n<tr>\n<td class=\"label\">Farbe:<\/td>\n<td> Metallisch, Massiv, Stein, Holz, B\u00fcrste, Spiegel<\/td>\n<\/tr>\n<tr>\n<td class=\"label\">Warenzeichen:<\/td>\n<td> Sinoextrud<\/td>\n<\/tr>\n<tr>\n<td class=\"label\">Spezifikation:<\/td>\n<td> 51,6*25*1,0 mm<\/td>\n<\/tr>\n<tr>\n<td class=\"label\">HS-Code:<\/td>\n<td> 76042100<\/td>\n<\/tr>\n<\/table>\n<h2>Unsere Produktionsbasis<\/h2>\n<h3>Fabrik-Panorama<\/h3>\n<p><img decoding=\"async\" src=\"\/wp-content\/uploads\/factory-01.webp\"\/><\/p>\n<h3>Werkstatt zur Herstellung von Aluminiumstangen<\/h3>\n<p><img decoding=\"async\" src=\"\/wp-content\/uploads\/factory-02.webp\"\/><\/p>\n<\/p>\n<p><img decoding=\"async\" src=\"\/wp-content\/uploads\/factory-03.webp\"\/><\/p>\n<h3>Lagerhaus f\u00fcr Formen<\/h3>\n<p><img decoding=\"async\" src=\"\/wp-content\/uploads\/factory-04.webp\"\/><\/p>\n<h3>43 Aluminium-Strangpressanlagen (500\u00e2\u20ac\"5500 Tonnen)<\/h3>\n<p><img decoding=\"async\" src=\"\/wp-content\/uploads\/factory-05.webp\"\/><\/p>\n<p><img decoding=\"async\" src=\"\/wp-content\/uploads\/factory-06.webp\"\/><\/p>\n<p><img decoding=\"async\" src=\"\/wp-content\/uploads\/factory-07.webp\"\/><\/p>\n<h3>Werkstatt f\u00fcr Pulverbeschichtung<\/h3>\n<p><img decoding=\"async\" src=\"\/wp-content\/uploads\/factory-09.webp\"\/><\/p>\n<h3>Eloxal-Werkstatt<\/h3>\n<p><img decoding=\"async\" src=\"\/wp-content\/uploads\/factory-10.webp\"\/><\/p>\n<h3>Workshop zur Tiefenverarbeitung<\/h3>\n<p><img decoding=\"async\" src=\"\/wp-content\/uploads\/factory-11.webp\"\/><\/p>\n<h3>CNC-Pr\u00e4zisionsbearbeitungswerkstatt<\/h3>\n<p><img decoding=\"async\" src=\"\/wp-content\/uploads\/factory-11.5.webp\"\/><\/p>\n<h3>Lager f\u00fcr Fertigprodukte und Export<\/h3>\n<p><img decoding=\"async\" src=\"\/wp-content\/uploads\/factory-12.webp\"\/><\/p>\n<p><img decoding=\"async\" src=\"\/wp-content\/uploads\/factory-13.webp\"\/><\/p>\n<p><img decoding=\"async\" src=\"\/wp-content\/uploads\/factory-14.webp\"\/><\/p>\n<h2>FAQ<\/h2>\n<p><b>1. was sind die Hauptvorteile von Aluminium-Profilkan\u00e4len? <\/b><\/p>\n<p> Aluminium-Profilschienen bieten eine hohe Festigkeit, Korrosionsbest\u00e4ndigkeit, eine leichte Struktur und eine einfache modulare Montage, was sie ideal f\u00fcr industrielle und strukturelle Anwendungen macht.\n<\/p>\n<p><\/p>\n<p><b>2. sind Aluminium-Profilschienen f\u00fcr kundenspezifische Anwendungen geeignet? <\/b><\/p>\n<p> Ja, Aluminium-Profilschienen sind in verschiedenen Gr\u00f6\u00dfen und Formen erh\u00e4ltlich, die eine flexible Anpassung an die jeweiligen Projektanforderungen erm\u00f6glichen.\n<\/p>\n<p><\/p>\n<p><b>3. wie verbessern Aluminiumprofilschienen die Effizienz der Installation? <\/b><\/p>\n<p> Die modulare Bauweise und die Kompatibilit\u00e4t mit Standardzubeh\u00f6r erm\u00f6glichen eine schnelle und effiziente Installation, die den Arbeitsaufwand und die Kosten reduziert.\n<\/p>\n<p><\/p>\n<p><b>4. warum Aluminium-Profilkan\u00e4le statt Stahl? <\/b><\/p>\n<p> Aluminium-Profilschienen sind leichter, korrosionsbest\u00e4ndiger und einfacher zu bearbeiten als Stahl und bieten eine lange Lebensdauer und geringere Wartungskosten.\n<\/p>\n<p><\/p>\n<p><b>5. k\u00f6nnen Aluminium-Profilschienen im Au\u00dfenbereich verwendet werden? <\/b><\/p>\n<p> Ja, dank eloxierter oder pulverbeschichteter Oberfl\u00e4chen sind Aluminium-Profilschienen \u00e4u\u00dferst witterungs- und korrosionsbest\u00e4ndig und somit ideal f\u00fcr die Verwendung im Freien.\n<\/p>\n<p><\/p>\n<p><b>6. sind Aluminiumprofilschienen mit Automatisierungssystemen kompatibel? <\/b><\/p>\n<p> Aufgrund ihrer pr\u00e4zisen Ausf\u00fchrung und der Standardschnittstellen eignen sich Aluminiumprofilschienen perfekt f\u00fcr Automatisierungs- und Maschinenrahmensysteme.\n<\/p>\n<p><\/p>\n<p><b>7. halten Aluminium-Profilschienen schwere Lasten aus? <\/b><\/p>\n<p> Die aus einer hochfesten Aluminiumlegierung gefertigten Aluminium-Profilschienen k\u00f6nnen erhebliche Lasten tragen und gleichzeitig die strukturelle Integrit\u00e4t erhalten.\n<\/p>\n<p><\/p>\n<p><b>8. in welchen Branchen werden Aluminium-Profilschienen \u00fcblicherweise verwendet? <\/b><\/p>\n<p> Branchen wie die Fertigungsindustrie, das Baugewerbe, die Robotik und die Automobilindustrie verwenden Aluminium-Profilkan\u00e4le h\u00e4ufig f\u00fcr Rahmen, Geh\u00e4use und strukturelle Unterst\u00fctzung.\n<\/p>\n<p><\/p>","protected":false},"featured_media":6423,"template":"","categories":[60],"class_list":["post-6424","product","type-product","status-publish","has-post-thumbnail","hentry","category-general-tubes-and-bars"],"meta_box":{"hilight_text_group":{"product_hilight_text":"<li>High-strength aluminum alloy for superior load-bearing performance in industrial applications<\/li>\r\r\n<li>Modular design enables quick installation and flexible assembly, reducing labor costs<\/li>\r\r\n<li>Corrosion-resistant surface treatment ensures durability in various environments<\/li>\r\r\n<li>Available in multiple sizes and cross-section shapes to meet customized requirements<\/li>\r\r\n<li>Compatible with a wide range of accessories for automation and equipment framing systems<\/li>","product_chanpin_blog":"<ul>\r\r\n<li><a href=\"https:\/\/sinoextrud.com\/t-slot-v-slot-differences\/\" target=\"_blank\">t slot vs v slot<\/a><\/li>\r\r\n<li><a href=\"https:\/\/sinoextrud.com\/what-is-4040-aluminium-extrud\/\" target=\"_blank\">4040 aluminium extrusion<\/a><\/li>\r\r\n<li><a href=\"https:\/\/sinoextrud.com\/what-is-4040-aluminium-extrud\/\" target=\"_blank\">aluminum extrusions for industrial racks<\/a><\/li>\r\r\n<li><a href=\"https:\/\/sinoextrud.com\/powder-coating-aluminium-process\/\" target=\"_blank\">powder coating aluminium<\/a><\/li>\r\r\n<li><a href=\"https:\/\/sinoextrud.com\/what-is-an-aluminium-strip-ceiling\/\" target=\"_blank\">aluminium strip ceiling<\/a><\/li>\r\r\n<li><a href=\"https:\/\/sinoextrud.com\/what-is-a-heat-sink\/\" target=\"_blank\">what is a heat sink<\/a><\/li>\r\r\n<\/ul>","product_chanpin_chanpin":"<li><a href=\"https:\/\/sinoextrud.com\/product\/aluminium-pipes-tubes\/\" target=\"_blank\">Aluminium Pipes Tubes<\/a><\/li>\r\n<li><a href=\"https:\/\/sinoextrud.com\/product\/extruded-aluminum-t-bar\/\" target=\"_blank\">Extruded Aluminum T Bar<\/a><\/li>\r\n<li><a href=\"https:\/\/sinoextrud.com\/product\/round-aluminum-tube\/\" target=\"_blank\">Round Aluminum Tube<\/a><\/li>\r\n<li><a href=\"https:\/\/sinoextrud.com\/product\/40x40-aluminium-profile\/\" target=\"_blank\">40\u00c3\u201440 Aluminium Profile<\/a><\/li>\r\n<li><a href=\"https:\/\/sinoextrud.com\/product\/aluminium-profile-channel\/\" target=\"_blank\">Aluminium Profile Channel<\/a><\/li>\r\n<li><a href=\"https:\/\/sinoextrud.com\/product\/rectangular-aluminum-tube\/\" target=\"_blank\">Rectangular Aluminum Tube<\/a><\/li>\r\n<li><a href=\"https:\/\/sinoextrud.com\/product\/aluminium-angles\/\" target=\"_blank\">Aluminium Angles<\/a><\/li>\r\n<li><a href=\"https:\/\/sinoextrud.com\/product\/thin-wall-extruded-aluminum-tubing\/\" target=\"_blank\">Thin Wall Extruded Aluminum Tubing<\/a><\/li>\r\n<li><a href=\"https:\/\/sinoextrud.com\/product\/extruded-aluminum-z-bar\/\" target=\"_blank\">Extruded Aluminum Z Bar<\/a><\/li>\r\n<li><a href=\"https:\/\/sinoextrud.com\/product\/aluminum-alloy-section\/\" target=\"_blank\">Aluminum Alloy Section<\/a><\/li>\r\n<li><a href=\"https:\/\/sinoextrud.com\/product\/aluminium-aerofoil-extrusion-oxidation-scrub-black\/\" target=\"_blank\">Aluminium Aerofoil Extrusion Oxidation Scrub Black<\/a><\/li>"},"feature_list":[]},"_links":{"self":[{"href":"https:\/\/sinoextrud.com\/de\/wp-json\/wp\/v2\/product\/6424","targetHints":{"allow":["GET"]}}],"collection":[{"href":"https:\/\/sinoextrud.com\/de\/wp-json\/wp\/v2\/product"}],"about":[{"href":"https:\/\/sinoextrud.com\/de\/wp-json\/wp\/v2\/types\/product"}],"wp:featuredmedia":[{"embeddable":true,"href":"https:\/\/sinoextrud.com\/de\/wp-json\/wp\/v2\/media\/6423"}],"wp:attachment":[{"href":"https:\/\/sinoextrud.com\/de\/wp-json\/wp\/v2\/media?parent=6424"}],"wp:term":[{"taxonomy":"category","embeddable":true,"href":"https:\/\/sinoextrud.com\/de\/wp-json\/wp\/v2\/categories?post=6424"}],"curies":[{"name":"wp","href":"https:\/\/api.w.org\/{rel}","templated":true}]}}