{"id":6369,"date":"2025-05-27T06:18:10","date_gmt":"2025-05-27T06:18:10","guid":{"rendered":"https:\/\/sinoextrud.com\/product\/aluminium-pipes-tubes\/"},"modified":"2025-06-24T06:10:52","modified_gmt":"2025-06-24T06:10:52","slug":"aluminiumrohre-rohre","status":"publish","type":"product","link":"https:\/\/sinoextrud.com\/de\/product\/aluminium-pipes-tubes\/","title":{"rendered":"Aluminium-Rohre Rohre"},"content":{"rendered":"<h2>Produkte Details<\/h2>\n<table class=\"custom-table\">\n<tr>\n<td class=\"label\">Material<\/td>\n<td>Aluminiumlegierung 6063, 6061, 6005, 6463, 6082<\/td>\n<\/tr>\n<tr>\n<td class=\"label\">Temperament<\/td>\n<td>T3-T8<\/td>\n<\/tr>\n<tr>\n<td class=\"label\">Oberfl\u00e4che Benutzerdefiniert<\/td>\n<td>Feinbearbeitung, Eloxieren, Elektrophorese, Pulverbeschichtung, PVDF-Beschichtung,<br \/>Holzmaserung, geb\u00fcrstet, poliert, ect<\/td>\n<\/tr>\n<tr>\n<td class=\"label\">Farbe<\/td>\n<td>Silberwei\u00df, Bronze, Gold, Schwarz, Champagner, individuell<\/td>\n<\/tr>\n<tr>\n<td class=\"label\">Wanddicke<\/td>\n<td>&gt;0,8 mm, 1,0, 1,2, 2,0, 4,0 usw.<\/td>\n<\/tr>\n<tr>\n<td class=\"label\">Form<\/td>\n<td>Quadratisch, rund, flach, oval, unregelm\u00e4\u00dfig usw.<\/td>\n<\/tr>\n<tr>\n<td class=\"label\">L\u00e4nge<\/td>\n<td>Normal=5.8m, 5.9m, 6m, 3m-7m ist eine kundenspezifische Gr\u00f6\u00dfe<\/td>\n<\/tr>\n<tr>\n<td class=\"label\">MOQ<\/td>\n<td>1 Tonne\/Bestellung, 500 kg\/Artikel<\/td>\n<\/tr>\n<tr>\n<td class=\"label\">OEM-Service Produktion<\/td>\n<td>Zeichnungen\/Muster des Kunden oder angebotener Design-Service<\/td>\n<\/tr>\n<tr>\n<td class=\"label\">B\u00fcrgschaft<\/td>\n<td>Die Oberfl\u00e4chenfarbe kann im Innenbereich 10-20 Jahre lang stabil bleiben.<\/td>\n<\/tr>\n<tr>\n<td class=\"label\">Fabrikation<\/td>\n<td>Fr\u00e4sen, Bohren, Schneiden, CNC, Fenster- und T\u00fcrrahmen<\/td>\n<\/tr>\n<tr>\n<td class=\"label\">Vorteile Merkmale<\/td>\n<td>1. luftdicht, wasserdicht, w\u00e4rmeisolierend, w\u00e4rmeisolierend, alterungsbest\u00e4ndig, sto\u00dfbest\u00e4ndig<br \/>2. umweltfreundlich<br \/>3. korrosionsbest\u00e4ndig, schimmernd<br \/>4. modernes Erscheinungsbild<\/td>\n<\/tr>\n<tr>\n<td class=\"label\">Pr\u00fcfung Standard<\/td>\n<td>GB, SGS, CE, ISO<\/td>\n<\/tr>\n<\/table>\n<h2>Unsere Produktionsbasis<\/h2>\n<h3>Fabrik-Panorama<\/h3>\n<p><img decoding=\"async\" src=\"\/wp-content\/uploads\/factory-01.webp\"\/><\/p>\n<h3>Werkstatt zur Herstellung von Aluminiumstangen<\/h3>\n<p><img decoding=\"async\" src=\"\/wp-content\/uploads\/factory-02.webp\"\/><\/p>\n<p><img decoding=\"async\" src=\"\/wp-content\/uploads\/factory-03.webp\"\/><\/p>\n<h3>Lagerhaus f\u00fcr Formen<\/h3>\n<p><img decoding=\"async\" src=\"\/wp-content\/uploads\/factory-04.webp\"\/><\/p>\n<h3>43 Aluminium-Strangpressanlagen (500\u00e2\u20ac\"5500 Tonnen)<\/h3>\n<p><img decoding=\"async\" src=\"\/wp-content\/uploads\/factory-05.webp\"\/><\/p>\n<p><img decoding=\"async\" src=\"\/wp-content\/uploads\/factory-06.webp\"\/><\/p>\n<p><img decoding=\"async\" src=\"\/wp-content\/uploads\/factory-07.webp\"\/><\/p>\n<h3>Werkstatt f\u00fcr Pulverbeschichtung<\/h3>\n<p><img decoding=\"async\" src=\"\/wp-content\/uploads\/factory-09.webp\"\/><\/p>\n<h3>Eloxal-Werkstatt<\/h3>\n<p><img decoding=\"async\" src=\"\/wp-content\/uploads\/factory-10.webp\"\/><\/p>\n<h3>Workshop zur Tiefenverarbeitung<\/h3>\n<p><img decoding=\"async\" src=\"\/wp-content\/uploads\/factory-11.webp\"\/><\/p>\n<h3>CNC-Pr\u00e4zisionsbearbeitungswerkstatt<\/h3>\n<p><img decoding=\"async\" src=\"\/wp-content\/uploads\/factory-11.5.webp\"\/><\/p>\n<h3>Lager f\u00fcr Fertigprodukte und Export<\/h3>\n<p><img decoding=\"async\" src=\"\/wp-content\/uploads\/factory-12.webp\"\/><\/p>\n<p><img decoding=\"async\" src=\"\/wp-content\/uploads\/factory-13.webp\"\/><\/p>\n<p><img decoding=\"async\" src=\"\/wp-content\/uploads\/factory-14.webp\"\/><\/p>\n<h2>FAQ<\/h2>\n<p><p><b>1. wof\u00fcr werden Aluminiumrohre und -schl\u00e4uche verwendet?<\/b><\/p>\n<p>Rohre und Schl\u00e4uche aus Aluminium werden aufgrund ihres geringen Gewichts und ihrer Korrosionsbest\u00e4ndigkeit im Bauwesen, in der Sanit\u00e4r- und Heizungsbranche, in der Automobilindustrie und in der Industrie eingesetzt.<br \/>\n<\/p><br \/>\n<br \/>\n<p><b>2. was sind die wichtigsten Vorteile von Aluminiumrohren?<\/b><\/p>\n<p>Aluminiumrohre bieten ein ausgezeichnetes Verh\u00e4ltnis von Festigkeit zu Gewicht, hervorragende Korrosionsbest\u00e4ndigkeit, W\u00e4rmeleitf\u00e4higkeit und einfache Verarbeitung f\u00fcr verschiedene Anwendungen.<br \/>\n<\/p><br \/>\n<br \/>\n<p><b>3. warum sollte man sich f\u00fcr Aluminiumrohre und -schl\u00e4uche statt f\u00fcr Stahl oder Kunststoff entscheiden?<\/b><\/p>\n<p>Aluminiumrohre sind leichter als Stahl, korrosionsbest\u00e4ndiger als Kunststoff und bieten eine lange Lebensdauer bei minimalem Wartungsaufwand.<br \/>\n<\/p><br \/>\n<br \/>\n<p><b>4. k\u00f6nnen Aluminiumrohre und -schl\u00e4uche individuell angepasst werden?<\/b><\/p>\n<p>Ja, Aluminiumrohre k\u00f6nnen in verschiedenen Durchmessern, Wandst\u00e4rken, L\u00e4ngen und Legierungsgraden stranggepresst oder gezogen werden, um spezifische Projektanforderungen zu erf\u00fcllen.<br \/>\n<\/p><br \/>\n<br \/>\n<p><b>5. welche Oberfl\u00e4chenbeschaffenheiten gibt es f\u00fcr Aluminiumrohre und -schl\u00e4uche?<\/b><\/p>\n<p>Zu den \u00fcblichen Oberfl\u00e4chenbehandlungen geh\u00f6ren Walzhaut, Eloxierung und Pulverbeschichtung, die den Korrosionsschutz, die \u00c4sthetik und die Verschlei\u00dffestigkeit verbessern.<br \/>\n<\/p><br \/>\n<br \/>\n<p><b>6. sind Aluminiumrohre f\u00fcr den Einsatz im Freien und im Meer geeignet?<\/b><\/p>\n<p>Ja, mit der richtigen Oberfl\u00e4chenbehandlung sind Rohre aus Aluminium widerstandsf\u00e4hig gegen UV-Strahlung, Feuchtigkeit und Salzspr\u00fchnebel, was sie ideal f\u00fcr den Einsatz im Freien und auf See macht.<br \/>\n<\/p><br \/>\n<br \/>\n<p><b>7 Wie unterst\u00fctzen Aluminiumrohre und -tuben eine nachhaltige Technik?<\/b><\/p>\n<p>Aluminium ist 100% recycelbar und energieeffizient in der Herstellung, und die Verwendung von Rohren aus Aluminium reduziert den Materialabfall und verringert die Umweltbelastung w\u00e4hrend des gesamten Lebenszyklus.<br \/>\n<\/p><br \/>\n<br \/>\n<p><b>8. welche Branchen profitieren am meisten von Aluminiumrohren?<\/b><\/p>\n<p>Branchen wie die Luft- und Raumfahrt, die Automobilindustrie, das Baugewerbe, die Heizungs-, L\u00fcftungs- und Klimatechnik sowie die Lebensmittelindustrie verlassen sich auf Aluminiumrohre und -tuben wegen ihrer Zuverl\u00e4ssigkeit, ihres geringen Gewichts und ihrer hygienischen Eigenschaften.<br \/>\n<\/p><br \/><\/p>","protected":false},"featured_media":6368,"template":"","categories":[60],"class_list":["post-6369","product","type-product","status-publish","has-post-thumbnail","hentry","category-general-tubes-and-bars"],"meta_box":{"hilight_text_group":{"product_hilight_text":"<li>Lightweight and strong, ideal for various industrial applications<\/li>\r\r\n<li>Excellent corrosion resistance for long-lasting performance<\/li>\r\r\n<li>Available in multiple sizes, alloys, and wall thicknesses<\/li>\r\r\n<li>Easy to fabricate, weld, and machine for custom projects<\/li>\r\r\n<li>Reliable bulk supply with consistent quality and timely delivery<\/li>","product_chanpin_blog":"<ul>\r\r\n<li><a href=\"https:\/\/sinoextrud.com\/t-slot-v-slot-differences\/\" target=\"_blank\">t slot vs v slot<\/a><\/li>\r\r\n<li><a href=\"https:\/\/sinoextrud.com\/what-is-4040-aluminium-extrud\/\" target=\"_blank\">4040 aluminium extrusion<\/a><\/li>\r\r\n<li><a href=\"https:\/\/sinoextrud.com\/what-is-4040-aluminium-extrud\/\" target=\"_blank\">aluminum extrusions for industrial racks<\/a><\/li>\r\r\n<li><a href=\"https:\/\/sinoextrud.com\/powder-coating-aluminium-process\/\" target=\"_blank\">powder coating aluminium<\/a><\/li>\r\r\n<li><a href=\"https:\/\/sinoextrud.com\/what-is-an-aluminium-strip-ceiling\/\" target=\"_blank\">aluminium strip ceiling<\/a><\/li>\r\r\n<li><a href=\"https:\/\/sinoextrud.com\/what-is-a-heat-sink\/\" target=\"_blank\">what is a heat sink<\/a><\/li>\r\r\n<\/ul>","product_chanpin_chanpin":"<li><a href=\"https:\/\/sinoextrud.com\/product\/extruded-aluminium-retangular-tube\/\" target=\"_blank\">Extruded Aluminium Retangular Tube<\/a><\/li>\r\n<li><a href=\"https:\/\/sinoextrud.com\/product\/anodized-aluminium-tube\/\" target=\"_blank\">anodized aluminium tube<\/a><\/li>\r\n<li><a href=\"https:\/\/sinoextrud.com\/product\/40x40-aluminium-extrusion\/\" target=\"_blank\">40\u00d740 Aluminium Extrusion<\/a><\/li>\r\n<li><a href=\"https:\/\/sinoextrud.com\/product\/aluminium-precision-tubing\/\" target=\"_blank\">Aluminium Precision Tubing<\/a><\/li>\r\n<li><a href=\"https:\/\/sinoextrud.com\/product\/aluminium-pipes-tubes\/\" target=\"_blank\">Aluminium Pipes Tubes<\/a><\/li>\r\n<li><a href=\"https:\/\/sinoextrud.com\/product\/extruded-aluminum-t-bar\/\" target=\"_blank\">Extruded Aluminum T Bar<\/a><\/li>\r\n<li><a href=\"https:\/\/sinoextrud.com\/product\/round-aluminum-tube\/\" target=\"_blank\">Round Aluminum Tube<\/a><\/li>\r\n<li><a href=\"https:\/\/sinoextrud.com\/product\/40x40-aluminium-profile\/\" target=\"_blank\">40\u00d740 Aluminium Profile<\/a><\/li>\r\n<li><a href=\"https:\/\/sinoextrud.com\/product\/aluminium-profile-channel\/\" target=\"_blank\">Aluminium Profile Channel<\/a><\/li>\r\n<li><a href=\"https:\/\/sinoextrud.com\/product\/combination-ceiling-system\/\" target=\"_blank\">Combination Ceiling System<\/a><\/li>\r\n<li><a href=\"https:\/\/sinoextrud.com\/product\/custom-aluminum-tongue-and-groove-extrusion-for-floor-decking\/\" target=\"_blank\">Custom Aluminum Tongue And Groove Extrusion for floor decking<\/a><\/li>"},"feature_list":[]},"_links":{"self":[{"href":"https:\/\/sinoextrud.com\/de\/wp-json\/wp\/v2\/product\/6369","targetHints":{"allow":["GET"]}}],"collection":[{"href":"https:\/\/sinoextrud.com\/de\/wp-json\/wp\/v2\/product"}],"about":[{"href":"https:\/\/sinoextrud.com\/de\/wp-json\/wp\/v2\/types\/product"}],"wp:featuredmedia":[{"embeddable":true,"href":"https:\/\/sinoextrud.com\/de\/wp-json\/wp\/v2\/media\/6368"}],"wp:attachment":[{"href":"https:\/\/sinoextrud.com\/de\/wp-json\/wp\/v2\/media?parent=6369"}],"wp:term":[{"taxonomy":"category","embeddable":true,"href":"https:\/\/sinoextrud.com\/de\/wp-json\/wp\/v2\/categories?post=6369"}],"curies":[{"name":"wp","href":"https:\/\/api.w.org\/{rel}","templated":true}]}}