{"id":6359,"date":"2025-05-27T03:41:36","date_gmt":"2025-05-27T03:41:36","guid":{"rendered":"https:\/\/sinoextrud.com\/product\/extruded-aluminium-square-tube\/"},"modified":"2025-06-24T06:10:50","modified_gmt":"2025-06-24T06:10:50","slug":"stranggepresstes-aluminium-vierkantrohr","status":"publish","type":"product","link":"https:\/\/sinoextrud.com\/de\/product\/extruded-aluminium-square-tube\/","title":{"rendered":"Stranggepresstes Aluminium-Vierkantrohr"},"content":{"rendered":"<h2>Produkte Details<\/h2>\n<table class=\"custom-table\">\n<tr>\n<td class=\"label\">Artikel<\/td>\n<td>Stranggepresstes Aluminium-Vierkantrohr<\/td>\n<\/tr>\n<tr>\n<td class=\"label\">Material<\/td>\n<td>Serie 6000<\/td>\n<\/tr>\n<tr>\n<td class=\"label\">Temperament<\/td>\n<td>T4, T5, T6<\/td>\n<\/tr>\n<tr>\n<td class=\"label\">Gr\u00f6\u00dfe\/St\u00e4rke<\/td>\n<td>Dicke: 0,8 bis 5,0mm oder kundenspezifisch, L\u00e4nge: 1m-9m oder kundenspezifisch<\/td>\n<\/tr>\n<tr>\n<td class=\"label\">Form<\/td>\n<td>angepasst<\/td>\n<\/tr>\n<tr>\n<td class=\"label\">Anmeldung<\/td>\n<td>Industrie, Bauwesen, Fenster und T\u00fcren, Dekoration usw.<\/td>\n<\/tr>\n<tr>\n<td class=\"label\">Oberfl\u00e4chenbehandlung<\/td>\n<td>Pulverbeschichtung, PVDF, Eloxal, Holzmaserung, Elektrophorese, geb\u00fcrstet, poliert, usw.<\/td>\n<\/tr>\n<tr>\n<td class=\"label\">Farben<\/td>\n<td>Ref Pulverbeschichtung Farbe Blatt und kundenspezifische Farbe verf\u00fcgbar<\/td>\n<\/tr>\n<tr>\n<td class=\"label\">Tiefgreifender Prozess<\/td>\n<td>CNC, Bohren, Fr\u00e4sen, Schneiden, Schwei\u00dfen, Biegen, Montieren<\/td>\n<\/tr>\n<tr>\n<td class=\"label\">MOQ<\/td>\n<td>200KGs f\u00fcr jedes Modell<\/td>\n<\/tr>\n<tr>\n<td class=\"label\">Details zur Verpackung<\/td>\n<td>(1) Innen: verpackt mit Plastikschutzfolie oder Plastikschutzbeutel<br \/>(2) Au\u00dferhalb: Wrap zu sein B\u00fcndel von wasserdichten Handwerk Papier<\/td>\n<\/tr>\n<tr>\n<td class=\"label\">Lieferfrist<\/td>\n<td>(1) Entwicklung von Werkzeugen und Musterpr\u00fcfung: 10-15 Tage<br \/>(2) Massenproduktion abgeschlossen: 20-30 Tage nach der Probe wird vom K\u00e4ufer best\u00e4tigt<\/td>\n<\/tr>\n<tr>\n<td class=\"label\">FOB Hafen<\/td>\n<td>FOB Guangzhou, Foshan, Shenzhen<\/td>\n<\/tr>\n<tr>\n<td class=\"label\">Zahlungsbedingungen<\/td>\n<td>30% Anzahlung, 70% Restbetrag vor Auslieferung<\/td>\n<\/tr>\n<tr>\n<td class=\"label\">Abrechnungszeitraum<\/td>\n<td>Abrechnung nach dem tats\u00e4chlichen Endgewicht oder nach dem theoretischen Ziehgewicht<\/td>\n<\/tr>\n<tr>\n<td class=\"label\">Produktionskapazit\u00e4t<\/td>\n<td>10.000+ T\u00f6ne pro Monat<\/td>\n<\/tr>\n<tr>\n<td class=\"label\">Verarbeitung<\/td>\n<td>Anfrage - Muster oder CAD-Zeichnung (vom Kunden zur Verf\u00fcgung gestellt) - CAD-Zeichnung (unser Unternehmen) - Zeichnungsbest\u00e4tigung - Formenbau - Musteranpassung - Massenproduktion - Inspektion<\/td>\n<\/tr>\n<tr>\n<td class=\"label\">Zertifizierung verf\u00fcgbar:<\/td>\n<td>ISO:9001, SONCAP, BV-Zertifikat oder Zertifikat des Kunden verf\u00fcgbar<\/td>\n<\/tr>\n<tr>\n<td class=\"label\">B\u00fcrgschaft<\/td>\n<td>Die Oberfl\u00e4chenfarbe kann im Innenbereich 10 bis 20 Jahre lang stabil bleiben.<\/td>\n<\/tr>\n<\/table>\n<h2>Unsere Produktionsbasis<\/h2>\n<h3>Fabrik-Panorama<\/h3>\n<p><img decoding=\"async\" src=\"\/wp-content\/uploads\/factory-01.webp\"\/><\/p>\n<h3>Werkstatt zur Herstellung von Aluminiumstangen<\/h3>\n<p><img decoding=\"async\" src=\"\/wp-content\/uploads\/factory-02.webp\"\/><\/p>\n<\/p>\n<p><img decoding=\"async\" src=\"\/wp-content\/uploads\/factory-03.webp\"\/><\/p>\n<h3>Lagerhaus f\u00fcr Formen<\/h3>\n<p><img decoding=\"async\" src=\"\/wp-content\/uploads\/factory-04.webp\"\/><\/p>\n<h3>43 Aluminium-Strangpressanlagen (500\u00e2\u20ac\"5500 Tonnen)<\/h3>\n<p><img decoding=\"async\" src=\"\/wp-content\/uploads\/factory-05.webp\"\/><\/p>\n<p><img decoding=\"async\" src=\"\/wp-content\/uploads\/factory-06.webp\"\/><\/p>\n<p><img decoding=\"async\" src=\"\/wp-content\/uploads\/factory-07.webp\"\/><\/p>\n<h3>Werkstatt f\u00fcr Pulverbeschichtung<\/h3>\n<p><img decoding=\"async\" src=\"\/wp-content\/uploads\/factory-09.webp\"\/><\/p>\n<h3>Eloxal-Werkstatt<\/h3>\n<p><img decoding=\"async\" src=\"\/wp-content\/uploads\/factory-10.webp\"\/><\/p>\n<h3>Workshop zur Tiefenverarbeitung<\/h3>\n<p><img decoding=\"async\" src=\"\/wp-content\/uploads\/factory-11.webp\"\/><\/p>\n<h3>CNC-Pr\u00e4zisionsbearbeitungswerkstatt<\/h3>\n<p><img decoding=\"async\" src=\"\/wp-content\/uploads\/factory-11.5.webp\"\/><\/p>\n<h3>Lager f\u00fcr Fertigprodukte und Export<\/h3>\n<p><img decoding=\"async\" src=\"\/wp-content\/uploads\/factory-12.webp\"\/><\/p>\n<p><img decoding=\"async\" src=\"\/wp-content\/uploads\/factory-13.webp\"\/><\/p>\n<p><img decoding=\"async\" src=\"\/wp-content\/uploads\/factory-14.webp\"\/><\/p>\n<h2>FAQ<\/h2>\n<p><b>1. wof\u00fcr wird ein stranggepresstes Aluminium-Vierkantrohr verwendet?<\/b><\/p>\n<p>Stranggepresste Aluminium-Vierkantrohre werden aufgrund ihrer strukturellen St\u00e4rke und ihres sauberen, modernen Aussehens im Bauwesen, bei der Herstellung von M\u00f6beln und in der Industrie eingesetzt.\n<\/p>\n<p><\/p>\n<p><b>2. was sind die wichtigsten Vorteile von stranggepressten Aluminium-Vierkantrohren?<\/b><\/p>\n<p>Stranggepresste Aluminium-Vierkantrohre bieten ein hohes Verh\u00e4ltnis von Festigkeit zu Gewicht, Korrosionsbest\u00e4ndigkeit, pr\u00e4zise Abmessungen und eine einfache Verarbeitung.\n<\/p>\n<p><\/p>\n<p><b>3 Warum sollten Sie sich f\u00fcr stranggepresste Aluminium-Quadratrohre statt f\u00fcr runde oder rechteckige Rohre entscheiden?<\/b><\/p>\n<p>Quadratische Rohre bieten eine ausgewogene Unterst\u00fctzung auf allen Seiten und sind daher ideal f\u00fcr tragende Anwendungen und modulare Strukturen.\n<\/p>\n<p><\/p>\n<p><b>4. k\u00f6nnen stranggepresste Aluminium-Vierkantrohre individuell angepasst werden?<\/b><\/p>\n<p>Ja, stranggepresste Aluminium-Vierkantrohre k\u00f6nnen in Gr\u00f6\u00dfe, Wandst\u00e4rke, Legierungsart und Oberfl\u00e4chenbeschaffenheit auf die jeweiligen Projektanforderungen zugeschnitten werden.\n<\/p>\n<p><\/p>\n<p><b>5. welche Oberfl\u00e4chenausf\u00fchrungen sind f\u00fcr stranggepresste Aluminium-Vierkantrohre erh\u00e4ltlich?<\/b><\/p>\n<p>Zu den verf\u00fcgbaren Oberfl\u00e4chen z\u00e4hlen Eloxierung, Pulverbeschichtung und Walzoberfl\u00e4che, die die Korrosionsbest\u00e4ndigkeit, Haltbarkeit und optische Attraktivit\u00e4t verbessern.\n<\/p>\n<p><\/p>\n<p><b>6. sind stranggepresste Aluminium-Vierkantrohre f\u00fcr den Au\u00dfeneinsatz geeignet?<\/b><\/p>\n<p>Ja, mit eloxierten oder beschichteten Oberfl\u00e4chen eignen sich stranggepresste Aluminium-Vierkantrohre aufgrund ihrer ausgezeichneten Wetter- und UV-Best\u00e4ndigkeit gut f\u00fcr den Au\u00dfenbereich.\n<\/p>\n<p><\/p>\n<p><b>7. wie unterst\u00fctzen stranggepresste Aluminium-Vierkantrohre nachhaltiges Design?<\/b><\/p>\n<p>Aluminium ist 100% recycelbar und leicht, was Vierkantrohre zu einer nachhaltigen und energieeffizienten Option f\u00fcr umweltfreundliches Bauen und Produktentwicklung macht.\n<\/p>\n<p><\/p>","protected":false},"featured_media":6358,"template":"","categories":[60],"class_list":["post-6359","product","type-product","status-publish","has-post-thumbnail","hentry","category-general-tubes-and-bars"],"meta_box":{"hilight_text_group":{"product_hilight_text":"<li>Square shape provides excellent structural strength and stability<\/li>\r\r\n<li>Precision-extruded for uniform dimensions and smooth surfaces<\/li>\r\r\n<li>Corrosion-resistant aluminum ideal for indoor and outdoor use<\/li>\r\r\n<li>Available in various sizes, wall thicknesses, and surface finishes<\/li>\r\r\n<li>Supports custom fabrication and bulk orders for industrial needs<\/li>","product_chanpin_blog":"<ul>\r\r\n<li><a href=\"https:\/\/sinoextrud.com\/t-slot-v-slot-differences\/\" target=\"_blank\">t slot vs v slot<\/a><\/li>\r\r\n<li><a href=\"https:\/\/sinoextrud.com\/what-is-4040-aluminium-extrud\/\" target=\"_blank\">4040 aluminium extrusion<\/a><\/li>\r\r\n<li><a href=\"https:\/\/sinoextrud.com\/what-is-4040-aluminium-extrud\/\" target=\"_blank\">aluminum extrusions for industrial racks<\/a><\/li>\r\r\n<li><a href=\"https:\/\/sinoextrud.com\/powder-coating-aluminium-process\/\" target=\"_blank\">powder coating aluminium<\/a><\/li>\r\r\n<li><a href=\"https:\/\/sinoextrud.com\/what-is-an-aluminium-strip-ceiling\/\" target=\"_blank\">aluminium strip ceiling<\/a><\/li>\r\r\n<li><a href=\"https:\/\/sinoextrud.com\/what-is-a-heat-sink\/\" target=\"_blank\">what is a heat sink<\/a><\/li>\r\r\n<\/ul>","product_chanpin_chanpin":"<li><a href=\"https:\/\/sinoextrud.com\/product\/3003-round-aluminum-tube-extrusion-in-stock\/\" target=\"_blank\">3003 Round Aluminum Tube Extrusion In Stock<\/a><\/li>\r\n<li><a href=\"https:\/\/sinoextrud.com\/product\/aluminum-round-tube-extrusion\/\" target=\"_blank\">Aluminum Round Tube Extrusion<\/a><\/li>\r\n<li><a href=\"https:\/\/sinoextrud.com\/product\/20mm-x-20mm-aluminum-extrusion\/\" target=\"_blank\">20mm X 20mm Aluminum Extrusion<\/a><\/li>\r\n<li><a href=\"https:\/\/sinoextrud.com\/product\/aluminium-pipe\/\" target=\"_blank\">Aluminium Pipe<\/a><\/li>\r\n<li><a href=\"https:\/\/sinoextrud.com\/product\/extruded-aluminium-square-tube\/\" target=\"_blank\">Extruded Aluminium Square Tube<\/a><\/li>\r\n<li><a href=\"https:\/\/sinoextrud.com\/product\/extruded-aluminium-retangular-tube\/\" target=\"_blank\">Extruded Aluminium Retangular Tube<\/a><\/li>\r\n<li><a href=\"https:\/\/sinoextrud.com\/product\/anodized-aluminium-tube\/\" target=\"_blank\">anodized aluminium tube<\/a><\/li>\r\n<li><a href=\"https:\/\/sinoextrud.com\/product\/40x40-aluminium-extrusion\/\" target=\"_blank\">40\u00c3\u201440 Aluminium Extrusion<\/a><\/li>\r\n<li><a href=\"https:\/\/sinoextrud.com\/product\/aluminium-precision-tubing\/\" target=\"_blank\">Aluminium Precision Tubing<\/a><\/li>\r\n<li><a href=\"https:\/\/sinoextrud.com\/product\/6061-oval-aluminum-tubing\/\" target=\"_blank\">6061 Oval Aluminum Tubing<\/a><\/li>\r\n<li><a href=\"https:\/\/sinoextrud.com\/product\/aluminum-trailer-floor-extrusions\/\" target=\"_blank\">Aluminum Trailer Floor Extrusions<\/a><\/li>"},"feature_list":[]},"_links":{"self":[{"href":"https:\/\/sinoextrud.com\/de\/wp-json\/wp\/v2\/product\/6359","targetHints":{"allow":["GET"]}}],"collection":[{"href":"https:\/\/sinoextrud.com\/de\/wp-json\/wp\/v2\/product"}],"about":[{"href":"https:\/\/sinoextrud.com\/de\/wp-json\/wp\/v2\/types\/product"}],"wp:featuredmedia":[{"embeddable":true,"href":"https:\/\/sinoextrud.com\/de\/wp-json\/wp\/v2\/media\/6358"}],"wp:attachment":[{"href":"https:\/\/sinoextrud.com\/de\/wp-json\/wp\/v2\/media?parent=6359"}],"wp:term":[{"taxonomy":"category","embeddable":true,"href":"https:\/\/sinoextrud.com\/de\/wp-json\/wp\/v2\/categories?post=6359"}],"curies":[{"name":"wp","href":"https:\/\/api.w.org\/{rel}","templated":true}]}}