{"id":6357,"date":"2025-05-27T03:35:09","date_gmt":"2025-05-27T03:35:09","guid":{"rendered":"https:\/\/sinoextrud.com\/product\/aluminium-pipe\/"},"modified":"2025-06-24T06:10:50","modified_gmt":"2025-06-24T06:10:50","slug":"aluminiumrohr","status":"publish","type":"product","link":"https:\/\/sinoextrud.com\/de\/product\/aluminium-pipe\/","title":{"rendered":"Aluminium-Rohr"},"content":{"rendered":"<h2>Produkte Details<\/h2>\n<table class=\"custom-table\">\n<tr>\n<td class=\"label\">Artikel<\/td>\n<td>Aluminiumrohr,Aluminiumrohr,Aluminium-Rundrohrprofil,Aluminium-Quadratrohrprofil,Aluminium-Dreieckrohr<\/td>\n<\/tr>\n<tr>\n<td class=\"label\">Material<\/td>\n<td>6000er-SerieAluminium<\/td>\n<\/tr>\n<tr>\n<td class=\"label\">Temperament<\/td>\n<td>T4,T5,T6<\/td>\n<\/tr>\n<tr>\n<td class=\"label\">Gr\u00f6\u00dfe\/St\u00e4rke<\/td>\n<td>Allgemeine Profildicke von 0,8 bis 5,0 mm, L\u00e4nge von 1 m bis 9 m oder nach Kundenwunsch; Eloxalschutzschichtdicke von 8 bis 20 mm, Pulverbeschichtung von 40 bis 120 mm.<\/td>\n<\/tr>\n<tr>\n<td class=\"label\">Form<\/td>\n<td>quadratisch, rund, rechteckig, dreieckig, kundenspezifisch<\/td>\n<\/tr>\n<tr>\n<td class=\"label\">Anmeldung<\/td>\n<td>M\u00f6bel, Fenster und T\u00fcren, Dekoration, Industrie, Bau und bald<\/td>\n<\/tr>\n<tr>\n<td class=\"label\">Surfacetreatment<\/td>\n<td>Pulverbeschichtung, Eloxierung, Holzmaserung, Elektrophorese, geb\u00fcrstet, Polieren und so weiter.<\/td>\n<\/tr>\n<tr>\n<td class=\"label\">Farben<\/td>\n<td>Neue Pulverbeschichtung und kundenspezifische Farben erh\u00e4ltlich<\/td>\n<\/tr>\n<tr>\n<td class=\"label\">Deepprocess<\/td>\n<td>CNC, Bohren, Fr\u00e4sen, Schneiden, Schwei\u00dfen, Biegen, Montieren<\/td>\n<\/tr>\n<tr>\n<td class=\"label\">MOQ<\/td>\n<td>200KGf\u00fcr jeden Artikel<\/td>\n<\/tr>\n<tr>\n<td class=\"label\">VerpackungDetails<\/td>\n<td>(1) Innen: verpackt mit einer Kunststoff-Schutzfolie zum Schutz der einzelnen Teile<\/td>\n<\/tr>\n<tr>\n<td class=\"label\"><\/td>\n<td>(2) Au\u00dfenseite: B\u00fcndel mit wasserfestem Bastelpapier umwickeln<\/td>\n<\/tr>\n<tr>\n<td class=\"label\">Lieferzeiten<\/td>\n<td>(1) DieEntwicklungundMusterpr\u00fcfung:10-15Tage.<\/td>\n<\/tr>\n<tr>\n<td class=\"label\"><\/td>\n<td>(2) Massenproduktion abgeschlossen: 20-30 Tage nach der Best\u00e4tigung des Musters durch den K\u00e4ufer.<\/td>\n<\/tr>\n<tr>\n<td class=\"label\">FOBPort<\/td>\n<td>Guangzhou, Foshan, Shenzhen<\/td>\n<\/tr>\n<tr>\n<td class=\"label\">Zahlungsbedingungen<\/td>\n<td>T\/T,30%downpayment, w\u00e4hrend der Restbetrag vor der Lieferung ausgezahlt wird<\/td>\n<\/tr>\n<tr>\n<td class=\"label\">Abrechnungszeitraum<\/td>\n<td>Abrechnung nach dem endg\u00fcltigen Ist-Gewicht oder nach dem theoretischen Zeichnungsgewicht.<\/td>\n<\/tr>\n<tr>\n<td class=\"label\">Produktionskapazit\u00e4ten<\/td>\n<td>2400-3000Metrictonespermonth<\/td>\n<\/tr>\n<tr>\n<td class=\"label\">Verarbeitung<\/td>\n<td>Anfrage-Muster oder CAD-Zeichnung (vom Kunden zur Verf\u00fcgung gestellt) - CAD-Zeichnung (von uns) - Zeichnungsbest\u00e4tigung - Formenbau - Musteranfertigung - Massenproduktion - Inspektion<\/td>\n<td>Lieferung<\/td>\n<\/tr>\n<tr>\n<td class=\"label\">Zertifizierung nicht verf\u00fcgbar:<\/td>\n<td>ISO:9001,SONCAP,BVC-ZertifikatoderKundenzertifikatverf\u00fcgbar<\/td>\n<\/tr>\n<tr>\n<td class=\"label\">B\u00fcrgschaft<\/td>\n<td>Die Oberfl\u00e4chenfarbe kann 10 bis 20 Jahre lang im Innenbereich verwendet werden.<\/td>\n<\/tr>\n<\/table>\n<h2>Unsere Produktionsbasis<\/h2>\n<h3>Fabrik-Panorama<\/h3>\n<p><img decoding=\"async\" src=\"\/wp-content\/uploads\/factory-01.webp\"\/><\/p>\n<h3>Werkstatt zur Herstellung von Aluminiumstangen<\/h3>\n<p><img decoding=\"async\" src=\"\/wp-content\/uploads\/factory-02.webp\"\/><\/p>\n<p><img decoding=\"async\" src=\"\/wp-content\/uploads\/factory-03.webp\"\/><\/p>\n<h3>Lagerhaus f\u00fcr Formen<\/h3>\n<p><img decoding=\"async\" src=\"\/wp-content\/uploads\/factory-04.webp\"\/><\/p>\n<h3>43 Aluminium-Strangpressanlagen (500\u00e2\u20ac\"5500 Tonnen)<\/h3>\n<p><img decoding=\"async\" src=\"\/wp-content\/uploads\/factory-05.webp\"\/><\/p>\n<p><img decoding=\"async\" src=\"\/wp-content\/uploads\/factory-06.webp\"\/><\/p>\n<p><img decoding=\"async\" src=\"\/wp-content\/uploads\/factory-07.webp\"\/><\/p>\n<h3>Werkstatt f\u00fcr Pulverbeschichtung<\/h3>\n<p><img decoding=\"async\" src=\"\/wp-content\/uploads\/factory-09.webp\"\/><\/p>\n<h3>Eloxal-Werkstatt<\/h3>\n<p><img decoding=\"async\" src=\"\/wp-content\/uploads\/factory-10.webp\"\/><\/p>\n<h3>Workshop zur Tiefenverarbeitung<\/h3>\n<p><img decoding=\"async\" src=\"\/wp-content\/uploads\/factory-11.webp\"\/><\/p>\n<h3>CNC-Pr\u00e4zisionsbearbeitungswerkstatt<\/h3>\n<p><img decoding=\"async\" src=\"\/wp-content\/uploads\/factory-11.5.webp\"\/><\/p>\n<h3>Lager f\u00fcr Fertigprodukte und Export<\/h3>\n<p><img decoding=\"async\" src=\"\/wp-content\/uploads\/factory-12.webp\"\/><\/p>\n<p><img decoding=\"async\" src=\"\/wp-content\/uploads\/factory-13.webp\"\/><\/p>\n<p><img decoding=\"async\" src=\"\/wp-content\/uploads\/factory-14.webp\"\/><\/p>\n<h2>FAQ<\/h2>\n<p><p><b>1. wof\u00fcr werden Aluminiumrohre verwendet?<\/b><\/p>\n<p>Aluminiumrohre werden aufgrund ihres geringen Gewichts, ihrer Korrosionsbest\u00e4ndigkeit und ihrer Festigkeit im Bauwesen, in der Automobilindustrie, in der Schifffahrt, in der Klimatechnik und in der Industrie eingesetzt.<br \/>\n<\/p><br \/>\n<br \/>\n<p><b>2. was sind die wichtigsten Vorteile von Aluminiumrohren?<\/b><\/p>\n<p>Aluminiumrohre bieten ein hohes Verh\u00e4ltnis von Festigkeit zu Gewicht, hervorragende Korrosionsbest\u00e4ndigkeit, leichte Bearbeitbarkeit und lange Lebensdauer in anspruchsvollen Umgebungen.<br \/>\n<\/p><br \/>\n<br \/>\n<p><b>3 Warum sollte man Aluminiumrohre den Alternativen aus Stahl oder Kunststoff vorziehen?<\/b><\/p>\n<p>Aluminiumrohre sind leichter als Stahl und haltbarer als Kunststoff und bieten eine rostfreie und energieeffiziente L\u00f6sung f\u00fcr verschiedene Anwendungen.<br \/>\n<\/p><br \/>\n<br \/>\n<p><b>4. k\u00f6nnen Aluminiumrohre individuell angepasst werden?<\/b><\/p>\n<p>Ja, Aluminiumrohre k\u00f6nnen in Durchmesser, Wandst\u00e4rke, L\u00e4nge und Legierungsart individuell angepasst werden, um bestimmte Leistungs- und Designanforderungen zu erf\u00fcllen.<br \/>\n<\/p><br \/>\n<br \/>\n<p><b>5. welche Oberfl\u00e4chenbeschaffenheiten gibt es f\u00fcr Aluminiumrohre?<\/b><\/p>\n<p>Zu den \u00fcblichen Oberfl\u00e4chenbehandlungen geh\u00f6ren Eloxieren, Pulverbeschichtung und Walzoberfl\u00e4che, die jeweils den Korrosionsschutz, die Verschlei\u00dffestigkeit und das Aussehen verbessern.<br \/>\n<\/p><br \/>\n<br \/>\n<p><b>6. sind Aluminiumrohre f\u00fcr die Verwendung im Freien und auf See geeignet?<\/b><\/p>\n<p>Ja, Aluminiumrohre sind aufgrund ihrer nat\u00fcrlichen Korrosionsbest\u00e4ndigkeit und ihrer F\u00e4higkeit, rauen Witterungsbedingungen zu widerstehen, ideal f\u00fcr den Einsatz im Freien und auf See.<br \/>\n<\/p><br \/>\n<br \/>\n<p><b>7. wie unterst\u00fctzen Aluminiumrohre nachhaltiges Bauen?<\/b><\/p>\n<p>Aluminium ist 100% recycelbar und energieeffizient in der Herstellung, was Aluminiumrohre zu einer nachhaltigen Wahl f\u00fcr gr\u00fcnes Bauen und umweltfreundliche Produktion macht.<br \/>\n<\/p><br \/><\/p>","protected":false},"featured_media":6356,"template":"","categories":[60],"class_list":["post-6357","product","type-product","status-publish","has-post-thumbnail","hentry","category-general-tubes-and-bars"],"meta_box":{"hilight_text_group":{"product_hilight_text":"<li>Lightweight and durable, suitable for a wide range of applications<\/li>\r\r\n<li>Excellent corrosion resistance for long-term outdoor and industrial use<\/li>\r\r\n<li>Available in multiple sizes, alloys, and wall thicknesses<\/li>\r\r\n<li>Easy to cut, weld, and machine for custom fabrication<\/li>\r\r\n<li>Supports bulk supply with consistent quality and fast delivery<\/li>","product_chanpin_blog":"<ul>\r\r\n<li><a href=\"https:\/\/sinoextrud.com\/t-slot-v-slot-differences\/\" target=\"_blank\">t slot vs v slot<\/a><\/li>\r\r\n<li><a href=\"https:\/\/sinoextrud.com\/what-is-4040-aluminium-extrud\/\" target=\"_blank\">4040 aluminium extrusion<\/a><\/li>\r\r\n<li><a href=\"https:\/\/sinoextrud.com\/what-is-4040-aluminium-extrud\/\" target=\"_blank\">aluminum extrusions for industrial racks<\/a><\/li>\r\r\n<li><a href=\"https:\/\/sinoextrud.com\/powder-coating-aluminium-process\/\" target=\"_blank\">powder coating aluminium<\/a><\/li>\r\r\n<li><a href=\"https:\/\/sinoextrud.com\/what-is-an-aluminium-strip-ceiling\/\" target=\"_blank\">aluminium strip ceiling<\/a><\/li>\r\r\n<li><a href=\"https:\/\/sinoextrud.com\/what-is-a-heat-sink\/\" target=\"_blank\">what is a heat sink<\/a><\/li>\r\r\n<\/ul>","product_chanpin_chanpin":"<li><a href=\"https:\/\/sinoextrud.com\/product\/powder-coated-aluminum-tube\/\" target=\"_blank\">Powder Coated Aluminum Tube<\/a><\/li>\r\n<li><a href=\"https:\/\/sinoextrud.com\/product\/3003-round-aluminum-tube-extrusion-in-stock\/\" target=\"_blank\">3003 Round Aluminum Tube Extrusion In Stock<\/a><\/li>\r\n<li><a href=\"https:\/\/sinoextrud.com\/product\/aluminum-round-tube-extrusion\/\" target=\"_blank\">Aluminum Round Tube Extrusion<\/a><\/li>\r\n<li><a href=\"https:\/\/sinoextrud.com\/product\/20mm-x-20mm-aluminum-extrusion\/\" target=\"_blank\">20mm X 20mm Aluminum Extrusion<\/a><\/li>\r\n<li><a href=\"https:\/\/sinoextrud.com\/product\/aluminium-pipe\/\" target=\"_blank\">Aluminium Pipe<\/a><\/li>\r\n<li><a href=\"https:\/\/sinoextrud.com\/product\/extruded-aluminium-square-tube\/\" target=\"_blank\">Extruded Aluminium Square Tube<\/a><\/li>\r\n<li><a href=\"https:\/\/sinoextrud.com\/product\/extruded-aluminium-retangular-tube\/\" target=\"_blank\">Extruded Aluminium Retangular Tube<\/a><\/li>\r\n<li><a href=\"https:\/\/sinoextrud.com\/product\/anodized-aluminium-tube\/\" target=\"_blank\">anodized aluminium tube<\/a><\/li>\r\n<li><a href=\"https:\/\/sinoextrud.com\/product\/40x40-aluminium-extrusion\/\" target=\"_blank\">40\u00c3\u201440 Aluminium Extrusion<\/a><\/li>\r\n<li><a href=\"https:\/\/sinoextrud.com\/product\/aluminum-slatwall-panel-insert-profile\/\" target=\"_blank\">Aluminum Slatwall Panel Insert Profile<\/a><\/li>\r\n<li><a href=\"https:\/\/sinoextrud.com\/product\/anodized-small-machining-aluminum-parts\/\" target=\"_blank\">Anodized Small Machining Aluminum Parts<\/a><\/li>"},"feature_list":[]},"_links":{"self":[{"href":"https:\/\/sinoextrud.com\/de\/wp-json\/wp\/v2\/product\/6357","targetHints":{"allow":["GET"]}}],"collection":[{"href":"https:\/\/sinoextrud.com\/de\/wp-json\/wp\/v2\/product"}],"about":[{"href":"https:\/\/sinoextrud.com\/de\/wp-json\/wp\/v2\/types\/product"}],"wp:featuredmedia":[{"embeddable":true,"href":"https:\/\/sinoextrud.com\/de\/wp-json\/wp\/v2\/media\/6356"}],"wp:attachment":[{"href":"https:\/\/sinoextrud.com\/de\/wp-json\/wp\/v2\/media?parent=6357"}],"wp:term":[{"taxonomy":"category","embeddable":true,"href":"https:\/\/sinoextrud.com\/de\/wp-json\/wp\/v2\/categories?post=6357"}],"curies":[{"name":"wp","href":"https:\/\/api.w.org\/{rel}","templated":true}]}}