{"id":6353,"date":"2025-05-27T03:23:53","date_gmt":"2025-05-27T03:23:53","guid":{"rendered":"https:\/\/sinoextrud.com\/product\/aluminum-round-tube-extrusion\/"},"modified":"2025-06-24T06:10:49","modified_gmt":"2025-06-24T06:10:49","slug":"aluminium-rundrohr-extrusion","status":"publish","type":"product","link":"https:\/\/sinoextrud.com\/de\/product\/aluminum-round-tube-extrusion\/","title":{"rendered":"Aluminium-Rundrohr-Extrusion"},"content":{"rendered":"<h2>Produkte Details<\/h2>\n<table class=\"custom-table\">\n<tr>\n<td class=\"label\">Warenzeichen:<\/td>\n<td>Sinoextrud<\/td>\n<\/tr>\n<tr>\n<td class=\"label\">Modell NO.<\/td>\n<td>Aluminium Rundrohre<\/td>\n<\/tr>\n<tr>\n<td class=\"label\">HS-Code<\/td>\n<td>76082010<\/td>\n<\/tr>\n<tr>\n<td class=\"label\">Klasse<\/td>\n<td>Serie 6000<\/td>\n<\/tr>\n<tr>\n<td class=\"label\">Material<\/td>\n<td>Aluminium-Legierung<\/td>\n<\/tr>\n<tr>\n<td class=\"label\">\u00c4u\u00dferer Durchmesser<\/td>\n<td>Od 2,6 mm bis 300 mm (kundenspezifische Bestellungen m\u00f6glich)<\/td>\n<\/tr>\n<tr>\n<td class=\"label\">Wanddicke<\/td>\n<td>0,1 mm bis 20 mm (kundenspezifische Bestellungen m\u00f6glich)<\/td>\n<\/tr>\n<tr>\n<td class=\"label\">L\u00e4nge<\/td>\n<td>1m bis 9m (kundenspezifische Bestellungen akzeptiert)<\/td>\n<\/tr>\n<tr>\n<td class=\"label\">Formen<\/td>\n<td>Sie k\u00f6nnen es in runde, quadratische, rechteckige, dreieckige, ovale und sondergeformte Aluminiumtuben verwandeln.<\/td>\n<\/tr>\n<tr>\n<td class=\"label\">Oberfl\u00e4chenbehandlung<\/td>\n<td>Eloxieren, Pulverbeschichtung, Holzmaserung, Fluorkohlenstoffbeschichtung, Elektrophorese, B\u00fcrsten, Polieren, usw.<\/td>\n<\/tr>\n<tr>\n<td class=\"label\">Temperament<\/td>\n<td>T3 - T8<\/td>\n<\/tr>\n<tr>\n<td class=\"label\">Al (Min)<\/td>\n<td>98.8%<\/td>\n<\/tr>\n<tr>\n<td class=\"label\">Ort der Herkunft<\/td>\n<td>FoshanCity, Provinz Guangdong, China (Festland)<\/td>\n<\/tr>\n<\/table>\n<h2>Unsere Produktionsbasis<\/h2>\n<h3>Fabrik-Panorama<\/h3>\n<p><img decoding=\"async\" src=\"\/wp-content\/uploads\/factory-01.webp\"\/><\/p>\n<h3>Werkstatt zur Herstellung von Aluminiumstangen<\/h3>\n<p><img decoding=\"async\" src=\"\/wp-content\/uploads\/factory-02.webp\"\/><\/p>\n<\/p>\n<p><img decoding=\"async\" src=\"\/wp-content\/uploads\/factory-03.webp\"\/><\/p>\n<h3>Lagerhaus f\u00fcr Formen<\/h3>\n<p><img decoding=\"async\" src=\"\/wp-content\/uploads\/factory-04.webp\"\/><\/p>\n<h3>43 Aluminium-Strangpressanlagen (500\u00e2\u20ac\"5500 Tonnen)<\/h3>\n<p><img decoding=\"async\" src=\"\/wp-content\/uploads\/factory-05.webp\"\/><\/p>\n<p><img decoding=\"async\" src=\"\/wp-content\/uploads\/factory-06.webp\"\/><\/p>\n<p><img decoding=\"async\" src=\"\/wp-content\/uploads\/factory-07.webp\"\/><\/p>\n<h3>Werkstatt f\u00fcr Pulverbeschichtung<\/h3>\n<p><img decoding=\"async\" src=\"\/wp-content\/uploads\/factory-09.webp\"\/><\/p>\n<h3>Eloxal-Werkstatt<\/h3>\n<p><img decoding=\"async\" src=\"\/wp-content\/uploads\/factory-10.webp\"\/><\/p>\n<h3>Workshop zur Tiefenverarbeitung<\/h3>\n<p><img decoding=\"async\" src=\"\/wp-content\/uploads\/factory-11.webp\"\/><\/p>\n<h3>CNC-Pr\u00e4zisionsbearbeitungswerkstatt<\/h3>\n<p><img decoding=\"async\" src=\"\/wp-content\/uploads\/factory-11.5.webp\"\/><\/p>\n<h3>Lager f\u00fcr Fertigprodukte und Export<\/h3>\n<p><img decoding=\"async\" src=\"\/wp-content\/uploads\/factory-12.webp\"\/><\/p>\n<p><img decoding=\"async\" src=\"\/wp-content\/uploads\/factory-13.webp\"\/><\/p>\n<p><img decoding=\"async\" src=\"\/wp-content\/uploads\/factory-14.webp\"\/><\/p>\n<h2>FAQ<\/h2>\n<p><b>1. wof\u00fcr wird das runde Aluminiumrohr verwendet?<\/b><\/p>\n<p>Stranggepresste Rundrohre aus Aluminium werden aufgrund ihrer Festigkeit, ihres geringen Gewichts und ihrer Korrosionsbest\u00e4ndigkeit h\u00e4ufig im Bauwesen, im Transportwesen, in der M\u00f6belindustrie und in industriellen Anwendungen eingesetzt.\n<\/p>\n<p><\/p>\n<p><b>2. was sind die wichtigsten Vorteile der Aluminium-Rundrohr-Extrusion?<\/b><\/p>\n<p>Stranggepresste Rundrohre aus Aluminium bieten ein hohes Verh\u00e4ltnis von Festigkeit zu Gewicht, eine ausgezeichnete Korrosionsbest\u00e4ndigkeit und eine einfache Verarbeitung f\u00fcr vielseitige Anwendungen.\n<\/p>\n<p><\/p>\n<p><b>3. warum sollten Sie sich f\u00fcr die Extrusion von Aluminium-Rundrohren entscheiden und nicht f\u00fcr Stahl- oder Kunststoffrohre?<\/b><\/p>\n<p>Aluminium-Rundrohre sind leichter als Stahl und haltbarer als Kunststoff und bieten eine kosteng\u00fcnstige, rostfreie L\u00f6sung f\u00fcr strukturelle und dekorative Zwecke.\n<\/p>\n<p><\/p>\n<p><b>4. k\u00f6nnen Aluminium-Rundrohre individuell angepasst werden?<\/b><\/p>\n<p>Ja, runde Aluminiumrohre k\u00f6nnen in Bezug auf Durchmesser, Wandst\u00e4rke, L\u00e4nge, Legierungsart und Oberfl\u00e4chenbeschaffenheit an die jeweiligen Anforderungen angepasst werden.\n<\/p>\n<p><\/p>\n<p><b>5. welche Oberfl\u00e4chenausf\u00fchrungen sind f\u00fcr Aluminium-Rundrohre verf\u00fcgbar?<\/b><\/p>\n<p>G\u00e4ngige Oberfl\u00e4chenbehandlungen sind Eloxieren, Pulverbeschichten und Walzen, um den Korrosionsschutz, die Verschlei\u00dffestigkeit und das Aussehen zu verbessern.\n<\/p>\n<p><\/p>\n<p><b>6. sind Rundrohre aus Aluminium f\u00fcr den Au\u00dfeneinsatz geeignet?<\/b><\/p>\n<p>Ja, bei entsprechender Oberfl\u00e4chenbehandlung bieten runde Aluminiumrohre eine ausgezeichnete Haltbarkeit und Best\u00e4ndigkeit gegen UV-Strahlen, Feuchtigkeit und raue Wetterbedingungen.\n<\/p>\n<p><\/p>\n<p><b>7 Wie unterst\u00fctzen Aluminium-Strangpressprofile eine nachhaltige Produktion?<\/b><\/p>\n<p>Aluminium ist 100% recycelbar und energieeffizient in der Herstellung, was Rundrohre zu einer nachhaltigen Wahl f\u00fcr umweltfreundliches Bauen und Produktdesign macht.\n<\/p>\n<p><\/p>","protected":false},"featured_media":6352,"template":"","categories":[60],"class_list":["post-6353","product","type-product","status-publish","has-post-thumbnail","hentry","category-general-tubes-and-bars"],"meta_box":{"hilight_text_group":{"product_hilight_text":"<li>Lightweight and strong, ideal for structural and mechanical use<\/li>\r\r\n<li>Corrosion-resistant aluminum suitable for indoor and outdoor environments<\/li>\r\r\n<li>Precision-extruded for consistent round shape and smooth finish<\/li>\r\r\n<li>Available in various diameters, wall thicknesses, and lengths<\/li>\r\r\n<li>Supports customization and bulk orders for industrial applications<\/li>","product_chanpin_blog":"<ul>\r\r\n<li><a href=\"https:\/\/sinoextrud.com\/t-slot-v-slot-differences\/\" target=\"_blank\">t slot vs v slot<\/a><\/li>\r\r\n<li><a href=\"https:\/\/sinoextrud.com\/what-is-4040-aluminium-extrud\/\" target=\"_blank\">4040 aluminium extrusion<\/a><\/li>\r\r\n<li><a href=\"https:\/\/sinoextrud.com\/what-is-4040-aluminium-extrud\/\" target=\"_blank\">aluminum extrusions for industrial racks<\/a><\/li>\r\r\n<li><a href=\"https:\/\/sinoextrud.com\/powder-coating-aluminium-process\/\" target=\"_blank\">powder coating aluminium<\/a><\/li>\r\r\n<li><a href=\"https:\/\/sinoextrud.com\/what-is-an-aluminium-strip-ceiling\/\" target=\"_blank\">aluminium strip ceiling<\/a><\/li>\r\r\n<li><a href=\"https:\/\/sinoextrud.com\/what-is-a-heat-sink\/\" target=\"_blank\">what is a heat sink<\/a><\/li>\r\r\n<\/ul>","product_chanpin_chanpin":"<li><a href=\"https:\/\/sinoextrud.com\/product\/aluminium-square-tubes\/\" target=\"_blank\">Aluminium Square tubes<\/a><\/li>\r\n<li><a href=\"https:\/\/sinoextrud.com\/product\/oval-aluminum-extrusion\/\" target=\"_blank\">Oval Aluminum Extrusion<\/a><\/li>\r\n<li><a href=\"https:\/\/sinoextrud.com\/product\/powder-coated-aluminum-tube\/\" target=\"_blank\">Powder Coated Aluminum Tube<\/a><\/li>\r\n<li><a href=\"https:\/\/sinoextrud.com\/product\/3003-round-aluminum-tube-extrusion-in-stock\/\" target=\"_blank\">3003 Round Aluminum Tube Extrusion In Stock<\/a><\/li>\r\n<li><a href=\"https:\/\/sinoextrud.com\/product\/aluminum-round-tube-extrusion\/\" target=\"_blank\">Aluminum Round Tube Extrusion<\/a><\/li>\r\n<li><a href=\"https:\/\/sinoextrud.com\/product\/20mm-x-20mm-aluminum-extrusion\/\" target=\"_blank\">20mm X 20mm Aluminum Extrusion<\/a><\/li>\r\n<li><a href=\"https:\/\/sinoextrud.com\/product\/aluminium-pipe\/\" target=\"_blank\">Aluminium Pipe<\/a><\/li>\r\n<li><a href=\"https:\/\/sinoextrud.com\/product\/extruded-aluminium-square-tube\/\" target=\"_blank\">Extruded Aluminium Square Tube<\/a><\/li>\r\n<li><a href=\"https:\/\/sinoextrud.com\/product\/extruded-aluminium-retangular-tube\/\" target=\"_blank\">Extruded Aluminium Retangular Tube<\/a><\/li>\r\n<li><a href=\"https:\/\/sinoextrud.com\/product\/aluminum-louver-blades\/\" target=\"_blank\">Aluminum Louver Blades<\/a><\/li>\r\n<li><a href=\"https:\/\/sinoextrud.com\/product\/c-beam-v-slot-aluminium-profile\/\" target=\"_blank\">C Beam V Slot Aluminium Profile<\/a><\/li>"},"feature_list":[]},"_links":{"self":[{"href":"https:\/\/sinoextrud.com\/de\/wp-json\/wp\/v2\/product\/6353","targetHints":{"allow":["GET"]}}],"collection":[{"href":"https:\/\/sinoextrud.com\/de\/wp-json\/wp\/v2\/product"}],"about":[{"href":"https:\/\/sinoextrud.com\/de\/wp-json\/wp\/v2\/types\/product"}],"wp:featuredmedia":[{"embeddable":true,"href":"https:\/\/sinoextrud.com\/de\/wp-json\/wp\/v2\/media\/6352"}],"wp:attachment":[{"href":"https:\/\/sinoextrud.com\/de\/wp-json\/wp\/v2\/media?parent=6353"}],"wp:term":[{"taxonomy":"category","embeddable":true,"href":"https:\/\/sinoextrud.com\/de\/wp-json\/wp\/v2\/categories?post=6353"}],"curies":[{"name":"wp","href":"https:\/\/api.w.org\/{rel}","templated":true}]}}