{"id":6339,"date":"2025-05-27T02:53:10","date_gmt":"2025-05-27T02:53:10","guid":{"rendered":"https:\/\/sinoextrud.com\/product\/extruded-aluminum-bar\/"},"modified":"2025-06-24T06:10:47","modified_gmt":"2025-06-24T06:10:47","slug":"aluminium-strangpressprofil-3","status":"publish","type":"product","link":"https:\/\/sinoextrud.com\/de\/product\/extruded-aluminum-bar\/","title":{"rendered":"Aluminium-Strangpressprofil"},"content":{"rendered":"<h2>Produkte Details<\/h2>\n<table class=\"custom-table\">\n<tr>\n<td class=\"label\">Name<\/td>\n<td>Stranggepresster Aluminiumstab<\/td>\n<\/tr>\n<tr>\n<td class=\"label\">Marke<\/td>\n<td>Sinoextrud<\/td>\n<\/tr>\n<tr>\n<td class=\"label\">Kategorie<\/td>\n<td>Aluminium-Profile<\/td>\n<\/tr>\n<tr>\n<td class=\"label\">Typ<\/td>\n<td>Schwerer Typ oder leicht ist verf\u00fcgbar<\/td>\n<\/tr>\n<tr>\n<td class=\"label\">Material<\/td>\n<td>6061 ist weit verbreitet. 6063, 6463, 6005, 6082 ist auch verf\u00fcgbar.<\/td>\n<\/tr>\n<tr>\n<td class=\"label\">Temperament<\/td>\n<td>T5-T8<\/td>\n<\/tr>\n<tr>\n<td class=\"label\">L\u00e4nge<\/td>\n<td>1-9m oder individuelle Anpassung<\/td>\n<\/tr>\n<tr>\n<td class=\"label\">Gr\u00f6\u00dfe (mm)<\/td>\n<td>Gem\u00e4\u00df Zeichnung<\/td>\n<\/tr>\n<tr>\n<td class=\"label\">Form<\/td>\n<td>Flachstange\/L-Form\/U-Form\/T-Form\/Y-Form\/Kundenanpassung<\/td>\n<\/tr>\n<tr>\n<td class=\"label\">Oberfl\u00e4chenbehandlung<\/td>\n<td>Fr\u00e4sen, Eloxieren, Sandstrahlen, Elektrophorese, Pulverbeschichtung, usw.<\/td>\n<\/tr>\n<tr>\n<td class=\"label\">Farbe<\/td>\n<td>Silber, Schwarz, Wei\u00df, Rot, Gelb, Champagner oder kundenspezifische Farbe<\/td>\n<\/tr>\n<tr>\n<td class=\"label\">Standard<\/td>\n<td>ASTM, GB, DIN<\/td>\n<\/tr>\n<tr>\n<td class=\"label\">Von<\/td>\n<td>Guangdong, China<\/td>\n<\/tr>\n<tr>\n<td class=\"label\">Anmeldung<\/td>\n<td>Industrieprofil, Bau, Dekoration, Fenster und T\u00fcren<\/td>\n<\/tr>\n<tr>\n<td class=\"label\"><\/td>\n<td><\/td>\n<\/tr>\n<\/table>\n<h2>Unsere Produktionsbasis<\/h2>\n<h3>Fabrik-Panorama<\/h3>\n<p><img decoding=\"async\" src=\"\/wp-content\/uploads\/factory-01.webp\"\/><\/p>\n<h3>Werkstatt zur Herstellung von Aluminiumstangen<\/h3>\n<p><img decoding=\"async\" src=\"\/wp-content\/uploads\/factory-02.webp\"\/><\/p>\n<\/p>\n<p><img decoding=\"async\" src=\"\/wp-content\/uploads\/factory-03.webp\"\/><\/p>\n<h3>Lagerhaus f\u00fcr Formen<\/h3>\n<p><img decoding=\"async\" src=\"\/wp-content\/uploads\/factory-04.webp\"\/><\/p>\n<h3>43 Aluminium-Strangpressanlagen (500\u00e2\u20ac\"5500 Tonnen)<\/h3>\n<p><img decoding=\"async\" src=\"\/wp-content\/uploads\/factory-05.webp\"\/><\/p>\n<p><img decoding=\"async\" src=\"\/wp-content\/uploads\/factory-06.webp\"\/><\/p>\n<p><img decoding=\"async\" src=\"\/wp-content\/uploads\/factory-07.webp\"\/><\/p>\n<h3>Werkstatt f\u00fcr Pulverbeschichtung<\/h3>\n<p><img decoding=\"async\" src=\"\/wp-content\/uploads\/factory-09.webp\"\/><\/p>\n<h3>Eloxal-Werkstatt<\/h3>\n<p><img decoding=\"async\" src=\"\/wp-content\/uploads\/factory-10.webp\"\/><\/p>\n<h3>Workshop zur Tiefenverarbeitung<\/h3>\n<p><img decoding=\"async\" src=\"\/wp-content\/uploads\/factory-11.webp\"\/><\/p>\n<h3>CNC-Pr\u00e4zisionsbearbeitungswerkstatt<\/h3>\n<p><img decoding=\"async\" src=\"\/wp-content\/uploads\/factory-11.5.webp\"\/><\/p>\n<h3>Lager f\u00fcr Fertigprodukte und Export<\/h3>\n<p><img decoding=\"async\" src=\"\/wp-content\/uploads\/factory-12.webp\"\/><\/p>\n<p><img decoding=\"async\" src=\"\/wp-content\/uploads\/factory-13.webp\"\/><\/p>\n<p><img decoding=\"async\" src=\"\/wp-content\/uploads\/factory-14.webp\"\/><\/p>\n<h2>FAQ<\/h2>\n<p><b>1. wof\u00fcr wird eine stranggepresste Aluminiumstange verwendet?<\/b><\/p>\n<p>Stranggepresste Aluminiumstangen werden aufgrund ihrer Festigkeit, Bearbeitbarkeit und ihres geringen Gewichts h\u00e4ufig im Bauwesen, im Transportwesen, im Maschinenbau und in der Fertigung eingesetzt.\n<\/p>\n<p><\/p>\n<p><b>2) Was sind die wichtigsten Vorteile von stranggepressten Aluminiumstangen?<\/b><\/p>\n<p>Stranggepresste Aluminiumstangen bieten ein hervorragendes Verh\u00e4ltnis von Festigkeit zu Gewicht, Korrosionsbest\u00e4ndigkeit und Ma\u00dfgenauigkeit und sind daher ideal f\u00fcr strukturelle und industrielle Anwendungen.\n<\/p>\n<p><\/p>\n<p><b>3. warum stranggepresste Aluminiumstangen gegen\u00fcber anderen Metallstangen w\u00e4hlen?<\/b><\/p>\n<p>Aluminiumschienen sind leichter, korrosionsbest\u00e4ndiger und einfacher zu bearbeiten als Stahl oder Kupfer und bieten eine kosteng\u00fcnstige und dauerhafte Leistung.\n<\/p>\n<p><\/p>\n<p><b>4. k\u00f6nnen stranggepresste Aluminiumstangen individuell angepasst werden?<\/b><\/p>\n<p>Ja, stranggepresste Aluminiumstangen k\u00f6nnen in Bezug auf Form, Gr\u00f6\u00dfe, Legierungsgrad und Oberfl\u00e4chenbeschaffenheit kundenspezifisch angepasst werden, um spezifische technische und gestalterische Anforderungen zu erf\u00fcllen.\n<\/p>\n<p><\/p>\n<p><b>5. welche Oberfl\u00e4chenausf\u00fchrungen sind f\u00fcr stranggepresste Aluminiumstangen erh\u00e4ltlich?<\/b><\/p>\n<p>Zu den verf\u00fcgbaren Oberfl\u00e4chen z\u00e4hlen Eloxierung, Pulverbeschichtung und Walzoberfl\u00e4che zur Verbesserung des Aussehens, der Verschlei\u00dffestigkeit und des Korrosionsschutzes.\n<\/p>\n<p><\/p>\n<p><b>6. sind stranggepresste Aluminiumstangen f\u00fcr den Au\u00dfeneinsatz geeignet?<\/b><\/p>\n<p>Ja, mit der richtigen Oberfl\u00e4chenbehandlung sind stranggepresste Aluminiumstangen sehr widerstandsf\u00e4hig gegen Witterungseinfl\u00fcsse, Feuchtigkeit und UV-Strahlung, was sie ideal f\u00fcr Au\u00dfenanwendungen macht.\n<\/p>\n<p><\/p>\n<p><b>7 Wie unterst\u00fctzen stranggepresste Aluminiumschienen eine nachhaltige Produktion?<\/b><\/p>\n<p>Aluminium ist 100% recycelbar und energieeffizient in der Herstellung, was stranggepresste Aluminiumstangen zu einer umweltfreundlichen Option f\u00fcr die moderne Industrie macht.\n<\/p>\n<p><\/p>","protected":false},"featured_media":6338,"template":"","categories":[60],"class_list":["post-6339","product","type-product","status-publish","has-post-thumbnail","hentry","category-general-tubes-and-bars"],"meta_box":{"hilight_text_group":{"product_hilight_text":"<li>High-strength extruded aluminum bar for structural and industrial use<\/li>\r\r\n<li>Precision manufacturing ensures uniform shape and size<\/li>\r\r\n<li>Corrosion-resistant and suitable for indoor and outdoor environments<\/li>\r\r\n<li>Available in various alloys, lengths, and cross-section shapes<\/li>\r\r\n<li>Supports custom fabrication and large-volume orders<\/li>","product_chanpin_blog":"<ul>\r\r\n<li><a href=\"https:\/\/sinoextrud.com\/t-slot-v-slot-differences\/\" target=\"_blank\">t slot vs v slot<\/a><\/li>\r\r\n<li><a href=\"https:\/\/sinoextrud.com\/what-is-4040-aluminium-extrud\/\" target=\"_blank\">4040 aluminium extrusion<\/a><\/li>\r\r\n<li><a href=\"https:\/\/sinoextrud.com\/what-is-4040-aluminium-extrud\/\" target=\"_blank\">aluminum extrusions for industrial racks<\/a><\/li>\r\r\n<li><a href=\"https:\/\/sinoextrud.com\/powder-coating-aluminium-process\/\" target=\"_blank\">powder coating aluminium<\/a><\/li>\r\r\n<li><a href=\"https:\/\/sinoextrud.com\/what-is-an-aluminium-strip-ceiling\/\" target=\"_blank\">aluminium strip ceiling<\/a><\/li>\r\r\n<li><a href=\"https:\/\/sinoextrud.com\/what-is-a-heat-sink\/\" target=\"_blank\">what is a heat sink<\/a><\/li>\r\r\n<\/ul>","product_chanpin_chanpin":"<li><a href=\"https:\/\/sinoextrud.com\/product\/extruded-aluminum-tubing-shapes\/\" target=\"_blank\">Extruded Aluminum Tubing Shapes<\/a><\/li>\r\n<li><a href=\"https:\/\/sinoextrud.com\/product\/aluminum-triangle-tube-profile\/\" target=\"_blank\">Aluminum Triangle Tube Profile<\/a><\/li>\r\n<li><a href=\"https:\/\/sinoextrud.com\/product\/aluminum-tube-suppliers\/\" target=\"_blank\">Aluminum Tube Suppliers<\/a><\/li>\r\n<li><a href=\"https:\/\/sinoextrud.com\/product\/quarter-round-aluminum-extrusion\/\" target=\"_blank\">Quarter Round Aluminum Extrusion<\/a><\/li>\r\n<li><a href=\"https:\/\/sinoextrud.com\/product\/extruded-aluminum-bar\/\" target=\"_blank\">Extruded Aluminum Bar<\/a><\/li>\r\n<li><a href=\"https:\/\/sinoextrud.com\/product\/aluminium-profile-10x10\/\" target=\"_blank\">Aluminium Profile 10\u00c3\u201410<\/a><\/li>\r\n<li><a href=\"https:\/\/sinoextrud.com\/product\/aluminium-square-tubes\/\" target=\"_blank\">Aluminium Square tubes<\/a><\/li>\r\n<li><a href=\"https:\/\/sinoextrud.com\/product\/oval-aluminum-extrusion\/\" target=\"_blank\">Oval Aluminum Extrusion<\/a><\/li>\r\n<li><a href=\"https:\/\/sinoextrud.com\/product\/powder-coated-aluminum-tube\/\" target=\"_blank\">Powder Coated Aluminum Tube<\/a><\/li>\r\n<li><a href=\"https:\/\/sinoextrud.com\/product\/aluminum-profile-for-cnc\/\" target=\"_blank\">Aluminum Profile For CNC<\/a><\/li>\r\n<li><a href=\"https:\/\/sinoextrud.com\/product\/extruded-aluminum-rail-system\/\" target=\"_blank\">Extruded Aluminum Rail System<\/a><\/li>"},"feature_list":[]},"_links":{"self":[{"href":"https:\/\/sinoextrud.com\/de\/wp-json\/wp\/v2\/product\/6339","targetHints":{"allow":["GET"]}}],"collection":[{"href":"https:\/\/sinoextrud.com\/de\/wp-json\/wp\/v2\/product"}],"about":[{"href":"https:\/\/sinoextrud.com\/de\/wp-json\/wp\/v2\/types\/product"}],"wp:featuredmedia":[{"embeddable":true,"href":"https:\/\/sinoextrud.com\/de\/wp-json\/wp\/v2\/media\/6338"}],"wp:attachment":[{"href":"https:\/\/sinoextrud.com\/de\/wp-json\/wp\/v2\/media?parent=6339"}],"wp:term":[{"taxonomy":"category","embeddable":true,"href":"https:\/\/sinoextrud.com\/de\/wp-json\/wp\/v2\/categories?post=6339"}],"curies":[{"name":"wp","href":"https:\/\/api.w.org\/{rel}","templated":true}]}}