{"id":6327,"date":"2025-05-26T15:06:45","date_gmt":"2025-05-26T15:06:45","guid":{"rendered":"https:\/\/sinoextrud.com\/product\/square-tube-standard-aluminium-sections\/"},"modified":"2025-06-24T06:10:45","modified_gmt":"2025-06-24T06:10:45","slug":"vierkantrohr-standard-aluminiumprofile","status":"publish","type":"product","link":"https:\/\/sinoextrud.com\/de\/product\/square-tube-standard-aluminium-sections\/","title":{"rendered":"Vierkantrohr Standard-Aluminium-Profile"},"content":{"rendered":"<h2>Produkte Details<\/h2>\n<table class=\"custom-table\">\n<tr>\n<td class=\"label\">Name<\/td>\n<td>Standard-Aluminiumprofile , Vierkantrohr?Standard-Aluminiumprofile<\/td>\n<\/tr>\n<tr>\n<td class=\"label\">Marke<\/td>\n<td>Sinoextrud<\/td>\n<\/tr>\n<tr>\n<td class=\"label\">Kategorie<\/td>\n<td>Aluminium-Profile<\/td>\n<\/tr>\n<tr>\n<td class=\"label\">Material<\/td>\n<td>Spezialisiert auf die Herstellung von Legierungen ? 6061. Wir k\u00f6nnen auch die Legierung 6063, 6463, 6005, 6082<\/td>\n<\/tr>\n<tr>\n<td class=\"label\">Temperament<\/td>\n<td>T5-T8<\/td>\n<\/tr>\n<tr>\n<td class=\"label\">L\u00e4nge<\/td>\n<td>1-9m oder kundenspezifischer Zuschnitt<\/td>\n<\/tr>\n<tr>\n<td class=\"label\">Gr\u00f6\u00dfe (mm)<\/td>\n<td>Mehr als 300 verschiedene Gr\u00f6\u00dfen oder Anpassungen<\/td>\n<\/tr>\n<tr>\n<td class=\"label\">Dicke<\/td>\n<td>0,5-5 mm<\/td>\n<\/tr>\n<tr>\n<td class=\"label\">Form<\/td>\n<td>Quadratisch\/Rechteckig\/Rund\/Anpassung<\/td>\n<\/tr>\n<tr>\n<td class=\"label\">Oberfl\u00e4chenbehandlung<\/td>\n<td>Fr\u00e4sen, Eloxieren, Sandstrahlen, Polieren, Elektrophorese, Pulverbeschichtung, Holzmaserung, Fluorkarbon usw.<\/td>\n<\/tr>\n<tr>\n<td class=\"label\">Farbe<\/td>\n<td>W\u00e4hrend, schwarz, Silber, Bronze, Gold, ? Champagner, dunkel, Kupfer, etc<\/td>\n<\/tr>\n<tr>\n<td class=\"label\">Zertifikat<\/td>\n<td>TUV, ASTM, GB<\/td>\n<\/tr>\n<tr>\n<td class=\"label\">Von<\/td>\n<td>Guangdong, China<\/td>\n<\/tr>\n<tr>\n<td class=\"label\">Anmeldung<\/td>\n<td>Industrie, Bauwesen, Dekoration<\/td>\n<\/tr>\n<\/table>\n<h2>Unsere Produktionsbasis<\/h2>\n<h3>Fabrik-Panorama<\/h3>\n<p><img decoding=\"async\" src=\"\/wp-content\/uploads\/factory-01.webp\"\/><\/p>\n<h3>Werkstatt zur Herstellung von Aluminiumstangen<\/h3>\n<p><img decoding=\"async\" src=\"\/wp-content\/uploads\/factory-02.webp\"\/><\/p>\n<p><img decoding=\"async\" src=\"\/wp-content\/uploads\/factory-03.webp\"\/><\/p>\n<h3>Lagerhaus f\u00fcr Formen<\/h3>\n<p><img decoding=\"async\" src=\"\/wp-content\/uploads\/factory-04.webp\"\/><\/p>\n<h3>43 Aluminium-Strangpressanlagen (500\u00e2\u20ac\"5500 Tonnen)<\/h3>\n<p><img decoding=\"async\" src=\"\/wp-content\/uploads\/factory-05.webp\"\/><\/p>\n<p><img decoding=\"async\" src=\"\/wp-content\/uploads\/factory-06.webp\"\/><\/p>\n<p><img decoding=\"async\" src=\"\/wp-content\/uploads\/factory-07.webp\"\/><\/p>\n<h3>Werkstatt f\u00fcr Pulverbeschichtung<\/h3>\n<p><img decoding=\"async\" src=\"\/wp-content\/uploads\/factory-09.webp\"\/><\/p>\n<h3>Eloxal-Werkstatt<\/h3>\n<p><img decoding=\"async\" src=\"\/wp-content\/uploads\/factory-10.webp\"\/><\/p>\n<h3>Workshop zur Tiefenverarbeitung<\/h3>\n<p><img decoding=\"async\" src=\"\/wp-content\/uploads\/factory-11.webp\"\/><\/p>\n<h3>CNC-Pr\u00e4zisionsbearbeitungswerkstatt<\/h3>\n<p><img decoding=\"async\" src=\"\/wp-content\/uploads\/factory-11.5.webp\"\/><\/p>\n<h3>Lager f\u00fcr Fertigprodukte und Export<\/h3>\n<p><img decoding=\"async\" src=\"\/wp-content\/uploads\/factory-12.webp\"\/><\/p>\n<p><img decoding=\"async\" src=\"\/wp-content\/uploads\/factory-13.webp\"\/><\/p>\n<p><img decoding=\"async\" src=\"\/wp-content\/uploads\/factory-14.webp\"\/><\/p>\n<h2>FAQ<\/h2>\n<p><p><b>1. wof\u00fcr werden Standard-Aluminium-Vierkantrohre verwendet?<\/b><\/p>\n<p>Standard-Aluminium-Vierkantrohre werden aufgrund ihrer einheitlichen Form und Festigkeit h\u00e4ufig im Bauwesen, in der M\u00f6belindustrie, im Rahmenbau und in mechanischen Konstruktionen verwendet.<br \/>\n<\/p><br \/>\n<br \/>\n<p><b>2) Was sind die Hauptvorteile von Standard-Aluminium-Vierkantrohrprofilen?<\/b><\/p>\n<p>Diese Aluminiumprofile bieten ein hohes Verh\u00e4ltnis von Festigkeit zu Gewicht, eine ausgezeichnete Korrosionsbest\u00e4ndigkeit und gleichbleibende Abmessungen f\u00fcr eine einfache Montage und lange Haltbarkeit.<br \/>\n<\/p><br \/>\n<br \/>\n<p><b>3. warum sollte man sich f\u00fcr Standard-Aluminium-Vierkantrohre und nicht f\u00fcr Sonderprofile entscheiden?<\/b><\/p>\n<p>Standard-Aluminiumprofile sind leicht verf\u00fcgbar, kosteng\u00fcnstig und mit einer Vielzahl von industriellen und architektonischen Anwendungen kompatibel.<br \/>\n<\/p><br \/>\n<br \/>\n<p><b>4. k\u00f6nnen Vierkantrohre aus Standard-Aluminiumprofilen leicht zugeschnitten oder ver\u00e4ndert werden?<\/b><\/p>\n<p>Ja, Aluminium l\u00e4sst sich leicht schneiden, bohren und bearbeiten, so dass Vierkantrohrprofile schnell an spezifische Projektanforderungen angepasst werden k\u00f6nnen.<br \/>\n<\/p><br \/>\n<br \/>\n<p><b>5. welche Oberfl\u00e4chenbehandlungen sind f\u00fcr Standard-Aluminium-Vierkantrohre erh\u00e4ltlich?<\/b><\/p>\n<p>Zu den \u00fcblichen Oberfl\u00e4chenbehandlungen geh\u00f6ren Eloxieren, Pulverbeschichtung und Walzoberfl\u00e4che, die Korrosionsbest\u00e4ndigkeit, Aussehen und Langlebigkeit verbessern.<br \/>\n<\/p><br \/>\n<br \/>\n<p><b>6. sind Aluminium-Vierkantrohre f\u00fcr den Au\u00dfeneinsatz geeignet?<\/b><\/p>\n<p>Ja, mit der richtigen Oberfl\u00e4chenbehandlung sind Aluminium-Vierkantrohre aufgrund ihrer Witterungs- und UV-Best\u00e4ndigkeit ideal f\u00fcr Au\u00dfenanwendungen.<br \/>\n<\/p><br \/>\n<br \/>\n<p><b>7. wie unterst\u00fctzen die Standard-Aluminiumprofile aus Vierkantrohr nachhaltiges Bauen?<\/b><\/p>\n<p>Aluminium ist 100% recycelbar und leicht, was diese Standardprofile zu einer nachhaltigen und energieeffizienten Option f\u00fcr umweltbewusstes Bauen macht.<br \/>\n<\/p><br \/><\/p>","protected":false},"featured_media":6326,"template":"","categories":[60],"class_list":["post-6327","product","type-product","status-publish","has-post-thumbnail","hentry","category-general-tubes-and-bars"],"meta_box":{"hilight_text_group":{"product_hilight_text":"<li>Standard square tube design for easy integration into various structures<\/li>\r\r\n<li>Made from high-quality aluminum with excellent corrosion resistance<\/li>\r\r\n<li>Available in multiple sizes and wall thicknesses<\/li>\r\r\n<li>Suitable for construction, furniture, and industrial applications<\/li>\r\r\n<li>Supports bulk supply with stable quality and timely delivery<\/li>","product_chanpin_blog":"<ul>\r\r\n<li><a href=\"https:\/\/sinoextrud.com\/product\/aluminum-extrusion-6061-6063-aluminum-profile-for-lamppost\/\" target=\"_blank\">Aluminum Extrusion 6061 6063 Aluminum Profile For Lamppost<\/a><\/li>\r\r\n<li><a href=\"https:\/\/sinoextrud.com\/product\/6061-6063-6082-street-lamp-column-aluminum-profile\/#brxe-a0f13f\" target=\"_blank\">6061 6063 6082 Street Lamp Column Aluminum Profile<\/a><\/li>\r\r\n<li><a href=\"https:\/\/sinoextrud.com\/product\/aluminum-extrusion-linear-led-lighting-aluminum-profile\/\" target=\"_blank\">Aluminum Extrusion Linear LED Lighting Aluminum Profile<\/a><\/li>\r\r\n<li><a href=\"https:\/\/sinoextrud.com\/product\/aluminum-extrusion-electroplated-shower-room-aluminum-profile\/\" target=\"_blank\">Aluminum Extrusion Electroplated Shower Room Aluminum Profile<\/a><\/li>\r\r\n<li><a href=\"https:\/\/sinoextrud.com\/product\/aluminum-extrusion-hard-anodizing-aluminum-profiles\/\" target=\"_blank\">Aluminum Extrusion Hard Anodizing Aluminum Profiles<\/a><\/li>\r\r\n<li><a href=\"https:\/\/sinoextrud.com\/product\/aluminum-extrusion-2024-7001-7003-aluminum-profile\/\" target=\"_blank\">Aluminum Extrusion 2024 7001 7003 Aluminum Profile<\/a><\/li>\r\r\n<\/ul>","product_chanpin_chanpin":"<li><a href=\"https:\/\/sinoextrud.com\/product\/aluminium-tube-profiles\/\" target=\"_blank\">Aluminium Tube Profiles<\/a><\/li>\r\n<li><a href=\"https:\/\/sinoextrud.com\/product\/aluminum-rectangular-extrusion\/\" target=\"_blank\">Aluminum Rectangular Extrusion<\/a><\/li>\r\n<li><a href=\"https:\/\/sinoextrud.com\/product\/aluminum-channel\/\" target=\"_blank\">Aluminum Channel<\/a><\/li>\r\n<li><a href=\"https:\/\/sinoextrud.com\/product\/square-extruded-aluminum\/\" target=\"_blank\">Square Extruded Aluminum<\/a><\/li>\r\n<li><a href=\"https:\/\/sinoextrud.com\/product\/square-tube-standard-aluminium-sections\/\" target=\"_blank\">Square Tube Standard Aluminium Sections<\/a><\/li>\r\n<li><a href=\"https:\/\/sinoextrud.com\/product\/extruded-aluminum-tubing-shapes\/\" target=\"_blank\">Extruded Aluminum Tubing Shapes<\/a><\/li>\r\n<li><a href=\"https:\/\/sinoextrud.com\/product\/aluminum-triangle-tube-profile\/\" target=\"_blank\">Aluminum Triangle Tube Profile<\/a><\/li>\r\n<li><a href=\"https:\/\/sinoextrud.com\/product\/aluminum-tube-suppliers\/\" target=\"_blank\">Aluminum Tube Suppliers<\/a><\/li>\r\n<li><a href=\"https:\/\/sinoextrud.com\/product\/quarter-round-aluminum-extrusion\/\" target=\"_blank\">Quarter Round Aluminum Extrusion<\/a><\/li>\r\n<li><a href=\"https:\/\/sinoextrud.com\/product\/aluminum-extrusion-housing\/\" target=\"_blank\">Aluminum Extrusion Housing<\/a><\/li>\r\n<li><a href=\"https:\/\/sinoextrud.com\/product\/customized-industrial-aluminum-heat-sink\/\" target=\"_blank\">Customized Industrial Aluminum Heat Sink<\/a><\/li>"},"feature_list":[]},"_links":{"self":[{"href":"https:\/\/sinoextrud.com\/de\/wp-json\/wp\/v2\/product\/6327","targetHints":{"allow":["GET"]}}],"collection":[{"href":"https:\/\/sinoextrud.com\/de\/wp-json\/wp\/v2\/product"}],"about":[{"href":"https:\/\/sinoextrud.com\/de\/wp-json\/wp\/v2\/types\/product"}],"wp:featuredmedia":[{"embeddable":true,"href":"https:\/\/sinoextrud.com\/de\/wp-json\/wp\/v2\/media\/6326"}],"wp:attachment":[{"href":"https:\/\/sinoextrud.com\/de\/wp-json\/wp\/v2\/media?parent=6327"}],"wp:term":[{"taxonomy":"category","embeddable":true,"href":"https:\/\/sinoextrud.com\/de\/wp-json\/wp\/v2\/categories?post=6327"}],"curies":[{"name":"wp","href":"https:\/\/api.w.org\/{rel}","templated":true}]}}