{"id":6325,"date":"2025-05-26T15:04:21","date_gmt":"2025-05-26T15:04:21","guid":{"rendered":"https:\/\/sinoextrud.com\/product\/square-extruded-aluminum\/"},"modified":"2025-06-24T06:10:45","modified_gmt":"2025-06-24T06:10:45","slug":"quadratisches-stranggepresstes-aluminium","status":"publish","type":"product","link":"https:\/\/sinoextrud.com\/de\/product\/square-extruded-aluminum\/","title":{"rendered":"Quadratisches stranggepresstes Aluminium"},"content":{"rendered":"<h2>Produkte Details<\/h2>\n<table class=\"custom-table\">\n<tr>\n<td class=\"label\">Artikel<\/td>\n<td>Stranggepresstes Aluminiumrohr, stranggepresstes Aluminiumrohr, stranggepresstes Aluminiumvierkantrohr, stranggepresstes Aluminiumvierkantrohr<\/td>\n<\/tr>\n<tr>\n<td class=\"label\">Material<\/td>\n<td>Aluminium der Serie 6000 \uff086063, 6061, 6463, 6082)<\/td>\n<\/tr>\n<tr>\n<td class=\"label\">Temperament<\/td>\n<td>T4, T5, T6<\/td>\n<\/tr>\n<tr>\n<td class=\"label\">Gr\u00f6\u00dfe\/St\u00e4rke<\/td>\n<td>Allgemeine Profildicke von 0,8 bis 5,0mm oder kundenspezifisch, L\u00e4nge von 3m-6m oder kundenspezifisch verf\u00fcgbar\uff1b Eloxalschutzschichtdicke von 8~20 um, Pulverbeschichtung von 40 ~ 120 um.<\/td>\n<\/tr>\n<tr>\n<td class=\"label\">Form<\/td>\n<td>quadratisch, rund, rechteckig, dreieckig, etc. oder individuell<\/td>\n<\/tr>\n<tr>\n<td class=\"label\">Anmeldung<\/td>\n<td>F\u00fcr M\u00f6bel, Fenster und T\u00fcren, Dekoration, Industrie, Bauwesen usw.<\/td>\n<\/tr>\n<tr>\n<td class=\"label\">Oberfl\u00e4chenbehandlung<\/td>\n<td>Pulverbeschichtung, PVDF, Eloxal, Holzmaserung, Elektrophorese, geb\u00fcrstet, poliert, usw.<\/td>\n<\/tr>\n<tr>\n<td class=\"label\">Farben<\/td>\n<td>Ref Pulverbeschichtung Farbe Blatt und kundenspezifische Farbe verf\u00fcgbar<\/td>\n<\/tr>\n<tr>\n<td class=\"label\">Tiefgreifender Prozess<\/td>\n<td>CNC, Bohren, Fr\u00e4sen, Schneiden, Schwei\u00dfen, Biegen, Montieren<\/td>\n<\/tr>\n<tr>\n<td class=\"label\">MOQ<\/td>\n<td>200KGs f\u00fcr jeden Artikel<\/td>\n<\/tr>\n<tr>\n<td class=\"label\">Details zur Verpackung<\/td>\n<td>(1) Innen: verpackt mit Plastikschutzfolie oder Plastikschutzbeutel<\/td>\n<\/tr>\n<tr>\n<td class=\"label\"><\/td>\n<td>(2) Au\u00dferhalb: Wrap zu sein B\u00fcndel von wasserdichten Handwerk Papier<\/td>\n<\/tr>\n<tr>\n<td class=\"label\">Lieferfrist<\/td>\n<td>(1) Entwicklung von Werkzeugen und Musterpr\u00fcfung: 10-15 Tage<\/td>\n<\/tr>\n<tr>\n<td class=\"label\"><\/td>\n<td>(2) Massenproduktion abgeschlossen: 20-30 Tage nach der Probe wird vom K\u00e4ufer best\u00e4tigt<\/td>\n<\/tr>\n<tr>\n<td class=\"label\">FOB Hafen<\/td>\n<td>Guangzhou, Foshan, Shenzhen<\/td>\n<\/tr>\n<tr>\n<td class=\"label\">Zahlungsbedingungen<\/td>\n<td>T\/T, 30% Anzahlung und der Restbetrag ist vor dem Versand zu begleichen<\/td>\n<\/tr>\n<\/table>\n<h2>Unsere Produktionsbasis<\/h2>\n<h3>Fabrik-Panorama<\/h3>\n<p><img decoding=\"async\" src=\"\/wp-content\/uploads\/factory-01.webp\"\/><\/p>\n<h3>Werkstatt zur Herstellung von Aluminiumstangen<\/h3>\n<p><img decoding=\"async\" src=\"\/wp-content\/uploads\/factory-02.webp\"\/><\/p>\n<p><img decoding=\"async\" src=\"\/wp-content\/uploads\/factory-03.webp\"\/><\/p>\n<h3>Lagerhaus f\u00fcr Formen<\/h3>\n<p><img decoding=\"async\" src=\"\/wp-content\/uploads\/factory-04.webp\"\/><\/p>\n<h3>43 Aluminium-Strangpressanlagen (500-5500 Tonnen)<\/h3>\n<p><img decoding=\"async\" src=\"\/wp-content\/uploads\/factory-05.webp\"\/><\/p>\n<p><img decoding=\"async\" src=\"\/wp-content\/uploads\/factory-06.webp\"\/><\/p>\n<p><img decoding=\"async\" src=\"\/wp-content\/uploads\/factory-07.webp\"\/><\/p>\n<h3>Werkstatt f\u00fcr Pulverbeschichtung<\/h3>\n<p><img decoding=\"async\" src=\"\/wp-content\/uploads\/factory-09.webp\"\/><\/p>\n<h3>Eloxal-Werkstatt<\/h3>\n<p><img decoding=\"async\" src=\"\/wp-content\/uploads\/factory-10.webp\"\/><\/p>\n<h3>Workshop zur Tiefenverarbeitung<\/h3>\n<p><img decoding=\"async\" src=\"\/wp-content\/uploads\/factory-11.webp\"\/><\/p>\n<h3>CNC-Pr\u00e4zisionsbearbeitungswerkstatt<\/h3>\n<p><img decoding=\"async\" src=\"\/wp-content\/uploads\/factory-11.5.webp\"\/><\/p>\n<h3>Lager f\u00fcr Fertigprodukte und Export<\/h3>\n<p><img decoding=\"async\" src=\"\/wp-content\/uploads\/factory-12.webp\"\/><\/p>\n<p><img decoding=\"async\" src=\"\/wp-content\/uploads\/factory-13.webp\"\/><\/p>\n<p><img decoding=\"async\" src=\"\/wp-content\/uploads\/factory-14.webp\"\/><\/p>\n<h2>FAQ<\/h2>\n<p><p><b>1. wof\u00fcr wird quadratisches stranggepresstes Aluminium verwendet?<\/b><\/p>\n<p>Quadratisches stranggepresstes Aluminium wird aufgrund seiner strukturellen Festigkeit und seiner klaren geometrischen Form h\u00e4ufig im Bauwesen, bei Rahmenkonstruktionen, M\u00f6beln und industriellen Anwendungen eingesetzt.<br \/>\n<\/p><br \/>\n<br \/>\n<p><b>2. was sind die wichtigsten Vorteile von quadratischem stranggepresstem Aluminium?<\/b><\/p>\n<p>Quadratisches stranggepresstes Aluminium bietet ein hohes Verh\u00e4ltnis von Festigkeit zu Gewicht, ausgezeichnete Korrosionsbest\u00e4ndigkeit und pr\u00e4zise Ma\u00dftoleranz f\u00fcr verschiedene strukturelle Anwendungen.<br \/>\n<\/p><br \/>\n<br \/>\n<p><b>3. warum sollten Sie sich f\u00fcr quadratisches stranggepresstes Aluminium entscheiden und nicht f\u00fcr andere Materialien?<\/b><\/p>\n<p>Quadratisches stranggepresstes Aluminium ist leichter als Stahl, haltbarer als Kunststoff und einfacher zu bearbeiten und zu montieren, was es zu einer kosteng\u00fcnstigen und vielseitigen Option macht.<br \/>\n<\/p><br \/>\n<br \/>\n<p><b>4. kann quadratisches stranggepresstes Aluminium angepasst werden?<\/b><\/p>\n<p>Ja, quadratisches stranggepresstes Aluminium kann in Bezug auf Gr\u00f6\u00dfe, Wandst\u00e4rke, Legierungsgrad und Oberfl\u00e4chenbeschaffenheit an die jeweiligen Projektanforderungen angepasst werden.<br \/>\n<\/p><br \/>\n<br \/>\n<p><b>5. welche Oberfl\u00e4chenbehandlungen sind f\u00fcr quadratisches stranggepresstes Aluminium erh\u00e4ltlich?<\/b><\/p>\n<p>Zu den verf\u00fcgbaren Oberfl\u00e4chen z\u00e4hlen Eloxierung, Pulverbeschichtung und Walzoberfl\u00e4che, die die Korrosionsbest\u00e4ndigkeit, Haltbarkeit und \u00c4sthetik verbessern.<br \/>\n<\/p><br \/>\n<br \/>\n<p><b>6. ist quadratisches stranggepresstes Aluminium f\u00fcr den Au\u00dfeneinsatz geeignet?<\/b><\/p>\n<p>Ja, mit eloxierten oder pulverbeschichteten Oberfl\u00e4chen ist quadratisches stranggepresstes Aluminium \u00e4u\u00dferst witterungs-, rost- und UV-best\u00e4ndig und damit ideal f\u00fcr Au\u00dfenanwendungen.<br \/>\n<\/p><br \/>\n<br \/>\n<p><b>7. wie unterst\u00fctzt quadratisches stranggepresstes Aluminium nachhaltiges Design?<\/b><\/p>\n<p>Aluminium ist 100% recycelbar und energieeffizient in der Herstellung, was quadratisch stranggepresstes Aluminium zu einer umweltfreundlichen Wahl f\u00fcr umweltfreundliches Bauen und Herstellen macht.<br \/>\n<\/p><br \/><\/p>","protected":false},"featured_media":6324,"template":"","categories":[60],"class_list":["post-6325","product","type-product","status-publish","has-post-thumbnail","hentry","category-general-tubes-and-bars"],"meta_box":{"hilight_text_group":{"product_hilight_text":"<li>Square shape offers excellent strength and load-bearing capability<\/li>\r\r\n<li>Extruded with high precision for uniform dimensions<\/li>\r\r\n<li>Corrosion-resistant and suitable for indoor and outdoor use<\/li>\r\r\n<li>Customizable in size, wall thickness, and surface finish<\/li>\r\r\n<li>Ideal for construction, framing, and machinery applications<\/li>","product_chanpin_blog":"<ul>\r\r\n<li><a href=\"https:\/\/sinoextrud.com\/product\/aluminum-extrusion-6061-6063-aluminum-profile-for-lamppost\/\" target=\"_blank\">Aluminum Extrusion 6061 6063 Aluminum Profile For Lamppost<\/a><\/li>\r\r\n<li><a href=\"https:\/\/sinoextrud.com\/product\/6061-6063-6082-street-lamp-column-aluminum-profile\/#brxe-a0f13f\" target=\"_blank\">6061 6063 6082 Street Lamp Column Aluminum Profile<\/a><\/li>\r\r\n<li><a href=\"https:\/\/sinoextrud.com\/product\/aluminum-extrusion-linear-led-lighting-aluminum-profile\/\" target=\"_blank\">Aluminum Extrusion Linear LED Lighting Aluminum Profile<\/a><\/li>\r\r\n<li><a href=\"https:\/\/sinoextrud.com\/product\/aluminum-extrusion-electroplated-shower-room-aluminum-profile\/\" target=\"_blank\">Aluminum Extrusion Electroplated Shower Room Aluminum Profile<\/a><\/li>\r\r\n<li><a href=\"https:\/\/sinoextrud.com\/product\/aluminum-extrusion-hard-anodizing-aluminum-profiles\/\" target=\"_blank\">Aluminum Extrusion Hard Anodizing Aluminum Profiles<\/a><\/li>\r\r\n<li><a href=\"https:\/\/sinoextrud.com\/product\/aluminum-extrusion-2024-7001-7003-aluminum-profile\/\" target=\"_blank\">Aluminum Extrusion 2024 7001 7003 Aluminum Profile<\/a><\/li>\r\r\n<\/ul>","product_chanpin_chanpin":"<li><a href=\"https:\/\/sinoextrud.com\/product\/extruded-aluminum-stock-shapes\/\" target=\"_blank\">Extruded Aluminum Stock Shapes<\/a><\/li>\r\n<li><a href=\"https:\/\/sinoextrud.com\/product\/aluminium-tube-profiles\/\" target=\"_blank\">Aluminium Tube Profiles<\/a><\/li>\r\n<li><a href=\"https:\/\/sinoextrud.com\/product\/aluminum-rectangular-extrusion\/\" target=\"_blank\">Aluminum Rectangular Extrusion<\/a><\/li>\r\n<li><a href=\"https:\/\/sinoextrud.com\/product\/aluminum-channel\/\" target=\"_blank\">Aluminum Channel<\/a><\/li>\r\n<li><a href=\"https:\/\/sinoextrud.com\/product\/square-extruded-aluminum\/\" target=\"_blank\">Square Extruded Aluminum<\/a><\/li>\r\n<li><a href=\"https:\/\/sinoextrud.com\/product\/square-tube-standard-aluminium-sections\/\" target=\"_blank\">Square Tube Standard Aluminium Sections<\/a><\/li>\r\n<li><a href=\"https:\/\/sinoextrud.com\/product\/extruded-aluminum-tubing-shapes\/\" target=\"_blank\">Extruded Aluminum Tubing Shapes<\/a><\/li>\r\n<li><a href=\"https:\/\/sinoextrud.com\/product\/aluminum-triangle-tube-profile\/\" target=\"_blank\">Aluminum Triangle Tube Profile<\/a><\/li>\r\n<li><a href=\"https:\/\/sinoextrud.com\/product\/aluminum-tube-suppliers\/\" target=\"_blank\">Aluminum Tube Suppliers<\/a><\/li>\r\n<li><a href=\"https:\/\/sinoextrud.com\/product\/aluminium-t-extrusion\/\" target=\"_blank\">Aluminium T Extrusion<\/a><\/li>\r\n<li><a href=\"https:\/\/sinoextrud.com\/product\/aluminum-extrusion-high-strength-cnc-drilling-7003-aluminum-round-pipe\/\" target=\"_blank\">Aluminum Extrusion High-strength CNC Drilling 7003 Aluminum Round Pipe<\/a><\/li>"},"feature_list":[]},"_links":{"self":[{"href":"https:\/\/sinoextrud.com\/de\/wp-json\/wp\/v2\/product\/6325","targetHints":{"allow":["GET"]}}],"collection":[{"href":"https:\/\/sinoextrud.com\/de\/wp-json\/wp\/v2\/product"}],"about":[{"href":"https:\/\/sinoextrud.com\/de\/wp-json\/wp\/v2\/types\/product"}],"wp:featuredmedia":[{"embeddable":true,"href":"https:\/\/sinoextrud.com\/de\/wp-json\/wp\/v2\/media\/6324"}],"wp:attachment":[{"href":"https:\/\/sinoextrud.com\/de\/wp-json\/wp\/v2\/media?parent=6325"}],"wp:term":[{"taxonomy":"category","embeddable":true,"href":"https:\/\/sinoextrud.com\/de\/wp-json\/wp\/v2\/categories?post=6325"}],"curies":[{"name":"wp","href":"https:\/\/api.w.org\/{rel}","templated":true}]}}