{"id":6316,"date":"2025-05-26T09:55:17","date_gmt":"2025-05-26T09:55:17","guid":{"rendered":"https:\/\/sinoextrud.com\/product\/extruded-aluminum-stock-shapes\/"},"modified":"2025-06-24T06:10:42","modified_gmt":"2025-06-24T06:10:42","slug":"stranggepresste-aluminiumformate","status":"publish","type":"product","link":"https:\/\/sinoextrud.com\/de\/product\/extruded-aluminum-stock-shapes\/","title":{"rendered":"Stranggepresste Aluminiumformate"},"content":{"rendered":"<h2>Produkte Details<\/h2>\n<table class=\"custom-table\">\n<tr>\n<td class=\"label\">Artikel<\/td>\n<td>Stranggepresstes Aluminiumrohr, stranggepresstes Aluminiumrohr, stranggepresstes Aluminiumvierkantrohr, stranggepresstes Aluminiumvierkantrohr, stranggepresste Aluminiumformate<\/td>\n<\/tr>\n<tr>\n<td class=\"label\">Material<\/td>\n<td>Aluminium der Serie 6000 (6063, 6061, 6463, 6082)<\/td>\n<\/tr>\n<tr>\n<td class=\"label\">Temperament<\/td>\n<td>T4, T5, T6<\/td>\n<\/tr>\n<tr>\n<td class=\"label\">Gr\u00f6\u00dfe\/St\u00e4rke<\/td>\n<td>Allgemeine Profildicke von 0,8 bis 5,0mm oder kundenspezifisch, L\u00e4nge von 3m-6m oder kundenspezifisch verf\u00fcgbar; Eloxalschutzschichtdicke von 8~20 um, Pulverbeschichtung von 40 ~ 120 um.<\/td>\n<\/tr>\n<tr>\n<td class=\"label\">Form<\/td>\n<td>quadratisch, rund, rechteckig, dreieckig, etc. oder individuell<\/td>\n<\/tr>\n<tr>\n<td class=\"label\">Anmeldung<\/td>\n<td>F\u00fcr M\u00f6bel, Fenster und T\u00fcren, Dekoration, Industrie, Bauwesen usw.<\/td>\n<\/tr>\n<tr>\n<td class=\"label\">Oberfl\u00e4chenbehandlung<\/td>\n<td>Pulverbeschichtung, PVDF, Eloxal, Holzmaserung, Elektrophorese, geb\u00fcrstet, poliert, usw.<\/td>\n<\/tr>\n<\/table>\n<h2>Unsere Produktionsbasis<\/h2>\n<h3>Fabrik-Panorama<\/h3>\n<p><img decoding=\"async\" src=\"\/wp-content\/uploads\/factory-01.webp\"\/><\/p>\n<h3>Werkstatt zur Herstellung von Aluminiumstangen<\/h3>\n<p><img decoding=\"async\" src=\"\/wp-content\/uploads\/factory-02.webp\"\/><\/p>\n<p><img decoding=\"async\" src=\"\/wp-content\/uploads\/factory-03.webp\"\/><\/p>\n<h3>Lagerhaus f\u00fcr Formen<\/h3>\n<p><img decoding=\"async\" src=\"\/wp-content\/uploads\/factory-04.webp\"\/><\/p>\n<h3>43 Aluminium-Strangpressanlagen (500\u00e2\u20ac\"5500 Tonnen)<\/h3>\n<p><img decoding=\"async\" src=\"\/wp-content\/uploads\/factory-05.webp\"\/><\/p>\n<p><img decoding=\"async\" src=\"\/wp-content\/uploads\/factory-06.webp\"\/><\/p>\n<p><img decoding=\"async\" src=\"\/wp-content\/uploads\/factory-07.webp\"\/><\/p>\n<h3>Werkstatt f\u00fcr Pulverbeschichtung<\/h3>\n<p><img decoding=\"async\" src=\"\/wp-content\/uploads\/factory-09.webp\"\/><\/p>\n<h3>Eloxal-Werkstatt<\/h3>\n<p><img decoding=\"async\" src=\"\/wp-content\/uploads\/factory-10.webp\"\/><\/p>\n<h3>Workshop zur Tiefenverarbeitung<\/h3>\n<p><img decoding=\"async\" src=\"\/wp-content\/uploads\/factory-11.webp\"\/><\/p>\n<h3>CNC-Pr\u00e4zisionsbearbeitungswerkstatt<\/h3>\n<p><img decoding=\"async\" src=\"\/wp-content\/uploads\/factory-11.5.webp\"\/><\/p>\n<h3>Lager f\u00fcr Fertigprodukte und Export<\/h3>\n<p><img decoding=\"async\" src=\"\/wp-content\/uploads\/factory-12.webp\"\/><\/p>\n<p><img decoding=\"async\" src=\"\/wp-content\/uploads\/factory-13.webp\"\/><\/p>\n<p><img decoding=\"async\" src=\"\/wp-content\/uploads\/factory-14.webp\"\/><\/p>\n<h2>FAQ<\/h2>\n<p><p><b>1. wof\u00fcr werden stranggepresste Aluminiumhalbzeuge verwendet?<\/b><\/p>\n<p>Stranggepresste Aluminium-Halbzeuge werden im Bauwesen, im Transportwesen, in der Elektronik und in der Fertigung aufgrund ihrer leichten Festigkeit und pr\u00e4zisen Form verwendet.<br \/>\n<\/p><br \/>\n<br \/>\n<p><b>2) Was sind die Hauptvorteile von stranggepressten Aluminiumprofilen?<\/b><\/p>\n<p>Stranggepresste Aluminiumhalbzeuge bieten ein hohes Verh\u00e4ltnis von Festigkeit zu Gewicht, Korrosionsbest\u00e4ndigkeit und Designflexibilit\u00e4t f\u00fcr eine Vielzahl von Anwendungen.<br \/>\n<\/p><br \/>\n<br \/>\n<p><b>3. warum stranggepresste Aluminium-Halbzeuge anderen Materialien vorziehen?<\/b><\/p>\n<p>Aluminium-Halbzeuge sind einfacher zu bearbeiten, korrosionsbest\u00e4ndiger und leichter als Stahl und eignen sich daher ideal f\u00fcr kosteng\u00fcnstige und langlebige Konstruktionen.<br \/>\n<\/p><br \/>\n<br \/>\n<p><b>4. welche Arten von stranggepressten Aluminiumprofilen gibt es?<\/b><\/p>\n<p>Zu den g\u00e4ngigen Formen geh\u00f6ren Winkel, Kan\u00e4le, Rohre, Stangen, St\u00e4be und Sonderprofile, die alle mit engen Toleranzen und hoher Konsistenz hergestellt werden.<br \/>\n<\/p><br \/>\n<br \/>\n<p><b>5. k\u00f6nnen stranggepresste Aluminiumformen angepasst werden?<\/b><\/p>\n<p>Ja, stranggepresste Vorratsformate k\u00f6nnen in Bezug auf Legierungstyp, Querschnittsgestaltung, Abmessungen und Oberfl\u00e4chenbeschaffenheit an die jeweiligen Anforderungen angepasst werden.<br \/>\n<\/p><br \/>\n<br \/>\n<p><b>6. welche Oberfl\u00e4chenbehandlungen werden f\u00fcr Aluminium-Halbzeuge angeboten?<\/b><\/p>\n<p>Oberfl\u00e4chenbehandlungen wie Eloxierung, Pulverbeschichtung und Walzoberfl\u00e4che verbessern den Korrosionsschutz, das Aussehen und die Verschlei\u00dffestigkeit.<br \/>\n<\/p><br \/>\n<br \/>\n<p><b>7. sind stranggepresste Aluminiumhalbzeuge f\u00fcr den Au\u00dfenbereich und die Industrie geeignet?<\/b><\/p>\n<p>Ja, stranggepresste Aluminiumformen sind aufgrund ihrer Langlebigkeit und Witterungsbest\u00e4ndigkeit ideal f\u00fcr den Au\u00dfenbereich und die Industrie geeignet.<br \/>\n<\/p><br \/>\n<br \/>\n<p><b>8. wie unterst\u00fctzen stranggepresste Aluminiumhalbzeuge nachhaltiges Design?<\/b><\/p>\n<p>Aluminium ist 100% recycelbar und leicht, was stranggepresste Formen zu einer umweltfreundlichen Wahl f\u00fcr energieeffiziente und nachhaltige Projekte macht.<br \/>\n<\/p><br \/><\/p>","protected":false},"featured_media":6315,"template":"","categories":[60],"class_list":["post-6316","product","type-product","status-publish","has-post-thumbnail","hentry","category-general-tubes-and-bars"],"meta_box":{"hilight_text_group":{"product_hilight_text":"<li>Wide variety of standard shapes ready for immediate use<\/li>\r\r\n<li>High dimensional accuracy from advanced extrusion processes<\/li>\r\r\n<li>Durable and lightweight for versatile industrial applications<\/li>\r\r\n<li>Available in different alloys, sizes, and surface finishes<\/li>\r\r\n<li>Supports bulk orders with fast lead times and stable supply<\/li>","product_chanpin_chanpin":"<li><a href=\"https:\/\/sinoextrud.com\/product\/aluminum-oval-tubing-with-competitive-price\/\" target=\"_blank\">Aluminum Oval Tubing With Competitive Price<\/a><\/li>\r\n<li><a href=\"https:\/\/sinoextrud.com\/product\/anodized-aluminum-alloy-pipe-supplier\/\" target=\"_blank\">Anodized Aluminum Alloy Pipe Supplier<\/a><\/li>\r\n<li><a href=\"https:\/\/sinoextrud.com\/product\/aluminium-extrusion-channel-profiles\/\" target=\"_blank\">Aluminium Extrusion Channel Profiles<\/a><\/li>\r\n<li><a href=\"https:\/\/sinoextrud.com\/product\/round-aluminum-extrusion-profiles\/\" target=\"_blank\">Round Aluminum Extrusion Profiles<\/a><\/li>\r\n<li><a href=\"https:\/\/sinoextrud.com\/product\/extruded-aluminum-stock-shapes\/\" target=\"_blank\">Extruded Aluminum Stock Shapes<\/a><\/li>\r\n<li><a href=\"https:\/\/sinoextrud.com\/product\/aluminium-tube-profiles\/\" target=\"_blank\">Aluminium Tube Profiles<\/a><\/li>\r\n<li><a href=\"https:\/\/sinoextrud.com\/product\/aluminum-rectangular-extrusion\/\" target=\"_blank\">Aluminum Rectangular Extrusion<\/a><\/li>\r\n<li><a href=\"https:\/\/sinoextrud.com\/product\/aluminum-channel\/\" target=\"_blank\">Aluminum Channel<\/a><\/li>\r\n<li><a href=\"https:\/\/sinoextrud.com\/product\/square-extruded-aluminum\/\" target=\"_blank\">Square Extruded Aluminum<\/a><\/li>\r\n<li><a href=\"https:\/\/sinoextrud.com\/product\/aluminum-profile-for-office-partition-catalog\/\" target=\"_blank\">Aluminum Profile For Office Partition Catalog<\/a><\/li>\r\n<li><a href=\"https:\/\/sinoextrud.com\/product\/aluminium-t-track-extrusions\/\" target=\"_blank\">Aluminium T Track Extrusions<\/a><\/li>"},"feature_list":[]},"_links":{"self":[{"href":"https:\/\/sinoextrud.com\/de\/wp-json\/wp\/v2\/product\/6316","targetHints":{"allow":["GET"]}}],"collection":[{"href":"https:\/\/sinoextrud.com\/de\/wp-json\/wp\/v2\/product"}],"about":[{"href":"https:\/\/sinoextrud.com\/de\/wp-json\/wp\/v2\/types\/product"}],"wp:featuredmedia":[{"embeddable":true,"href":"https:\/\/sinoextrud.com\/de\/wp-json\/wp\/v2\/media\/6315"}],"wp:attachment":[{"href":"https:\/\/sinoextrud.com\/de\/wp-json\/wp\/v2\/media?parent=6316"}],"wp:term":[{"taxonomy":"category","embeddable":true,"href":"https:\/\/sinoextrud.com\/de\/wp-json\/wp\/v2\/categories?post=6316"}],"curies":[{"name":"wp","href":"https:\/\/api.w.org\/{rel}","templated":true}]}}