{"id":6310,"date":"2025-05-26T09:40:17","date_gmt":"2025-05-26T09:40:17","guid":{"rendered":"https:\/\/sinoextrud.com\/product\/anodized-aluminum-alloy-pipe-supplier\/"},"modified":"2025-06-24T06:10:40","modified_gmt":"2025-06-24T06:10:40","slug":"lieferant-fur-rohre-aus-eloxierter-aluminiumlegierung","status":"publish","type":"product","link":"https:\/\/sinoextrud.com\/de\/product\/anodized-aluminum-alloy-pipe-supplier\/","title":{"rendered":"Eloxierte Aluminiumlegierungsrohre Lieferant"},"content":{"rendered":"<h2>Produkte Details<\/h2>\n<table class=\"custom-table\">\n<tr>\n<td class=\"label\">Artikel:<\/td>\n<td> Rohr aus eloxierter Aluminiumlegierung<\/td>\n<\/tr>\n<tr>\n<td class=\"label\">Temperament:<\/td>\n<td> T3-T8<\/td>\n<\/tr>\n<tr>\n<td class=\"label\">Art:<\/td>\n<td> Aluminium-Profile Extrusion<\/td>\n<\/tr>\n<tr>\n<td class=\"label\">Legierung:<\/td>\n<td> Legierung<\/td>\n<\/tr>\n<tr>\n<td class=\"label\">Note:<\/td>\n<td> Serie 6000<\/td>\n<\/tr>\n<tr>\n<td class=\"label\">L\u00e4nge:<\/td>\n<td> 1-9 Meter oder kundenspezifisch<\/td>\n<\/tr>\n<tr>\n<td class=\"label\">Gr\u00f6\u00dfe:<\/td>\n<td> Benutzerdefiniert<\/td>\n<\/tr>\n<tr>\n<td class=\"label\">Oberfl\u00e4chenveredelung:<\/td>\n<td> Eloxiert<\/td>\n<\/tr>\n<tr>\n<td class=\"label\">Qualit\u00e4tskontrolle:<\/td>\n<td> 100% Inspektion vor der Auslieferung<\/td>\n<\/tr>\n<tr>\n<td class=\"label\">Spezifikation:<\/td>\n<td> ISO9001, ISO14001<\/td>\n<\/tr>\n<tr>\n<td class=\"label\">Herkunft:<\/td>\n<td> Foshan, China<\/td>\n<\/tr>\n<tr>\n<td class=\"label\">Warenzeichen:<\/td>\n<td> Sinoextrud(Sinoextrud)\/ OEM<\/td>\n<\/tr>\n<tr>\n<td class=\"label\">Art:<\/td>\n<td> Fenster &amp; T\u00fcr Aluminium-Profil, Dekoration Aluminium-Profil, eloxierte Aluminium-Legierung Rohr, K\u00fchlk\u00f6rper Aluminium-Profil, Glaswand Aluminium-Profil, Industrie Aluminium-Profil, Aluminium Holzmaserung Rohr, Aluminium eloxiert Rohr<\/td>\n<\/tr>\n<\/table>\n<h2>Unsere Produktionsbasis<\/h2>\n<h3>Fabrik-Panorama<\/h3>\n<p><img decoding=\"async\" src=\"\/wp-content\/uploads\/factory-01.webp\"\/><\/p>\n<h3>Werkstatt zur Herstellung von Aluminiumstangen<\/h3>\n<p><img decoding=\"async\" src=\"\/wp-content\/uploads\/factory-02.webp\"\/><\/p>\n<p><img decoding=\"async\" src=\"\/wp-content\/uploads\/factory-03.webp\"\/><\/p>\n<h3>Lagerhaus f\u00fcr Formen<\/h3>\n<p><img decoding=\"async\" src=\"\/wp-content\/uploads\/factory-04.webp\"\/><\/p>\n<h3>43 Aluminium-Strangpressanlagen (500\u00e2\u20ac\"5500 Tonnen)<\/h3>\n<p><img decoding=\"async\" src=\"\/wp-content\/uploads\/factory-05.webp\"\/><\/p>\n<p><img decoding=\"async\" src=\"\/wp-content\/uploads\/factory-06.webp\"\/><\/p>\n<p><img decoding=\"async\" src=\"\/wp-content\/uploads\/factory-07.webp\"\/><\/p>\n<h3>Werkstatt f\u00fcr Pulverbeschichtung<\/h3>\n<p><img decoding=\"async\" src=\"\/wp-content\/uploads\/factory-09.webp\"\/><\/p>\n<h3>Eloxal-Werkstatt<\/h3>\n<p><img decoding=\"async\" src=\"\/wp-content\/uploads\/factory-10.webp\"\/><\/p>\n<h3>Workshop zur Tiefenverarbeitung<\/h3>\n<p><img decoding=\"async\" src=\"\/wp-content\/uploads\/factory-11.webp\"\/><\/p>\n<h3>CNC-Pr\u00e4zisionsbearbeitungswerkstatt<\/h3>\n<p><img decoding=\"async\" src=\"\/wp-content\/uploads\/factory-11.5.webp\"\/><\/p>\n<h3>Lager f\u00fcr Fertigprodukte und Export<\/h3>\n<p><img decoding=\"async\" src=\"\/wp-content\/uploads\/factory-12.webp\"\/><\/p>\n<p><img decoding=\"async\" src=\"\/wp-content\/uploads\/factory-13.webp\"\/><\/p>\n<p><img decoding=\"async\" src=\"\/wp-content\/uploads\/factory-14.webp\"\/><\/p>\n<h2>FAQ<\/h2>\n<p><p><b>1. was bietet ein Anbieter von eloxierten Aluminiumrohren?<\/b><\/p>\n<p>Ein Lieferant von Rohren aus eloxierter Aluminiumlegierung bietet qualitativ hochwertige Rohre mit verbesserter Korrosionsbest\u00e4ndigkeit, Haltbarkeit und Oberfl\u00e4chenbeschaffenheit, die f\u00fcr industrielle und architektonische Zwecke geeignet sind.<br \/>\n<\/p><br \/>\n<br \/>\n<p><b>2. welche Vorteile haben Rohre aus eloxierter Aluminiumlegierung?<\/b><\/p>\n<p>Eloxierte Rohre aus einer Aluminiumlegierung bieten einen hervorragenden Korrosionsschutz, eine h\u00f6here Oberfl\u00e4chenh\u00e4rte und eine attraktive, langlebige Oberfl\u00e4che.<br \/>\n<\/p><br \/>\n<br \/>\n<p><b>3. warum eloxierte Aluminiumrohre gegen\u00fcber nicht eloxierten Varianten?<\/b><\/p>\n<p>Eloxierte Aluminiumrohre haben eine sch\u00fctzende Oxidschicht, die Korrosion, Verschlei\u00df und UV-Sch\u00e4den widersteht und sie in rauen Umgebungen haltbarer macht.<br \/>\n<\/p><br \/>\n<br \/>\n<p><b>4. k\u00f6nnen Rohre aus eloxierter Aluminiumlegierung angepasst werden?<\/b><\/p>\n<p>Ja, die Lieferanten bieten anpassbare Optionen in Bezug auf die Legierungssorte, die Rohrabmessungen, die Wandst\u00e4rke und die Eloxalfarbe, um spezifische Projektanforderungen zu erf\u00fcllen.<br \/>\n<\/p><br \/>\n<br \/>\n<p><b>5. welche Branchen verwenden Rohre aus eloxierter Aluminiumlegierung?<\/b><\/p>\n<p>Branchen wie das Baugewerbe, das Transportwesen, die Schifffahrt und die M\u00f6belindustrie verwenden eloxierte Aluminiumrohre h\u00e4ufig wegen ihrer leichten Festigkeit und ihres \u00e4sthetischen Aussehens.<br \/>\n<\/p><br \/>\n<br \/>\n<p><b>6. wie verbessert das Eloxieren die Leistung von Aluminiumrohren?<\/b><\/p>\n<p>Beim Eloxieren entsteht eine harte, nicht leitende Oxidschicht, die die Korrosionsbest\u00e4ndigkeit, den Verschlei\u00dfschutz und die Haftung von Beschichtungen oder Klebstoffen verbessert.<br \/>\n<\/p><br \/>\n<br \/>\n<p><b>7. wo kann ich einen zuverl\u00e4ssigen Lieferanten f\u00fcr eloxierte Aluminiumrohre finden?<\/b><\/p>\n<p>Seri\u00f6se Anbieter von eloxierten Aluminiumrohren bieten Qualit\u00e4tszertifizierungen, wettbewerbsf\u00e4hige Preise und kundenspezifische Fertigungsdienstleistungen f\u00fcr globale Kunden.<br \/>\n<\/p><br \/><\/p>","protected":false},"featured_media":6309,"template":"","categories":[60],"class_list":["post-6310","product","type-product","status-publish","has-post-thumbnail","hentry","category-general-tubes-and-bars"],"meta_box":{"hilight_text_group":{"product_hilight_text":"<li>Specialized in supplying anodized aluminum alloy pipes with high durability<\/li>\r\r\n<li>Enhanced corrosion resistance and surface hardness through anodizing<\/li>\r\r\n<li>Available in various alloys, sizes, and colors for diverse applications<\/li>\r\r\n<li>Stable bulk supply with consistent quality and on-time delivery<\/li>\r\r\n<li>Supports OEM services and customized specifications<\/li>","product_chanpin_chanpin":"<li><a href=\"https:\/\/sinoextrud.com\/product\/professional-aluminium-tubing\/\" target=\"_blank\">Professional Aluminium Tubing<\/a><\/li>\r\n<li><a href=\"https:\/\/sinoextrud.com\/product\/extruded-aluminum-pipe\/\" target=\"_blank\">Extruded Aluminum Pipe<\/a><\/li>\r\n<li><a href=\"https:\/\/sinoextrud.com\/product\/large-diameter-aluminum-pipe-for-sale\/\" target=\"_blank\">Large Diameter Aluminum Pipe For Sale<\/a><\/li>\r\n<li><a href=\"https:\/\/sinoextrud.com\/product\/aluminum-oval-tubing-with-competitive-price\/\" target=\"_blank\">Aluminum Oval Tubing With Competitive Price<\/a><\/li>\r\n<li><a href=\"https:\/\/sinoextrud.com\/product\/anodized-aluminum-alloy-pipe-supplier\/\" target=\"_blank\">Anodized Aluminum Alloy Pipe Supplier<\/a><\/li>\r\n<li><a href=\"https:\/\/sinoextrud.com\/product\/aluminium-extrusion-channel-profiles\/\" target=\"_blank\">Aluminium Extrusion Channel Profiles<\/a><\/li>\r\n<li><a href=\"https:\/\/sinoextrud.com\/product\/round-aluminum-extrusion-profiles\/\" target=\"_blank\">Round Aluminum Extrusion Profiles<\/a><\/li>\r\n<li><a href=\"https:\/\/sinoextrud.com\/product\/extruded-aluminum-stock-shapes\/\" target=\"_blank\">Extruded Aluminum Stock Shapes<\/a><\/li>\r\n<li><a href=\"https:\/\/sinoextrud.com\/product\/aluminium-tube-profiles\/\" target=\"_blank\">Aluminium Tube Profiles<\/a><\/li>\r\n<li><a href=\"https:\/\/sinoextrud.com\/product\/t-slot-aluminium-profile\/\" target=\"_blank\">T Slot Aluminium Profile<\/a><\/li>\r\n<li><a href=\"https:\/\/sinoextrud.com\/product\/round-aluminum-extrusion-architeture-fabrication\/\" target=\"_blank\">Round Aluminum Extrusion Architeture Fabrication<\/a><\/li>"},"feature_list":[]},"_links":{"self":[{"href":"https:\/\/sinoextrud.com\/de\/wp-json\/wp\/v2\/product\/6310","targetHints":{"allow":["GET"]}}],"collection":[{"href":"https:\/\/sinoextrud.com\/de\/wp-json\/wp\/v2\/product"}],"about":[{"href":"https:\/\/sinoextrud.com\/de\/wp-json\/wp\/v2\/types\/product"}],"wp:featuredmedia":[{"embeddable":true,"href":"https:\/\/sinoextrud.com\/de\/wp-json\/wp\/v2\/media\/6309"}],"wp:attachment":[{"href":"https:\/\/sinoextrud.com\/de\/wp-json\/wp\/v2\/media?parent=6310"}],"wp:term":[{"taxonomy":"category","embeddable":true,"href":"https:\/\/sinoextrud.com\/de\/wp-json\/wp\/v2\/categories?post=6310"}],"curies":[{"name":"wp","href":"https:\/\/api.w.org\/{rel}","templated":true}]}}