{"id":6304,"date":"2025-05-26T09:26:14","date_gmt":"2025-05-26T09:26:14","guid":{"rendered":"https:\/\/sinoextrud.com\/product\/extruded-aluminum-pipe\/"},"modified":"2025-06-24T06:10:40","modified_gmt":"2025-06-24T06:10:40","slug":"stranggepresstes-aluminiumrohr","status":"publish","type":"product","link":"https:\/\/sinoextrud.com\/de\/product\/extruded-aluminum-pipe\/","title":{"rendered":"Stranggepresste Aluminiumrohre"},"content":{"rendered":"<h2>Produkte Details<\/h2>\n<table class=\"custom-table\">\n<tr>\n<td class=\"label\">Oberfl\u00e4chenbehandlung:<\/td>\n<td>Eloxiert, Holzmaserung, poliert, geb\u00fcrstet, etc.<\/td>\n<\/tr>\n<tr>\n<td class=\"label\">Legierung:<\/td>\n<td>Legierung<\/td>\n<\/tr>\n<tr>\n<td class=\"label\">B\u00fcrgschaft:<\/td>\n<td>Oberfl\u00e4chenfarbe ist f\u00fcr 10~20 Jahre f\u00e4hig<\/td>\n<\/tr>\n<tr>\n<td class=\"label\">Material:<\/td>\n<td>6063-T5, 6061-T6, 6463-T5, 7075-T6, 6082<\/td>\n<\/tr>\n<tr>\n<td class=\"label\">Warenzeichen:<\/td>\n<td>OEM<\/td>\n<\/tr>\n<tr>\n<td class=\"label\">Spezifikation:<\/td>\n<td>1m-9m oder kundenspezifische Gr\u00f6\u00dfe<\/td>\n<\/tr>\n<tr>\n<td class=\"label\">HS-Code:<\/td>\n<td>76042100<\/td>\n<\/tr>\n<tr>\n<td class=\"label\">Die Form:<\/td>\n<td>Quadratisch, rund, kundenspezifisch<\/td>\n<\/tr>\n<tr>\n<td class=\"label\">MOQ:<\/td>\n<td>200KG f\u00fcr jeden Artikel. Instock Rohre verf\u00fcgbar.<\/td>\n<\/tr>\n<\/table>\n<h2>Unsere Produktionsbasis<\/h2>\n<h3>Fabrik-Panorama<\/h3>\n<p><img decoding=\"async\" src=\"\/wp-content\/uploads\/factory-01.webp\"\/><\/p>\n<h3>Werkstatt zur Herstellung von Aluminiumstangen<\/h3>\n<p><img decoding=\"async\" src=\"\/wp-content\/uploads\/factory-02.webp\"\/><\/p>\n<p><img decoding=\"async\" src=\"\/wp-content\/uploads\/factory-03.webp\"\/><\/p>\n<h3>Lagerhaus f\u00fcr Formen<\/h3>\n<p><img decoding=\"async\" src=\"\/wp-content\/uploads\/factory-04.webp\"\/><\/p>\n<h3>43 Aluminium-Strangpressanlagen (500\u00e2\u20ac\"5500 Tonnen)<\/h3>\n<p><img decoding=\"async\" src=\"\/wp-content\/uploads\/factory-05.webp\"\/><\/p>\n<p><img decoding=\"async\" src=\"\/wp-content\/uploads\/factory-06.webp\"\/><\/p>\n<p><img decoding=\"async\" src=\"\/wp-content\/uploads\/factory-07.webp\"\/><\/p>\n<h3>Werkstatt f\u00fcr Pulverbeschichtung<\/h3>\n<p><img decoding=\"async\" src=\"\/wp-content\/uploads\/factory-09.webp\"\/><\/p>\n<h3>Eloxal-Werkstatt<\/h3>\n<p><img decoding=\"async\" src=\"\/wp-content\/uploads\/factory-10.webp\"\/><\/p>\n<h3>Workshop zur Tiefenverarbeitung<\/h3>\n<p><img decoding=\"async\" src=\"\/wp-content\/uploads\/factory-11.webp\"\/><\/p>\n<h3>CNC-Pr\u00e4zisionsbearbeitungswerkstatt<\/h3>\n<p><img decoding=\"async\" src=\"\/wp-content\/uploads\/factory-11.5.webp\"\/><\/p>\n<h3>Lager f\u00fcr Fertigprodukte und Export<\/h3>\n<p><img decoding=\"async\" src=\"\/wp-content\/uploads\/factory-12.webp\"\/><\/p>\n<p><img decoding=\"async\" src=\"\/wp-content\/uploads\/factory-13.webp\"\/><\/p>\n<p><img decoding=\"async\" src=\"\/wp-content\/uploads\/factory-14.webp\"\/><\/p>\n<h2>FAQ<\/h2>\n<p><p><b>1. wof\u00fcr wird ein stranggepresstes Aluminiumrohr verwendet?<\/b><\/p>\n<p>Stranggepresste Aluminiumrohre werden aufgrund ihrer Festigkeit, ihres geringen Gewichts und ihrer Korrosionsbest\u00e4ndigkeit h\u00e4ufig im Bauwesen, in der Automobilindustrie, in der Luft- und Raumfahrt sowie in der Schifffahrt eingesetzt.<br \/>\n<\/p><br \/>\n<br \/>\n<p><b>2. was sind die wichtigsten Vorteile von stranggepressten Aluminiumrohren?<\/b><\/p>\n<p>Stranggepresste Aluminiumrohre bieten ein hohes Verh\u00e4ltnis von Festigkeit zu Gewicht, hervorragende Korrosionsbest\u00e4ndigkeit und pr\u00e4zise Abmessungen f\u00fcr eine zuverl\u00e4ssige Leistung.<br \/>\n<\/p><br \/>\n<br \/>\n<p><b>3. warum stranggepresste Aluminiumrohre gegen\u00fcber geschwei\u00dften oder gegossenen Alternativen w\u00e4hlen?<\/b><\/p>\n<p>Stranggepresste Aluminiumrohre bieten einen einheitlichen Querschnitt, eine glattere Oberfl\u00e4che und bessere mechanische Eigenschaften als geschwei\u00dfte oder gegossene Rohre.<br \/>\n<\/p><br \/>\n<br \/>\n<p><b>4. k\u00f6nnen stranggepresste Aluminiumrohre f\u00fcr spezifische Anwendungen angepasst werden?<\/b><\/p>\n<p>Ja, stranggepresste Aluminiumrohre k\u00f6nnen in Durchmesser, Wandst\u00e4rke und L\u00e4nge genau auf die Anforderungen Ihres Projekts oder Ihrer Branche zugeschnitten werden.<br \/>\n<\/p><br \/>\n<br \/>\n<p><b>5. welche Oberfl\u00e4chenbehandlungen gibt es f\u00fcr stranggepresste Aluminiumrohre?<\/b><\/p>\n<p>Zu den verf\u00fcgbaren Oberfl\u00e4chen z\u00e4hlen Eloxierung, Pulverbeschichtung und Walzoberfl\u00e4che, die Korrosionsbest\u00e4ndigkeit, Haltbarkeit und Aussehen verbessern.<br \/>\n<\/p><br \/>\n<br \/>\n<p><b>6. sind stranggepresste Aluminiumrohre f\u00fcr den Au\u00dfeneinsatz geeignet?<\/b><\/p>\n<p>Ja, mit der richtigen Oberfl\u00e4chenbehandlung lassen sich stranggepresste Aluminiumrohre hervorragend im Freien und in rauen Umgebungen einsetzen.<br \/>\n<\/p><br \/>\n<br \/>\n<p><b>7. wie verbessert das Strangpressen die Qualit\u00e4t von Aluminiumrohren?<\/b><\/p>\n<p>Das Strangpressverfahren gew\u00e4hrleistet gleichbleibende Abmessungen, verbesserte Festigkeit und eine nahtlose Oberfl\u00e4che, wodurch sich stranggepresste Aluminiumrohre ideal f\u00fcr Hochleistungsanwendungen eignen.<br \/>\n<\/p><br \/><\/p>","protected":false},"featured_media":6303,"template":"","categories":[60],"class_list":["post-6304","product","type-product","status-publish","has-post-thumbnail","hentry","category-general-tubes-and-bars"],"meta_box":{"hilight_text_group":{"product_hilight_text":"<li>High-precision extrusion ensures consistent dimensions and smooth surface<\/li>\r\r\n<li>Lightweight yet durable, ideal for structural and fluid transport applications<\/li>\r\r\n<li>Excellent corrosion resistance for indoor and outdoor use<\/li>\r\r\n<li>Available in various sizes, wall thicknesses, and alloys<\/li>\r\r\n<li>Supports custom fabrication and bulk supply for industrial projects<\/li>","product_chanpin_chanpin":"<li><a href=\"https:\/\/sinoextrud.com\/product\/aluminium-hollow-tube\/\" target=\"_blank\">Aluminium Hollow Tube<\/a><\/li>\r\n<li><a href=\"https:\/\/sinoextrud.com\/product\/customized-6063-extruded-aluminum-flat-bar\/\" target=\"_blank\">Customized 6063 Extruded Aluminum Flat Bar<\/a><\/li>\r\n<li><a href=\"https:\/\/sinoextrud.com\/product\/aluminum-irrigation-pipe-for-sale\/\" target=\"_blank\">Aluminum Irrigation Pipe For Sale<\/a><\/li>\r\n<li><a href=\"https:\/\/sinoextrud.com\/product\/professional-aluminium-tubing\/\" target=\"_blank\">Professional Aluminium Tubing<\/a><\/li>\r\n<li><a href=\"https:\/\/sinoextrud.com\/product\/extruded-aluminum-pipe\/\" target=\"_blank\">Extruded Aluminum Pipe<\/a><\/li>\r\n<li><a href=\"https:\/\/sinoextrud.com\/product\/large-diameter-aluminum-pipe-for-sale\/\" target=\"_blank\">Large Diameter Aluminum Pipe For Sale<\/a><\/li>\r\n<li><a href=\"https:\/\/sinoextrud.com\/product\/aluminum-oval-tubing-with-competitive-price\/\" target=\"_blank\">Aluminum Oval Tubing With Competitive Price<\/a><\/li>\r\n<li><a href=\"https:\/\/sinoextrud.com\/product\/anodized-aluminum-alloy-pipe-supplier\/\" target=\"_blank\">Anodized Aluminum Alloy Pipe Supplier<\/a><\/li>\r\n<li><a href=\"https:\/\/sinoextrud.com\/product\/aluminium-extrusion-channel-profiles\/\" target=\"_blank\">Aluminium Extrusion Channel Profiles<\/a><\/li>\r\n<li><a href=\"https:\/\/sinoextrud.com\/product\/types-of-aluminum-profiles\/\" target=\"_blank\">Types Of Aluminum Profiles<\/a><\/li>\r\n<li><a href=\"https:\/\/sinoextrud.com\/product\/aluminum-profile-doors\/\" target=\"_blank\">Aluminum Profile Doors<\/a><\/li>"},"feature_list":[]},"_links":{"self":[{"href":"https:\/\/sinoextrud.com\/de\/wp-json\/wp\/v2\/product\/6304","targetHints":{"allow":["GET"]}}],"collection":[{"href":"https:\/\/sinoextrud.com\/de\/wp-json\/wp\/v2\/product"}],"about":[{"href":"https:\/\/sinoextrud.com\/de\/wp-json\/wp\/v2\/types\/product"}],"wp:featuredmedia":[{"embeddable":true,"href":"https:\/\/sinoextrud.com\/de\/wp-json\/wp\/v2\/media\/6303"}],"wp:attachment":[{"href":"https:\/\/sinoextrud.com\/de\/wp-json\/wp\/v2\/media?parent=6304"}],"wp:term":[{"taxonomy":"category","embeddable":true,"href":"https:\/\/sinoextrud.com\/de\/wp-json\/wp\/v2\/categories?post=6304"}],"curies":[{"name":"wp","href":"https:\/\/api.w.org\/{rel}","templated":true}]}}