{"id":6302,"date":"2025-05-26T09:22:52","date_gmt":"2025-05-26T09:22:52","guid":{"rendered":"https:\/\/sinoextrud.com\/product\/professional-aluminium-tubing\/"},"modified":"2025-06-24T06:10:40","modified_gmt":"2025-06-24T06:10:40","slug":"professionelle-aluminium-rohre","status":"publish","type":"product","link":"https:\/\/sinoextrud.com\/de\/product\/professional-aluminium-tubing\/","title":{"rendered":"Professionelle Aluminium-Rohre"},"content":{"rendered":"<h2>Produkte Details<\/h2>\n<table class=\"custom-table\">\n<tr>\n<td class=\"label\">Marke<\/td>\n<td>China Sinoextrud<\/td>\n<\/tr>\n<tr>\n<td class=\"label\">Produkttyp<\/td>\n<td>professionelle Aluminiumrohre, professionelle Aluminiumrohre<\/td>\n<\/tr>\n<tr>\n<td class=\"label\">Anwendungen<\/td>\n<td>Alle Branchen<\/td>\n<\/tr>\n<tr>\n<td class=\"label\">Schimmelpilz<\/td>\n<td>\u00dcber 30.000 Aluminiumprofilformen auf Lager<\/td>\n<\/tr>\n<tr>\n<td class=\"label\">Klasse<\/td>\n<td>Aluminiumlegierung der Serie 6000<\/td>\n<\/tr>\n<tr>\n<td class=\"label\">Temperament<\/td>\n<td>T3-T8<\/td>\n<\/tr>\n<tr>\n<td class=\"label\">Dienstleistungen<\/td>\n<td>Gro\u00dfhandel\/OEM\/ODM. CNC hochpr\u00e4zise kundenspezifische Fertigung<\/td>\n<\/tr>\n<tr>\n<td class=\"label\">Formen<\/td>\n<td>rund, halbrund, viertelrund, oval, quadratisch, rechteckig, dreieckig, etc. Sie k\u00f6nnen verschiedene Formen anpassen.<\/td>\n<\/tr>\n<tr>\n<td class=\"label\">Abmessungen<\/td>\n<td>nach unserem Bedarf<\/td>\n<\/tr>\n<tr>\n<td class=\"label\">Toleranz<\/td>\n<td>gemeinsames Aluminiumprofil: \u00b10,1 mm<br \/>Hochpr\u00e4zises Aluminiumprofil: \u00b10,03mm<br \/>Sie k\u00f6nnen eine Probe erhalten, um die Genauigkeit zu \u00fcberpr\u00fcfen.<\/td>\n<\/tr>\n<tr>\n<td class=\"label\">Oberfl\u00e4chenbehandlung<\/td>\n<td>Eloxieren, Pulverbeschichtung, Polieren, B\u00fcrsten, Sandstrahlen, Holzmaserung, PVDF-Beschichtung, Fluorkohlenstoffbeschichtung, Elektrophorese, usw.<\/td>\n<\/tr>\n<tr>\n<td class=\"label\">Offizielle Zertifizierungen<\/td>\n<td>ISO 9001, ISO 14001, CE, TUV, SGS, ROHS; BV Materialzertifizierung; Bestehen der nationalen Norm GB5237-2017<\/td>\n<\/tr>\n<tr>\n<td class=\"label\">Professionelle Ausr\u00fcstung<\/td>\n<td>(1) eine Fabrik mit einer Fl\u00e4che von mehr als 100.000 Quadratmetern<br \/>(2) f\u00fcnfundzwanzig moderne Aluminium-Strangpressanlagen (600 bis 2500 Tonnen)<br \/>(3) zwei Sandstrahlger\u00e4te<br \/>(4) zwei Eloxieranlagen (Japan)<br \/>(5) zwei Produktionslinien f\u00fcr elektrophoretische Beschichtungen (Korea)<br \/>(6) zwei Produktionslinien zur Pulverbeschichtung (Deutschland)<br \/>(7) eine Holzkornproduktionslinie (Korea)<br \/>(8) sechs professionelle CNC-Bearbeitungsmaschinen<br \/>(9) acht Produktionslinien f\u00fcr Energieeinsparung und W\u00e4rmed\u00e4mmung (Schweiz)<br \/>(10) zwei Schmelz- und Gie\u00dfereien f\u00fcr Aluminiumbarren mit einem Produktionswert von 80.000 Tonnen<\/td>\n<\/tr>\n<tr>\n<td class=\"label\">Produktvorteile<\/td>\n<td>die in der Lage sind, supergro\u00dfe Aluminiumprofile \u00fcber 300 mm zu produzieren.<\/td>\n<\/tr>\n<\/table>\n<h2>Unsere Produktionsbasis<\/h2>\n<h3>Fabrik-Panorama<\/h3>\n<p><img decoding=\"async\" src=\"\/wp-content\/uploads\/factory-01.webp\"\/><\/p>\n<h3>Werkstatt zur Herstellung von Aluminiumstangen<\/h3>\n<p><img decoding=\"async\" src=\"\/wp-content\/uploads\/factory-02.webp\"\/><\/p>\n<p><img decoding=\"async\" src=\"\/wp-content\/uploads\/factory-03.webp\"\/><\/p>\n<h3>Lagerhaus f\u00fcr Formen<\/h3>\n<p><img decoding=\"async\" src=\"\/wp-content\/uploads\/factory-04.webp\"\/><\/p>\n<h3>43 Aluminium-Strangpressanlagen (500-5500 Tonnen)<\/h3>\n<p><img decoding=\"async\" src=\"\/wp-content\/uploads\/factory-05.webp\"\/><\/p>\n<p><img decoding=\"async\" src=\"\/wp-content\/uploads\/factory-06.webp\"\/><\/p>\n<p><img decoding=\"async\" src=\"\/wp-content\/uploads\/factory-07.webp\"\/><\/p>\n<h3>Werkstatt f\u00fcr Pulverbeschichtung<\/h3>\n<p><img decoding=\"async\" src=\"\/wp-content\/uploads\/factory-09.webp\"\/><\/p>\n<h3>Eloxal-Werkstatt<\/h3>\n<p><img decoding=\"async\" src=\"\/wp-content\/uploads\/factory-10.webp\"\/><\/p>\n<h3>Workshop zur Tiefenverarbeitung<\/h3>\n<p><img decoding=\"async\" src=\"\/wp-content\/uploads\/factory-11.webp\"\/><\/p>\n<h3>CNC-Pr\u00e4zisionsbearbeitungswerkstatt<\/h3>\n<p><img decoding=\"async\" src=\"\/wp-content\/uploads\/factory-11.5.webp\"\/><\/p>\n<h3>Lager f\u00fcr Fertigprodukte und Export<\/h3>\n<p><img decoding=\"async\" src=\"\/wp-content\/uploads\/factory-12.webp\"\/><\/p>\n<p><img decoding=\"async\" src=\"\/wp-content\/uploads\/factory-13.webp\"\/><\/p>\n<p><img decoding=\"async\" src=\"\/wp-content\/uploads\/factory-14.webp\"\/><\/p>\n<h2>FAQ<\/h2>\n<p><p><b>1. wof\u00fcr werden professionelle Aluminiumrohre verwendet?<\/b><\/p>\n<p>Professionelle Aluminiumrohre werden aufgrund ihrer Festigkeit, ihres geringen Gewichts und ihrer Vielseitigkeit h\u00e4ufig in Branchen wie dem Baugewerbe, der Automobilindustrie, der Luft- und Raumfahrt und der Klimatechnik eingesetzt.<br \/>\n<\/p><br \/>\n<br \/>\n<p><b>2. was sind die Hauptvorteile von professionellen Aluminiumrohren?<\/b><\/p>\n<p>Professionelle Aluminiumrohre bieten ein gutes Verh\u00e4ltnis von Festigkeit zu Gewicht, Korrosionsbest\u00e4ndigkeit, W\u00e4rmeleitf\u00e4higkeit und einfache Verarbeitung.<br \/>\n<\/p><br \/>\n<br \/>\n<p><b>3 Warum sollten Sie sich f\u00fcr professionelle Aluminiumrohre und nicht f\u00fcr Standardrohre entscheiden?<\/b><\/p>\n<p>Professionelle Aluminiumrohre gew\u00e4hrleisten h\u00f6here Qualit\u00e4t, engere Toleranzen und gleichbleibende Leistung f\u00fcr anspruchsvolle industrielle und gewerbliche Anwendungen.<br \/>\n<\/p><br \/>\n<br \/>\n<p><b>4. k\u00f6nnen professionelle Aluminiumrohre angepasst werden?<\/b><\/p>\n<p>Ja, Aluminiumrohre k\u00f6nnen in Bezug auf Durchmesser, Wandst\u00e4rke, L\u00e4nge und Oberfl\u00e4chenbeschaffenheit an die jeweiligen Projektanforderungen angepasst werden.<br \/>\n<\/p><br \/>\n<br \/>\n<p><b>5. welche Oberfl\u00e4chenbehandlungen sind f\u00fcr professionelle Aluminiumrohre erh\u00e4ltlich?<\/b><\/p>\n<p>Zu den \u00fcblichen Oberfl\u00e4chenbehandlungen geh\u00f6ren Eloxieren, Pulverbeschichtung und Walzoberfl\u00e4che, die die Haltbarkeit, Korrosionsbest\u00e4ndigkeit und \u00c4sthetik verbessern.<br \/>\n<\/p><br \/>\n<br \/>\n<p><b>6. sind professionelle Aluminiumrohre f\u00fcr den Au\u00dfeneinsatz geeignet?<\/b><\/p>\n<p>Ja, Aluminiumrohre sind von Natur aus korrosionsbest\u00e4ndig und widerstehen rauen Witterungsbedingungen, was sie ideal f\u00fcr den Einsatz im Freien und auf See macht.<br \/>\n<\/p><br \/>\n<br \/>\n<p><b>7. wie unterst\u00fctzen professionelle Aluminiumtuben die nachhaltige Technik?<\/b><\/p>\n<p>Aluminium ist 100% recycelbar und energieeffizient in der Herstellung, was professionelle Aluminiumrohre zu einer umweltfreundlichen L\u00f6sung f\u00fcr moderne technische Anforderungen macht.<br \/>\n<\/p><br \/><\/p>","protected":false},"featured_media":6301,"template":"","categories":[60],"class_list":["post-6302","product","type-product","status-publish","has-post-thumbnail","hentry","category-general-tubes-and-bars"],"meta_box":{"hilight_text_group":{"product_hilight_text":"<li>Engineered for high performance in industrial and commercial applications<\/li>\r\r\n<li>Precision manufacturing ensures tight tolerances and smooth finishes<\/li>\r\r\n<li>Excellent strength-to-weight ratio for structural efficiency<\/li>\r\r\n<li>Corrosion-resistant and suitable for harsh environments<\/li>\r\r\n<li>Custom lengths, diameters, and alloys available to meet project needs<\/li>","product_chanpin_chanpin":"<li><a href=\"https:\/\/sinoextrud.com\/product\/extruded-aluminium-profile-for-triangle-and-rectangle-pipe-with-6063-alloy-anodized-mill-finish-surface\/\" target=\"_blank\">Extruded Aluminium Profile For Triangle And Rectangle Pipe With 6063 Alloy Anodized Mill Finish Surface<\/a><\/li>\r\n<li><a href=\"https:\/\/sinoextrud.com\/product\/aluminium-hollow-tube\/\" target=\"_blank\">Aluminium Hollow Tube<\/a><\/li>\r\n<li><a href=\"https:\/\/sinoextrud.com\/product\/customized-6063-extruded-aluminum-flat-bar\/\" target=\"_blank\">Customized 6063 Extruded Aluminum Flat Bar<\/a><\/li>\r\n<li><a href=\"https:\/\/sinoextrud.com\/product\/aluminum-irrigation-pipe-for-sale\/\" target=\"_blank\">Aluminum Irrigation Pipe For Sale<\/a><\/li>\r\n<li><a href=\"https:\/\/sinoextrud.com\/product\/professional-aluminium-tubing\/\" target=\"_blank\">Professional Aluminium Tubing<\/a><\/li>\r\n<li><a href=\"https:\/\/sinoextrud.com\/product\/extruded-aluminum-pipe\/\" target=\"_blank\">Extruded Aluminum Pipe<\/a><\/li>\r\n<li><a href=\"https:\/\/sinoextrud.com\/product\/large-diameter-aluminum-pipe-for-sale\/\" target=\"_blank\">Large Diameter Aluminum Pipe For Sale<\/a><\/li>\r\n<li><a href=\"https:\/\/sinoextrud.com\/product\/aluminum-oval-tubing-with-competitive-price\/\" target=\"_blank\">Aluminum Oval Tubing With Competitive Price<\/a><\/li>\r\n<li><a href=\"https:\/\/sinoextrud.com\/product\/anodized-aluminum-alloy-pipe-supplier\/\" target=\"_blank\">Anodized Aluminum Alloy Pipe Supplier<\/a><\/li>\r\n<li><a href=\"https:\/\/sinoextrud.com\/product\/anodizing-aluminum-picture-photo-frame-brushed-aluminium-frame-for-home-decoration\/\" target=\"_blank\">Anodizing Aluminum Picture Photo Frame Brushed Aluminium Frame For Home Decoration<\/a><\/li>\r\n<li><a href=\"https:\/\/sinoextrud.com\/product\/machined-aluminium-profiles-for-windows-and-doors\/\" target=\"_blank\">Machined Aluminium Profiles For Windows And Doors<\/a><\/li>"},"feature_list":[]},"_links":{"self":[{"href":"https:\/\/sinoextrud.com\/de\/wp-json\/wp\/v2\/product\/6302","targetHints":{"allow":["GET"]}}],"collection":[{"href":"https:\/\/sinoextrud.com\/de\/wp-json\/wp\/v2\/product"}],"about":[{"href":"https:\/\/sinoextrud.com\/de\/wp-json\/wp\/v2\/types\/product"}],"wp:featuredmedia":[{"embeddable":true,"href":"https:\/\/sinoextrud.com\/de\/wp-json\/wp\/v2\/media\/6301"}],"wp:attachment":[{"href":"https:\/\/sinoextrud.com\/de\/wp-json\/wp\/v2\/media?parent=6302"}],"wp:term":[{"taxonomy":"category","embeddable":true,"href":"https:\/\/sinoextrud.com\/de\/wp-json\/wp\/v2\/categories?post=6302"}],"curies":[{"name":"wp","href":"https:\/\/api.w.org\/{rel}","templated":true}]}}