{"id":6300,"date":"2025-05-26T09:19:24","date_gmt":"2025-05-26T09:19:24","guid":{"rendered":"https:\/\/sinoextrud.com\/product\/aluminum-irrigation-pipe-for-sale\/"},"modified":"2025-06-24T06:10:37","modified_gmt":"2025-06-24T06:10:37","slug":"aluminium-bewasserungsrohr-zu-verkaufen","status":"publish","type":"product","link":"https:\/\/sinoextrud.com\/de\/product\/aluminum-irrigation-pipe-for-sale\/","title":{"rendered":"Aluminium Bew\u00e4sserungsrohre zu verkaufen"},"content":{"rendered":"<h2>Produkte Details<\/h2>\n<table class=\"custom-table\">\n<tr>\n<td class=\"label\">Modell Nr.:<\/td>\n<td> Aluminium Bew\u00e4sserungsrohre zu verkaufen<\/td>\n<\/tr>\n<tr>\n<td class=\"label\">Oberfl\u00e4chenbehandlung:<\/td>\n<td> Eloxiert<\/td>\n<\/tr>\n<tr>\n<td class=\"label\">Legierung:<\/td>\n<td> Legierung<\/td>\n<\/tr>\n<tr>\n<td class=\"label\">\u00c4u\u00dferer Durchmesser:<\/td>\n<td> angepasst<\/td>\n<\/tr>\n<tr>\n<td class=\"label\">Die Dicke:<\/td>\n<td> angepasst<\/td>\n<\/tr>\n<tr>\n<td class=\"label\">Ort des Originals:<\/td>\n<td>China<\/td>\n<\/tr>\n<tr>\n<td class=\"label\">0,1 mm bis 10 mm:<\/td>\n<td> Guangdong, China (Festland)<\/td>\n<\/tr>\n<tr>\n<td class=\"label\">H\u00e4rte:<\/td>\n<td> Rohr aus Aluminiumlegierung<\/td>\n<\/tr>\n<tr>\n<td class=\"label\">Die Form:<\/td>\n<td> Rund<\/td>\n<\/tr>\n<tr>\n<td class=\"label\">Note:<\/td>\n<td> Serie 6000<\/td>\n<\/tr>\n<tr>\n<td class=\"label\">Temperament:<\/td>\n<td> T3 - T8<\/td>\n<\/tr>\n<tr>\n<td class=\"label\">Wanddicke:<\/td>\n<td> auf Ihren Wunsch<\/td>\n<\/tr>\n<tr>\n<td class=\"label\">L\u00e4nge:<\/td>\n<td> wie Sie es w\u00fcnschen<\/td>\n<\/tr>\n<tr>\n<td class=\"label\">Markenname:<\/td>\n<td> Kanal<\/td>\n<\/tr>\n<tr>\n<td class=\"label\">Al (Min):<\/td>\n<td> 98.8%<\/td>\n<\/tr>\n<\/table>\n<h2>Unsere Produktionsbasis<\/h2>\n<h3>Fabrik-Panorama<\/h3>\n<p><img decoding=\"async\" src=\"\/wp-content\/uploads\/factory-01.webp\"\/><\/p>\n<h3>Werkstatt zur Herstellung von Aluminiumstangen<\/h3>\n<p><img decoding=\"async\" src=\"\/wp-content\/uploads\/factory-02.webp\"\/><\/p>\n<\/p>\n<p><img decoding=\"async\" src=\"\/wp-content\/uploads\/factory-03.webp\"\/><\/p>\n<h3>Lagerhaus f\u00fcr Formen<\/h3>\n<p><img decoding=\"async\" src=\"\/wp-content\/uploads\/factory-04.webp\"\/><\/p>\n<h3>43 Aluminium-Strangpressanlagen (500\u00e2\u20ac\"5500 Tonnen)<\/h3>\n<p><img decoding=\"async\" src=\"\/wp-content\/uploads\/factory-05.webp\"\/><\/p>\n<p><img decoding=\"async\" src=\"\/wp-content\/uploads\/factory-06.webp\"\/><\/p>\n<p><img decoding=\"async\" src=\"\/wp-content\/uploads\/factory-07.webp\"\/><\/p>\n<h3>Werkstatt f\u00fcr Pulverbeschichtung<\/h3>\n<p><img decoding=\"async\" src=\"\/wp-content\/uploads\/factory-09.webp\"\/><\/p>\n<h3>Eloxal-Werkstatt<\/h3>\n<p><img decoding=\"async\" src=\"\/wp-content\/uploads\/factory-10.webp\"\/><\/p>\n<h3>Workshop zur Tiefenverarbeitung<\/h3>\n<p><img decoding=\"async\" src=\"\/wp-content\/uploads\/factory-11.webp\"\/><\/p>\n<h3>CNC-Pr\u00e4zisionsbearbeitungswerkstatt<\/h3>\n<p><img decoding=\"async\" src=\"\/wp-content\/uploads\/factory-11.5.webp\"\/><\/p>\n<h3>Lager f\u00fcr Fertigprodukte und Export<\/h3>\n<p><img decoding=\"async\" src=\"\/wp-content\/uploads\/factory-12.webp\"\/><\/p>\n<p><img decoding=\"async\" src=\"\/wp-content\/uploads\/factory-13.webp\"\/><\/p>\n<p><img decoding=\"async\" src=\"\/wp-content\/uploads\/factory-14.webp\"\/><\/p>\n<h2>FAQ<\/h2>\n<p><b>1. wof\u00fcr wird ein Aluminium-Bew\u00e4sserungsrohr verwendet?<\/b><\/p>\n<p>Bew\u00e4sserungsrohre aus Aluminium werden in landwirtschaftlichen Bew\u00e4sserungssystemen eingesetzt, um das Wasser effizient \u00fcber die Felder zu transportieren, ohne dass es zu Leckagen oder Wartungsarbeiten kommt.\n<\/p>\n<p><\/p>\n<p><b>2. was sind die wichtigsten Vorteile von Aluminium-Bew\u00e4sserungsrohren?<\/b><\/p>\n<p>Bew\u00e4sserungsrohre aus Aluminium sind leicht, korrosionsbest\u00e4ndig und einfach zu installieren, was sie f\u00fcr den langfristigen Einsatz in verschiedenen landwirtschaftlichen Umgebungen ideal macht.\n<\/p>\n<p><\/p>\n<p><b>3. warum Aluminiumbew\u00e4sserungsrohre anstelle von Kunststoff oder Stahl w\u00e4hlen?<\/b><\/p>\n<p>Aluminiumrohre bieten im Vergleich zu Kunststoffen ein besseres Verh\u00e4ltnis von Festigkeit, Gewicht und Haltbarkeit und sind korrosionsbest\u00e4ndiger und leichter als Stahl.\n<\/p>\n<p><\/p>\n<p><b>4. sind Bew\u00e4sserungsrohre aus Aluminium f\u00fcr mobile Bew\u00e4sserungssysteme geeignet?<\/b><\/p>\n<p>Durch ihr geringes Gewicht sind Bew\u00e4sserungsrohre aus Aluminium leicht zu transportieren und zu montieren - ideal f\u00fcr tempor\u00e4re oder mobile Bew\u00e4sserungsanlagen.\n<\/p>\n<p><\/p>\n<p><b>5. welche Gr\u00f6\u00dfen sind f\u00fcr Aluminium Bew\u00e4sserungsrohre zu verkaufen?<\/b><\/p>\n<p>Bew\u00e4sserungsrohre aus Aluminium sind in verschiedenen Durchmessern und L\u00e4ngen erh\u00e4ltlich und k\u00f6nnen oft individuell angepasst werden, um bestimmte Durchflussraten und Feldanforderungen zu erf\u00fcllen.\n<\/p>\n<p><\/p>\n<p><b>6. wie lange halten Bew\u00e4sserungsrohre aus Aluminium?<\/b><\/p>\n<p>Bei richtiger Pflege k\u00f6nnen Bew\u00e4sserungsrohre aus Aluminium jahrzehntelang halten und bieten eine zuverl\u00e4ssige Leistung sowie eine hervorragende Best\u00e4ndigkeit gegen Rost und UV-Strahlung.\n<\/p>\n<p><\/p>\n<p><b>7. sind Bew\u00e4sserungsrohre aus Aluminium eine kosteng\u00fcnstige L\u00f6sung f\u00fcr Landwirte?<\/b><\/p>\n<p>Ja, Bew\u00e4sserungsrohre aus Aluminium verringern den Wasserverlust, erfordern weniger Wartung und haben eine lange Lebensdauer, was sie zu einer kosteneffizienten Investition f\u00fcr landwirtschaftliche Betriebe macht.\n<\/p>\n<p><\/p>","protected":false},"featured_media":6299,"template":"","categories":[60],"class_list":["post-6300","product","type-product","status-publish","has-post-thumbnail","hentry","category-general-tubes-and-bars"],"meta_box":{"hilight_text_group":{"product_hilight_text":"<li>Lightweight and easy to transport for efficient field deployment<\/li>\r\r\n<li>Corrosion-resistant aluminum ensures long service life in outdoor conditions<\/li>\r\r\n<li>Quick-connect design simplifies installation and maintenance<\/li>\r\r\n<li>Available in multiple diameters and lengths to suit various irrigation systems<\/li>\r\r\n<li>High flow capacity supports large-scale agricultural operations<\/li>","product_chanpin_chanpin":"<li><a href=\"https:\/\/sinoextrud.com\/product\/aluminium-tube\/\" target=\"_blank\">Aluminium Tube<\/a><\/li>\r\n<li><a href=\"https:\/\/sinoextrud.com\/product\/extruded-aluminium-profile-for-triangle-and-rectangle-pipe-with-6063-alloy-anodized-mill-finish-surface\/\" target=\"_blank\">Extruded Aluminium Profile For Triangle And Rectangle Pipe With 6063 Alloy Anodized Mill Finish Surface<\/a><\/li>\r\n<li><a href=\"https:\/\/sinoextrud.com\/product\/aluminium-hollow-tube\/\" target=\"_blank\">Aluminium Hollow Tube<\/a><\/li>\r\n<li><a href=\"https:\/\/sinoextrud.com\/product\/customized-6063-extruded-aluminum-flat-bar\/\" target=\"_blank\">Customized 6063 Extruded Aluminum Flat Bar<\/a><\/li>\r\n<li><a href=\"https:\/\/sinoextrud.com\/product\/aluminum-irrigation-pipe-for-sale\/\" target=\"_blank\">Aluminum Irrigation Pipe For Sale<\/a><\/li>\r\n<li><a href=\"https:\/\/sinoextrud.com\/product\/professional-aluminium-tubing\/\" target=\"_blank\">Professional Aluminium Tubing<\/a><\/li>\r\n<li><a href=\"https:\/\/sinoextrud.com\/product\/extruded-aluminum-pipe\/\" target=\"_blank\">Extruded Aluminum Pipe<\/a><\/li>\r\n<li><a href=\"https:\/\/sinoextrud.com\/product\/large-diameter-aluminum-pipe-for-sale\/\" target=\"_blank\">Large Diameter Aluminum Pipe For Sale<\/a><\/li>\r\n<li><a href=\"https:\/\/sinoextrud.com\/product\/aluminum-oval-tubing-with-competitive-price\/\" target=\"_blank\">Aluminum Oval Tubing With Competitive Price<\/a><\/li>\r\n<li><a href=\"https:\/\/sinoextrud.com\/product\/anodized-champagne-aluminium-color-matte-anodized-sand-blasting-6063-alloy-extrusion-profiles\/\" target=\"_blank\">Anodized Champagne aluminium color matte anodized sand blasting 6063 alloy extrusion profiles<\/a><\/li>\r\n<li><a href=\"https:\/\/sinoextrud.com\/product\/aluminium-extrusion-and-aluminium-profile\/\" target=\"_blank\">Aluminium Extrusion and Aluminium Profile<\/a><\/li>"},"feature_list":[]},"_links":{"self":[{"href":"https:\/\/sinoextrud.com\/de\/wp-json\/wp\/v2\/product\/6300","targetHints":{"allow":["GET"]}}],"collection":[{"href":"https:\/\/sinoextrud.com\/de\/wp-json\/wp\/v2\/product"}],"about":[{"href":"https:\/\/sinoextrud.com\/de\/wp-json\/wp\/v2\/types\/product"}],"wp:featuredmedia":[{"embeddable":true,"href":"https:\/\/sinoextrud.com\/de\/wp-json\/wp\/v2\/media\/6299"}],"wp:attachment":[{"href":"https:\/\/sinoextrud.com\/de\/wp-json\/wp\/v2\/media?parent=6300"}],"wp:term":[{"taxonomy":"category","embeddable":true,"href":"https:\/\/sinoextrud.com\/de\/wp-json\/wp\/v2\/categories?post=6300"}],"curies":[{"name":"wp","href":"https:\/\/api.w.org\/{rel}","templated":true}]}}