{"id":6298,"date":"2025-05-26T09:16:03","date_gmt":"2025-05-26T09:16:03","guid":{"rendered":"https:\/\/sinoextrud.com\/product\/customized-6063-extruded-aluminum-flat-bar\/"},"modified":"2025-06-24T06:10:37","modified_gmt":"2025-06-24T06:10:37","slug":"flachstahl-aus-stranggepresstem-aluminium-6063","status":"publish","type":"product","link":"https:\/\/sinoextrud.com\/de\/product\/customized-6063-extruded-aluminum-flat-bar\/","title":{"rendered":"Ma\u00dfgeschneiderte 6063 stranggepresste Aluminium-Flachstahl"},"content":{"rendered":"<h2>Produkte Details<\/h2>\n<table class=\"custom-table\">\n<tr>\n<td class=\"label\">Artikel<\/td>\n<td>Ma\u00dfgeschneiderte 6063 stranggepresste Aluminium-Flachstahl<\/td>\n<\/tr>\n<tr>\n<td class=\"label\">Material<\/td>\n<td>Legierung 6063, 6061 oder nach Wahl des Kunden<\/td>\n<\/tr>\n<tr>\n<td class=\"label\">Temperament<\/td>\n<td>T3, T4, T5, T6<\/td>\n<\/tr>\n<tr>\n<td class=\"label\">Oberfl\u00e4che<\/td>\n<td>Eloxieren (klar, satiniert, bronzefarben, schwarz, goldfarben, silberfarben, mehrfarbig), Elektrophorese, Pulverbeschichtung, PVDF-Beschichtung, Holzmaserung, etc.<\/td>\n<\/tr>\n<tr>\n<td class=\"label\">MOQ<\/td>\n<td>200kgs. Normalerweise 12 Tonnen f\u00fcr einen 20-Fu\u00df-Container; 24 Tonnen f\u00fcr einen 40-Fu\u00df-Container.<\/td>\n<\/tr>\n<tr>\n<td class=\"label\">Profil-Typ<\/td>\n<td>Industrie Aluminiumprofile werden in Autos, Z\u00fcgen, Maschinen, Anh\u00e4ngern, Elektronik, Medizin und anderen industriellen Anwendungen eingesetzt.<\/td>\n<\/tr>\n<tr>\n<td class=\"label\">Bearbeitung<\/td>\n<td>1. fr\u00e4sen; 2. bohren; 3. biegen; 4. schneiden ...<\/td>\n<\/tr>\n<tr>\n<td class=\"label\">Gussform<\/td>\n<td>1. Mit unseren Formen, frei; 2. mit Kundenzeichnung, \u00d6ffnung Form Geb\u00fchr m\u00fcssen bezahlt werden.<\/td>\n<\/tr>\n<tr>\n<td class=\"label\">Zertifikat<\/td>\n<td>ISO14001:2004, ISO9001:2000<\/td>\n<\/tr>\n<\/table>\n<h2>Unsere Produktionsbasis<\/h2>\n<h3>Fabrik-Panorama<\/h3>\n<p><img decoding=\"async\" src=\"\/wp-content\/uploads\/factory-01.webp\"\/><\/p>\n<h3>Werkstatt zur Herstellung von Aluminiumstangen<\/h3>\n<p><img decoding=\"async\" src=\"\/wp-content\/uploads\/factory-02.webp\"\/><\/p>\n<\/p>\n<p><img decoding=\"async\" src=\"\/wp-content\/uploads\/factory-03.webp\"\/><\/p>\n<h3>Lagerhaus f\u00fcr Formen<\/h3>\n<p><img decoding=\"async\" src=\"\/wp-content\/uploads\/factory-04.webp\"\/><\/p>\n<h3>43 Aluminium-Strangpressanlagen (500-5500 Tonnen)<\/h3>\n<p><img decoding=\"async\" src=\"\/wp-content\/uploads\/factory-05.webp\"\/><\/p>\n<p><img decoding=\"async\" src=\"\/wp-content\/uploads\/factory-06.webp\"\/><\/p>\n<p><img decoding=\"async\" src=\"\/wp-content\/uploads\/factory-07.webp\"\/><\/p>\n<h3>Werkstatt f\u00fcr Pulverbeschichtung<\/h3>\n<p><img decoding=\"async\" src=\"\/wp-content\/uploads\/factory-09.webp\"\/><\/p>\n<h3>Eloxal-Werkstatt<\/h3>\n<p><img decoding=\"async\" src=\"\/wp-content\/uploads\/factory-10.webp\"\/><\/p>\n<h3>Workshop zur Tiefenverarbeitung<\/h3>\n<p><img decoding=\"async\" src=\"\/wp-content\/uploads\/factory-11.webp\"\/><\/p>\n<h3>CNC-Pr\u00e4zisionsbearbeitungswerkstatt<\/h3>\n<p><img decoding=\"async\" src=\"\/wp-content\/uploads\/factory-11.5.webp\"\/><\/p>\n<h3>Lager f\u00fcr Fertigprodukte und Export<\/h3>\n<p><img decoding=\"async\" src=\"\/wp-content\/uploads\/factory-12.webp\"\/><\/p>\n<p><img decoding=\"async\" src=\"\/wp-content\/uploads\/factory-13.webp\"\/><\/p>\n<p><img decoding=\"async\" src=\"\/wp-content\/uploads\/factory-14.webp\"\/><\/p>\n<h2>FAQ<\/h2>\n<p><b>1. wof\u00fcr wird eine kundenspezifische 6063 stranggepresste Aluminiumflachstange verwendet?<\/b><\/p>\n<p>Ma\u00dfgefertigte Flachstangen aus stranggepresstem Aluminium 6063 werden aufgrund ihrer Festigkeit, Formbarkeit und ihres eleganten Aussehens im Bauwesen, im Rahmenbau, im Maschinenbau und bei dekorativen Anwendungen eingesetzt.\n<\/p>\n<p><\/p>\n<p><b>2) Welche Vorteile bietet die Verwendung der Legierung 6063 f\u00fcr Aluminiumflachstangen?<\/b><\/p>\n<p>Die Aluminiumlegierung 6063 bietet eine ausgezeichnete Korrosionsbest\u00e4ndigkeit, eine gute Oberfl\u00e4chenbeschaffenheit und eine hohe Verarbeitbarkeit, was sie ideal f\u00fcr architektonische und strukturelle Anwendungen macht.\n<\/p>\n<p><\/p>\n<p><b>3. warum eine kundenspezifische Aluminium-Flachstange w\u00e4hlen?<\/b><\/p>\n<p>Kundenspezifisch gefertigte Aluminiumflachstangen erm\u00f6glichen eine pr\u00e4zise Kontrolle der Abmessungen, Toleranzen und Oberfl\u00e4chenbehandlungen und gew\u00e4hrleisten die Kompatibilit\u00e4t mit spezifischen Projektanforderungen.\n<\/p>\n<p><\/p>\n<p><b>4. welche Oberfl\u00e4chenausf\u00fchrungen sind f\u00fcr 6063 stranggepresste Aluminiumflachstangen erh\u00e4ltlich?<\/b><\/p>\n<p>Beliebte Oberfl\u00e4chenausf\u00fchrungen sind eloxiert, gefr\u00e4st und pulverbeschichtet, was die Haltbarkeit, den Korrosionsschutz und die Optik verbessert.\n<\/p>\n<p><\/p>\n<p><b>5. sind 6063 stranggepresste Aluminiumflachstangen f\u00fcr den Au\u00dfeneinsatz geeignet?<\/b><\/p>\n<p>Ja, mit der richtigen Oberfl\u00e4chenbehandlung sind 6063 stranggepresste Aluminiumflachstangen sehr witterungsbest\u00e4ndig und damit ideal f\u00fcr Au\u00dfenanwendungen.\n<\/p>\n<p><\/p>\n<p><b>6. wie verbessert das Strangpressen die Leistung von Aluminiumflachstangen?<\/b><\/p>\n<p>Das Strangpressen sorgt f\u00fcr einen gleichm\u00e4\u00dfigen Querschnitt, eine glatte Oberfl\u00e4che und strukturelle Festigkeit, was die Leistung der Flachst\u00e4be verbessert und ihre Verarbeitung erleichtert.\n<\/p>\n<p><\/p>\n<p><b>7. ist 6063 stranggepresstes Aluminium flach bar umweltfreundlich?<\/b><\/p>\n<p>Ja, Aluminium ist vollst\u00e4ndig recycelbar und energieeffizient, was 6063 stranggepresste Flachstangen zu einer nachhaltigen Wahl f\u00fcr umweltbewusste Projekte macht.\n<\/p>\n<p><\/p>","protected":false},"featured_media":6297,"template":"","categories":[60],"class_list":["post-6298","product","type-product","status-publish","has-post-thumbnail","hentry","category-general-tubes-and-bars"],"meta_box":{"hilight_text_group":{"product_hilight_text":"<li>Manufactured with 6063 alloy for excellent corrosion resistance and formability<\/li>\r\r\n<li>Custom sizes and lengths available to meet specific project requirements<\/li>\r\r\n<li>Ideal for framing, support structures, and decorative applications<\/li>\r\r\n<li>Smooth surface finish suitable for anodizing and powder coating<\/li>\r\r\n<li>High dimensional accuracy ensures easy machining and assembly<\/li>","product_chanpin_chanpin":"<li><a href=\"https:\/\/sinoextrud.com\/product\/round-aluminium-profile\/\" target=\"_blank\">Round Aluminium Profile<\/a><\/li>\r\n<li><a href=\"https:\/\/sinoextrud.com\/product\/aluminium-tube\/\" target=\"_blank\">Aluminium Tube<\/a><\/li>\r\n<li><a href=\"https:\/\/sinoextrud.com\/product\/extruded-aluminium-profile-for-triangle-and-rectangle-pipe-with-6063-alloy-anodized-mill-finish-surface\/\" target=\"_blank\">Extruded Aluminium Profile For Triangle And Rectangle Pipe With 6063 Alloy Anodized Mill Finish Surface<\/a><\/li>\r\n<li><a href=\"https:\/\/sinoextrud.com\/product\/aluminium-hollow-tube\/\" target=\"_blank\">Aluminium Hollow Tube<\/a><\/li>\r\n<li><a href=\"https:\/\/sinoextrud.com\/product\/customized-6063-extruded-aluminum-flat-bar\/\" target=\"_blank\">Customized 6063 Extruded Aluminum Flat Bar<\/a><\/li>\r\n<li><a href=\"https:\/\/sinoextrud.com\/product\/aluminum-irrigation-pipe-for-sale\/\" target=\"_blank\">Aluminum Irrigation Pipe For Sale<\/a><\/li>\r\n<li><a href=\"https:\/\/sinoextrud.com\/product\/professional-aluminium-tubing\/\" target=\"_blank\">Professional Aluminium Tubing<\/a><\/li>\r\n<li><a href=\"https:\/\/sinoextrud.com\/product\/extruded-aluminum-pipe\/\" target=\"_blank\">Extruded Aluminum Pipe<\/a><\/li>\r\n<li><a href=\"https:\/\/sinoextrud.com\/product\/large-diameter-aluminum-pipe-for-sale\/\" target=\"_blank\">Large Diameter Aluminum Pipe For Sale<\/a><\/li>\r\n<li><a href=\"https:\/\/sinoextrud.com\/product\/extruded-aluminium-window-frames\/\" target=\"_blank\">Extruded Aluminium Window Frames<\/a><\/li>\r\n<li><a href=\"https:\/\/sinoextrud.com\/product\/triangular-aluminium-extrusion\/\" target=\"_blank\">Triangular Aluminium Extrusion<\/a><\/li>"},"feature_list":[]},"_links":{"self":[{"href":"https:\/\/sinoextrud.com\/de\/wp-json\/wp\/v2\/product\/6298","targetHints":{"allow":["GET"]}}],"collection":[{"href":"https:\/\/sinoextrud.com\/de\/wp-json\/wp\/v2\/product"}],"about":[{"href":"https:\/\/sinoextrud.com\/de\/wp-json\/wp\/v2\/types\/product"}],"wp:featuredmedia":[{"embeddable":true,"href":"https:\/\/sinoextrud.com\/de\/wp-json\/wp\/v2\/media\/6297"}],"wp:attachment":[{"href":"https:\/\/sinoextrud.com\/de\/wp-json\/wp\/v2\/media?parent=6298"}],"wp:term":[{"taxonomy":"category","embeddable":true,"href":"https:\/\/sinoextrud.com\/de\/wp-json\/wp\/v2\/categories?post=6298"}],"curies":[{"name":"wp","href":"https:\/\/api.w.org\/{rel}","templated":true}]}}