{"id":6296,"date":"2025-05-26T09:11:12","date_gmt":"2025-05-26T09:11:12","guid":{"rendered":"https:\/\/sinoextrud.com\/product\/aluminium-hollow-tube\/"},"modified":"2025-06-24T06:10:37","modified_gmt":"2025-06-24T06:10:37","slug":"aluminium-hohlrohr","status":"publish","type":"product","link":"https:\/\/sinoextrud.com\/de\/product\/aluminium-hollow-tube\/","title":{"rendered":"Aluminium-Hohlrohr"},"content":{"rendered":"<h2>Produkte Details<\/h2>\n<table class=\"custom-table\">\n<tr>\n<td class=\"label\">Artikel:<\/td>\n<td>Aluminium-Hohlrohr, Aluminium-Hohlrundrohr\/-rohr, Aluminium-Hohlvierkantrohr\/-rohr, Aluminium-Hohlrechteckrohr\/-rohr, Aluminium-Hohldreieckrohr\/-rohr<\/td>\n<\/tr>\n<tr>\n<td class=\"label\">Material:<\/td>\n<td>100% Aluminium-Profil<\/td>\n<\/tr>\n<tr>\n<td class=\"label\">Legierung:<\/td>\n<td>6063-T5,6061-T6,6463-T5,6082etc<\/td>\n<\/tr>\n<tr>\n<td class=\"label\">Gr\u00f6\u00dfe:<\/td>\n<td>1m-9m oder kundenspezifische Gr\u00f6\u00dfe<\/td>\n<\/tr>\n<tr>\n<td class=\"label\">Anwendung:<\/td>\n<td>M\u00f6bel, Fenster und T\u00fcren, Dekoration, Industrie, Bauwesen usw.<\/td>\n<\/tr>\n<tr>\n<td class=\"label\">Farben:<\/td>\n<td>Eloxiert, Holzmaserung, Pulverbeschichtung, eloxiert, poliert und geb\u00fcrstet, Elektrophorese, Flurocarbon-Pulverbeschichtung usw.<\/td>\n<\/tr>\n<tr>\n<td class=\"label\">MOQ:<\/td>\n<td>200KG f\u00fcr jedes Profil<\/td>\n<\/tr>\n<tr>\n<td class=\"label\">OEM-Service:<\/td>\n<td>auf der Grundlage von Zeichnungen oder Mustern des Kunden<\/td>\n<\/tr>\n<tr>\n<td class=\"label\">Zertifizierung verf\u00fcgbar:<\/td>\n<td>ISO:9001, SONCAP, BV-Zertifikat oder Zertifikat des Kunden verf\u00fcgbar<\/td>\n<\/tr>\n<tr>\n<td class=\"label\">Details zur Verpackung:<\/td>\n<td>(1) Innen: verpackt mit Plastikschutzfolie zum Schutz jedes Profils<br \/>(2) Au\u00dfen: mit wasserfestem Bastelpapier verpackt<\/td>\n<\/tr>\n<tr>\n<td class=\"label\">Lieferfrist:<\/td>\n<td>(1) Die Entwicklung und Musterpr\u00fcfung: 12-18 Tage<br \/>(1) Produktionsdauer: 20-25 Tage nach Best\u00e4tigung des Musters durch den K\u00e4ufer<\/td>\n<\/tr>\n<tr>\n<td class=\"label\">Zahlungsbedingungen:<\/td>\n<td>T\/T, 30% Anzahlung, der Restbetrag ist vor der Lieferung zu begleichen<\/td>\n<\/tr>\n<tr>\n<td class=\"label\">Abrechnungszeitraum:<\/td>\n<td>Die Abschlusszahlung erfolgt auf der Grundlage der endg\u00fcltigen tats\u00e4chlichen Gewichtung<\/td>\n<\/tr>\n<tr>\n<td class=\"label\">Produktionsgarantie<\/td>\n<td>Die Farbe der Oberfl\u00e4che kann bei Verwendung in Innenr\u00e4umen 10 bis 20 Jahre lang erhalten bleiben.<\/td>\n<\/tr>\n<tr>\n<td class=\"label\">Hafen:<\/td>\n<td>F\u00fcr Shenzhen, Guangzhou, Foshan<\/td>\n<\/tr>\n<\/table>\n<h2>Unsere Produktionsbasis<\/h2>\n<h3>Fabrik-Panorama<\/h3>\n<p><img decoding=\"async\" src=\"\/wp-content\/uploads\/factory-01.webp\"\/><\/p>\n<h3>Werkstatt zur Herstellung von Aluminiumstangen<\/h3>\n<p><img decoding=\"async\" src=\"\/wp-content\/uploads\/factory-02.webp\"\/><\/p>\n<\/p>\n<p><img decoding=\"async\" src=\"\/wp-content\/uploads\/factory-03.webp\"\/><\/p>\n<h3>Lagerhaus f\u00fcr Formen<\/h3>\n<p><img decoding=\"async\" src=\"\/wp-content\/uploads\/factory-04.webp\"\/><\/p>\n<h3>43 Aluminium-Strangpressanlagen (500\u00e2\u20ac\"5500 Tonnen)<\/h3>\n<p><img decoding=\"async\" src=\"\/wp-content\/uploads\/factory-05.webp\"\/><\/p>\n<p><img decoding=\"async\" src=\"\/wp-content\/uploads\/factory-06.webp\"\/><\/p>\n<p><img decoding=\"async\" src=\"\/wp-content\/uploads\/factory-07.webp\"\/><\/p>\n<h3>Werkstatt f\u00fcr Pulverbeschichtung<\/h3>\n<p><img decoding=\"async\" src=\"\/wp-content\/uploads\/factory-09.webp\"\/><\/p>\n<h3>Eloxal-Werkstatt<\/h3>\n<p><img decoding=\"async\" src=\"\/wp-content\/uploads\/factory-10.webp\"\/><\/p>\n<h3>Workshop zur Tiefenverarbeitung<\/h3>\n<p><img decoding=\"async\" src=\"\/wp-content\/uploads\/factory-11.webp\"\/><\/p>\n<h3>CNC-Pr\u00e4zisionsbearbeitungswerkstatt<\/h3>\n<p><img decoding=\"async\" src=\"\/wp-content\/uploads\/factory-11.5.webp\"\/><\/p>\n<h3>Lager f\u00fcr Fertigprodukte und Export<\/h3>\n<p><img decoding=\"async\" src=\"\/wp-content\/uploads\/factory-12.webp\"\/><\/p>\n<p><img decoding=\"async\" src=\"\/wp-content\/uploads\/factory-13.webp\"\/><\/p>\n<p><img decoding=\"async\" src=\"\/wp-content\/uploads\/factory-14.webp\"\/><\/p>\n<h2>FAQ<\/h2>\n<p><b>1. wof\u00fcr wird ein Aluminium-Hohlrohr verwendet?<\/b><\/p>\n<p>Aluminiumhohlrohre werden aufgrund ihres geringen Gewichts und ihrer strukturellen Effizienz in der Bau-, Automobil-, M\u00f6bel- und Luft- und Raumfahrtindustrie h\u00e4ufig verwendet.\n<\/p>\n<p><\/p>\n<p><b>2. was sind die wichtigsten Vorteile von Aluminium-Hohlprofilen?<\/b><\/p>\n<p>Aluminiumhohlrohre bieten ein hohes Verh\u00e4ltnis von Festigkeit zu Gewicht, Korrosionsbest\u00e4ndigkeit und leichte Bearbeitbarkeit, wodurch sie sich sowohl f\u00fcr funktionelle als auch f\u00fcr dekorative Anwendungen eignen.\n<\/p>\n<p><\/p>\n<p><b>3. warum sollte man Aluminiumhohlrohre massiven Stangen vorziehen?<\/b><\/p>\n<p>Aluminiumhohlrohre bieten eine \u00e4hnliche Festigkeit bei geringerem Materialeinsatz, wodurch Gewicht und Kosten gesenkt werden, w\u00e4hrend die strukturelle Integrit\u00e4t erhalten bleibt.\n<\/p>\n<p><\/p>\n<p><b>4. k\u00f6nnen Aluminiumhohlrohre individuell angepasst werden?<\/b><\/p>\n<p>Ja, Aluminiumhohlrohre k\u00f6nnen in Durchmesser, Wandst\u00e4rke, L\u00e4nge und Oberfl\u00e4chenbeschaffenheit auf die jeweiligen Design- und Konstruktionsanforderungen zugeschnitten werden.\n<\/p>\n<p><\/p>\n<p><b>5. welche Oberfl\u00e4chenbeschaffenheiten gibt es f\u00fcr Aluminium-Hohltuben?<\/b><\/p>\n<p>G\u00e4ngige Oberfl\u00e4chenbehandlungen sind Eloxieren, Pulverbeschichten und Walzpolieren, die die Korrosionsbest\u00e4ndigkeit und die optische Attraktivit\u00e4t verbessern.\n<\/p>\n<p><\/p>\n<p><b>6. sind Aluminium-Hohltuben f\u00fcr den Au\u00dfeneinsatz geeignet?<\/b><\/p>\n<p>Ja, Aluminiumrohre sind sehr witterungs- und rostbest\u00e4ndig und eignen sich daher hervorragend f\u00fcr den Einsatz im Freien und auf See.\n<\/p>\n<p><\/p>\n<p><b>7. wie unterst\u00fctzen Aluminium-Hohltuben umweltfreundliches Bauen?<\/b><\/p>\n<p>Aluminium ist 100% recycelbar und energieeffizient in der Herstellung, was Aluminiumhohlrohre zu einer nachhaltigen Option f\u00fcr gr\u00fcne Bauprojekte macht.\n<\/p>\n<p><\/p>","protected":false},"featured_media":6295,"template":"","categories":[60],"class_list":["post-6296","product","type-product","status-publish","has-post-thumbnail","hentry","category-general-tubes-and-bars"],"meta_box":{"hilight_text_group":{"product_hilight_text":"<li>Lightweight hollow design reduces material cost and overall weight<\/li>\r\r\n<li>High strength-to-weight ratio suitable for structural applications<\/li>\r\r\n<li>Excellent corrosion resistance for indoor and outdoor use<\/li>\r\r\n<li>Available in various diameters, wall thicknesses, and lengths<\/li>\r\r\n<li>Supports custom fabrication, surface treatment, and bulk orders<\/li>","product_chanpin_chanpin":"<li><a href=\"https:\/\/sinoextrud.com\/product\/aluminium-curtain-guide-rail\/\" target=\"_blank\">Aluminium Curtain Guide Rail<\/a><\/li>\r\n<li><a href=\"https:\/\/sinoextrud.com\/product\/round-aluminium-profile\/\" target=\"_blank\">Round Aluminium Profile<\/a><\/li>\r\n<li><a href=\"https:\/\/sinoextrud.com\/product\/aluminium-tube\/\" target=\"_blank\">Aluminium Tube<\/a><\/li>\r\n<li><a href=\"https:\/\/sinoextrud.com\/product\/extruded-aluminium-profile-for-triangle-and-rectangle-pipe-with-6063-alloy-anodized-mill-finish-surface\/\" target=\"_blank\">Extruded Aluminium Profile For Triangle And Rectangle Pipe With 6063 Alloy Anodized Mill Finish Surface<\/a><\/li>\r\n<li><a href=\"https:\/\/sinoextrud.com\/product\/aluminium-hollow-tube\/\" target=\"_blank\">Aluminium Hollow Tube<\/a><\/li>\r\n<li><a href=\"https:\/\/sinoextrud.com\/product\/customized-6063-extruded-aluminum-flat-bar\/\" target=\"_blank\">Customized 6063 Extruded Aluminum Flat Bar<\/a><\/li>\r\n<li><a href=\"https:\/\/sinoextrud.com\/product\/aluminum-irrigation-pipe-for-sale\/\" target=\"_blank\">Aluminum Irrigation Pipe For Sale<\/a><\/li>\r\n<li><a href=\"https:\/\/sinoextrud.com\/product\/professional-aluminium-tubing\/\" target=\"_blank\">Professional Aluminium Tubing<\/a><\/li>\r\n<li><a href=\"https:\/\/sinoextrud.com\/product\/extruded-aluminum-pipe\/\" target=\"_blank\">Extruded Aluminum Pipe<\/a><\/li>\r\n<li><a href=\"https:\/\/sinoextrud.com\/product\/pvdf-aluminum-extrusion-curtain-wall-profile\/\" target=\"_blank\">PVDF Aluminum Extrusion Curtain Wall Profile<\/a><\/li>\r\n<li><a href=\"https:\/\/sinoextrud.com\/product\/t-section-aluminium-extrusion\/\" target=\"_blank\">T Section Aluminium Extrusion<\/a><\/li>"},"feature_list":[]},"_links":{"self":[{"href":"https:\/\/sinoextrud.com\/de\/wp-json\/wp\/v2\/product\/6296","targetHints":{"allow":["GET"]}}],"collection":[{"href":"https:\/\/sinoextrud.com\/de\/wp-json\/wp\/v2\/product"}],"about":[{"href":"https:\/\/sinoextrud.com\/de\/wp-json\/wp\/v2\/types\/product"}],"wp:featuredmedia":[{"embeddable":true,"href":"https:\/\/sinoextrud.com\/de\/wp-json\/wp\/v2\/media\/6295"}],"wp:attachment":[{"href":"https:\/\/sinoextrud.com\/de\/wp-json\/wp\/v2\/media?parent=6296"}],"wp:term":[{"taxonomy":"category","embeddable":true,"href":"https:\/\/sinoextrud.com\/de\/wp-json\/wp\/v2\/categories?post=6296"}],"curies":[{"name":"wp","href":"https:\/\/api.w.org\/{rel}","templated":true}]}}