{"id":6288,"date":"2025-05-26T08:59:59","date_gmt":"2025-05-26T08:59:59","guid":{"rendered":"https:\/\/sinoextrud.com\/product\/aluminium-tube\/"},"modified":"2025-06-24T06:10:37","modified_gmt":"2025-06-24T06:10:37","slug":"aluminium-rohr","status":"publish","type":"product","link":"https:\/\/sinoextrud.com\/de\/product\/aluminium-tube\/","title":{"rendered":"Aluminium-Rohr"},"content":{"rendered":"<h2>Produkte Details<\/h2>\n<table class=\"custom-table\">\n<tr>\n<td class=\"label\">Artikel<\/td>\n<td>Aluminiumrohr\/Aluminiumrohr<\/td>\n<\/tr>\n<tr>\n<td class=\"label\">Material<\/td>\n<td>Aluminiumlegierung<\/td>\n<\/tr>\n<tr>\n<td class=\"label\">Klasse<\/td>\n<td>Serie 6000: 6063<\/td>\n<\/tr>\n<tr>\n<td class=\"label\">Normen<\/td>\n<td>ASTM, ASME, EN, JIS, DIN, GB\/T usw.<\/td>\n<\/tr>\n<tr>\n<td class=\"label\">Gr\u00f6\u00dfe<\/td>\n<td>Au\u00dfendurchmesser:3-250mm<br \/>Wanddicke: 0,3-50 mm<br \/>L\u00e4nge: 10mm -6000mm<\/td>\n<\/tr>\n<tr>\n<td class=\"label\">Oberfl\u00e4chenbehandlung<\/td>\n<td>Oberfl\u00e4che fr\u00e4sen<\/td>\n<\/tr>\n<tr>\n<td class=\"label\">Oberfl\u00e4chenfarben<\/td>\n<td>Natur, Silber, Bronze, Champagner, Schwarz, Gold, etc.<\/td>\n<\/tr>\n<tr>\n<td class=\"label\">Temperament<\/td>\n<td>T3-T8<\/td>\n<\/tr>\n<tr>\n<td class=\"label\">Formgebung\/Muster<\/td>\n<td>Verwendung unserer Formen, keine Geb\u00fchr<\/td>\n<\/tr>\n<tr>\n<td class=\"label\">Anmeldung<\/td>\n<td>1.architektonisches Aussehen, Inneneinrichtung: Decke, Metope,<\/td>\n<\/tr>\n<\/table>\n<h2>Unsere Produktionsbasis<\/h2>\n<h3>Fabrik-Panorama<\/h3>\n<p><img decoding=\"async\" src=\"\/wp-content\/uploads\/factory-01.webp\"\/><\/p>\n<h3>Werkstatt zur Herstellung von Aluminiumstangen<\/h3>\n<p><img decoding=\"async\" src=\"\/wp-content\/uploads\/factory-02.webp\"\/><\/p>\n<\/p>\n<p><img decoding=\"async\" src=\"\/wp-content\/uploads\/factory-03.webp\"\/><\/p>\n<h3>Lagerhaus f\u00fcr Formen<\/h3>\n<p><img decoding=\"async\" src=\"\/wp-content\/uploads\/factory-04.webp\"\/><\/p>\n<h3>43 Aluminium-Strangpressanlagen (500\u00e2\u20ac\"5500 Tonnen)<\/h3>\n<p><img decoding=\"async\" src=\"\/wp-content\/uploads\/factory-05.webp\"\/><\/p>\n<p><img decoding=\"async\" src=\"\/wp-content\/uploads\/factory-06.webp\"\/><\/p>\n<p><img decoding=\"async\" src=\"\/wp-content\/uploads\/factory-07.webp\"\/><\/p>\n<h3>Werkstatt f\u00fcr Pulverbeschichtung<\/h3>\n<p><img decoding=\"async\" src=\"\/wp-content\/uploads\/factory-09.webp\"\/><\/p>\n<h3>Eloxal-Werkstatt<\/h3>\n<p><img decoding=\"async\" src=\"\/wp-content\/uploads\/factory-10.webp\"\/><\/p>\n<h3>Workshop zur Tiefenverarbeitung<\/h3>\n<p><img decoding=\"async\" src=\"\/wp-content\/uploads\/factory-11.webp\"\/><\/p>\n<h3>CNC-Pr\u00e4zisionsbearbeitungswerkstatt<\/h3>\n<p><img decoding=\"async\" src=\"\/wp-content\/uploads\/factory-11.5.webp\"\/><\/p>\n<h3>Lager f\u00fcr Fertigprodukte und Export<\/h3>\n<p><img decoding=\"async\" src=\"\/wp-content\/uploads\/factory-12.webp\"\/><\/p>\n<p><img decoding=\"async\" src=\"\/wp-content\/uploads\/factory-13.webp\"\/><\/p>\n<p><img decoding=\"async\" src=\"\/wp-content\/uploads\/factory-14.webp\"\/><\/p>\n<h2>FAQ<\/h2>\n<p><b>1. wof\u00fcr wird ein Aluminiumrohr verwendet?<\/b><\/p>\n<p>Aluminiumrohre werden aufgrund ihres geringen Gewichts, ihrer Festigkeit und ihrer Korrosionsbest\u00e4ndigkeit in der Bau-, Automobil-, Luft- und Raumfahrt- sowie in der M\u00f6belindustrie verwendet.\n<\/p>\n<p><\/p>\n<p><b>2. was sind die wichtigsten Vorteile der Verwendung von Aluminiumtuben?<\/b><\/p>\n<p>Aluminiumrohre bieten ein hervorragendes Verh\u00e4ltnis von Festigkeit zu Gewicht, Korrosionsbest\u00e4ndigkeit und W\u00e4rmeleitf\u00e4higkeit und sind leicht zu schneiden und zu verarbeiten.\n<\/p>\n<p><\/p>\n<p><b>3. warum Aluminiumrohre statt Stahl oder Kunststoff?<\/b><\/p>\n<p>Aluminiumrohre sind leichter als Stahl und haltbarer als Kunststoff, was sie zu einer kosteng\u00fcnstigen und langlebigen L\u00f6sung f\u00fcr verschiedene Anwendungen macht.\n<\/p>\n<p><\/p>\n<p><b>4. k\u00f6nnen Aluminiumtuben in Gr\u00f6\u00dfe und Form angepasst werden?<\/b><\/p>\n<p>Ja, Aluminiumrohre k\u00f6nnen in verschiedenen Durchmessern, Wandst\u00e4rken und L\u00e4ngen kundenspezifisch stranggepresst werden, um spezifische Projektanforderungen zu erf\u00fcllen.\n<\/p>\n<p><\/p>\n<p><b>5. welche Oberfl\u00e4chenbeschaffenheiten gibt es f\u00fcr Aluminiumtuben?<\/b><\/p>\n<p>Zu den \u00fcblichen Oberfl\u00e4chenbehandlungen geh\u00f6ren Eloxieren, Pulverbeschichten und Polieren, die die Haltbarkeit, Korrosionsbest\u00e4ndigkeit und das Aussehen verbessern.\n<\/p>\n<p><\/p>\n<p><b>6. sind Aluminiumtuben f\u00fcr die Verwendung im Freien und auf See geeignet?<\/b><\/p>\n<p>Ja, Aluminiumrohre sind aufgrund ihrer nat\u00fcrlichen Widerstandsf\u00e4higkeit gegen Rost und raue Witterungsbedingungen ideal f\u00fcr Anwendungen im Au\u00dfenbereich und auf See.\n<\/p>\n<p><\/p>\n<p><b>7. sind Aluminiumrohre umweltfreundlich?<\/b><\/p>\n<p>Ja, Aluminium ist 100% recycelbar und energieeffizient, was Aluminiumrohre zu einer nachhaltigen Wahl f\u00fcr umweltbewusste Projekte macht.\n<\/p>\n<p><\/p>","protected":false},"featured_media":6291,"template":"","categories":[60],"class_list":["post-6288","product","type-product","status-publish","has-post-thumbnail","hentry","category-general-tubes-and-bars"],"meta_box":{"hilight_text_group":{"product_hilight_text":"<li>Lightweight yet strong, ideal for structural and mechanical use<\/li>\r\r\n<li>Excellent corrosion resistance for long-term durability<\/li>\r\r\n<li>Available in various shapes and sizes to suit different applications<\/li>\r\r\n<li>Supports custom lengths, wall thicknesses, and finishes<\/li>\r\r\n<li>Suitable for welding, machining, and surface treatment processes<\/li>","product_chanpin_chanpin":"<li><a href=\"https:\/\/sinoextrud.com\/product\/aluminium-tube-suppliers-offer-extruded-aluminium-square-tube-profile-with-anodized-powder-coating-surface-treatment\/\" target=\"_blank\">Aluminium Tube Suppliers Offer Extruded Aluminium Square Tube Profile With Anodized Powder Coating Surface Treatment<\/a><\/li>\r\n<li><a href=\"https:\/\/sinoextrud.com\/product\/oem-aluminum-channel-tube-and-pipe-extrusions-profile-for-constuction\/\" target=\"_blank\">OEM Aluminum Channel Tube And Pipe Extrusions Profile For Constuction<\/a><\/li>\r\n<li><a href=\"https:\/\/sinoextrud.com\/product\/aluminium-curtain-guide-rail\/\" target=\"_blank\">Aluminium Curtain Guide Rail<\/a><\/li>\r\n<li><a href=\"https:\/\/sinoextrud.com\/product\/round-aluminium-profile\/\" target=\"_blank\">Round Aluminium Profile<\/a><\/li>\r\n<li><a href=\"https:\/\/sinoextrud.com\/product\/aluminium-tube\/\" target=\"_blank\">Aluminium Tube<\/a><\/li>\r\n<li><a href=\"https:\/\/sinoextrud.com\/product\/extruded-aluminium-profile-for-triangle-and-rectangle-pipe-with-6063-alloy-anodized-mill-finish-surface\/\" target=\"_blank\">Extruded Aluminium Profile For Triangle And Rectangle Pipe With 6063 Alloy Anodized Mill Finish Surface<\/a><\/li>\r\n<li><a href=\"https:\/\/sinoextrud.com\/product\/aluminium-hollow-tube\/\" target=\"_blank\">Aluminium Hollow Tube<\/a><\/li>\r\n<li><a href=\"https:\/\/sinoextrud.com\/product\/customized-6063-extruded-aluminum-flat-bar\/\" target=\"_blank\">Customized 6063 Extruded Aluminum Flat Bar<\/a><\/li>\r\n<li><a href=\"https:\/\/sinoextrud.com\/product\/aluminum-irrigation-pipe-for-sale\/\" target=\"_blank\">Aluminum Irrigation Pipe For Sale<\/a><\/li>\r\n<li><a href=\"https:\/\/sinoextrud.com\/product\/structural-aluminium-profiles\/\" target=\"_blank\">Structural Aluminium Profiles<\/a><\/li>\r\n<li><a href=\"https:\/\/sinoextrud.com\/product\/slotted-aluminum-profile-export-to-maylsia\/\" target=\"_blank\">Slotted Aluminum Profile Export To Maylsia<\/a><\/li>"},"feature_list":[]},"_links":{"self":[{"href":"https:\/\/sinoextrud.com\/de\/wp-json\/wp\/v2\/product\/6288","targetHints":{"allow":["GET"]}}],"collection":[{"href":"https:\/\/sinoextrud.com\/de\/wp-json\/wp\/v2\/product"}],"about":[{"href":"https:\/\/sinoextrud.com\/de\/wp-json\/wp\/v2\/types\/product"}],"wp:featuredmedia":[{"embeddable":true,"href":"https:\/\/sinoextrud.com\/de\/wp-json\/wp\/v2\/media\/6291"}],"wp:attachment":[{"href":"https:\/\/sinoextrud.com\/de\/wp-json\/wp\/v2\/media?parent=6288"}],"wp:term":[{"taxonomy":"category","embeddable":true,"href":"https:\/\/sinoextrud.com\/de\/wp-json\/wp\/v2\/categories?post=6288"}],"curies":[{"name":"wp","href":"https:\/\/api.w.org\/{rel}","templated":true}]}}