{"id":6276,"date":"2025-05-26T07:30:56","date_gmt":"2025-05-26T07:30:56","guid":{"rendered":"https:\/\/sinoextrud.com\/product\/aluminum-windows-and-doors\/"},"modified":"2025-06-24T03:59:47","modified_gmt":"2025-06-24T03:59:47","slug":"aluminiumfenster-und-turen","status":"publish","type":"product","link":"https:\/\/sinoextrud.com\/de\/product\/aluminum-windows-and-doors\/","title":{"rendered":"Aluminiumfenster und -t\u00fcren"},"content":{"rendered":"<h2>Produkte Details<\/h2>\n<table class=\"custom-table\">\n<tr>\n<td class=\"label\">Material<\/td>\n<td>Legierung 6063 T5<\/td>\n<\/tr>\n<tr>\n<td class=\"label\">Anmeldung<\/td>\n<td>Fenster und T\u00fcren aus Aluminium<\/td>\n<\/tr>\n<tr>\n<td class=\"label\">Zertifikat<\/td>\n<td>ISO9001, ISO14001<\/td>\n<\/tr>\n<tr>\n<td class=\"label\">F\u00e4higkeit<\/td>\n<td>Jahresproduktion mehr als 60.000 Tonnen<\/td>\n<\/tr>\n<tr>\n<td class=\"label\">Farbe<\/td>\n<td>Kundenspezifisch verf\u00fcgbar<\/td>\n<\/tr>\n<tr>\n<td class=\"label\">L\u00e4nge<\/td>\n<td>1-9 Meter oder kundenspezifisch<\/td>\n<\/tr>\n<tr>\n<td class=\"label\">Dicke<\/td>\n<td>Kundenspezifisch<\/td>\n<\/tr>\n<tr>\n<td class=\"label\">Oberfl\u00e4che<\/td>\n<td>Walzoberfl\u00e4che, Eloxieren, Pulverbeschichtung, Holzmaserung, geb\u00fcrstet, Polieren, Elektrophorese, etc.<\/td>\n<\/tr>\n<tr>\n<td class=\"label\">Anmeldung<\/td>\n<td>Fenster- und T\u00fcrprofile aus Aluminium, Vorhangfassade<\/td>\n<\/tr>\n<tr>\n<td class=\"label\">Hafen laden<\/td>\n<td>Foshan, Shenzhen, Guangzhou<\/td>\n<\/tr>\n<tr>\n<td class=\"label\">Zahlung<\/td>\n<td>T\/T, 30% Anzahlung, der Restbetrag ist vor der Lieferung zu begleichen<\/td>\n<\/tr>\n<tr>\n<td class=\"label\">Paket<\/td>\n<td>1. innen: mit Kunststoff-Schutzfolie verpackt, um jedes Profil zu sch\u00fctzen<br \/>2. au\u00dfen: mit wasserfestem Bastelpapier verpackt<\/td>\n<\/tr>\n<tr>\n<td class=\"label\">Lieferung<\/td>\n<td>25-30 Tage nach der Anzahlung<\/td>\n<\/tr>\n<tr>\n<td class=\"label\">Reihenfolge der Bestellung<\/td>\n<td>1. Best\u00e4tigen Sie die Zeichnungen, die Oberfl\u00e4chenbehandlung und den Preis;<br \/>2. Bezahlen Sie die Formgeb\u00fchr und wir beginnen mit der Herstellung der Formen;<br \/>3. Wir senden Ihnen Muster f\u00fcr Ihre Best\u00e4tigung;<br \/>4. Machen Sie die Zahlung von 30% Kaution, die Produktion zu starten;<\/td>\n<\/tr>\n<\/table>\n<h2>Unsere Produktionsbasis<\/h2>\n<h3>Fabrik-Panorama<\/h3>\n<p><img decoding=\"async\" src=\"\/wp-content\/uploads\/factory-01.webp\"\/><\/p>\n<h3>Werkstatt zur Herstellung von Aluminiumstangen<\/h3>\n<p><img decoding=\"async\" src=\"\/wp-content\/uploads\/factory-02.webp\"\/><\/p>\n<p><img decoding=\"async\" src=\"\/wp-content\/uploads\/factory-03.webp\"\/><\/p>\n<h3>Lagerhaus f\u00fcr Formen<\/h3>\n<p><img decoding=\"async\" src=\"\/wp-content\/uploads\/factory-04.webp\"\/><\/p>\n<h3>43 Aluminium-Strangpressanlagen (500\u00e2\u20ac\"5500 Tonnen)<\/h3>\n<p><img decoding=\"async\" src=\"\/wp-content\/uploads\/factory-05.webp\"\/><\/p>\n<p><img decoding=\"async\" src=\"\/wp-content\/uploads\/factory-06.webp\"\/><\/p>\n<p><img decoding=\"async\" src=\"\/wp-content\/uploads\/factory-07.webp\"\/><\/p>\n<h3>Werkstatt f\u00fcr Pulverbeschichtung<\/h3>\n<p><img decoding=\"async\" src=\"\/wp-content\/uploads\/factory-09.webp\"\/><\/p>\n<h3>Eloxal-Werkstatt<\/h3>\n<p><img decoding=\"async\" src=\"\/wp-content\/uploads\/factory-10.webp\"\/><\/p>\n<h3>Workshop zur Tiefenverarbeitung<\/h3>\n<p><img decoding=\"async\" src=\"\/wp-content\/uploads\/factory-11.webp\"\/><\/p>\n<h3>CNC-Pr\u00e4zisionsbearbeitungswerkstatt<\/h3>\n<p><img decoding=\"async\" src=\"\/wp-content\/uploads\/factory-11.5.webp\"\/><\/p>\n<h3>Lager f\u00fcr Fertigprodukte und Export<\/h3>\n<p><img decoding=\"async\" src=\"\/wp-content\/uploads\/factory-12.webp\"\/><\/p>\n<p><img decoding=\"async\" src=\"\/wp-content\/uploads\/factory-13.webp\"\/><\/p>\n<p><img decoding=\"async\" src=\"\/wp-content\/uploads\/factory-14.webp\"\/><\/p>\n<h2>FAQ<\/h2>\n<p><p><b>1. was sind Aluminiumfenster und -t\u00fcren?<\/b><\/p>\n<p>Aluminiumfenster und -t\u00fcren sind hochleistungsf\u00e4hige Rahmensysteme, die aus einer haltbaren Aluminiumlegierung hergestellt werden und f\u00fcr Wohn- und Gewerbeanwendungen konzipiert sind.<br \/>\n<\/p><br \/>\n<br \/>\n<p><b>2. warum Aluminiumfenster und -t\u00fcren w\u00e4hlen?<\/b><\/p>\n<p>Aluminiumfenster und -t\u00fcren bieten im Vergleich zu anderen Materialien ein hervorragendes Verh\u00e4ltnis zwischen Festigkeit und Gewicht, eine elegante, moderne \u00c4sthetik und eine lang anhaltende Korrosionsbest\u00e4ndigkeit.<br \/>\n<\/p><br \/>\n<br \/>\n<p><b>3. wie verbessern Aluminiumfenster und -t\u00fcren die Energieeffizienz?<\/b><\/p>\n<p>Energieeffiziente Aluminiumfenster und -t\u00fcren verf\u00fcgen \u00fcber eine thermische Trennung und Mehrkammerrahmen, um die W\u00e4rme\u00fcbertragung zu minimieren und die Stromrechnungen zu senken.<br \/>\n<\/p><br \/>\n<br \/>\n<p><b>4. sind Aluminiumfenster und -t\u00fcren wartungsarm?<\/b><\/p>\n<p>Ja, Aluminiumfenster und -t\u00fcren m\u00fcssen nur regelm\u00e4\u00dfig gereinigt und die Scharniere geschmiert werden, und die werkseitig aufgebrachten Beschichtungen sind resistent gegen Verblassen und Korrosion.<br \/>\n<\/p><br \/>\n<br \/>\n<p><b>5. k\u00f6nnen Aluminium Fenster und T\u00fcren angepasst werden?<\/b><\/p>\n<p>Aluminiumfenster und -t\u00fcren bieten kundenspezifische Profile, pulverbeschichtete Farben, eloxierte Oberfl\u00e4chen und eine Vielzahl von Glasoptionen f\u00fcr jeden architektonischen Stil.<br \/>\n<\/p><br \/>\n<br \/>\n<p><b>6. welche Sicherheitsmerkmale bieten Aluminiumfenster und -t\u00fcren?<\/b><\/p>\n<p>Fenster und T\u00fcren aus verst\u00e4rktem Aluminium sind mit Mehrpunktverriegelungen, Verbundglas oder geh\u00e4rtetem Glas und robusten Beschl\u00e4gen ausgestattet, um die Sicherheit zu erh\u00f6hen.<br \/>\n<\/p><br \/>\n<br \/>\n<p><b>7 Wie verhalten sich Aluminiumfenster und -t\u00fcren in rauen Klimazonen?<\/b><\/p>\n<p>Witterungsbest\u00e4ndige Aluminiumfenster und -t\u00fcren widerstehen UV-Strahlung, Feuchtigkeit und extremen Temperaturen, ohne sich zu verziehen oder zu rosten.<br \/>\n<\/p><br \/>\n<br \/>\n<p><b>8. bieten Aluminiumfenster und -t\u00fcren Schallschutz?<\/b><\/p>\n<p>Aluminiumfenster und -t\u00fcren mit integrierten Dichtungen und Doppel- oder Dreifachverglasung bieten hervorragende akustische Eigenschaften und reduzieren den Au\u00dfenl\u00e4rm.<br \/>\n<\/p><br \/>\n<br \/>\n<p><b>9. sind Aluminiumfenster und -t\u00fcren umweltfreundlich?<\/b><\/p>\n<p>Aluminiumfenster und -t\u00fcren sind vollst\u00e4ndig recycelbar, ben\u00f6tigen bei der Herstellung weniger Energie als Stahl und unterst\u00fctzen gr\u00fcne Geb\u00e4udezertifizierungen wie LEED.<br \/>\n<\/p><br \/>\n<br \/>\n<p><b>10. wo kann ich hochwertige Aluminiumfenster und -t\u00fcren beziehen?<\/b><\/p>\n<p>F\u00fchrende Hersteller von Aluminiumfenstern und -t\u00fcren bieten ISO-zertifizierte Produkte, einen weltweiten Vertrieb und eine engagierte technische Unterst\u00fctzung bei der Installation.<br \/>\n<\/p><br \/><\/p>","protected":false},"featured_media":6275,"template":"","categories":[59],"class_list":["post-6276","product","type-product","status-publish","has-post-thumbnail","hentry","category-aluminum-window-door-system"],"meta_box":{"hilight_text_group":{"product_hilight_text":"<li>Constructed from 6063-T5 aluminum alloy for exceptional strength and corrosion resistance<\/li>\r\r\n<li>Precision-extruded profiles with \u00c2\u00b10.1 mm tolerance for seamless assembly and airtight sealing<\/li>\r\r\n<li>Optional thermal break and multi-chamber designs to optimize energy efficiency and reduce condensation<\/li>\r\r\n<li>Wide range of finish options (anodized, powder-coated, woodgrain) for design flexibility<\/li>\r\r\n<li>Heavy-duty hardware and multi-point locking systems for enhanced security and compliance<\/li>\r\r\n<li>Integrated drainage and ventilation channels to prevent water buildup and ensure durability<\/li>\r\r\n<li>Pre-drilled mounting holes and snap-fit connectors for fast, error-free installation<\/li>\r\r\n<li>RoHS\/REACH-compliant and fully recyclable for sustainable building projects<\/li>","product_chanpin_chanpin":"<li><a href=\"https:\/\/sinoextrud.com\/product\/thermal-break-aluminium-profiles\/\" target=\"_blank\">Thermal Break Aluminium Profiles<\/a><\/li>\r\n<li><a href=\"https:\/\/sinoextrud.com\/product\/aluminium-mosquito-net-windows-and-door\/\" target=\"_blank\">Aluminium Mosquito Net Windows And Door<\/a><\/li>\r\n<li><a href=\"https:\/\/sinoextrud.com\/product\/aluminum-profile-doors\/\" target=\"_blank\">Aluminum Profile Doors<\/a><\/li>\r\n<li><a href=\"https:\/\/sinoextrud.com\/product\/aluminium-gate-fence\/\" target=\"_blank\">Aluminium gate fence<\/a><\/li>\r\n<li><a href=\"https:\/\/sinoextrud.com\/product\/aluminum-windows-and-doors\/\" target=\"_blank\">Aluminum Windows And Doors<\/a><\/li>\r\n<li><a href=\"https:\/\/sinoextrud.com\/product\/oem-aluminum-extrusion-profile-for-windows-and-doors\/\" target=\"_blank\">OEM Aluminum Extrusion Profile for Windows and Doors<\/a><\/li>\r\n<li><a href=\"https:\/\/sinoextrud.com\/product\/aluminium-tube-suppliers-offer-extruded-aluminium-square-tube-profile-with-anodized-powder-coating-surface-treatment\/\" target=\"_blank\">Aluminium Tube Suppliers Offer Extruded Aluminium Square Tube Profile With Anodized Powder Coating Surface Treatment<\/a><\/li>\r\n<li><a href=\"https:\/\/sinoextrud.com\/product\/oem-aluminum-channel-tube-and-pipe-extrusions-profile-for-constuction\/\" target=\"_blank\">OEM Aluminum Channel Tube And Pipe Extrusions Profile For Constuction<\/a><\/li>\r\n<li><a href=\"https:\/\/sinoextrud.com\/product\/aluminium-curtain-guide-rail\/\" target=\"_blank\">Aluminium Curtain Guide Rail<\/a><\/li>\r\n<li><a href=\"https:\/\/sinoextrud.com\/product\/6063-t5-aluminum-profile-tslot-for-production-line\/\" target=\"_blank\">6063 t5 aluminum profile Tslot for production line<\/a><\/li>\r\n<li><a href=\"https:\/\/sinoextrud.com\/product\/aluminum-extrusion-6063-anodized-clothes-drive-airer-aluminum-rack-profile\/\" target=\"_blank\">Aluminum Extrusion 6063 Anodized Clothes Drive Airer Aluminum Rack Profile<\/a><\/li>"},"feature_list":[]},"_links":{"self":[{"href":"https:\/\/sinoextrud.com\/de\/wp-json\/wp\/v2\/product\/6276","targetHints":{"allow":["GET"]}}],"collection":[{"href":"https:\/\/sinoextrud.com\/de\/wp-json\/wp\/v2\/product"}],"about":[{"href":"https:\/\/sinoextrud.com\/de\/wp-json\/wp\/v2\/types\/product"}],"wp:featuredmedia":[{"embeddable":true,"href":"https:\/\/sinoextrud.com\/de\/wp-json\/wp\/v2\/media\/6275"}],"wp:attachment":[{"href":"https:\/\/sinoextrud.com\/de\/wp-json\/wp\/v2\/media?parent=6276"}],"wp:term":[{"taxonomy":"category","embeddable":true,"href":"https:\/\/sinoextrud.com\/de\/wp-json\/wp\/v2\/categories?post=6276"}],"curies":[{"name":"wp","href":"https:\/\/api.w.org\/{rel}","templated":true}]}}