{"id":6268,"date":"2025-05-26T07:20:44","date_gmt":"2025-05-26T07:20:44","guid":{"rendered":"https:\/\/sinoextrud.com\/product\/thermal-break-aluminium-profiles\/"},"modified":"2025-06-24T03:59:01","modified_gmt":"2025-06-24T03:59:01","slug":"thermisch-getrennte-aluminiumprofile","status":"publish","type":"product","link":"https:\/\/sinoextrud.com\/de\/product\/thermal-break-aluminium-profiles\/","title":{"rendered":"Thermisch getrennte Aluminium-Profile"},"content":{"rendered":"<h2>Produkte Details<\/h2>\n<table class=\"custom-table\">\n<tr>\n<td class=\"label\">Titel<\/td>\n<td>Thermisch getrennte Aluminiumprofile<\/td>\n<\/tr>\n<tr>\n<td class=\"label\">Material<\/td>\n<td>Aluminiumlegierung (6063, 6061, 6463, 6005, 6082)<\/td>\n<\/tr>\n<tr>\n<td class=\"label\">Temperament<\/td>\n<td>T5<\/td>\n<\/tr>\n<tr>\n<td class=\"label\">Gr\u00f6\u00dfe<\/td>\n<td>Gem\u00e4\u00df Zeichnung<\/td>\n<\/tr>\n<tr>\n<td class=\"label\">Oberfl\u00e4chenbehandlung<\/td>\n<td>Eloxiert, Sandgestrahlt, Poliert, Elektrophorese, Pulverbeschichtung<\/td>\n<\/tr>\n<tr>\n<td class=\"label\">Farbe<\/td>\n<td>Kundenspezifisch ist verf\u00fcgbar<\/td>\n<\/tr>\n<tr>\n<td class=\"label\">Zertifikat<\/td>\n<td>TUV, ASTM, GB<\/td>\n<\/tr>\n<tr>\n<td class=\"label\">Von<\/td>\n<td>Guangdong, China<\/td>\n<\/tr>\n<\/table>\n<h2>Unsere Produktionsbasis<\/h2>\n<h3>Fabrik-Panorama<\/h3>\n<p><img decoding=\"async\" src=\"\/wp-content\/uploads\/factory-01.webp\"\/><\/p>\n<h3>Werkstatt zur Herstellung von Aluminiumstangen<\/h3>\n<p><img decoding=\"async\" src=\"\/wp-content\/uploads\/factory-02.webp\"\/><\/p>\n<p><img decoding=\"async\" src=\"\/wp-content\/uploads\/factory-03.webp\"\/><\/p>\n<h3>Lagerhaus f\u00fcr Formen<\/h3>\n<p><img decoding=\"async\" src=\"\/wp-content\/uploads\/factory-04.webp\"\/><\/p>\n<h3>43 Aluminium-Strangpressanlagen (500\u00e2\u20ac\"5500 Tonnen)<\/h3>\n<p><img decoding=\"async\" src=\"\/wp-content\/uploads\/factory-05.webp\"\/><\/p>\n<p><img decoding=\"async\" src=\"\/wp-content\/uploads\/factory-06.webp\"\/><\/p>\n<p><img decoding=\"async\" src=\"\/wp-content\/uploads\/factory-07.webp\"\/><\/p>\n<h3>Werkstatt f\u00fcr Pulverbeschichtung<\/h3>\n<p><img decoding=\"async\" src=\"\/wp-content\/uploads\/factory-09.webp\"\/><\/p>\n<h3>Eloxal-Werkstatt<\/h3>\n<p><img decoding=\"async\" src=\"\/wp-content\/uploads\/factory-10.webp\"\/><\/p>\n<h3>Workshop zur Tiefenverarbeitung<\/h3>\n<p><img decoding=\"async\" src=\"\/wp-content\/uploads\/factory-11.webp\"\/><\/p>\n<h3>CNC-Pr\u00e4zisionsbearbeitungswerkstatt<\/h3>\n<p><img decoding=\"async\" src=\"\/wp-content\/uploads\/factory-11.5.webp\"\/><\/p>\n<h3>Lager f\u00fcr Fertigprodukte und Export<\/h3>\n<p><img decoding=\"async\" src=\"\/wp-content\/uploads\/factory-12.webp\"\/><\/p>\n<p><img decoding=\"async\" src=\"\/wp-content\/uploads\/factory-13.webp\"\/><\/p>\n<p><img decoding=\"async\" src=\"\/wp-content\/uploads\/factory-14.webp\"\/><\/p>\n<h2>FAQ<\/h2>\n<p><p><b>1.was sind thermisch getrennte Aluminium-Profile?<\/b><\/p>\n<p>Thermal Break Aluminium Profiles sind stranggepresste Aluminiumprofile mit einer nicht leitenden Polymerbarriere, die die W\u00e4rme\u00fcbertragung reduziert und die Geb\u00e4uded\u00e4mmung verbessert.<br \/>\n<\/p><br \/>\n<br \/>\n<p><b>2. wie verbessern thermisch getrennte Aluminiumprofile die Energieeffizienz?<\/b><\/p>\n<p>Durch die Integration einer W\u00e4rmed\u00e4mmschicht minimieren diese Profile W\u00e4rmebr\u00fccken, senken die U-Werte und tragen zur Erreichung von Energiesparzielen und Standards f\u00fcr umweltfreundliches Bauen bei.<br \/>\n<\/p><br \/>\n<br \/>\n<p><b>3. welche Anwendungen profitieren von thermisch getrennten Aluminiumprofilen?<\/b><\/p>\n<p>Thermal Break Aluminium Profile sind ideal f\u00fcr Fenster, T\u00fcren, Vorhangfassaden, Fassaden und Oberlichter, bei denen W\u00e4rmeleistung und Kondensationskontrolle entscheidend sind.<br \/>\n<\/p><br \/>\n<br \/>\n<p><b>4. warum sollten Sie sich f\u00fcr Thermal Break Aluminiumprofile entscheiden, anstatt f\u00fcr Standardaluminium?<\/b><\/p>\n<p>Thermisch getrennte Aluminiumprofile bieten im Vergleich zu nicht thermisch getrennten Profilen eine bessere Isolierung, senken die Heiz- und K\u00fchlkosten und verhindern die Kondensation im Inneren.<br \/>\n<\/p><br \/>\n<br \/>\n<p><b>5. k\u00f6nnen thermisch getrennte Aluminiumprofile individuell angepasst werden?<\/b><\/p>\n<p>Ja, thermisch getrennte Aluminiumprofile unterst\u00fctzen kundenspezifische Querschnitte, Bruchmaterialtypen, Oberfl\u00e4chen und L\u00e4ngen, um spezifische architektonische und Leistungsanforderungen zu erf\u00fcllen.<br \/>\n<\/p><br \/>\n<br \/>\n<p><b>6. welche Materialien werden in thermisch getrennten Aluminiumprofilen verwendet?<\/b><\/p>\n<p>Diese Profile kombinieren hochfeste Aluminiumlegierungen (z. B. 6063-T6) mit langlebigen PA66- oder glasfaserverst\u00e4rkten Polyamid-W\u00e4rmebarrieren f\u00fcr optimale Festigkeit und Isolierung.<br \/>\n<\/p><br \/>\n<br \/>\n<p><b>7. wie funktioniert der Einbau von Thermal Break Aluminiumprofilen?<\/b><\/p>\n<p>Die Installation umfasst das Ausrichten der stranggepressten Profile, die Befestigung mit mechanischen Verbindungselementen und das Verkleben der W\u00e4rmed\u00e4mmkomponenten, um eine durchgehende Isolierung zu gew\u00e4hrleisten.<br \/>\n<\/p><br \/>\n<br \/>\n<p><b>8. sind thermisch getrennte Aluminiumprofile nachhaltig?<\/b><\/p>\n<p>Thermal Break Aluminium-Profile sind vollst\u00e4ndig recycelbar, tragen zu einem geringeren Energieverbrauch von Geb\u00e4uden bei und unterst\u00fctzen LEED, BREEAM und andere Zertifizierungen f\u00fcr nachhaltiges Bauen.<br \/>\n<\/p><br \/>\n<br \/>\n<p><b>9. welche Wartungsarbeiten sind bei Thermal Break Aluminiumprofilen erforderlich?<\/b><\/p>\n<p>Die wartungsarmen Thermal Break Aluminium-Profile m\u00fcssen nur regelm\u00e4\u00dfig gereinigt und die Dichtungen \u00fcberpr\u00fcft werden, um die thermische Leistung zu erhalten.<br \/>\n<\/p><br \/>\n<br \/>\n<p><b>10. wo kann ich qualitativ hochwertige thermisch getrennte Aluminiumprofile beziehen?<\/b><\/p>\n<p>F\u00fchrende Aluminium-Strangpressunternehmen liefern zertifizierte Thermal Break Aluminiumprofile nach ISO 9001, EN 14024 und AAMA-Normen sowie technische Unterst\u00fctzung und weltweiten Versand.<br \/>\n<\/p><br \/><\/p>","protected":false},"featured_media":6267,"template":"","categories":[59],"class_list":["post-6268","product","type-product","status-publish","has-post-thumbnail","hentry","category-aluminum-window-door-system"],"meta_box":{"hilight_text_group":{"product_hilight_text":"<li>Multi-chamber thermal break design for superior insulation and reduced energy costs<\/li>\r\r\n<li>High-strength 6063-T5 alloy construction ensuring structural rigidity<\/li>\r\r\n<li>Precision extrusion with \u00c2\u00b10.1 mm tolerance for seamless assembly<\/li>\r\r\n<li>Customizable profiles and lengths to suit diverse architectural requirements<\/li>\r\r\n<li>Optional finishes (anodized, powder-coated) for corrosion protection and aesthetics<\/li>\r\r\n<li>Integrated drainage and condensation channels for reliable water management<\/li>\r\r\n<li>Compliant with international thermal performance standards (EN, ASTM)<\/li>\r\r\n<li>RoHS-compliant and fully recyclable for sustainable building practices<\/li>","product_chanpin_chanpin":"<li><a href=\"https:\/\/sinoextrud.com\/product\/aluminum-window-profile\/\" target=\"_blank\">Aluminum Window Profile<\/a><\/li>\r\n<li><a href=\"https:\/\/sinoextrud.com\/product\/aluminum-casement-window-double-hung-single-hung-jalousie-security-door-and-window\/\" target=\"_blank\">aluminum casement window Double Hung Single Hung Jalousie Security Door And Window<\/a><\/li>\r\n<li><a href=\"https:\/\/sinoextrud.com\/product\/aluminum-window\/\" target=\"_blank\">Aluminum Window<\/a><\/li>\r\n<li><a href=\"https:\/\/sinoextrud.com\/product\/aluminum-profile-windows-extrusion-companies-in-china\/\" target=\"_blank\">aluminum profile windows extrusion companies in china<\/a><\/li>\r\n<li><a href=\"https:\/\/sinoextrud.com\/product\/thermal-break-aluminium-profiles\/\" target=\"_blank\">Thermal Break Aluminium Profiles<\/a><\/li>\r\n<li><a href=\"https:\/\/sinoextrud.com\/product\/aluminium-mosquito-net-windows-and-door\/\" target=\"_blank\">Aluminium Mosquito Net Windows And Door<\/a><\/li>\r\n<li><a href=\"https:\/\/sinoextrud.com\/product\/aluminum-profile-doors\/\" target=\"_blank\">Aluminum Profile Doors<\/a><\/li>\r\n<li><a href=\"https:\/\/sinoextrud.com\/product\/aluminium-gate-fence\/\" target=\"_blank\">Aluminium gate fence<\/a><\/li>\r\n<li><a href=\"https:\/\/sinoextrud.com\/product\/aluminum-windows-and-doors\/\" target=\"_blank\">Aluminum Windows And Doors<\/a><\/li>\r\n<li><a href=\"https:\/\/sinoextrud.com\/product\/china-aluminum-extrusion-6061-6063-anodized-aluminum-pipe\/\" target=\"_blank\">China Aluminum Extrusion 6061 6063 Anodized Aluminum Pipe<\/a><\/li>\r\n<li><a href=\"https:\/\/sinoextrud.com\/product\/aluminium-extruded-sections\/\" target=\"_blank\">Aluminium Extruded Sections<\/a><\/li>"},"feature_list":[]},"_links":{"self":[{"href":"https:\/\/sinoextrud.com\/de\/wp-json\/wp\/v2\/product\/6268","targetHints":{"allow":["GET"]}}],"collection":[{"href":"https:\/\/sinoextrud.com\/de\/wp-json\/wp\/v2\/product"}],"about":[{"href":"https:\/\/sinoextrud.com\/de\/wp-json\/wp\/v2\/types\/product"}],"wp:featuredmedia":[{"embeddable":true,"href":"https:\/\/sinoextrud.com\/de\/wp-json\/wp\/v2\/media\/6267"}],"wp:attachment":[{"href":"https:\/\/sinoextrud.com\/de\/wp-json\/wp\/v2\/media?parent=6268"}],"wp:term":[{"taxonomy":"category","embeddable":true,"href":"https:\/\/sinoextrud.com\/de\/wp-json\/wp\/v2\/categories?post=6268"}],"curies":[{"name":"wp","href":"https:\/\/api.w.org\/{rel}","templated":true}]}}