{"id":6266,"date":"2025-05-26T07:16:30","date_gmt":"2025-05-26T07:16:30","guid":{"rendered":"https:\/\/sinoextrud.com\/product\/aluminum-profile-windows-extrusion-companies-in-china\/"},"modified":"2025-06-24T03:58:39","modified_gmt":"2025-06-24T03:58:39","slug":"aluminiumprofil-fenster-extrusion-unternehmen-in-china","status":"publish","type":"product","link":"https:\/\/sinoextrud.com\/de\/product\/aluminum-profile-windows-extrusion-companies-in-china\/","title":{"rendered":"aluminiumprofil fenster extrusion unternehmen in china"},"content":{"rendered":"<h2>Produkte Details<\/h2>\n<table class=\"custom-table\">\n<tr>\n<td class=\"label\">Modell Nr.:<\/td>\n<td>6063 t5 Aluminiumprofil Fenster Strangpressen Unternehmen in China mit Bildern Pr\u00e4sentation<\/td>\n<\/tr>\n<tr>\n<td class=\"label\">Art:<\/td>\n<td> Aluminium-Profilfenster<\/td>\n<\/tr>\n<tr>\n<td class=\"label\">Die Form:<\/td>\n<td> aluminiumunternehmen in china 80er serie<\/td>\n<\/tr>\n<tr>\n<td class=\"label\">Oberfl\u00e4chenveredelung:<\/td>\n<td>Elektrophorese Gold<\/td>\n<\/tr>\n<tr>\n<td class=\"label\">Legierungsbestandteil:<\/td>\n<td>6063<\/td>\n<\/tr>\n<tr>\n<td class=\"label\">Zertifizierung:<\/td>\n<td>CE, ISO Aluminiumunternehmen in China<\/td>\n<\/tr>\n<tr>\n<td class=\"label\">Profil aus poliertem Aluminium:<\/td>\n<td>Chemisches Polieren<\/td>\n<\/tr>\n<tr>\n<td class=\"label\">Produktname:<\/td>\n<td>Aluminium-Fensterprofile durch Strangpressen zu verkaufen<\/td>\n<\/tr>\n<tr>\n<td class=\"label\">Oberfl\u00e4chenbehandlung:<\/td>\n<td>Eloxiert, Pulverbeschichtet, Holzmaserung, etc.<\/td>\n<\/tr>\n<tr>\n<td class=\"label\">Farbe:<\/td>\n<td>Kundenspezifisch<\/td>\n<\/tr>\n<tr>\n<td class=\"label\">Material:<\/td>\n<td>Aluminium-Legierung<\/td>\n<\/tr>\n<tr>\n<td class=\"label\">Aluminium Typ:<\/td>\n<td>6063-T5<\/td>\n<\/tr>\n<tr>\n<td class=\"label\">Warenzeichen:<\/td>\n<td> Sinoextrud<\/td>\n<\/tr>\n<tr>\n<td class=\"label\">Herkunft:<\/td>\n<td> Guangdong<\/td>\n<\/tr>\n<tr>\n<td class=\"label\">HS-Code:<\/td>\n<td>76042100<\/td>\n<\/tr>\n<\/table>\n<h2>Unsere Produktionsbasis<\/h2>\n<h3>Fabrik-Panorama<\/h3>\n<p><img decoding=\"async\" src=\"\/wp-content\/uploads\/factory-01.webp\"\/><\/p>\n<h3>Werkstatt zur Herstellung von Aluminiumstangen<\/h3>\n<p><img decoding=\"async\" src=\"\/wp-content\/uploads\/factory-02.webp\"\/><\/p>\n<\/p>\n<p><img decoding=\"async\" src=\"\/wp-content\/uploads\/factory-03.webp\"\/><\/p>\n<h3>Lagerhaus f\u00fcr Formen<\/h3>\n<p><img decoding=\"async\" src=\"\/wp-content\/uploads\/factory-04.webp\"\/><\/p>\n<h3>43 Aluminium-Strangpressanlagen (500\u00e2\u20ac\"5500 Tonnen)<\/h3>\n<p><img decoding=\"async\" src=\"\/wp-content\/uploads\/factory-05.webp\"\/><\/p>\n<p><img decoding=\"async\" src=\"\/wp-content\/uploads\/factory-06.webp\"\/><\/p>\n<p><img decoding=\"async\" src=\"\/wp-content\/uploads\/factory-07.webp\"\/><\/p>\n<h3>Werkstatt f\u00fcr Pulverbeschichtung<\/h3>\n<p><img decoding=\"async\" src=\"\/wp-content\/uploads\/factory-09.webp\"\/><\/p>\n<h3>Eloxal-Werkstatt<\/h3>\n<p><img decoding=\"async\" src=\"\/wp-content\/uploads\/factory-10.webp\"\/><\/p>\n<h3>Workshop zur Tiefenverarbeitung<\/h3>\n<p><img decoding=\"async\" src=\"\/wp-content\/uploads\/factory-11.webp\"\/><\/p>\n<h3>CNC-Pr\u00e4zisionsbearbeitungswerkstatt<\/h3>\n<p><img decoding=\"async\" src=\"\/wp-content\/uploads\/factory-11.5.webp\"\/><\/p>\n<h3>Lager f\u00fcr Fertigprodukte und Export<\/h3>\n<p><img decoding=\"async\" src=\"\/wp-content\/uploads\/factory-12.webp\"\/><\/p>\n<p><img decoding=\"async\" src=\"\/wp-content\/uploads\/factory-13.webp\"\/><\/p>\n<p><img decoding=\"async\" src=\"\/wp-content\/uploads\/factory-14.webp\"\/><\/p>\n<h2>FAQ<\/h2>\n<p><b>1. was sind Aluminiumprofil Fenster Extrusion Unternehmen in China mit Bildern Pr\u00e4sentation?<\/b><\/p>\n<p>Sie sind f\u00fchrende chinesische Hersteller, die sich auf Pr\u00e4zisions-Aluminium-Strangpressprofile f\u00fcr Fenster spezialisiert haben und ihr Produktportfolio durch hochaufl\u00f6sende Bildpr\u00e4sentationen vorstellen.\n<\/p>\n<p><\/p>\n<p><b>2. warum w\u00e4hlen Aluminiumprofil Fenster Extrusion Unternehmen in China mit Bildern Pr\u00e4sentation?<\/b><\/p>\n<p>Sie kombinieren fortschrittliche Extrusionstechnologie, wettbewerbsf\u00e4hige Preise und detaillierte Bildpr\u00e4sentationen f\u00fcr eine klare Produktvisualisierung und Qualit\u00e4tssicherung.\n<\/p>\n<p><\/p>\n<p><b>3. wie verwenden Aluminiumprofil Fenster Extrusion Unternehmen in China Bild Pr\u00e4sentationen?<\/b><\/p>\n<p>Diese Unternehmen erstellen professionelle visuelle Kataloge mit aktuellen Bildern, um Profile, Oberfl\u00e4chenbehandlungen und Installationsbeispiele zu pr\u00e4sentieren.\n<\/p>\n<p><\/p>\n<p><b>4. welche Vorteile bieten chinesische Unternehmen f\u00fcr die Extrusion von Aluminiumprofilen?<\/b><\/p>\n<p>Sie bieten schnelles Prototyping, gro\u00dfe Produktionskapazit\u00e4ten und umfassende Bildpr\u00e4sentationen, um Spezifikation und Designgenehmigung zu rationalisieren.\n<\/p>\n<p><\/p>\n<p><b>5. kann ich Aluminium-Profil Fenster mit Bildern Pr\u00e4sentation von chinesischen Strangpressen anpassen?<\/b><\/p>\n<p>Ja, die meisten chinesischen Unternehmen, die Aluminiumprofile stranggepresst haben, bieten kundenspezifische Formen, Oberfl\u00e4chen und kommentierte Bildpr\u00e4sentationen an, um allen architektonischen Anforderungen gerecht zu werden.\n<\/p>\n<p><\/p>\n<p><b>6. wie kann die Bildpr\u00e4sentation die Auftragsvergabe an chinesische Extrusionsunternehmen verbessern?<\/b><\/p>\n<p>Detaillierte Bildpr\u00e4sentationen reduzieren Kommunikationsfehler, beschleunigen die Angebotserstellung und stellen sicher, dass die Aluminiumprofilfenster vor der Produktion exakt den Spezifikationen entsprechen.\n<\/p>\n<p><\/p>\n<p><b>7. welche Qualit\u00e4tsstandards befolgen die Unternehmen f\u00fcr die Extrusion von Aluminiumprofilen in China?<\/b><\/p>\n<p>Die besten Extrusionsunternehmen in China halten sich an die ISO 9001-, CE- und ASTM-Normen und stellen neben den Bildpr\u00e4sentationen auch zertifizierte Pr\u00fcfberichte zur Verf\u00fcgung, um Transparenz zu gew\u00e4hrleisten.\n<\/p>\n<p><\/p>\n<p><b>8. sind Aluminium-Profil Fenster Extrusion Unternehmen in China kosteng\u00fcnstig?<\/b><\/p>\n<p>In China ans\u00e4ssige Strangpressunternehmen nutzen Gr\u00f6\u00dfenvorteile, um wettbewerbsf\u00e4hige Preise f\u00fcr Aluminiumprofilfenster anzubieten, die durch kostenlose Bildpr\u00e4sentationen zur Best\u00e4tigung des Designs erg\u00e4nzt werden.\n<\/p>\n<p><\/p>\n<p><b>9 Wie bewerte ich Unternehmen, die Aluminiumprofile f\u00fcr die Fensterherstellung in China herstellen?<\/b><\/p>\n<p>\u00dcberpr\u00fcfen Sie das Portfolio der Aluminiumprofil-Fenster, sehen Sie sich die hochaufl\u00f6senden Bildpr\u00e4sentationen an, lesen Sie die Kundenstimmen und \u00fcberpr\u00fcfen Sie die Zertifizierungen.\n<\/p>\n<p><\/p>\n<p><b>10. wo kann ich Bildpr\u00e4sentationen von Unternehmen finden, die Fenster aus Aluminiumprofilen in China extrudieren?<\/b><\/p>\n<p>Besuchen Sie die offiziellen Websites oder Produktkataloge f\u00fchrender chinesischer Extrudeure, um umfassende Bildpr\u00e4sentationen und technische Datenbl\u00e4tter herunterzuladen.\n<\/p>\n<p><\/p>","protected":false},"featured_media":6265,"template":"","categories":[59],"class_list":["post-6266","product","type-product","status-publish","has-post-thumbnail","hentry","category-aluminum-window-door-system"],"meta_box":{"hilight_text_group":{"product_hilight_text":"<li>Over 20 years of extrusion expertise with annual capacity of 50,000 tons, ensuring stable supply<\/li>\r\r\n<li>Advanced CNC machining and anodizing lines to deliver precise window profiles with diverse finishes<\/li>\r\r\n<li>Comprehensive picture presentations and digital catalogs showcasing profiles, applications, and installations<\/li>\r\r\n<li>Customized design services with 3D renderings and physical samples to meet specific project needs<\/li>\r\r\n<li>ISO 9001, CE, and GAI-Labs certified for consistent quality and global compliance<\/li>\r\r\n<li>Strong OEM\/ODM capabilities supported by a dedicated R&D team for innovative extrusion solutions<\/li>\r\r\n<li>Global export experience to 50+ countries with reliable logistics partners and on-time delivery<\/li>\r\r\n<li>Full after-sales support including technical consultation, installation guidance, and spare parts supply<\/li>","product_chanpin_chanpin":"<li><a href=\"https:\/\/sinoextrud.com\/product\/aluminum-window-frame\/\" target=\"_blank\">Aluminum Window Frame<\/a><\/li>\r\n<li><a href=\"https:\/\/sinoextrud.com\/product\/aluminum-window-profile\/\" target=\"_blank\">Aluminum Window Profile<\/a><\/li>\r\n<li><a href=\"https:\/\/sinoextrud.com\/product\/aluminum-casement-window-double-hung-single-hung-jalousie-security-door-and-window\/\" target=\"_blank\">aluminum casement window Double Hung Single Hung Jalousie Security Door And Window<\/a><\/li>\r\n<li><a href=\"https:\/\/sinoextrud.com\/product\/aluminum-window\/\" target=\"_blank\">Aluminum Window<\/a><\/li>\r\n<li><a href=\"https:\/\/sinoextrud.com\/product\/aluminum-profile-windows-extrusion-companies-in-china\/\" target=\"_blank\">aluminum profile windows extrusion companies in china<\/a><\/li>\r\n<li><a href=\"https:\/\/sinoextrud.com\/product\/thermal-break-aluminium-profiles\/\" target=\"_blank\">Thermal Break Aluminium Profiles<\/a><\/li>\r\n<li><a href=\"https:\/\/sinoextrud.com\/product\/aluminium-mosquito-net-windows-and-door\/\" target=\"_blank\">Aluminium Mosquito Net Windows And Door<\/a><\/li>\r\n<li><a href=\"https:\/\/sinoextrud.com\/product\/aluminum-profile-doors\/\" target=\"_blank\">Aluminum Profile Doors<\/a><\/li>\r\n<li><a href=\"https:\/\/sinoextrud.com\/product\/aluminium-gate-fence\/\" target=\"_blank\">Aluminium gate fence<\/a><\/li>\r\n<li><a href=\"https:\/\/sinoextrud.com\/product\/aluminium-profile-workbench\/\" target=\"_blank\">Aluminium Profile Workbench<\/a><\/li>\r\n<li><a href=\"https:\/\/sinoextrud.com\/product\/anodized-extrusion-precise-round-square-aluminum-tube\/\" target=\"_blank\">Anodized Extrusion Precise Round Square Aluminum Tube<\/a><\/li>"},"feature_list":[]},"_links":{"self":[{"href":"https:\/\/sinoextrud.com\/de\/wp-json\/wp\/v2\/product\/6266","targetHints":{"allow":["GET"]}}],"collection":[{"href":"https:\/\/sinoextrud.com\/de\/wp-json\/wp\/v2\/product"}],"about":[{"href":"https:\/\/sinoextrud.com\/de\/wp-json\/wp\/v2\/types\/product"}],"wp:featuredmedia":[{"embeddable":true,"href":"https:\/\/sinoextrud.com\/de\/wp-json\/wp\/v2\/media\/6265"}],"wp:attachment":[{"href":"https:\/\/sinoextrud.com\/de\/wp-json\/wp\/v2\/media?parent=6266"}],"wp:term":[{"taxonomy":"category","embeddable":true,"href":"https:\/\/sinoextrud.com\/de\/wp-json\/wp\/v2\/categories?post=6266"}],"curies":[{"name":"wp","href":"https:\/\/api.w.org\/{rel}","templated":true}]}}