{"id":6260,"date":"2025-05-26T07:05:06","date_gmt":"2025-05-26T07:05:06","guid":{"rendered":"https:\/\/sinoextrud.com\/product\/aluminum-window-profile\/"},"modified":"2025-06-24T03:56:31","modified_gmt":"2025-06-24T03:56:31","slug":"aluminium-fensterprofil","status":"publish","type":"product","link":"https:\/\/sinoextrud.com\/de\/product\/aluminum-window-profile\/","title":{"rendered":"Aluminium-Fensterprofil"},"content":{"rendered":"<h2>Produkte Details<\/h2>\n<table class=\"custom-table\">\n<tr>\n<td class=\"label\">Artikel<\/td>\n<td>Fensterprofil aus Aluminium<\/td>\n<\/tr>\n<tr>\n<td class=\"label\">Material<\/td>\n<td>Legierung 6063 T5 Nationale Norm<\/td>\n<\/tr>\n<tr>\n<td class=\"label\">Anmeldung<\/td>\n<td>Fenster und T\u00fcren aus Aluminium<\/td>\n<\/tr>\n<tr>\n<td class=\"label\">Zertifikat<\/td>\n<td>ISO9001, ISO14001<\/td>\n<\/tr>\n<tr>\n<td class=\"label\">F\u00e4higkeit<\/td>\n<td>Jahresproduktion mehr als 30.000 Tonnen<\/td>\n<\/tr>\n<tr>\n<td class=\"label\">Farbe<\/td>\n<td>Kundenspezifisch verf\u00fcgbar<\/td>\n<\/tr>\n<tr>\n<td class=\"label\">L\u00e4nge<\/td>\n<td>1-9 Meter oder kundenspezifisch<\/td>\n<\/tr>\n<tr>\n<td class=\"label\">Dicke<\/td>\n<td>Kundenspezifisch<\/td>\n<\/tr>\n<tr>\n<td class=\"label\">Oberfl\u00e4che<\/td>\n<td>Eloxieren, Pulverbeschichtung, Holzmaserungstransfer, Elektrophorese, etc.<\/td>\n<\/tr>\n<tr>\n<td class=\"label\">Anmeldung<\/td>\n<td>Fenster- und T\u00fcrprofile aus Aluminium, Vorhangfassade<\/td>\n<\/tr>\n<tr>\n<td class=\"label\">Hafen laden<\/td>\n<td>Foshan, Shenzhen, Guangzhou<\/td>\n<\/tr>\n<tr>\n<td class=\"label\">Zahlung<\/td>\n<td>T\/T, 30% Anzahlung, der Restbetrag ist vor der Lieferung zu begleichen<\/td>\n<\/tr>\n<tr>\n<td class=\"label\">Paket<\/td>\n<td>1. innen: mit Kunststoff-Schutzfolie verpackt, um jedes Profil zu sch\u00fctzen<br \/>2. au\u00dfen: mit wasserfestem Bastelpapier verpackt<\/td>\n<\/tr>\n<tr>\n<td class=\"label\">Lieferung<\/td>\n<td>25-30 Tage nach der Anzahlung<\/td>\n<\/tr>\n<tr>\n<td class=\"label\">Reihenfolge der Bestellung<\/td>\n<td>1. Best\u00e4tigen Sie die Zeichnungen, die Oberfl\u00e4chenbehandlung und den Preis;<br \/>2. Bezahlen Sie die Formgeb\u00fchr und wir beginnen mit der Herstellung der Formen;<br \/>3. Wir senden Ihnen Muster f\u00fcr Ihre Best\u00e4tigung;<br \/>4. Machen Sie die Zahlung von 30% Kaution, die Produktion zu starten;<\/td>\n<\/tr>\n<\/table>\n<h2>Unsere Produktionsbasis<\/h2>\n<h3>Fabrik-Panorama<\/h3>\n<p><img decoding=\"async\" src=\"\/wp-content\/uploads\/factory-01.webp\"\/><\/p>\n<h3>Werkstatt zur Herstellung von Aluminiumstangen<\/h3>\n<p><img decoding=\"async\" src=\"\/wp-content\/uploads\/factory-02.webp\"\/><\/p>\n<p><img decoding=\"async\" src=\"\/wp-content\/uploads\/factory-03.webp\"\/><\/p>\n<h3>Lagerhaus f\u00fcr Formen<\/h3>\n<p><img decoding=\"async\" src=\"\/wp-content\/uploads\/factory-04.webp\"\/><\/p>\n<h3>43 Aluminium-Strangpressanlagen (500\u00e2\u20ac\"5500 Tonnen)<\/h3>\n<p><img decoding=\"async\" src=\"\/wp-content\/uploads\/factory-05.webp\"\/><\/p>\n<p><img decoding=\"async\" src=\"\/wp-content\/uploads\/factory-06.webp\"\/><\/p>\n<p><img decoding=\"async\" src=\"\/wp-content\/uploads\/factory-07.webp\"\/><\/p>\n<h3>Werkstatt f\u00fcr Pulverbeschichtung<\/h3>\n<p><img decoding=\"async\" src=\"\/wp-content\/uploads\/factory-09.webp\"\/><\/p>\n<h3>Eloxal-Werkstatt<\/h3>\n<p><img decoding=\"async\" src=\"\/wp-content\/uploads\/factory-10.webp\"\/><\/p>\n<h3>Workshop zur Tiefenverarbeitung<\/h3>\n<p><img decoding=\"async\" src=\"\/wp-content\/uploads\/factory-11.webp\"\/><\/p>\n<h3>CNC-Pr\u00e4zisionsbearbeitungswerkstatt<\/h3>\n<p><img decoding=\"async\" src=\"\/wp-content\/uploads\/factory-11.5.webp\"\/><\/p>\n<h3>Lager f\u00fcr Fertigprodukte und Export<\/h3>\n<p><img decoding=\"async\" src=\"\/wp-content\/uploads\/factory-12.webp\"\/><\/p>\n<p><img decoding=\"async\" src=\"\/wp-content\/uploads\/factory-13.webp\"\/><\/p>\n<p><img decoding=\"async\" src=\"\/wp-content\/uploads\/factory-14.webp\"\/><\/p>\n<h2>FAQ<\/h2>\n<p><p><b>1. was ist ein Aluminium-Fensterprofil?<\/b><\/p>\n<p>Ein Aluminium-Fensterprofil ist eine pr\u00e4zisionsgepresste Rahmenkomponente aus einer hochwertigen Aluminiumlegierung, die zur Aufnahme von Glasscheiben und zur Herstellung langlebiger Fensterkonstruktionen dient.<br \/>\n<\/p><br \/>\n<br \/>\n<p><b>2. warum ein Aluminium-Fensterprofil f\u00fcr modernes Bauen w\u00e4hlen?<\/b><\/p>\n<p>Ein Aluminium-Fensterprofil bietet eine elegante \u00c4sthetik, ein hohes Verh\u00e4ltnis von Festigkeit zu Gewicht und eine ausgezeichnete Dimensionsstabilit\u00e4t f\u00fcr moderne architektonische Designs.<br \/>\n<\/p><br \/>\n<br \/>\n<p><b>3. wie verbessert ein Aluminium-Fensterprofil die thermische Leistung?<\/b><\/p>\n<p>Thermisch getrennte Aluminium-Fensterprofile enthalten isolierende Barrieren, um die W\u00e4rme\u00fcbertragung zu reduzieren, die Energieeffizienz zu verbessern und die Betriebskosten zu senken.<br \/>\n<\/p><br \/>\n<br \/>\n<p><b>4. sind Aluminium-Fensterprofile korrosionsbest\u00e4ndig?<\/b><\/p>\n<p>Aluminium-Fensterprofile sind rost-, UV- und witterungsbest\u00e4ndig und gew\u00e4hrleisten eine lange Lebensdauer in k\u00fcstennahen und feuchten Umgebungen.<br \/>\n<\/p><br \/>\n<br \/>\n<p><b>5. k\u00f6nnen Aluminium-Fenster-Profile angepasst werden?<\/b><\/p>\n<p>Ja, Aluminium-Fensterprofile unterst\u00fctzen kundenspezifische Strangpressformen, Pulverbeschichtungen, Eloxierungen und Farbanpassungen, um jedem architektonischen Stil gerecht zu werden.<br \/>\n<\/p><br \/>\n<br \/>\n<p><b>6. welche Wartungsarbeiten sind bei Aluminium-Fensterprofilen erforderlich?<\/b><\/p>\n<p>Die wartungsarmen Aluminium-Fensterprofile m\u00fcssen nur regelm\u00e4\u00dfig gereinigt und inspiziert werden, da die werkseitig aufgetragenen Beschichtungen haltbar sind und Verrottung verhindern.<br \/>\n<\/p><br \/>\n<br \/>\n<p><b>7. erh\u00f6hen Aluminium-Fensterprofile die Sicherheit?<\/b><\/p>\n<p>Verst\u00e4rkte Aluminium-Fensterprofile k\u00f6nnen mit Mehrfachverriegelungen und Verbundglas ausgestattet werden und bieten einen hohen Widerstand gegen gewaltsames Eindringen.<br \/>\n<\/p><br \/>\n<br \/>\n<p><b>8. wie tragen Aluminium-Fensterprofile zur Nachhaltigkeit bei?<\/b><\/p>\n<p>Recycelbare Aluminium-Fensterprofile reduzieren die Umweltbelastung, verbrauchen weniger Energie in der Produktion und unterst\u00fctzen gr\u00fcne Geb\u00e4udezertifizierungen wie LEED.<br \/>\n<\/p><br \/>\n<br \/>\n<p><b>9. welche Gestaltungsm\u00f6glichkeiten gibt es bei Aluminium-Fensterprofilen?<\/b><\/p>\n<p>Aluminium-Fensterprofile bieten Optionen wie schmale Sichtlinien, integrierte Entw\u00e4sserungsrinnen und verdeckte Beschl\u00e4ge f\u00fcr eine klare, moderne \u00c4sthetik.<br \/>\n<\/p><br \/>\n<br \/>\n<p><b>10. wo kann ich hochwertige Aluminium-Fensterprofile beziehen?<\/b><\/p>\n<p>F\u00fchrende Anbieter von Strangpressprofilen bieten zertifizierte Aluminium-Fensterprofile nach ISO- und EN-Normen, weltweiten Vertrieb und fachkundige technische Unterst\u00fctzung.<br \/>\n<\/p><br \/><\/p>","protected":false},"featured_media":6259,"template":"","categories":[59],"class_list":["post-6260","product","type-product","status-publish","has-post-thumbnail","hentry","category-aluminum-window-door-system"],"meta_box":{"hilight_text_group":{"product_hilight_text":"<li>Made from 6063-T5 aluminum alloy for high strength and corrosion resistance<\/li>\r\r\n<li>Precision-extruded with \u00c2\u00b10.1 mm tolerance for seamless assembly<\/li>\r\r\n<li>Optional thermal break feature to enhance insulation and reduce energy costs<\/li>\r\r\n<li>Multiple finish options (anodized, powder-coated) for aesthetic versatility<\/li>\r\r\n<li>Integrated drainage and ventilation channels to prevent water buildup<\/li>\r\r\n<li>Standardized profile compatible with common glazing beads and seals<\/li>\r\r\n<li>Pre-drilled mounting holes for quick, error-free installation<\/li>\r\r\n<li>Lightweight yet durable construction lowers shipping and handling expenses<\/li>","product_chanpin_chanpin":"<li><a href=\"https:\/\/sinoextrud.com\/product\/extruded-aluminum-sliding-channel\/\" target=\"_blank\">Extruded Aluminum Sliding Channel<\/a><\/li>\r\n<li><a href=\"https:\/\/sinoextrud.com\/product\/aluminum-door-frame-profile\/\" target=\"_blank\">Aluminum Door Frame Profile<\/a><\/li>\r\n<li><a href=\"https:\/\/sinoextrud.com\/product\/sliding-window-aluminum-window-track\/\" target=\"_blank\">Sliding Window Aluminum Window Track<\/a><\/li>\r\n<li><a href=\"https:\/\/sinoextrud.com\/product\/aluminum-window-frame\/\" target=\"_blank\">Aluminum Window Frame<\/a><\/li>\r\n<li><a href=\"https:\/\/sinoextrud.com\/product\/aluminum-window-profile\/\" target=\"_blank\">Aluminum Window Profile<\/a><\/li>\r\n<li><a href=\"https:\/\/sinoextrud.com\/product\/aluminum-casement-window-double-hung-single-hung-jalousie-security-door-and-window\/\" target=\"_blank\">aluminum casement window Double Hung Single Hung Jalousie Security Door And Window<\/a><\/li>\r\n<li><a href=\"https:\/\/sinoextrud.com\/product\/aluminum-window\/\" target=\"_blank\">Aluminum Window<\/a><\/li>\r\n<li><a href=\"https:\/\/sinoextrud.com\/product\/aluminum-profile-windows-extrusion-companies-in-china\/\" target=\"_blank\">aluminum profile windows extrusion companies in china<\/a><\/li>\r\n<li><a href=\"https:\/\/sinoextrud.com\/product\/thermal-break-aluminium-profiles\/\" target=\"_blank\">Thermal Break Aluminium Profiles<\/a><\/li>\r\n<li><a href=\"https:\/\/sinoextrud.com\/product\/aluminum-profile-cnc-machining\/\" target=\"_blank\">Aluminum Profile CNC Machining<\/a><\/li>\r\n<li><a href=\"https:\/\/sinoextrud.com\/product\/aluminum-extrusion-aluminum-fence-panel-profile\/\" target=\"_blank\">Aluminum Extrusion Aluminum Fence Panel Profile<\/a><\/li>"},"feature_list":[]},"_links":{"self":[{"href":"https:\/\/sinoextrud.com\/de\/wp-json\/wp\/v2\/product\/6260","targetHints":{"allow":["GET"]}}],"collection":[{"href":"https:\/\/sinoextrud.com\/de\/wp-json\/wp\/v2\/product"}],"about":[{"href":"https:\/\/sinoextrud.com\/de\/wp-json\/wp\/v2\/types\/product"}],"wp:featuredmedia":[{"embeddable":true,"href":"https:\/\/sinoextrud.com\/de\/wp-json\/wp\/v2\/media\/6259"}],"wp:attachment":[{"href":"https:\/\/sinoextrud.com\/de\/wp-json\/wp\/v2\/media?parent=6260"}],"wp:term":[{"taxonomy":"category","embeddable":true,"href":"https:\/\/sinoextrud.com\/de\/wp-json\/wp\/v2\/categories?post=6260"}],"curies":[{"name":"wp","href":"https:\/\/api.w.org\/{rel}","templated":true}]}}