{"id":6254,"date":"2025-05-26T06:54:55","date_gmt":"2025-05-26T06:54:55","guid":{"rendered":"https:\/\/sinoextrud.com\/product\/aluminum-door-frame-profile\/"},"modified":"2025-06-24T03:55:59","modified_gmt":"2025-06-24T03:55:59","slug":"aluminium-turrahmenprofil","status":"publish","type":"product","link":"https:\/\/sinoextrud.com\/de\/product\/aluminum-door-frame-profile\/","title":{"rendered":"Aluminium T\u00fcrrahmenprofil"},"content":{"rendered":"<h2>Produkte Details<\/h2>\n<table class=\"custom-table\">\n<tr>\n<td class=\"label\">Produktname<\/td>\n<td>Aluminium T\u00fcrrahmenprofil<\/td>\n<\/tr>\n<tr>\n<td class=\"label\">Material<\/td>\n<td>6063,6061.<\/td>\n<\/tr>\n<tr>\n<td class=\"label\">Temperament<\/td>\n<td>T3-T8<\/td>\n<\/tr>\n<tr>\n<td class=\"label\">Farbe<\/td>\n<td>Eloxiertes Silber, Holzmaserung oder andere kundenspezifische Farbe<\/td>\n<\/tr>\n<tr>\n<td class=\"label\">Typische Bewerbung<\/td>\n<td>Fenster und T\u00fcren<\/td>\n<\/tr>\n<tr>\n<td class=\"label\">CNC-Verfahren<\/td>\n<td>Unterst\u00fctzt CNC-Fr\u00e4sen, Stanzen, Bohren, Gewindeschneiden, Biegen<\/td>\n<\/tr>\n<tr>\n<td class=\"label\">MOQ<\/td>\n<td>200KG<\/td>\n<\/tr>\n<tr>\n<td class=\"label\">Oberfl\u00e4chenbehandlung<\/td>\n<td>Holzmaserung, Eloxierung, Pulverbeschichtung, Elektrophorese, PVDF-Beschichtung, geb\u00fcrstet usw.<\/td>\n<\/tr>\n<tr>\n<td class=\"label\">Zertifizierungen<\/td>\n<td>ISO9001, ISO4001, CQM, SGS, CE, BV usw.<\/td>\n<\/tr>\n<tr>\n<td class=\"label\">Herkunftsort<\/td>\n<td>Guangdong, China<\/td>\n<\/tr>\n<\/table>\n<h2>Unsere Produktionsbasis<\/h2>\n<h3>Fabrik-Panorama<\/h3>\n<p><img decoding=\"async\" src=\"\/wp-content\/uploads\/factory-01.webp\"\/><\/p>\n<h3>Werkstatt zur Herstellung von Aluminiumstangen<\/h3>\n<p><img decoding=\"async\" src=\"\/wp-content\/uploads\/factory-02.webp\"\/><\/p>\n<p><img decoding=\"async\" src=\"\/wp-content\/uploads\/factory-03.webp\"\/><\/p>\n<h3>Lagerhaus f\u00fcr Formen<\/h3>\n<p><img decoding=\"async\" src=\"\/wp-content\/uploads\/factory-04.webp\"\/><\/p>\n<h3>43 Aluminium-Strangpressanlagen (500\u00e2\u20ac\"5500 Tonnen)<\/h3>\n<p><img decoding=\"async\" src=\"\/wp-content\/uploads\/factory-05.webp\"\/><\/p>\n<p><img decoding=\"async\" src=\"\/wp-content\/uploads\/factory-06.webp\"\/><\/p>\n<p><img decoding=\"async\" src=\"\/wp-content\/uploads\/factory-07.webp\"\/><\/p>\n<h3>Werkstatt f\u00fcr Pulverbeschichtung<\/h3>\n<p><img decoding=\"async\" src=\"\/wp-content\/uploads\/factory-09.webp\"\/><\/p>\n<h3>Eloxal-Werkstatt<\/h3>\n<p><img decoding=\"async\" src=\"\/wp-content\/uploads\/factory-10.webp\"\/><\/p>\n<h3>Workshop zur Tiefenverarbeitung<\/h3>\n<p><img decoding=\"async\" src=\"\/wp-content\/uploads\/factory-11.webp\"\/><\/p>\n<h3>CNC-Pr\u00e4zisionsbearbeitungswerkstatt<\/h3>\n<p><img decoding=\"async\" src=\"\/wp-content\/uploads\/factory-11.5.webp\"\/><\/p>\n<h3>Lager f\u00fcr Fertigprodukte und Export<\/h3>\n<p><img decoding=\"async\" src=\"\/wp-content\/uploads\/factory-12.webp\"\/><\/p>\n<p><img decoding=\"async\" src=\"\/wp-content\/uploads\/factory-13.webp\"\/><\/p>\n<p><img decoding=\"async\" src=\"\/wp-content\/uploads\/factory-14.webp\"\/><\/p>\n<h2>FAQ<\/h2>\n<p><p><b>1. was ist ein Aluminium-T\u00fcrrahmenprofil?<\/b><\/p>\n<p>Ein T\u00fcrrahmenprofil aus Aluminium ist ein pr\u00e4zisionsgepresstes Aluminiumprofil, das den strukturellen Rahmen f\u00fcr Innen- und Au\u00dfent\u00fcren bildet.<br \/>\n<\/p><br \/>\n<br \/>\n<p><b>2. warum ein Aluminium-T\u00fcrrahmenprofil w\u00e4hlen?<\/b><\/p>\n<p>Aluminium-T\u00fcrrahmenprofile bieten im Vergleich zu Stahl- oder Holzrahmen eine au\u00dfergew\u00f6hnliche Haltbarkeit, eine leichte Konstruktion und eine \u00fcberlegene Korrosionsbest\u00e4ndigkeit.<br \/>\n<\/p><br \/>\n<br \/>\n<p><b>3. wie verbessert ein Aluminium-T\u00fcrrahmenprofil die Energieeffizienz?<\/b><\/p>\n<p>Energieeffiziente Aluminium-T\u00fcrrahmenprofile verf\u00fcgen \u00fcber eine thermische Trennung und ein Mehrkammersystem, um die W\u00e4rme\u00fcbertragung zu minimieren und die Energiekosten zu senken.<br \/>\n<\/p><br \/>\n<br \/>\n<p><b>4. sind Aluminium-T\u00fcrrahmenprofile anpassbar?<\/b><\/p>\n<p>Ja, Aluminium-T\u00fcrrahmenprofile k\u00f6nnen mit verschiedenen Querschnitten, Oberfl\u00e4chen und Eloxal- oder Pulverbeschichtungsfarben kundenspezifisch stranggepresst werden, damit sie zu jedem architektonischen Stil passen.<br \/>\n<\/p><br \/>\n<br \/>\n<p><b>5. welche Vorteile bieten die Aluminium-T\u00fcrrahmenprofile bei der Installation?<\/b><\/p>\n<p>Aluminium-T\u00fcrrahmenprofile zeichnen sich durch pr\u00e4zise Toleranzen und integrierte Dichtungskan\u00e4le aus, die eine schnelle und genaue Montage sowie eine luftdichte Abdichtung erm\u00f6glichen.<br \/>\n<\/p><br \/>\n<br \/>\n<p><b>6. wie verhalten sich Aluminium-T\u00fcrrahmenprofile in rauen Umgebungen?<\/b><\/p>\n<p>Witterungsbest\u00e4ndige T\u00fcrrahmenprofile aus Aluminium widerstehen UV-Strahlung, Feuchtigkeit und extremen Temperaturen, ohne sich zu verziehen oder zu verblassen.<br \/>\n<\/p><br \/>\n<br \/>\n<p><b>7. k\u00f6nnen Aluminium-T\u00fcrrahmenprofile die Sicherheit verbessern?<\/b><\/p>\n<p>Ja, verst\u00e4rkte Aluminium-T\u00fcrrahmenprofile unterst\u00fctzen Mehrpunktverriegelungssysteme und robuste Beschl\u00e4ge f\u00fcr verbesserte T\u00fcrsicherheit.<br \/>\n<\/p><br \/>\n<br \/>\n<p><b>8. welche Wartung ist f\u00fcr Aluminium-T\u00fcrrahmen-Profile erforderlich?<\/b><\/p>\n<p>Die wartungsarmen Aluminium-T\u00fcrrahmenprofile m\u00fcssen nur regelm\u00e4\u00dfig gereinigt und \u00fcberpr\u00fcft werden und sind im Laufe der Zeit rost- und verrottungsbest\u00e4ndig.<br \/>\n<\/p><br \/>\n<br \/>\n<p><b>9. sind T\u00fcrrahmenprofile aus Aluminium umweltfreundlich?<\/b><\/p>\n<p>Recycelbare T\u00fcrrahmenprofile aus Aluminium reduzieren die Umweltbelastung und unterst\u00fctzen nachhaltige Geb\u00e4udezertifizierungen wie LEED.<br \/>\n<\/p><br \/>\n<br \/>\n<p><b>10. wo kann ich hochwertige Aluminium-T\u00fcrrahmenprofile beziehen?<\/b><\/p>\n<p>F\u00fchrende Hersteller von T\u00fcrrahmenprofilen aus Aluminium bieten ISO-zertifizierte Produkte, weltweiten Vertrieb und technische Unterst\u00fctzung f\u00fcr T\u00fcrrahmenl\u00f6sungen.<br \/>\n<\/p><br \/><\/p>","protected":false},"featured_media":6253,"template":"","categories":[59],"class_list":["post-6254","product","type-product","status-publish","has-post-thumbnail","hentry","category-aluminum-window-door-system"],"meta_box":{"hilight_text_group":{"product_hilight_text":"<li>Constructed from 6063-T5 aluminum alloy for superior strength and rigidity<\/li>\r\r\n<li>Precision-milled profiles with tolerances down to \u00c2\u00b10.1 mm for perfect fit<\/li>\r\r\n<li>Integrated thermal break option to enhance energy efficiency and reduce condensation<\/li>\r\r\n<li>Customizable finishes (anodized, powder-coated) for corrosion resistance and aesthetic matching<\/li>\r\r\n<li>Standardized groove design compatible with glazing beads and weather seals<\/li>\r\r\n<li>Pre-drilled mounting holes and snap-in corner connectors for fast, error-free installation<\/li>\r\r\n<li>Lightweight construction (2.70 g\/cm3) lowers shipping cost and eases handling<\/li>\r\r\n<li>RoHS-compliant and fully recyclable for sustainable building projects<\/li>","product_chanpin_chanpin":"<li><a href=\"https:\/\/sinoextrud.com\/product\/aluminum-extrusion-aerospace-grade-2024-aluminum-alloy-tubes\/\" target=\"_blank\">Aluminum Extrusion Aerospace-Grade 2024 Aluminum Alloy Tubes<\/a><\/li>\r\n<li><a href=\"https:\/\/sinoextrud.com\/product\/aluminum-casement-door\/\" target=\"_blank\">Aluminum Casement Door<\/a><\/li>\r\n<li><a href=\"https:\/\/sinoextrud.com\/product\/6063t6-aluminium-profile-corner\/\" target=\"_blank\">6063T6 Aluminium Profile Corner<\/a><\/li>\r\n<li><a href=\"https:\/\/sinoextrud.com\/product\/extruded-aluminum-sliding-channel\/\" target=\"_blank\">Extruded Aluminum Sliding Channel<\/a><\/li>\r\n<li><a href=\"https:\/\/sinoextrud.com\/product\/aluminum-door-frame-profile\/\" target=\"_blank\">Aluminum Door Frame Profile<\/a><\/li>\r\n<li><a href=\"https:\/\/sinoextrud.com\/product\/sliding-window-aluminum-window-track\/\" target=\"_blank\">Sliding Window Aluminum Window Track<\/a><\/li>\r\n<li><a href=\"https:\/\/sinoextrud.com\/product\/aluminum-window-frame\/\" target=\"_blank\">Aluminum Window Frame<\/a><\/li>\r\n<li><a href=\"https:\/\/sinoextrud.com\/product\/aluminum-window-profile\/\" target=\"_blank\">Aluminum Window Profile<\/a><\/li>\r\n<li><a href=\"https:\/\/sinoextrud.com\/product\/aluminum-casement-window-double-hung-single-hung-jalousie-security-door-and-window\/\" target=\"_blank\">aluminum casement window Double Hung Single Hung Jalousie Security Door And Window<\/a><\/li>\r\n<li><a href=\"https:\/\/sinoextrud.com\/product\/flat-aluminum-extrusions\/\" target=\"_blank\">Flat Aluminum Extrusions<\/a><\/li>\r\n<li><a href=\"https:\/\/sinoextrud.com\/product\/extruded-aluminium-round-tube\/\" target=\"_blank\">Extruded Aluminium Round Tube<\/a><\/li>"},"feature_list":[]},"_links":{"self":[{"href":"https:\/\/sinoextrud.com\/de\/wp-json\/wp\/v2\/product\/6254","targetHints":{"allow":["GET"]}}],"collection":[{"href":"https:\/\/sinoextrud.com\/de\/wp-json\/wp\/v2\/product"}],"about":[{"href":"https:\/\/sinoextrud.com\/de\/wp-json\/wp\/v2\/types\/product"}],"wp:featuredmedia":[{"embeddable":true,"href":"https:\/\/sinoextrud.com\/de\/wp-json\/wp\/v2\/media\/6253"}],"wp:attachment":[{"href":"https:\/\/sinoextrud.com\/de\/wp-json\/wp\/v2\/media?parent=6254"}],"wp:term":[{"taxonomy":"category","embeddable":true,"href":"https:\/\/sinoextrud.com\/de\/wp-json\/wp\/v2\/categories?post=6254"}],"curies":[{"name":"wp","href":"https:\/\/api.w.org\/{rel}","templated":true}]}}