{"id":6230,"date":"2025-05-26T03:12:26","date_gmt":"2025-05-26T03:12:26","guid":{"rendered":"https:\/\/sinoextrud.com\/?post_type=product&#038;p=6230"},"modified":"2025-06-24T03:55:22","modified_gmt":"2025-06-24T03:55:22","slug":"aluminium-strangpressen-7003-7075-aluminium-profil-cnc","status":"publish","type":"product","link":"https:\/\/sinoextrud.com\/de\/product\/aluminum-extrusion-7003-7075-aluminum-profile-cnc\/","title":{"rendered":"Aluminium Strangpressen 7003 7075 Pilates Ausr\u00fcstung Aluminium Profil CNC Pr\u00e4zision Aluminium Profil"},"content":{"rendered":"<h2>Produkte Details<\/h2>\n<table class=\"custom-table\">\n<tr>\n<td class=\"label\">Artikel<\/td>\n<td>Aluminium Strangpressen 7003 7075 Pilates Ausr\u00fcstung Aluminium Profil CNC Pr\u00e4zision Aluminium Profil<\/td>\n<\/tr>\n<tr>\n<td class=\"label\">Temperament<\/td>\n<td>T3-T8<\/td>\n<\/tr>\n<tr>\n<td class=\"label\">Prozessablauf<\/td>\n<td>Formentwicklung-Aluminiumbarren-Erw\u00e4rmung-Formgebung mit Rohaluminium-Aluminiumstrangpressen-CNC-Bearbeitung-Oberfl\u00e4chenbehandlung-QC-Verpackung &amp; Lieferung<\/td>\n<\/tr>\n<tr>\n<td class=\"label\">Anmeldung<\/td>\n<td>Flugzeugkomponenten, Strukturteile und Hochleistungsger\u00e4te<\/td>\n<\/tr>\n<tr>\n<td class=\"label\">Form<\/td>\n<td>Personalisierung<\/td>\n<\/tr>\n<tr>\n<td class=\"label\">Oberfl\u00e4chenbehandlung<\/td>\n<td>Fr\u00e4sen, Eloxieren, Pulverbeschichten, Sandstrahlen, Elektrophorese, B\u00fcrsten, Polieren, etc.<\/td>\n<\/tr>\n<tr>\n<td class=\"label\">Tiefgehende Verarbeitung<\/td>\n<td>Schneiden, Bohren, Bearbeiten, Stanzen, Biegen, Gewindeschneiden usw.<\/td>\n<\/tr>\n<tr>\n<td class=\"label\">MOQ<\/td>\n<td>200KG f\u00fcr jedes Profil<\/td>\n<\/tr>\n<tr>\n<td class=\"label\">Lieferfrist<\/td>\n<td>15-25 Tage<\/td>\n<\/tr>\n<tr>\n<td class=\"label\">Kostenlose Probe<\/td>\n<td>1-3 Tage k\u00f6nnen gesendet werden<\/td>\n<\/tr>\n<tr>\n<td class=\"label\">ODM\/OEM<\/td>\n<td>Annehmbar<\/td>\n<\/tr>\n<\/table>\n<h2>Unsere Produktionsbasis<\/h2>\n<h3>Fabrik-Panorama<\/h3>\n<p><img decoding=\"async\" src=\"\/wp-content\/uploads\/factory-01.webp\"\/><\/p>\n<h3>Werkstatt zur Herstellung von Aluminiumstangen<\/h3>\n<p><img decoding=\"async\" src=\"\/wp-content\/uploads\/factory-02.webp\"\/><\/p>\n<\/p>\n<p><img decoding=\"async\" src=\"\/wp-content\/uploads\/factory-03.webp\"\/><\/p>\n<h3>Lagerhaus f\u00fcr Formen<\/h3>\n<p><img decoding=\"async\" src=\"\/wp-content\/uploads\/factory-04.webp\"\/><\/p>\n<h3>43 Aluminium-Strangpressanlagen (500\u00e2\u20ac\"5500 Tonnen)<\/h3>\n<p><img decoding=\"async\" src=\"\/wp-content\/uploads\/factory-05.webp\"\/><\/p>\n<p><img decoding=\"async\" src=\"\/wp-content\/uploads\/factory-06.webp\"\/><\/p>\n<p><img decoding=\"async\" src=\"\/wp-content\/uploads\/factory-07.webp\"\/><\/p>\n<h3>Werkstatt f\u00fcr Pulverbeschichtung<\/h3>\n<p><img decoding=\"async\" src=\"\/wp-content\/uploads\/factory-09.webp\"\/><\/p>\n<h3>Eloxal-Werkstatt<\/h3>\n<p><img decoding=\"async\" src=\"\/wp-content\/uploads\/factory-10.webp\"\/><\/p>\n<h3>Workshop zur Tiefenverarbeitung<\/h3>\n<p><img decoding=\"async\" src=\"\/wp-content\/uploads\/factory-11.webp\"\/><\/p>\n<h3>CNC-Pr\u00e4zisionsbearbeitungswerkstatt<\/h3>\n<p><img decoding=\"async\" src=\"\/wp-content\/uploads\/factory-11.5.webp\"\/><\/p>\n<h3>Lager f\u00fcr Fertigprodukte und Export<\/h3>\n<p><img decoding=\"async\" src=\"\/wp-content\/uploads\/factory-12.webp\"\/><\/p>\n<p><img decoding=\"async\" src=\"\/wp-content\/uploads\/factory-13.webp\"\/><\/p>\n<p><img decoding=\"async\" src=\"\/wp-content\/uploads\/factory-14.webp\"\/><\/p>\n<h2>FAQ<\/h2>\n<p><b>1. was sind die Aluminiumprofile 7003 und 7075 f\u00fcr Pilatesger\u00e4te? <\/b><\/p>\n<p> Es handelt sich um hochfeste, stranggepresste Aluminiumprofile aus 7003- und 7075-Legierungen, die speziell f\u00fcr langlebige, leichte Pilates-Ger\u00e4terahmen entwickelt wurden.\n<\/p>\n<p><\/p>\n<p><b>2) Welche Vorteile bieten die Aluminiumprofile 7003 und 7075 f\u00fcr Pilates-Ger\u00e4te? <\/b><\/p>\n<p> Diese Profile bieten ein ausgezeichnetes Verh\u00e4ltnis von Festigkeit zu Gewicht, Korrosionsbest\u00e4ndigkeit und hohe Pr\u00e4zision und gew\u00e4hrleisten robuste und dennoch leichte Pilates-Ger\u00e4te.\n<\/p>\n<p><\/p>\n<p><b>3. warum 7003 und 7075 Aluminiumlegierungen f\u00fcr CNC-Pr\u00e4zisionsprofile w\u00e4hlen? <\/b><\/p>\n<p> Die Legierungen 7003 und 7075 bieten eine hervorragende Zerspanbarkeit und mechanische Festigkeit und eignen sich daher ideal f\u00fcr die CNC-Bearbeitung und f\u00fcr Pr\u00e4zisionskomponenten in Fitnessger\u00e4ten.\n<\/p>\n<p><\/p>\n<p><b>4) Wie verbessern CNC-Pr\u00e4zisionsprofile aus Aluminium die Qualit\u00e4t von Pilates-Ger\u00e4ten? <\/b><\/p>\n<p> Die CNC-Bearbeitung gew\u00e4hrleistet enge Toleranzen, glatte Oberfl\u00e4chen und genaue Abmessungen, was zu zuverl\u00e4ssigen und leistungsstarken Teilen f\u00fcr Pilates-Ger\u00e4te f\u00fchrt.\n<\/p>\n<p><\/p>\n<p><b>5. sind 7003 und 7075 Aluminiumprofile korrosionsbest\u00e4ndig? <\/b><\/p>\n<p> Ja, beide Legierungen weisen eine hohe Korrosionsbest\u00e4ndigkeit auf, was f\u00fcr Pilates-Ger\u00e4te, die Schwei\u00df und feuchten Umgebungen ausgesetzt sind, unerl\u00e4sslich ist.\n<\/p>\n<p><\/p>\n<p><b>6. k\u00f6nnen diese Aluminiumprofile f\u00fcr Pilates-Ger\u00e4te angepasst werden? <\/b><\/p>\n<p> Nat\u00fcrlich k\u00f6nnen 7003- und 7075-Aluminiumprofile nach Kundenwunsch stranggepresst und CNC-gefr\u00e4st werden, um spezifische Formen, Gr\u00f6\u00dfen und Oberfl\u00e4chen zu erhalten, die den Designanforderungen f\u00fcr Pilates-Ger\u00e4te entsprechen.\n<\/p>\n<p><\/p>\n<p><b>7 Welche Oberfl\u00e4chenbehandlungen sind f\u00fcr Pilates-Aluminiumprofile erh\u00e4ltlich? <\/b><\/p>\n<p> Zu den Oberfl\u00e4chen geh\u00f6ren eloxiert, pulverbeschichtet, geb\u00fcrstet und poliert, was die Haltbarkeit und \u00c4sthetik von Fitnessger\u00e4ten verbessert.\n<\/p>\n<p><\/p>\n<p><b>Bieten 7003- und 7075-Aluminiumprofile Langlebigkeit in hochbelasteten Anwendungen? <\/b><\/p>\n<p> Ja, diese Legierungen sind f\u00fcr ihre hohe Zugfestigkeit und Erm\u00fcdungsbest\u00e4ndigkeit bekannt, die eine lange Lebensdauer bei wiederholtem Gebrauch gew\u00e4hrleisten.\n<\/p>\n<p><\/p>\n<p><b>9 Warum ist leichtes Aluminium f\u00fcr Pilates-Ger\u00e4terahmen wichtig? <\/b><\/p>\n<p> Leichtes Aluminium reduziert das Gesamtgewicht des Ger\u00e4ts, wodurch die Pilates-Ger\u00e4te leichter zu bewegen sind und den Benutzern mehr Komfort bei den \u00dcbungen bieten.\n<\/p>\n<p><\/p>\n<p><b>10. wo werden 7003 und 7075 Aluminium-Strangpressprofile \u00fcblicherweise au\u00dferhalb von Pilates-Ger\u00e4ten verwendet? <\/b><\/p>\n<p> Diese hochfesten Legierungen werden aufgrund ihrer au\u00dfergew\u00f6hnlichen mechanischen Eigenschaften in der Luft- und Raumfahrt, in der Automobilindustrie, bei Sportger\u00e4ten und in der Feinmechanik eingesetzt.\n<\/p>\n<p><\/p>","protected":false},"featured_media":6229,"template":"","categories":[58],"class_list":["post-6230","product","type-product","status-publish","has-post-thumbnail","hentry","category-aluminium-extrusion-profiles"],"meta_box":{"hilight_text_group":{"product_hilight_text":"<li>High-strength 7003 and 7075 alloys ensure durability and load-bearing capacity<\/li>\r\r\n<li>CNC precision machining guarantees tight tolerances and smooth finishes<\/li>\r\r\n<li>Lightweight design improves portability without compromising stability<\/li>\r\r\n<li>Corrosion-resistant surface ideal for humid gym and fitness environments<\/li>\r\r\n<li>Custom profiles tailored for specialized Pilates equipment designs<\/li>","product_chanpin_chanpin":"<li><a href=\"https:\/\/sinoextrud.com\/product\/aluminum-extrusion-l-shaped-angle-aluminum-profile-in-china\/\" target=\"_blank\">Aluminum Extrusion L-shaped Angle Aluminum Profile in China<\/a><\/li>\r\n<li><a href=\"https:\/\/sinoextrud.com\/product\/aluminum-extrusion-1060-2024-3003-5082-6061-6082-7003-7005-7075-aluminum-alloy-profile\/\" target=\"_blank\">Aluminum Extrusion 1060 2024 3003 5082 6061 6082 7003 7005 7075 Aluminum Alloy Profile<\/a><\/li>\r\n<li><a href=\"https:\/\/sinoextrud.com\/product\/aluminum-extrusion-bathroom-mirror-cabinet-aluminum-profile\/\" target=\"_blank\">Aluminum Extrusion Bathroom Mirror Cabinet Aluminum Profile<\/a><\/li>\r\n<li><a href=\"https:\/\/sinoextrud.com\/product\/aluminum-extrusion-advertising-signs-aluminum-frame-profile\/\" target=\"_blank\">Aluminum Extrusion Advertising Signs Aluminum Frame Profile<\/a><\/li>\r\n<li><a href=\"https:\/\/sinoextrud.com\/product\/aluminum-extrusion-7003-7075-aluminum-profile-cnc\/\" target=\"_blank\">Aluminum Extrusion 7003 7075 Pilates Equipment Aluminum Profile CNC Precision Aluminum Profile<\/a><\/li>\r\n<li><a href=\"https:\/\/sinoextrud.com\/product\/aluminum-extrusion-cable-clamp-profile-cnc-custom-cable-cleat-aluminum-profile\/\" target=\"_blank\">Aluminum Extrusion Cable Clamp Profile CNC Custom Cable Cleat Aluminum Profile<\/a><\/li>\r\n<li><a href=\"https:\/\/sinoextrud.com\/product\/aluminum-extrusion-minimalist-office-partition-aluminum-profiles\/\" target=\"_blank\">Aluminum Extrusion Minimalist Office Partition Aluminum Profiles<\/a><\/li>\r\n<li><a href=\"https:\/\/sinoextrud.com\/product\/aluminum-extrusion-ultra-small-material-aluminum-frame-profile\/\" target=\"_blank\">Aluminum Extrusion Ultra-small Material Aluminum Frame Profile<\/a><\/li>\r\n<li><a href=\"https:\/\/sinoextrud.com\/product\/aluminum-extrusion-6061-6082-automotive-bumper-beam\/\" target=\"_blank\">Aluminum Extrusion 6061 6082 Automotive Bumper Beam<\/a><\/li>\r\n<li><a href=\"https:\/\/sinoextrud.com\/product\/aluminum-handrail-extrusions\/\" target=\"_blank\">Aluminum Handrail Extrusions<\/a><\/li>\r\n<li><a href=\"https:\/\/sinoextrud.com\/product\/aluminum-extrusion-u-channel-profiles\/\" target=\"_blank\">Aluminum Extrusion U Channel Profiles<\/a><\/li>"},"feature_list":[]},"_links":{"self":[{"href":"https:\/\/sinoextrud.com\/de\/wp-json\/wp\/v2\/product\/6230","targetHints":{"allow":["GET"]}}],"collection":[{"href":"https:\/\/sinoextrud.com\/de\/wp-json\/wp\/v2\/product"}],"about":[{"href":"https:\/\/sinoextrud.com\/de\/wp-json\/wp\/v2\/types\/product"}],"wp:featuredmedia":[{"embeddable":true,"href":"https:\/\/sinoextrud.com\/de\/wp-json\/wp\/v2\/media\/6229"}],"wp:attachment":[{"href":"https:\/\/sinoextrud.com\/de\/wp-json\/wp\/v2\/media?parent=6230"}],"wp:term":[{"taxonomy":"category","embeddable":true,"href":"https:\/\/sinoextrud.com\/de\/wp-json\/wp\/v2\/categories?post=6230"}],"curies":[{"name":"wp","href":"https:\/\/api.w.org\/{rel}","templated":true}]}}