{"id":6223,"date":"2025-05-26T03:01:27","date_gmt":"2025-05-26T03:01:27","guid":{"rendered":"https:\/\/sinoextrud.com\/product\/aluminum-extrusion-1060-2024-3003-5082-6061-6082-7003-7005-7075-aluminum-alloy-profile\/"},"modified":"2025-06-24T03:55:15","modified_gmt":"2025-06-24T03:55:15","slug":"aluminium-strangpressprofil-1060-2024-3003-5082-6061-6082-7003-7005-7075-aluminiumlegierung","status":"publish","type":"product","link":"https:\/\/sinoextrud.com\/de\/product\/aluminum-extrusion-1060-2024-3003-5082-6061-6082-7003-7005-7075-aluminum-alloy-profile\/","title":{"rendered":"Aluminium-Extrusion 1060 2024 3003 5082 6061 6082 7003 7005 7075 Aluminiumlegierung Profil"},"content":{"rendered":"<h2>Produkte Details<\/h2>\n<table class=\"custom-table\">\n<tr>\n<td class=\"label\">Legierung<\/td>\n<td>Chemische Zusammensetzung<\/td>\n<td>Zugfestigkeit (MPa)<\/td>\n<td>Streckgrenze (MPa)<\/td>\n<td>Dehnung (%)<\/td>\n<td>Dichte (G\/Cm3)<\/td>\n<td>Korrosionsbest\u00e4ndigkeit<\/td>\n<td>Schwei\u00dfeignung<\/td>\n<td>Anwendungen<\/td>\n<\/tr>\n<tr>\n<td class=\"label\">1060 Aluminium<\/td>\n<td>Al 99.6% min<\/td>\n<td>70-100<\/td>\n<td>30-50<\/td>\n<td>5-20<\/td>\n<td>2.70<\/td>\n<td>Ausgezeichnet<\/td>\n<td>Gut<\/td>\n<td>Elektrische und chemische Anwendungen<\/td>\n<\/tr>\n<tr>\n<td class=\"label\">2024 Aluminium<\/td>\n<td>Al-Cu-Legierung<\/td>\n<td>480-570<\/td>\n<td>325-450<\/td>\n<td>3-10<\/td>\n<td>2.78<\/td>\n<td>M\u00e4\u00dfig<\/td>\n<td>Schlecht<\/td>\n<td>Luft- und Raumfahrt, milit\u00e4rische Anwendungen<\/td>\n<\/tr>\n<tr>\n<td class=\"label\">3003 Aluminium<\/td>\n<td>Al-Mn-Legierung<\/td>\n<td>130-250<\/td>\n<td>110-150<\/td>\n<td>20-25<\/td>\n<td>2.73<\/td>\n<td>Gut<\/td>\n<td>Ausgezeichnet<\/td>\n<td>Chemische Ausr\u00fcstung, Lagertanks<\/td>\n<\/tr>\n<tr>\n<td class=\"label\">5082 Aluminium<\/td>\n<td>Al-Mg-Legierung<\/td>\n<td>300-350<\/td>\n<td>240-290<\/td>\n<td>10-15<\/td>\n<td>2.66<\/td>\n<td>Ausgezeichnet<\/td>\n<td>Gut<\/td>\n<td>Marineanwendungen, Druckbeh\u00e4lter<\/td>\n<\/tr>\n<tr>\n<td class=\"label\">6061 Aluminium<\/td>\n<td>Al-Mg-Si-Legierung<\/td>\n<td>260-310<\/td>\n<td>210-270<\/td>\n<td>12-20<\/td>\n<td>2.70<\/td>\n<td>Gut<\/td>\n<td>Ausgezeichnet<\/td>\n<td>Strukturelle Anwendungen, Automobilbau<\/td>\n<\/tr>\n<tr>\n<td class=\"label\">6082 Aluminium<\/td>\n<td>Al-Mg-Si-Legierung<\/td>\n<td>260-310<\/td>\n<td>210-270<\/td>\n<td>10-12<\/td>\n<td>2.70<\/td>\n<td>Gut<\/td>\n<td>Gut<\/td>\n<td>Strukturelle Komponenten, Br\u00fccken<\/td>\n<\/tr>\n<tr>\n<td class=\"label\">7003 Aluminium<\/td>\n<td>Al-Mg-Si-Legierung<\/td>\n<td>350-450<\/td>\n<td>300-400<\/td>\n<td>8-12<\/td>\n<td>2.70<\/td>\n<td>Gut<\/td>\n<td>Gut<\/td>\n<td>Milit\u00e4r, Luft- und Raumfahrtanwendungen<\/td>\n<\/tr>\n<tr>\n<td class=\"label\">7005 Aluminium<\/td>\n<td>Al-Mg-Si-Legierung<\/td>\n<td>300-400<\/td>\n<td>250-350<\/td>\n<td>10-15<\/td>\n<td>2.70<\/td>\n<td>Gut<\/td>\n<td>Gut<\/td>\n<td>Fahrradrahmen, Sportger\u00e4te<\/td>\n<\/tr>\n<tr>\n<td class=\"label\">7075 Aluminium<\/td>\n<td>Al-Zn-Legierung<\/td>\n<td>570-700<\/td>\n<td>500-600<\/td>\n<td>5-11<\/td>\n<td>2.81<\/td>\n<td>M\u00e4\u00dfig<\/td>\n<td>Schlecht<\/td>\n<td>Luft- und Raumfahrt, hochbeanspruchte Anwendungen<\/td>\n<\/tr>\n<\/table>\n<h2>Unsere Produktionsbasis<\/h2>\n<h3>Fabrik-Panorama<\/h3>\n<p><img decoding=\"async\" src=\"\/wp-content\/uploads\/factory-01.webp\"\/><\/p>\n<h3>Werkstatt zur Herstellung von Aluminiumstangen<\/h3>\n<p><img decoding=\"async\" src=\"\/wp-content\/uploads\/factory-02.webp\"\/><\/p>\n<\/p>\n<p><img decoding=\"async\" src=\"\/wp-content\/uploads\/factory-03.webp\"\/><\/p>\n<h3>Lagerhaus f\u00fcr Formen<\/h3>\n<p><img decoding=\"async\" src=\"\/wp-content\/uploads\/factory-04.webp\"\/><\/p>\n<h3>43 Aluminium-Strangpressanlagen (500\u00e2\u20ac\"5500 Tonnen)<\/h3>\n<p><img decoding=\"async\" src=\"\/wp-content\/uploads\/factory-05.webp\"\/><\/p>\n<p><img decoding=\"async\" src=\"\/wp-content\/uploads\/factory-06.webp\"\/><\/p>\n<p><img decoding=\"async\" src=\"\/wp-content\/uploads\/factory-07.webp\"\/><\/p>\n<h3>Werkstatt f\u00fcr Pulverbeschichtung<\/h3>\n<p><img decoding=\"async\" src=\"\/wp-content\/uploads\/factory-09.webp\"\/><\/p>\n<h3>Eloxal-Werkstatt<\/h3>\n<p><img decoding=\"async\" src=\"\/wp-content\/uploads\/factory-10.webp\"\/><\/p>\n<h3>Workshop zur Tiefenverarbeitung<\/h3>\n<p><img decoding=\"async\" src=\"\/wp-content\/uploads\/factory-11.webp\"\/><\/p>\n<h3>CNC-Pr\u00e4zisionsbearbeitungswerkstatt<\/h3>\n<p><img decoding=\"async\" src=\"\/wp-content\/uploads\/factory-11.5.webp\"\/><\/p>\n<h3>Lager f\u00fcr Fertigprodukte und Export<\/h3>\n<p><img decoding=\"async\" src=\"\/wp-content\/uploads\/factory-12.webp\"\/><\/p>\n<p><img decoding=\"async\" src=\"\/wp-content\/uploads\/factory-13.webp\"\/><\/p>\n<p><img decoding=\"async\" src=\"\/wp-content\/uploads\/factory-14.webp\"\/><\/p>\n<h2>FAQ<\/h2>\n<p><b>1. was ist ein Profil aus Aluminium-Strangpressprofil 1060 2024 3003 5082 6061 6082 7003 7005 7075 Aluminiumlegierung? <\/b><\/p>\n<p> Er bezieht sich auf stranggepresste Aluminiumprofile aus einer Reihe von Aluminiumlegierungen, die jeweils spezifische mechanische Eigenschaften f\u00fcr verschiedene industrielle und strukturelle Anwendungen bieten.\n<\/p>\n<p><\/p>\n<p><b>2. was sind die Vorteile von 1060 Aluminium-Strangpressprofilen? <\/b><\/p>\n<p> 1060 Aluminiumprofile bieten eine hervorragende elektrische Leitf\u00e4higkeit, Korrosionsbest\u00e4ndigkeit und Verarbeitbarkeit und sind ideal f\u00fcr elektrische und chemische Anwendungen.\n<\/p>\n<p><\/p>\n<p><b>3. warum sollten Sie sich f\u00fcr Profile aus der Aluminiumlegierung 2024 entscheiden? <\/b><\/p>\n<p> 2024 Aluminium-Strangpressprofile bieten eine hohe Festigkeit und Erm\u00fcdungsbest\u00e4ndigkeit und werden h\u00e4ufig in der Luft- und Raumfahrt, im Transportwesen und f\u00fcr Strukturbauteile verwendet.\n<\/p>\n<p><\/p>\n<p><b>4. was sind die Merkmale von 3003 Aluminium-Legierung Extrusion Profile? <\/b><\/p>\n<p> 3003-Aluminiumprofile haben eine ausgezeichnete Korrosionsbest\u00e4ndigkeit und Formbarkeit und eignen sich daher f\u00fcr Bedachungen, Verkleidungen und Lebensmittelverarbeitungsanlagen.\n<\/p>\n<p><\/p>\n<p><b>5. 5082-Aluminiumprofile sind ideal f\u00fcr den Einsatz in der Schifffahrt? <\/b><\/p>\n<p> 5082 Aluminium-Strangpressprofile bieten eine hohe Korrosionsbest\u00e4ndigkeit in Salzwasserumgebungen und werden h\u00e4ufig im Schiffbau und bei Offshore-Konstruktionen verwendet.\n<\/p>\n<p><\/p>\n<p><b>6. was sind die Vorteile von 6061 Aluminium-Strangpressprofilen? <\/b><\/p>\n<p> 6061-Aluminiumprofile bieten eine gute mechanische Festigkeit, Schwei\u00dfbarkeit und Korrosionsbest\u00e4ndigkeit und werden h\u00e4ufig in der Automobil-, Luft- und Raumfahrtindustrie sowie f\u00fcr strukturelle Anwendungen eingesetzt.\n<\/p>\n<p><\/p>\n<p><b>7. warum Aluminiumprofile 6082 f\u00fcr den Rohbau verwenden? <\/b><\/p>\n<p> 6082-Aluminium-Strangpressprofile bieten ein ausgezeichnetes Verh\u00e4ltnis von Festigkeit zu Gewicht, gute Bearbeitbarkeit und Korrosionsbest\u00e4ndigkeit und sind ideal f\u00fcr tragende Strukturen.\n<\/p>\n<p><\/p>\n<p><b>8. was sind die St\u00e4rken von 7003 Aluminium-Strangpressprofilen? <\/b><\/p>\n<p> 7003-Aluminiumprofile bieten eine hohe Zugfestigkeit und Erm\u00fcdungsbest\u00e4ndigkeit und werden h\u00e4ufig f\u00fcr Fahrradrahmen, Transportger\u00e4te und Sportartikel verwendet.\n<\/p>\n<p><\/p>\n<p><b>9 Wie unterscheiden sich 7005-Aluminiumprofile von anderen 7xxx-Legierungen? <\/b><\/p>\n<p> 7005-Aluminium-Strangpressprofile bieten eine hohe Festigkeit bei guter Schwei\u00dfbarkeit und eignen sich daher f\u00fcr geschwei\u00dfte Strukturanwendungen wie Eisenbahnkomponenten und Fahrradrahmen.\n<\/p>\n<p><\/p>\n<p><b>10. warum wird die Aluminiumlegierung 7075 f\u00fcr Hochleistungsanwendungen verwendet? <\/b><\/p>\n<p> 7075-Aluminium-Strangpressprofile bieten eine au\u00dfergew\u00f6hnliche Festigkeit, ein geringes Gewicht und eine gute Erm\u00fcdungsbest\u00e4ndigkeit, was sie ideal f\u00fcr die Luft- und Raumfahrt, die Verteidigung und die Feinmechanik macht.\n<\/p>\n<p><\/p>\n<p><b>11. k\u00f6nnen alle diese Profile aus Aluminiumlegierung individuell angepasst werden? <\/b><\/p>\n<p> Ja, alle Aluminium-Strangpressprofile k\u00f6nnen in Form, Gr\u00f6\u00dfe, H\u00e4rtegrad und Oberfl\u00e4chenbeschaffenheit kundenspezifisch angepasst werden, um spezifische Projekt- und Industrieanforderungen zu erf\u00fcllen.\n<\/p>\n<p><\/p>","protected":false},"featured_media":6224,"template":"","categories":[58],"class_list":["post-6223","product","type-product","status-publish","has-post-thumbnail","hentry","category-aluminium-extrusion-profiles"],"meta_box":{"hilight_text_group":{"product_hilight_text":"<li>Wide range of alloy options to meet diverse mechanical and processing needs<\/li>\r\r\n<li>High strength, corrosion resistance, and machinability across different series<\/li>\r\r\n<li>Suitable for aerospace, automotive, construction, and marine applications<\/li>\r\r\n<li>Custom extrusions available for complex shapes and specific performance requirements<\/li>\r\r\n<li>Reliable quality and supply from a professional aluminum profile manufacturer<\/li>","product_chanpin_chanpin":"<li><a href=\"https:\/\/sinoextrud.com\/product\/aluminum-extrusion-6063-large-diameter-aluminum-tube\/\" target=\"_blank\">Aluminum Extrusion 6063 Large Diameter Aluminum Tube<\/a><\/li>\r\n<li><a href=\"https:\/\/sinoextrud.com\/product\/aluminium-extrusion-3003-6082-7003-7075-aluminum-profile\/\" target=\"_blank\">Aluminium Extrusion 3003 6082 7003 7075 Aluminum Profile<\/a><\/li>\r\n<li><a href=\"https:\/\/sinoextrud.com\/product\/aluminum-extruded-aluminum-roofing-profiles\/\" target=\"_blank\">Aluminum Extruded Aluminum Roofing Profiles<\/a><\/li>\r\n<li><a href=\"https:\/\/sinoextrud.com\/product\/aluminum-extrusion-l-shaped-angle-aluminum-profile-in-china\/\" target=\"_blank\">Aluminum Extrusion L-shaped Angle Aluminum Profile in China<\/a><\/li>\r\n<li><a href=\"https:\/\/sinoextrud.com\/product\/aluminum-extrusion-1060-2024-3003-5082-6061-6082-7003-7005-7075-aluminum-alloy-profile\/\" target=\"_blank\">Aluminum Extrusion 1060 2024 3003 5082 6061 6082 7003 7005 7075 Aluminum Alloy Profile<\/a><\/li>\r\n<li><a href=\"https:\/\/sinoextrud.com\/product\/aluminum-extrusion-bathroom-mirror-cabinet-aluminum-profile\/\" target=\"_blank\">Aluminum Extrusion Bathroom Mirror Cabinet Aluminum Profile<\/a><\/li>\r\n<li><a href=\"https:\/\/sinoextrud.com\/product\/aluminum-extrusion-advertising-signs-aluminum-frame-profile\/\" target=\"_blank\">Aluminum Extrusion Advertising Signs Aluminum Frame Profile<\/a><\/li>\r\n<li><a href=\"https:\/\/sinoextrud.com\/product\/aluminum-extrusion-7003-7075-aluminum-profile-cnc\/\" target=\"_blank\">Aluminum Extrusion 7003 7075 Pilates Equipment Aluminum Profile CNC Precision Aluminum Profile<\/a><\/li>\r\n<li><a href=\"https:\/\/sinoextrud.com\/product\/aluminum-extrusion-cable-clamp-profile-cnc-custom-cable-cleat-aluminum-profile\/\" target=\"_blank\">Aluminum Extrusion Cable Clamp Profile CNC Custom Cable Cleat Aluminum Profile<\/a><\/li>\r\n<li><a href=\"https:\/\/sinoextrud.com\/product\/aluminium-screen-door-extrusions\/\" target=\"_blank\">Aluminium Screen Door Extrusions<\/a><\/li>\r\n<li><a href=\"https:\/\/sinoextrud.com\/product\/30-x-30-aluminum-extrusion-for-decoration\/\" target=\"_blank\">30 X 30 Aluminum Extrusion For Decoration<\/a><\/li>"},"feature_list":[]},"_links":{"self":[{"href":"https:\/\/sinoextrud.com\/de\/wp-json\/wp\/v2\/product\/6223","targetHints":{"allow":["GET"]}}],"collection":[{"href":"https:\/\/sinoextrud.com\/de\/wp-json\/wp\/v2\/product"}],"about":[{"href":"https:\/\/sinoextrud.com\/de\/wp-json\/wp\/v2\/types\/product"}],"wp:featuredmedia":[{"embeddable":true,"href":"https:\/\/sinoextrud.com\/de\/wp-json\/wp\/v2\/media\/6224"}],"wp:attachment":[{"href":"https:\/\/sinoextrud.com\/de\/wp-json\/wp\/v2\/media?parent=6223"}],"wp:term":[{"taxonomy":"category","embeddable":true,"href":"https:\/\/sinoextrud.com\/de\/wp-json\/wp\/v2\/categories?post=6223"}],"curies":[{"name":"wp","href":"https:\/\/api.w.org\/{rel}","templated":true}]}}