{"id":6222,"date":"2025-05-26T02:57:14","date_gmt":"2025-05-26T02:57:14","guid":{"rendered":"https:\/\/sinoextrud.com\/product\/aluminum-extrusion-l-shaped-angle-aluminum-profile-in-china\/"},"modified":"2025-06-24T03:55:13","modified_gmt":"2025-06-24T03:55:13","slug":"aluminium-extrusion-l-formigen-winkel-aluminium-profil-in-china","status":"publish","type":"product","link":"https:\/\/sinoextrud.com\/de\/product\/aluminum-extrusion-l-shaped-angle-aluminum-profile-in-china\/","title":{"rendered":"Aluminium-Extrusion L-f\u00f6rmigen Winkel Aluminium-Profil in China"},"content":{"rendered":"<h2>Produkte Details<\/h2>\n<table class=\"custom-table\">\n<tr>\n<td class=\"label\">Artikel:<\/td>\n<td>Aluminium-Extrusion L-f\u00f6rmigen Winkel Aluminium-Profil Hersteller &amp; Lieferant in China<\/td>\n<\/tr>\n<tr>\n<td class=\"label\">Anwendung:<\/td>\n<td>Industrie, Architektur, Elektronik<\/td>\n<\/tr>\n<tr>\n<td class=\"label\">Die Form:<\/td>\n<td>L-f\u00f6rmig, I-f\u00f6rmig<\/td>\n<\/tr>\n<tr>\n<td class=\"label\">Prozessablauf:<\/td>\n<td>Matrize-\u00f6ffnen-Extrusion-Oberfl\u00e4chenbehandlung-CNC-Bearbeitung<\/td>\n<\/tr>\n<tr>\n<td class=\"label\">Standard:<\/td>\n<td>mittlere und hohe Qualit\u00e4t<\/td>\n<\/tr>\n<tr>\n<td class=\"label\">Lieferzeiten:<\/td>\n<td>25-30 Tage<\/td>\n<\/tr>\n<tr>\n<td class=\"label\">Zahlungsfrist:<\/td>\n<td>T\/T(30% Anzahlung), L\/C<\/td>\n<\/tr>\n<tr>\n<td class=\"label\">Hafen:<\/td>\n<td>Guangzhou, Shenzhen<\/td>\n<\/tr>\n<tr>\n<td class=\"label\">Material:<\/td>\n<td>6063, 6061<\/td>\n<\/tr>\n<tr>\n<td class=\"label\">Name des Produkts:<\/td>\n<td>Aluminium-Winkel<\/td>\n<\/tr>\n<tr>\n<td class=\"label\">Legierung oder nicht:<\/td>\n<td>Aluminiumlegierung<\/td>\n<\/tr>\n<tr>\n<td class=\"label\">B\u00fcrgschaft:<\/td>\n<td>Die Oberfl\u00e4chenfarbe kann 10 bis 20 Jahre lang stabil bleiben.<\/td>\n<\/tr>\n<tr>\n<td class=\"label\">Oberfl\u00e4chenbehandlung:<\/td>\n<td>Pulverbeschichtung, Elektrophorese, Holzmaserung, Eloxieren, B\u00fcrsten, Polieren<\/td>\n<\/tr>\n<tr>\n<td class=\"label\">MOQ:<\/td>\n<td>200KGs<\/td>\n<\/tr>\n<tr>\n<td class=\"label\">Bearbeitungsservice:<\/td>\n<td>Biegen, Abwickeln, Schwei\u00dfen, Stanzen, Schneiden<\/td>\n<\/tr>\n<tr>\n<td class=\"label\">L\u00e4nge:<\/td>\n<td>1-9M oder kundenspezifisch<\/td>\n<\/tr>\n<\/table>\n<h2>Unsere Produktionsbasis<\/h2>\n<h3>Fabrik-Panorama<\/h3>\n<p><img decoding=\"async\" src=\"\/wp-content\/uploads\/factory-01.webp\"\/><\/p>\n<h3>Werkstatt zur Herstellung von Aluminiumstangen<\/h3>\n<p><img decoding=\"async\" src=\"\/wp-content\/uploads\/factory-02.webp\"\/><\/p>\n<\/p>\n<p><img decoding=\"async\" src=\"\/wp-content\/uploads\/factory-03.webp\"\/><\/p>\n<h3>Lagerhaus f\u00fcr Formen<\/h3>\n<p><img decoding=\"async\" src=\"\/wp-content\/uploads\/factory-04.webp\"\/><\/p>\n<h3>43 Aluminium-Strangpressanlagen (500\u00e2\u20ac\"5500 Tonnen)<\/h3>\n<p><img decoding=\"async\" src=\"\/wp-content\/uploads\/factory-05.webp\"\/><\/p>\n<p><img decoding=\"async\" src=\"\/wp-content\/uploads\/factory-06.webp\"\/><\/p>\n<p><img decoding=\"async\" src=\"\/wp-content\/uploads\/factory-07.webp\"\/><\/p>\n<h3>Werkstatt f\u00fcr Pulverbeschichtung<\/h3>\n<p><img decoding=\"async\" src=\"\/wp-content\/uploads\/factory-09.webp\"\/><\/p>\n<h3>Eloxal-Werkstatt<\/h3>\n<p><img decoding=\"async\" src=\"\/wp-content\/uploads\/factory-10.webp\"\/><\/p>\n<h3>Workshop zur Tiefenverarbeitung<\/h3>\n<p><img decoding=\"async\" src=\"\/wp-content\/uploads\/factory-11.webp\"\/><\/p>\n<h3>CNC-Pr\u00e4zisionsbearbeitungswerkstatt<\/h3>\n<p><img decoding=\"async\" src=\"\/wp-content\/uploads\/factory-11.5.webp\"\/><\/p>\n<h3>Lager f\u00fcr Fertigprodukte und Export<\/h3>\n<p><img decoding=\"async\" src=\"\/wp-content\/uploads\/factory-12.webp\"\/><\/p>\n<p><img decoding=\"async\" src=\"\/wp-content\/uploads\/factory-13.webp\"\/><\/p>\n<p><img decoding=\"async\" src=\"\/wp-content\/uploads\/factory-14.webp\"\/><\/p>\n<h2>FAQ<\/h2>\n<p><b>1. was ist ein Aluminium-Strangpressprofil mit L-f\u00f6rmigem Winkel aus Aluminium? <\/b><\/p>\n<p> Es handelt sich um ein stranggepresstes Aluminiumprofil mit einer 90-Grad-L-Form, das \u00fcblicherweise f\u00fcr strukturelle Umrahmungen, Kantenschutz und Unterst\u00fctzung in verschiedenen Bau- und Industrieanwendungen verwendet wird.\n<\/p>\n<p><\/p>\n<p><b>2. was sind die Vorteile der Verwendung von L-f\u00f6rmigen Aluminiumprofilen? <\/b><\/p>\n<p> L-f\u00f6rmige Aluminiumprofile bieten eine hervorragende Festigkeit, Korrosionsbest\u00e4ndigkeit, ein geringes Gewicht und eine einfache Montage sowohl f\u00fcr den Innen- als auch f\u00fcr den Au\u00dfeneinsatz.\n<\/p>\n<p><\/p>\n<p><b>3. warum sollten Sie sich f\u00fcr einen Hersteller von L-Winkel-Profilen aus Aluminium mit Sitz in China entscheiden? <\/b><\/p>\n<p> Die in China ans\u00e4ssigen Hersteller bieten wettbewerbsf\u00e4hige Preise, hohe Produktionskapazit\u00e4ten, kundenspezifische Strangpressdienste und weltweiten Versand f\u00fcr L-Winkelprofile aus Aluminium.\n<\/p>\n<p><\/p>\n<p><b>4. welche Branchen verwenden L-f\u00f6rmige Aluminium-Strangpressprofile? <\/b><\/p>\n<p> Diese Profile finden breite Anwendung im Bauwesen, in der M\u00f6belindustrie, in der Automobilindustrie, in Regalsystemen, im Rahmenbau und in Tr\u00e4gerstrukturen f\u00fcr LED-Beleuchtung.\n<\/p>\n<p><\/p>\n<p><b>5. k\u00f6nnen L-f\u00f6rmige Aluminiumprofile von chinesischen Lieferanten angepasst werden? <\/b><\/p>\n<p> Ja, professionelle Hersteller in China bieten kundenspezifische L\u00e4ngen, Dicken, Legierungsgrade, Lochungen und Oberfl\u00e4chenbehandlungen f\u00fcr L-f\u00f6rmige Aluminiumprofile an.\n<\/p>\n<p><\/p>\n<p><b>6. sind L-Winkel-Profile aus Aluminium korrosionsbest\u00e4ndig? <\/b><\/p>\n<p> L-Winkel aus Aluminium sind von Natur aus korrosionsbest\u00e4ndig und k\u00f6nnen eloxiert oder pulverbeschichtet werden, um ihre Haltbarkeit und \u00c4sthetik zu verbessern.\n<\/p>\n<p><\/p>\n<p><b>7. welche Oberfl\u00e4chen sind von chinesischen Lieferanten f\u00fcr L-f\u00f6rmige Aluminiumprofile erh\u00e4ltlich? <\/b><\/p>\n<p> Zu den g\u00e4ngigen Oberfl\u00e4chen geh\u00f6ren eloxiert, pulverbeschichtet, geb\u00fcrstet, lackiert und gefr\u00e4st, um verschiedenen funktionalen und dekorativen Anforderungen gerecht zu werden.\n<\/p>\n<p><\/p>\n<p><b>8. bieten chinesische Hersteller OEM\/ODM-Dienstleistungen f\u00fcr Aluminium-L-Profile an? <\/b><\/p>\n<p> Ja, viele Anbieter von Aluminiumextrusionen in China unterst\u00fctzen OEM- und ODM-Dienstleistungen, einschlie\u00dflich Designunterst\u00fctzung, Werkzeugbau und Eigenmarkenproduktion.\n<\/p>\n<p><\/p>\n<p><b>9 Sind L-f\u00f6rmige Aluminium-Strangpressprofile f\u00fcr strukturelle Anwendungen geeignet? <\/b><\/p>\n<p> Ja, aufgrund ihres hohen Verh\u00e4ltnisses von Festigkeit zu Gewicht sind L-f\u00f6rmige Aluminiumprofile ideal f\u00fcr strukturelle Verst\u00e4rkungen und Eckverbindungen in verschiedenen Konstruktionen.\n<\/p>\n<p><\/p>\n<p><b>10. wie man einen zuverl\u00e4ssigen Aluminium L-Profil Lieferanten in China zu finden? <\/b><\/p>\n<p> Achten Sie auf ISO-zertifizierte Hersteller mit eigenen Extrusionsanlagen, gro\u00dfer Exporterfahrung, kundenspezifischen F\u00e4higkeiten und positiven Kundenrezensionen.\n<\/p>\n<p><\/p>","protected":false},"featured_media":6221,"template":"","categories":[58],"class_list":["post-6222","product","type-product","status-publish","has-post-thumbnail","hentry","category-aluminium-extrusion-profiles"],"meta_box":{"hilight_text_group":{"product_hilight_text":"<li>L-shaped design offers versatile support for framing and edge protection<\/li>\r\r\n<li>Made from high-quality aluminum with excellent strength-to-weight ratio<\/li>\r\r\n<li>Corrosion-resistant for indoor and outdoor applications<\/li>\r\r\n<li>Available in various sizes, thicknesses, and surface finishes<\/li>\r\r\n<li>Reliable supply and customization from experienced Chinese manufacturer<\/li>","product_chanpin_chanpin":"<li><a href=\"https:\/\/sinoextrud.com\/product\/aluminum-extrusion-aluminum-framing-profiles-for-sunroom\/\" target=\"_blank\">Aluminum Extrusion Aluminum Framing Profiles For Sunroom<\/a><\/li>\r\n<li><a href=\"https:\/\/sinoextrud.com\/product\/aluminum-extrusion-6063-large-diameter-aluminum-tube\/\" target=\"_blank\">Aluminum Extrusion 6063 Large Diameter Aluminum Tube<\/a><\/li>\r\n<li><a href=\"https:\/\/sinoextrud.com\/product\/aluminium-extrusion-3003-6082-7003-7075-aluminum-profile\/\" target=\"_blank\">Aluminium Extrusion 3003 6082 7003 7075 Aluminum Profile<\/a><\/li>\r\n<li><a href=\"https:\/\/sinoextrud.com\/product\/aluminum-extruded-aluminum-roofing-profiles\/\" target=\"_blank\">Aluminum Extruded Aluminum Roofing Profiles<\/a><\/li>\r\n<li><a href=\"https:\/\/sinoextrud.com\/product\/aluminum-extrusion-l-shaped-angle-aluminum-profile-in-china\/\" target=\"_blank\">Aluminum Extrusion L-shaped Angle Aluminum Profile in China<\/a><\/li>\r\n<li><a href=\"https:\/\/sinoextrud.com\/product\/aluminum-extrusion-1060-2024-3003-5082-6061-6082-7003-7005-7075-aluminum-alloy-profile\/\" target=\"_blank\">Aluminum Extrusion 1060 2024 3003 5082 6061 6082 7003 7005 7075 Aluminum Alloy Profile<\/a><\/li>\r\n<li><a href=\"https:\/\/sinoextrud.com\/product\/aluminum-extrusion-bathroom-mirror-cabinet-aluminum-profile\/\" target=\"_blank\">Aluminum Extrusion Bathroom Mirror Cabinet Aluminum Profile<\/a><\/li>\r\n<li><a href=\"https:\/\/sinoextrud.com\/product\/aluminum-extrusion-advertising-signs-aluminum-frame-profile\/\" target=\"_blank\">Aluminum Extrusion Advertising Signs Aluminum Frame Profile<\/a><\/li>\r\n<li><a href=\"https:\/\/sinoextrud.com\/product\/aluminum-extrusion-7003-7075-aluminum-profile-cnc\/\" target=\"_blank\">Aluminum Extrusion 7003 7075 Pilates Equipment Aluminum Profile CNC Precision Aluminum Profile<\/a><\/li>\r\n<li><a href=\"https:\/\/sinoextrud.com\/product\/aluminium-glass-profile\/\" target=\"_blank\">Aluminium Glass Profile<\/a><\/li>\r\n<li><a href=\"https:\/\/sinoextrud.com\/product\/extrusion-led-aluminum-channel\/\" target=\"_blank\">Extrusion Led Aluminum Channel<\/a><\/li>"},"feature_list":[]},"_links":{"self":[{"href":"https:\/\/sinoextrud.com\/de\/wp-json\/wp\/v2\/product\/6222","targetHints":{"allow":["GET"]}}],"collection":[{"href":"https:\/\/sinoextrud.com\/de\/wp-json\/wp\/v2\/product"}],"about":[{"href":"https:\/\/sinoextrud.com\/de\/wp-json\/wp\/v2\/types\/product"}],"wp:featuredmedia":[{"embeddable":true,"href":"https:\/\/sinoextrud.com\/de\/wp-json\/wp\/v2\/media\/6221"}],"wp:attachment":[{"href":"https:\/\/sinoextrud.com\/de\/wp-json\/wp\/v2\/media?parent=6222"}],"wp:term":[{"taxonomy":"category","embeddable":true,"href":"https:\/\/sinoextrud.com\/de\/wp-json\/wp\/v2\/categories?post=6222"}],"curies":[{"name":"wp","href":"https:\/\/api.w.org\/{rel}","templated":true}]}}