{"id":6213,"date":"2025-05-26T02:39:23","date_gmt":"2025-05-26T02:39:23","guid":{"rendered":"https:\/\/sinoextrud.com\/product\/aluminum-extrusion-sunflower-aluminum-profile\/"},"modified":"2025-06-24T03:55:02","modified_gmt":"2025-06-24T03:55:02","slug":"aluminium-extrusion-sonnenblume-aluminiumprofil","status":"publish","type":"product","link":"https:\/\/sinoextrud.com\/de\/product\/aluminum-extrusion-sunflower-aluminum-profile\/","title":{"rendered":"Aluminium-Extrusion Sonnenblumen-Aluminium-Profil"},"content":{"rendered":"<h2>Produkte Details<\/h2>\n<table class=\"custom-table\">\n<tr>\n<td class=\"label\">Produktname<\/td>\n<td>Aluminium-Extrusion Sonnenblume Aluminiumprofil, Heizk\u00f6rper Aluminiumprofil oder K\u00fchlk\u00f6rper Aluminiumprofil<\/td>\n<\/tr>\n<tr>\n<td class=\"label\">Material<\/td>\n<td>Hochwertige Aluminiumlegierung (z. B. 6063, 6061)<\/td>\n<\/tr>\n<tr>\n<td class=\"label\">Profil Form<\/td>\n<td>Sonnenblumen-inspiriertes Design mit einzigartigen Konturen<\/td>\n<\/tr>\n<tr>\n<td class=\"label\">Standardl\u00e4nge<\/td>\n<td>Normalerweise in L\u00e4ngen von 6 m, 12 m oder in Sonderl\u00e4ngen nach Kundenwunsch erh\u00e4ltlich<\/td>\n<\/tr>\n<tr>\n<td class=\"label\">Breite<\/td>\n<td>Variiert je nach Design; \u00fcbliche Breiten reichen von 20 mm bis 200 mm<\/td>\n<\/tr>\n<tr>\n<td class=\"label\">H\u00f6he<\/td>\n<td>Variiert je nach Design; \u00fcbliche H\u00f6hen reichen von 20 mm bis 200 mm<\/td>\n<\/tr>\n<tr>\n<td class=\"label\">Wanddicke<\/td>\n<td>Die Standardwandst\u00e4rke reicht von 1,0 mm bis 5,0 mm und kann je nach Anwendungsbedarf angepasst werden.<\/td>\n<\/tr>\n<tr>\n<td class=\"label\">Gewicht<\/td>\n<td>Ca. 1,5 kg bis 5,0 kg pro Meter, je nach Profilabmessungen und Wandst\u00e4rke<\/td>\n<\/tr>\n<tr>\n<td class=\"label\">Optionen f\u00fcr die Oberfl\u00e4chenbehandlung<\/td>\n<td>- Eloxieren (verschiedene Farben)<br \/>- Pulverbeschichtung (kundenspezifische Farben)<br \/>- Geb\u00fcrstetes Finish<\/td>\n<\/tr>\n<tr>\n<td class=\"label\">Oberfl\u00e4che<\/td>\n<td>Glatte, matte oder gl\u00e4nzende Oberfl\u00e4chen je nach Oberfl\u00e4chenbehandlung erh\u00e4ltlich<\/td>\n<\/tr>\n<tr>\n<td class=\"label\">Mechanische Eigenschaften<\/td>\n<td>- Zugfestigkeit: \u2265 200 MPa<br \/>- Streckgrenze: \u2265 150 MPa<br \/>- Dehnung: \u2265 8%<\/td>\n<\/tr>\n<tr>\n<td class=\"label\">W\u00e4rmeleitf\u00e4higkeit<\/td>\n<td>Ungef\u00e4hr 200 W\/m-K (variiert je nach Legierung und Behandlung)<\/td>\n<\/tr>\n<tr>\n<td class=\"label\">Korrosionsbest\u00e4ndigkeit<\/td>\n<td>Hervorragende Best\u00e4ndigkeit durch Eloxierung oder Pulverbeschichtung<\/td>\n<\/tr>\n<tr>\n<td class=\"label\">Anwendungsbereiche<\/td>\n<td>- Architektonische Elemente<\/p>\n<p>- Dekorative Anwendungen<br \/>- Industrielle Nutzung<br \/>- M\u00f6beldesign<\/td>\n<\/tr>\n<tr>\n<td class=\"label\">Verpackung<\/td>\n<td>Einzeln verpackt und geb\u00fcndelt; mit Schaumstoff oder Karton gesch\u00fctzt, um Transportsch\u00e4den zu vermeiden<\/td>\n<\/tr>\n<tr>\n<td class=\"label\">Zertifizierungen<\/td>\n<td>ISO 9001, RoHS-konform und andere relevante Industriezertifizierungen<\/td>\n<\/tr>\n<tr>\n<td class=\"label\">Vorlaufzeit<\/td>\n<td>In der Regel 15-30 Tage, je nach Auftragsgr\u00f6\u00dfe und Anpassungsbedarf<\/td>\n<\/tr>\n<tr>\n<td class=\"label\">Mindestbestellmenge (MOQ)<\/td>\n<td>In der Regel 500 kg oder nach Absprache mit dem Kunden<\/td>\n<\/tr>\n<\/table>\n<h2>Unsere Produktionsbasis<\/h2>\n<h3>Fabrik-Panorama<\/h3>\n<p><img decoding=\"async\" src=\"\/wp-content\/uploads\/factory-01.webp\"\/><\/p>\n<h3>Werkstatt zur Herstellung von Aluminiumstangen<\/h3>\n<p><img decoding=\"async\" src=\"\/wp-content\/uploads\/factory-02.webp\"\/><\/p>\n<\/p>\n<p><img decoding=\"async\" src=\"\/wp-content\/uploads\/factory-03.webp\"\/><\/p>\n<h3>Lagerhaus f\u00fcr Formen<\/h3>\n<p><img decoding=\"async\" src=\"\/wp-content\/uploads\/factory-04.webp\"\/><\/p>\n<h3>43 Aluminium-Strangpressanlagen (500-5500 Tonnen)<\/h3>\n<p><img decoding=\"async\" src=\"\/wp-content\/uploads\/factory-05.webp\"\/><\/p>\n<p><img decoding=\"async\" src=\"\/wp-content\/uploads\/factory-06.webp\"\/><\/p>\n<p><img decoding=\"async\" src=\"\/wp-content\/uploads\/factory-07.webp\"\/><\/p>\n<h3>Werkstatt f\u00fcr Pulverbeschichtung<\/h3>\n<p><img decoding=\"async\" src=\"\/wp-content\/uploads\/factory-09.webp\"\/><\/p>\n<h3>Eloxal-Werkstatt<\/h3>\n<p><img decoding=\"async\" src=\"\/wp-content\/uploads\/factory-10.webp\"\/><\/p>\n<h3>Workshop zur Tiefenverarbeitung<\/h3>\n<p><img decoding=\"async\" src=\"\/wp-content\/uploads\/factory-11.webp\"\/><\/p>\n<h3>CNC-Pr\u00e4zisionsbearbeitungswerkstatt<\/h3>\n<p><img decoding=\"async\" src=\"\/wp-content\/uploads\/factory-11.5.webp\"\/><\/p>\n<h3>Lager f\u00fcr Fertigprodukte und Export<\/h3>\n<p><img decoding=\"async\" src=\"\/wp-content\/uploads\/factory-12.webp\"\/><\/p>\n<p><img decoding=\"async\" src=\"\/wp-content\/uploads\/factory-13.webp\"\/><\/p>\n<p><img decoding=\"async\" src=\"\/wp-content\/uploads\/factory-14.webp\"\/><\/p>\n<h2>FAQ<\/h2>\n<p><b>1. was ist ein Aluminium-Strangpressprofil Sonnenblume Aluminiumprofil?<\/b><\/p>\n<p>Ein Sunflower-Aluminiumprofil ist ein speziell entwickeltes K\u00fchlk\u00f6rperprofil mit sonnenblumenf\u00f6rmigen Rippen, das f\u00fcr eine effiziente W\u00e4rmeableitung in elektronischen und industriellen Anwendungen optimiert ist.\n<\/p>\n<p><\/p>\n<p><b>2. was sind die Vorteile der Verwendung von Sunflower Aluminiumprofilen?<\/b><\/p>\n<p>Sunflower-Aluminiumprofile bieten eine hervorragende W\u00e4rmeableitung, eine leichte Struktur, Korrosionsbest\u00e4ndigkeit und hohe Festigkeit, was sie ideal f\u00fcr K\u00fchlsysteme und LED-Anwendungen macht.\n<\/p>\n<p><\/p>\n<p><b>Wie verbessert das Sonnenblumendesign die W\u00e4rmeableitung?<\/b><\/p>\n<p>Das Sonnenblumendesign vergr\u00f6\u00dfert die Oberfl\u00e4che, verbessert den Luftstrom und maximiert die Effizienz der W\u00e4rmeableitung bei Aluminium-Strangpressk\u00fchlk\u00f6rpern.\n<\/p>\n<p><\/p>\n<p><b>4. ist das Aluminium-Strangpressprofil Sunflower anpassbar?<\/b><\/p>\n<p>Ja, Sunflower-Aluminiumprofile k\u00f6nnen im Durchmesser, in der Rippenstruktur, in der Oberfl\u00e4chenbeschaffenheit und in der Legierungszusammensetzung ma\u00dfgeschneidert werden, um spezifische thermische und konstruktive Anforderungen zu erf\u00fcllen.\n<\/p>\n<p><\/p>\n<p><b>5. in welchen Branchen werden Sunflower Aluminium-Strangpressprofile \u00fcblicherweise eingesetzt?<\/b><\/p>\n<p>Diese Profile werden aufgrund ihres hervorragenden W\u00e4rmemanagements h\u00e4ufig f\u00fcr LED-Beleuchtung, Leistungselektronik, Automobilkomponenten und Systeme f\u00fcr erneuerbare Energien verwendet.\n<\/p>\n<p><\/p>\n<p><b>6. welche Oberfl\u00e4chenbehandlungen sind f\u00fcr Sunflower Aluminiumprofile erh\u00e4ltlich?<\/b><\/p>\n<p>Zu den \u00fcblichen Oberfl\u00e4chenbehandlungen geh\u00f6ren Eloxieren, Pulverbeschichten und Sandstrahlen, die die Korrosionsbest\u00e4ndigkeit und das Aussehen des Aluminium-Strangpressprofils verbessern.\n<\/p>\n<p><\/p>\n<p><b>7. sind Sunflower-Aluminiumprofile umweltfreundlich?<\/b><\/p>\n<p>Ja, die Sunflower-Strangpressprofile werden aus recycelbarem Aluminium hergestellt und unterst\u00fctzen eine nachhaltige Fertigung und ein umweltbewusstes Produktdesign.\n<\/p>\n<p><\/p>\n<p><b>8. wie haltbar sind Aluminium-Sonnenblumenk\u00fchlk\u00f6rper-Profile?<\/b><\/p>\n<p>Sie sind \u00e4u\u00dferst langlebig und weisen eine hohe Verschlei\u00df-, Korrosions- und Verformungsbest\u00e4ndigkeit auf, was eine langfristige Leistung in anspruchsvollen thermischen Umgebungen gew\u00e4hrleistet.\n<\/p>\n<p><\/p>","protected":false},"featured_media":6205,"template":"","categories":[58],"class_list":["post-6213","product","type-product","status-publish","has-post-thumbnail","hentry","category-aluminium-extrusion-profiles"],"meta_box":{"hilight_text_group":{"product_hilight_text":"<li>Sunflower fin design maximizes surface area for superior heat dissipation<\/li>\r\r\n<li>Made from high-grade aluminum alloy for enhanced thermal conductivity<\/li>\r\r\n<li>Customizable dimensions and surface finishes to match specific application needs<\/li>\r\r\n<li>Lightweight yet structurally strong, ideal for industrial heat sink solutions<\/li>\r\r\n<li>Corrosion-resistant with anodized or powder-coated options for extended durability<\/li>\r\r\n<li>Efficient and cost-effective solution for LED lighting and electronic cooling systems<\/li>","product_chanpin_chanpin":"<li><a href=\"https:\/\/sinoextrud.com\/product\/aluminium-extrusion-wood-grain-aluminum-profile\/\" target=\"_blank\">Aluminium Extrusion Wood Grain Aluminum Profile<\/a><\/li>\r\n<li><a href=\"https:\/\/sinoextrud.com\/product\/aluminum-extrusion-u-channel-profiles\/\" target=\"_blank\">Aluminum Extrusion U Channel Profiles<\/a><\/li>\r\n<li><a href=\"https:\/\/sinoextrud.com\/product\/aluminum-extrusion-car-truck-aluminum-profile\/\" target=\"_blank\">Aluminum Extrusion Car & Truck Aluminum Profile<\/a><\/li>\r\n<li><a href=\"https:\/\/sinoextrud.com\/product\/aluminum-extrusion-aluminum-fence-panel-profile\/\" target=\"_blank\">Aluminum Extrusion Aluminum Fence Panel Profile<\/a><\/li>\r\n<li><a href=\"https:\/\/sinoextrud.com\/product\/aluminum-extrusion-sunflower-aluminum-profile\/\" target=\"_blank\">Aluminum Extrusion Sunflower Aluminum Profile<\/a><\/li>\r\n<li><a href=\"https:\/\/sinoextrud.com\/product\/aluminum-extrusion-aluminum-framing-profiles-for-sunroom\/\" target=\"_blank\">Aluminum Extrusion Aluminum Framing Profiles For Sunroom<\/a><\/li>\r\n<li><a href=\"https:\/\/sinoextrud.com\/product\/aluminum-extrusion-6063-large-diameter-aluminum-tube\/\" target=\"_blank\">Aluminum Extrusion 6063 Large Diameter Aluminum Tube<\/a><\/li>\r\n<li><a href=\"https:\/\/sinoextrud.com\/product\/aluminium-extrusion-3003-6082-7003-7075-aluminum-profile\/\" target=\"_blank\">Aluminium Extrusion 3003 6082 7003 7075 Aluminum Profile<\/a><\/li>\r\n<li><a href=\"https:\/\/sinoextrud.com\/product\/aluminum-extruded-aluminum-roofing-profiles\/\" target=\"_blank\">Aluminum Extruded Aluminum Roofing Profiles<\/a><\/li>\r\n<li><a href=\"https:\/\/sinoextrud.com\/product\/u-shaped-baffle-ceiling-system\/\" target=\"_blank\">U-Shaped Baffle Ceiling System<\/a><\/li>\r\n<li><a href=\"https:\/\/sinoextrud.com\/product\/extruded-aluminum-wood-grain-tube-profile\/\" target=\"_blank\">Extruded Aluminum Wood Grain Tube Profile<\/a><\/li>"},"feature_list":[]},"_links":{"self":[{"href":"https:\/\/sinoextrud.com\/de\/wp-json\/wp\/v2\/product\/6213","targetHints":{"allow":["GET"]}}],"collection":[{"href":"https:\/\/sinoextrud.com\/de\/wp-json\/wp\/v2\/product"}],"about":[{"href":"https:\/\/sinoextrud.com\/de\/wp-json\/wp\/v2\/types\/product"}],"wp:featuredmedia":[{"embeddable":true,"href":"https:\/\/sinoextrud.com\/de\/wp-json\/wp\/v2\/media\/6205"}],"wp:attachment":[{"href":"https:\/\/sinoextrud.com\/de\/wp-json\/wp\/v2\/media?parent=6213"}],"wp:term":[{"taxonomy":"category","embeddable":true,"href":"https:\/\/sinoextrud.com\/de\/wp-json\/wp\/v2\/categories?post=6213"}],"curies":[{"name":"wp","href":"https:\/\/api.w.org\/{rel}","templated":true}]}}