{"id":6194,"date":"2025-05-26T01:42:23","date_gmt":"2025-05-26T01:42:23","guid":{"rendered":"https:\/\/sinoextrud.com\/product\/aluminum-extrusion-aluminum-roof-rack-profiles\/"},"modified":"2025-06-24T03:54:50","modified_gmt":"2025-06-24T03:54:50","slug":"aluminium-strangpressprofile-aluminium-dachtragerprofile","status":"publish","type":"product","link":"https:\/\/sinoextrud.com\/de\/product\/aluminum-extrusion-aluminum-roof-rack-profiles\/","title":{"rendered":"Aluminium-Extrusion Aluminium-Dachtr\u00e4ger-Profile"},"content":{"rendered":"<h2>Produkte Details<\/h2>\n<table class=\"custom-table\">\n<tr>\n<td class=\"label\">Artikel<\/td>\n<td>Aluminium-Extrusion Aluminium-Dachtr\u00e4ger-Profile<\/td>\n<\/tr>\n<tr>\n<td class=\"label\">Material<\/td>\n<td>Hochwertige Aluminiumlegierungen, Serie 6063\/6061\/6463\/6000<\/td>\n<\/tr>\n<tr>\n<td class=\"label\">Temperament<\/td>\n<td>T4\/T5\/T6<\/td>\n<\/tr>\n<tr>\n<td class=\"label\">Anwendungen<\/td>\n<td>Geeignet f\u00fcr Pkw, Lkw, Transporter, Gel\u00e4ndewagen, Freizeitfahrzeuge und gewerbliche Nutzung<\/td>\n<\/tr>\n<tr>\n<td class=\"label\">Gestaltungsm\u00f6glichkeiten<\/td>\n<td>Feste oder abnehmbare Gestelle verf\u00fcgbar<\/td>\n<\/tr>\n<tr>\n<td class=\"label\">Verarbeitung von Dienstleistungen<\/td>\n<td>Schneiden, Stanzen, Bohren, Gewindeschneiden, CNC-Bearbeitung, Schwei\u00dfen, Montage<\/td>\n<\/tr>\n<tr>\n<td class=\"label\">Oberfl\u00e4chenbehandlungen<\/td>\n<td>Eloxiert, Pulverbeschichtung, Elektrophorese, Holzmaserung, geb\u00fcrstet, poliert<\/td>\n<\/tr>\n<tr>\n<td class=\"label\">Qualit\u00e4tssicherung<\/td>\n<td>Strenge Qualit\u00e4tskontrollma\u00dfnahmen, die \u00fcber die Branchenstandards hinausgehen<\/td>\n<\/tr>\n<tr>\n<td class=\"label\">Personalisierung<\/td>\n<td>Kundenspezifische Gr\u00f6\u00dfen und Formen f\u00fcr spezielle Anforderungen erh\u00e4ltlich<\/td>\n<\/tr>\n<tr>\n<td class=\"label\">Vorlaufzeit<\/td>\n<td>Schnelle Durchlaufzeit f\u00fcr Produktion und Lieferung<\/td>\n<\/tr>\n<tr>\n<td class=\"label\">Kundenbetreuung<\/td>\n<td>Prompter und freundlicher Service durch erfahrene Vertriebsingenieure<\/td>\n<\/tr>\n<tr>\n<td class=\"label\">Reaktionszeit<\/td>\n<td>Innerhalb von 12 Stunden f\u00fcr Anfragen und Kostenvoranschl\u00e4ge<\/td>\n<\/tr>\n<tr>\n<td class=\"label\">Zufriedenheitsgarantie<\/td>\n<td>Engagement f\u00fcr Kundenzufriedenheit und gemeinsames Wachstum mit den Kunden<\/td>\n<\/tr>\n<\/table>\n<h2>Unsere Produktionsbasis<\/h2>\n<h3>Fabrik-Panorama<\/h3>\n<p><img decoding=\"async\" src=\"\/wp-content\/uploads\/factory-01.webp\"\/><\/p>\n<h3>Werkstatt zur Herstellung von Aluminiumstangen<\/h3>\n<p><img decoding=\"async\" src=\"\/wp-content\/uploads\/factory-02.webp\"\/><\/p>\n<p><img decoding=\"async\" src=\"\/wp-content\/uploads\/factory-03.webp\"\/><\/p>\n<h3>Lagerhaus f\u00fcr Formen<\/h3>\n<p><img decoding=\"async\" src=\"\/wp-content\/uploads\/factory-04.webp\"\/><\/p>\n<h3>43 Aluminium-Strangpressanlagen (500\u00e2\u20ac\"5500 Tonnen)<\/h3>\n<p><img decoding=\"async\" src=\"\/wp-content\/uploads\/factory-05.webp\"\/><\/p>\n<p><img decoding=\"async\" src=\"\/wp-content\/uploads\/factory-06.webp\"\/><\/p>\n<p><img decoding=\"async\" src=\"\/wp-content\/uploads\/factory-07.webp\"\/><\/p>\n<h3>Werkstatt f\u00fcr Pulverbeschichtung<\/h3>\n<p><img decoding=\"async\" src=\"\/wp-content\/uploads\/factory-09.webp\"\/><\/p>\n<h3>Eloxal-Werkstatt<\/h3>\n<p><img decoding=\"async\" src=\"\/wp-content\/uploads\/factory-10.webp\"\/><\/p>\n<h3>Workshop zur Tiefenverarbeitung<\/h3>\n<p><img decoding=\"async\" src=\"\/wp-content\/uploads\/factory-11.webp\"\/><\/p>\n<h3>CNC-Pr\u00e4zisionsbearbeitungswerkstatt<\/h3>\n<p><img decoding=\"async\" src=\"\/wp-content\/uploads\/factory-11.5.webp\"\/><\/p>\n<h3>Lager f\u00fcr Fertigprodukte und Export<\/h3>\n<p><img decoding=\"async\" src=\"\/wp-content\/uploads\/factory-12.webp\"\/><\/p>\n<p><img decoding=\"async\" src=\"\/wp-content\/uploads\/factory-13.webp\"\/><\/p>\n<p><img decoding=\"async\" src=\"\/wp-content\/uploads\/factory-14.webp\"\/><\/p>\n<h2>FAQ<\/h2>\n<p><p><b>1. was sind Aluminium-Extrusion Aluminium Dachtr\u00e4ger Profile? <\/b><\/p>\n<p> Dabei handelt es sich um speziell stranggepresste Aluminiumprofile, die f\u00fcr den Bau von Dachtr\u00e4gern entwickelt wurden und leichte Festigkeit und Korrosionsbest\u00e4ndigkeit f\u00fcr fahrzeugmontierte Ladesysteme bieten.<br \/>\n<\/p><br \/>\n<br \/>\n<p><b>2. was sind die Vorteile der Verwendung von Aluminium-Strangpressprofilen f\u00fcr Dachtr\u00e4ger? <\/b><\/p>\n<p> Dachtr\u00e4gerprofile aus Aluminium bieten ein gutes Verh\u00e4ltnis von Festigkeit zu Gewicht, Wetterbest\u00e4ndigkeit, einfache Montage und ein elegantes Aussehen f\u00fcr Nutz- und Privatfahrzeuge.<br \/>\n<\/p><br \/>\n<br \/>\n<p><b>3. warum Aluminium-Strangpressprofile f\u00fcr Dachtr\u00e4gersysteme w\u00e4hlen? <\/b><\/p>\n<p> Aluminium ist leicht, rostfrei und langlebig und damit ideal f\u00fcr stranggepresste Dachtr\u00e4gerprofile, die schwere Lasten tragen m\u00fcssen, ohne das Fahrzeug \u00fcberm\u00e4\u00dfig zu belasten.<br \/>\n<\/p><br \/>\n<br \/>\n<p><b>4. wo werden Aluminium-Dachtr\u00e4gerprofile \u00fcblicherweise verwendet? <\/b><\/p>\n<p> Diese Profile werden in Dachtr\u00e4gersystemen f\u00fcr Autos, SUVs, Vans und Lastwagen verwendet, um Frachtkisten, Fahrr\u00e4der, Kajaks, Solarpaneele und kommerzielle Ausr\u00fcstung zu transportieren.<br \/>\n<\/p><br \/>\n<br \/>\n<p><b>5. sind Dachtr\u00e4gerprofile aus Aluminiumstrangpressprofilen witterungsbest\u00e4ndig? <\/b><\/p>\n<p> Ja, Dachtr\u00e4gerprofile aus Aluminium sind \u00e4u\u00dferst widerstandsf\u00e4hig gegen Regen, UV-Strahlen und Korrosion und eignen sich daher perfekt f\u00fcr den Einsatz im Freien und im Gel\u00e4nde.<br \/>\n<\/p><br \/>\n<br \/>\n<p><b>6. k\u00f6nnen Aluminium-Dachtr\u00e4gerprofile individuell angepasst werden? <\/b><\/p>\n<p> Sie k\u00f6nnen in L\u00e4nge, Querschnittsform, Oberfl\u00e4chenbeschaffenheit und Schlitzdesign an verschiedene Racksysteme und Montagekonfigurationen angepasst werden.<br \/>\n<\/p><br \/>\n<br \/>\n<p><b>7. halten Aluminium-Dachtr\u00e4gerprofile schwere Lasten aus? <\/b><\/p>\n<p> Ja, stranggepresste Aluminiumprofile sind so konstruiert, dass sie ein erhebliches Gewicht tragen k\u00f6nnen und gleichzeitig die strukturelle Integrit\u00e4t auf fahrenden Fahrzeugen erhalten.<br \/>\n<\/p><br \/>\n<br \/>\n<p><b>8. welche Oberfl\u00e4chen sind f\u00fcr Dachtr\u00e4gerprofile aus Aluminium erh\u00e4ltlich? <\/b><\/p>\n<p> Die Dachtr\u00e4gerprofile aus Aluminium sind in eloxierter, pulverbeschichteter und gewalzter Ausf\u00fchrung erh\u00e4ltlich und bieten sowohl Schutz als auch optische Attraktivit\u00e4t.<br \/>\n<\/p><br \/>\n<br \/>\n<p><b>9 Sind Aluminium-Dachtr\u00e4gerprofile einfach zu montieren? <\/b><\/p>\n<p> Ja, die meisten Aluminiumprofile sind mit vorgebohrten L\u00f6chern, T-Nuten oder kompatiblen Montagesystemen f\u00fcr eine schnelle und werkzeuglose Montage ausgestattet.<br \/>\n<\/p><br \/>\n<br \/>\n<p><b>10. wie verbessern Aluminium-Strangpressprofile das Design von Dachtr\u00e4gern? <\/b><\/p>\n<p> Sie zeichnen sich durch Modularit\u00e4t, klare \u00c4sthetik, Langlebigkeit und Kompatibilit\u00e4t mit einer breiten Palette von Zubeh\u00f6r aus und verbessern sowohl die Funktion als auch den Stil von Dachtr\u00e4gersystemen.<br \/>\n<\/p><br \/><\/p>","protected":false},"featured_media":6193,"template":"","categories":[58],"class_list":["post-6194","product","type-product","status-publish","has-post-thumbnail","hentry","category-aluminium-extrusion-profiles"],"meta_box":{"hilight_text_group":{"product_hilight_text":"<li>High-strength aluminum ensures secure load-bearing capacity<\/li>\r\r\n<li>Lightweight design minimizes vehicle weight impact<\/li>\r\r\n<li>Corrosion-resistant for all-weather outdoor performance<\/li>\r\r\n<li>Aerodynamic profile reduces wind noise and drag<\/li>\r\r\n<li>Customizable lengths and mounting options for various vehicle models<\/li>","product_chanpin_chanpin":"<li><a href=\"https:\/\/sinoextrud.com\/product\/aluminum-profile-roller-blinds-rails\/\" target=\"_blank\">Aluminum Profile Roller Blinds Rails<\/a><\/li>\r\n<li><a href=\"https:\/\/sinoextrud.com\/product\/aluminum-extrusion-aluminum-cladding-profile-wood-look-grain-aluminum-panels\/\" target=\"_blank\">Aluminum Extrusion Aluminum Cladding Profile Wood Look Grain Aluminum Panels<\/a><\/li>\r\n<li><a href=\"https:\/\/sinoextrud.com\/product\/aluminum-extrusion-6005-big-size-industrial-aluminum-profile\/\" target=\"_blank\">Aluminum Extrusion 6005 Big Size Industrial Aluminum Profile<\/a><\/li>\r\n<li><a href=\"https:\/\/sinoextrud.com\/product\/aluminum-extrusion-telescopic-tube-octagon-tube\/\" target=\"_blank\">Aluminum Extrusion Telescopic Tube Octagon Tube<\/a><\/li>\r\n<li><a href=\"https:\/\/sinoextrud.com\/product\/aluminum-extrusion-aluminum-roof-rack-profiles\/\" target=\"_blank\">Aluminum Extrusion Aluminum Roof Rack Profiles<\/a><\/li>\r\n<li><a href=\"https:\/\/sinoextrud.com\/product\/aluminum-extrusion-blackboard-whiteboard-frame-aluminum-profiles\/\" target=\"_blank\">Aluminum Extrusion Blackboard Whiteboard Frame Aluminum Profiles<\/a><\/li>\r\n<li><a href=\"https:\/\/sinoextrud.com\/product\/aluminium-extrusion-anodized-aluminum-profile\/\" target=\"_blank\">Aluminium Extrusion Anodized Aluminum Profile<\/a><\/li>\r\n<li><a href=\"https:\/\/sinoextrud.com\/product\/aluminium-extrusion-wood-grain-aluminum-profile\/\" target=\"_blank\">Aluminium Extrusion Wood Grain Aluminum Profile<\/a><\/li>\r\n<li><a href=\"https:\/\/sinoextrud.com\/product\/aluminum-extrusion-u-channel-profiles\/\" target=\"_blank\">Aluminum Extrusion U Channel Profiles<\/a><\/li>\r\n<li><a href=\"https:\/\/sinoextrud.com\/product\/aluminium-pipes-tubes\/\" target=\"_blank\">Aluminium Pipes Tubes<\/a><\/li>\r\n<li><a href=\"https:\/\/sinoextrud.com\/product\/profile-square-aluminum-heat-sink\/\" target=\"_blank\">Profile Square Aluminum Heat Sink<\/a><\/li>"},"feature_list":[]},"_links":{"self":[{"href":"https:\/\/sinoextrud.com\/de\/wp-json\/wp\/v2\/product\/6194","targetHints":{"allow":["GET"]}}],"collection":[{"href":"https:\/\/sinoextrud.com\/de\/wp-json\/wp\/v2\/product"}],"about":[{"href":"https:\/\/sinoextrud.com\/de\/wp-json\/wp\/v2\/types\/product"}],"wp:featuredmedia":[{"embeddable":true,"href":"https:\/\/sinoextrud.com\/de\/wp-json\/wp\/v2\/media\/6193"}],"wp:attachment":[{"href":"https:\/\/sinoextrud.com\/de\/wp-json\/wp\/v2\/media?parent=6194"}],"wp:term":[{"taxonomy":"category","embeddable":true,"href":"https:\/\/sinoextrud.com\/de\/wp-json\/wp\/v2\/categories?post=6194"}],"curies":[{"name":"wp","href":"https:\/\/api.w.org\/{rel}","templated":true}]}}