{"id":6192,"date":"2025-05-26T01:37:48","date_gmt":"2025-05-26T01:37:48","guid":{"rendered":"https:\/\/sinoextrud.com\/product\/aluminum-extrusion-telescopic-tube-octagon-tube\/"},"modified":"2025-06-24T03:54:48","modified_gmt":"2025-06-24T03:54:48","slug":"aluminium-strangpressprofil-teleskoprohr-achteckrohr","status":"publish","type":"product","link":"https:\/\/sinoextrud.com\/de\/product\/aluminum-extrusion-telescopic-tube-octagon-tube\/","title":{"rendered":"Aluminium-Extrusion Teleskoprohr Achteckrohr"},"content":{"rendered":"<h2>Produkte Details<\/h2>\n<table class=\"custom-table\">\n<tr>\n<td class=\"label\">Artikel Typ<\/td>\n<td>Aluminium Extrusion Teleskoprohr Achteckrohr, Aluminium Teleskoprohre, Aluminium Achteckrohr<\/td>\n<\/tr>\n<tr>\n<td class=\"label\">Material<\/td>\n<td>Aluminium, Aluminium-Legierung<\/td>\n<\/tr>\n<tr>\n<td class=\"label\">Klasse<\/td>\n<td>Serie 6000<\/td>\n<\/tr>\n<tr>\n<td class=\"label\">Gr\u00f6\u00dfe<\/td>\n<td>Kundenspezifisch<\/td>\n<\/tr>\n<tr>\n<td class=\"label\">Form<\/td>\n<td>Rund\/Quadratisch\/Rechteckig\/Oval\/Kundenindividuell<\/td>\n<\/tr>\n<tr>\n<td class=\"label\">Oberfl\u00e4che<\/td>\n<td>Walzoberfl\u00e4che, Eloxieren, Pulverbeschichtung, Polieren, Galvanisieren, Sandstrahlen, B\u00fcrsten, Holzmaserung, usw.<\/td>\n<\/tr>\n<tr>\n<td class=\"label\">Anmeldung<\/td>\n<td>1. Luft- und Raumfahrtindustrie, 2. Luft- und Raumfahrtindustrie,3. Medizinische Industrie,4. Bauindustrie,5. Schiffsindustrie,6. Schifffahrtsindustrie,7. Autoindustrie<\/td>\n<\/tr>\n<tr>\n<td class=\"label\">L\u00e4nge<\/td>\n<td>Ma\u00dfgeschneidert je nach Bedarf<\/td>\n<\/tr>\n<tr>\n<td class=\"label\">Lieferfrist<\/td>\n<td>15-25 Tage oder verhandelt<\/td>\n<\/tr>\n<tr>\n<td class=\"label\">Tiefgreifender Prozess<\/td>\n<td>CNC, Bohren, Fr\u00e4sen, Schneiden, Stanzen, Schwei\u00dfen, Biegen, Montieren<\/td>\n<\/tr>\n<tr>\n<td class=\"label\">Toleranz<\/td>\n<td>\u00b10,01 mm<\/td>\n<\/tr>\n<tr>\n<td class=\"label\">OEM &amp; ODM<\/td>\n<td>Annehmbar<\/td>\n<\/tr>\n<tr>\n<td class=\"label\">Verpackung<\/td>\n<td>Standard-Exportverpackung oder wie besprochen<\/td>\n<\/tr>\n<\/table>\n<h2>Unsere Produktionsbasis<\/h2>\n<h3>Fabrik-Panorama<\/h3>\n<p><img decoding=\"async\" src=\"\/wp-content\/uploads\/factory-01.webp\"\/><\/p>\n<h3>Werkstatt zur Herstellung von Aluminiumstangen<\/h3>\n<p><img decoding=\"async\" src=\"\/wp-content\/uploads\/factory-02.webp\"\/><\/p>\n<p><img decoding=\"async\" src=\"\/wp-content\/uploads\/factory-03.webp\"\/><\/p>\n<h3>Lagerhaus f\u00fcr Formen<\/h3>\n<p><img decoding=\"async\" src=\"\/wp-content\/uploads\/factory-04.webp\"\/><\/p>\n<h3>43 Aluminium-Strangpressanlagen (500-5500 Tonnen)<\/h3>\n<p><img decoding=\"async\" src=\"\/wp-content\/uploads\/factory-05.webp\"\/><\/p>\n<p><img decoding=\"async\" src=\"\/wp-content\/uploads\/factory-06.webp\"\/><\/p>\n<p><img decoding=\"async\" src=\"\/wp-content\/uploads\/factory-07.webp\"\/><\/p>\n<h3>Werkstatt f\u00fcr Pulverbeschichtung<\/h3>\n<p><img decoding=\"async\" src=\"\/wp-content\/uploads\/factory-09.webp\"\/><\/p>\n<h3>Eloxal-Werkstatt<\/h3>\n<p><img decoding=\"async\" src=\"\/wp-content\/uploads\/factory-10.webp\"\/><\/p>\n<h3>Workshop zur Tiefenverarbeitung<\/h3>\n<p><img decoding=\"async\" src=\"\/wp-content\/uploads\/factory-11.webp\"\/><\/p>\n<h3>CNC-Pr\u00e4zisionsbearbeitungswerkstatt<\/h3>\n<p><img decoding=\"async\" src=\"\/wp-content\/uploads\/factory-11.5.webp\"\/><\/p>\n<h3>Lager f\u00fcr Fertigprodukte und Export<\/h3>\n<p><img decoding=\"async\" src=\"\/wp-content\/uploads\/factory-12.webp\"\/><\/p>\n<p><img decoding=\"async\" src=\"\/wp-content\/uploads\/factory-13.webp\"\/><\/p>\n<p><img decoding=\"async\" src=\"\/wp-content\/uploads\/factory-14.webp\"\/><\/p>\n<h2>FAQ<\/h2>\n<p><p><b>1. was ist ein Aluminium-Strangpress-Teleskoprohr Achteckrohr? <\/b><\/p>\n<p> Es handelt sich um ein durch Strangpressen hergestelltes, teleskopierbares Aluminiumrohr mit achteckigem Querschnitt, das h\u00e4ufig in verstellbaren Strukturen, Fahnenmasten und Tr\u00e4gersystemen verwendet wird.<br \/>\n<\/p><br \/>\n<br \/>\n<p><b>2. was sind die Vorteile von Aluminium-Achtkant-Teleskoprohren? <\/b><\/p>\n<p> Achteckige Teleskoprohre aus Aluminium bieten hohe Festigkeit, Korrosionsbest\u00e4ndigkeit, leichtes Design und sichere Verriegelung f\u00fcr verstellbare oder ausziehbare Anwendungen.<br \/>\n<\/p><br \/>\n<br \/>\n<p><b>3. warum eine achteckige Form f\u00fcr Aluminium-Teleskoprohre w\u00e4hlen? <\/b><\/p>\n<p> Die achteckige Form bietet im Vergleich zu runden Rohren eine bessere Verdrehsicherheit und strukturelle Festigkeit, ideal f\u00fcr Anwendungen, die eine pr\u00e4zise Ausrichtung erfordern.<br \/>\n<\/p><br \/>\n<br \/>\n<p><b>4. wo werden Aluminium-Teleskop-Achteckrohre \u00fcblicherweise verwendet? <\/b><\/p>\n<p> Diese Rohre werden in Teleskopstangen, Antennenmasten, Ausstellungsst\u00e4nden, tragbaren Beleuchtungsanlagen und verstellbaren mechanischen Systemen verwendet.<br \/>\n<\/p><br \/>\n<br \/>\n<p><b>5. ist Aluminiumstrangpressen f\u00fcr Teleskoprohrkonstruktionen geeignet? <\/b><\/p>\n<p> Ja, das Strangpressen von Aluminium erm\u00f6glicht eine pr\u00e4zise Kontrolle der Abmessungen und Wandst\u00e4rken und gew\u00e4hrleistet eine reibungslose Teleskopfunktion und hohe strukturelle Integrit\u00e4t.<br \/>\n<\/p><br \/>\n<br \/>\n<p><b>6. sind die Teleskop-Achteckrohre aus Aluminium korrosionsbest\u00e4ndig? <\/b><\/p>\n<p> Aluminium ist von Natur aus korrosionsbest\u00e4ndig und kann eloxiert werden, um die Haltbarkeit in Au\u00dfen- oder Meeresumgebungen zu erh\u00f6hen.<br \/>\n<\/p><br \/>\n<br \/>\n<p><b>7. k\u00f6nnen Aluminium-Teleskoprohre individuell angepasst werden? <\/b><\/p>\n<p> Ja, die Teleskop-Achtkantrohre k\u00f6nnen in L\u00e4nge, Wandst\u00e4rke, Oberfl\u00e4chenbeschaffenheit und Verriegelungsmechanismus an die jeweiligen technischen Anforderungen angepasst werden.<br \/>\n<\/p><br \/>\n<br \/>\n<p><b>8. wie funktioniert die Teleskopierfunktion bei Achteckrohren? <\/b><\/p>\n<p> Das kleinere Aluminiumrohr gleitet reibungslos und mit minimalem Spiel in das gr\u00f6\u00dfere Achteckrohr, das h\u00e4ufig mit Klemmen oder Druckknopfverriegelungen gesichert wird.<br \/>\n<\/p><br \/>\n<br \/>\n<p><b>9. welche Oberfl\u00e4chen sind f\u00fcr Aluminium-Teleskop-Achtkantrohre erh\u00e4ltlich? <\/b><\/p>\n<p> Erh\u00e4ltlich in den Ausf\u00fchrungen walzblank, eloxiert und pulverbeschichtet, um Aussehen, Griffigkeit und Umweltbest\u00e4ndigkeit zu verbessern.<br \/>\n<\/p><br \/>\n<br \/>\n<p><b>10. sind die Teleskop-Achteckrohre aus stranggepresstem Aluminium f\u00fcr den Einsatz unter schweren Bedingungen geeignet? <\/b><\/p>\n<p> Ja, sie sind aufgrund ihrer geometrischen Stabilit\u00e4t und Materialfestigkeit ideal f\u00fcr tragende, verstellbare Anwendungen in Industrie und Gewerbe.<br \/>\n<\/p><br \/><\/p>","protected":false},"featured_media":6191,"template":"","categories":[58],"class_list":["post-6192","product","type-product","status-publish","has-post-thumbnail","hentry","category-aluminium-extrusion-profiles"],"meta_box":{"hilight_text_group":{"product_hilight_text":"<li>Telescopic design allows adjustable length for versatile applications<\/li>\r\r\n<li>Octagon shape provides enhanced structural strength and stability<\/li>\r\r\n<li>Lightweight aluminum for easy handling and transport<\/li>\r\r\n<li>Corrosion-resistant surface suitable for indoor and outdoor use<\/li>\r\r\n<li>Ideal for flagpoles, tent frames, and extension mechanisms<\/li>","product_chanpin_chanpin":"<li><a href=\"https:\/\/sinoextrud.com\/product\/aluminium-u-channel\/\" target=\"_blank\">Aluminium U Channel<\/a><\/li>\r\n<li><a href=\"https:\/\/sinoextrud.com\/product\/aluminum-profile-roller-blinds-rails\/\" target=\"_blank\">Aluminum Profile Roller Blinds Rails<\/a><\/li>\r\n<li><a href=\"https:\/\/sinoextrud.com\/product\/aluminum-extrusion-aluminum-cladding-profile-wood-look-grain-aluminum-panels\/\" target=\"_blank\">Aluminum Extrusion Aluminum Cladding Profile Wood Look Grain Aluminum Panels<\/a><\/li>\r\n<li><a href=\"https:\/\/sinoextrud.com\/product\/aluminum-extrusion-6005-big-size-industrial-aluminum-profile\/\" target=\"_blank\">Aluminum Extrusion 6005 Big Size Industrial Aluminum Profile<\/a><\/li>\r\n<li><a href=\"https:\/\/sinoextrud.com\/product\/aluminum-extrusion-telescopic-tube-octagon-tube\/\" target=\"_blank\">Aluminum Extrusion Telescopic Tube Octagon Tube<\/a><\/li>\r\n<li><a href=\"https:\/\/sinoextrud.com\/product\/aluminum-extrusion-aluminum-roof-rack-profiles\/\" target=\"_blank\">Aluminum Extrusion Aluminum Roof Rack Profiles<\/a><\/li>\r\n<li><a href=\"https:\/\/sinoextrud.com\/product\/aluminum-extrusion-blackboard-whiteboard-frame-aluminum-profiles\/\" target=\"_blank\">Aluminum Extrusion Blackboard Whiteboard Frame Aluminum Profiles<\/a><\/li>\r\n<li><a href=\"https:\/\/sinoextrud.com\/product\/aluminium-extrusion-anodized-aluminum-profile\/\" target=\"_blank\">Aluminium Extrusion Anodized Aluminum Profile<\/a><\/li>\r\n<li><a href=\"https:\/\/sinoextrud.com\/product\/aluminium-extrusion-wood-grain-aluminum-profile\/\" target=\"_blank\">Aluminium Extrusion Wood Grain Aluminum Profile<\/a><\/li>\r\n<li><a href=\"https:\/\/sinoextrud.com\/product\/aluminum-corner-extrusion-profiles\/\" target=\"_blank\">Aluminum Corner Extrusion Profiles<\/a><\/li>\r\n<li><a href=\"https:\/\/sinoextrud.com\/product\/extruded-aluminium-track\/\" target=\"_blank\">Extruded Aluminium Track<\/a><\/li>"},"feature_list":[]},"_links":{"self":[{"href":"https:\/\/sinoextrud.com\/de\/wp-json\/wp\/v2\/product\/6192","targetHints":{"allow":["GET"]}}],"collection":[{"href":"https:\/\/sinoextrud.com\/de\/wp-json\/wp\/v2\/product"}],"about":[{"href":"https:\/\/sinoextrud.com\/de\/wp-json\/wp\/v2\/types\/product"}],"wp:featuredmedia":[{"embeddable":true,"href":"https:\/\/sinoextrud.com\/de\/wp-json\/wp\/v2\/media\/6191"}],"wp:attachment":[{"href":"https:\/\/sinoextrud.com\/de\/wp-json\/wp\/v2\/media?parent=6192"}],"wp:term":[{"taxonomy":"category","embeddable":true,"href":"https:\/\/sinoextrud.com\/de\/wp-json\/wp\/v2\/categories?post=6192"}],"curies":[{"name":"wp","href":"https:\/\/api.w.org\/{rel}","templated":true}]}}