{"id":6178,"date":"2025-05-25T15:42:56","date_gmt":"2025-05-25T15:42:56","guid":{"rendered":"https:\/\/sinoextrud.com\/product\/aluminium-extrusion-11-5m-ultra-long-mill-finished-profiles\/"},"modified":"2025-06-24T03:54:39","modified_gmt":"2025-06-24T03:54:39","slug":"aluminium-strangpressprofile-11-5m-ultra-lang-walzblank","status":"publish","type":"product","link":"https:\/\/sinoextrud.com\/de\/product\/aluminium-extrusion-11-5m-ultra-long-mill-finished-profiles\/","title":{"rendered":"Aluminium-Strangpressprofile 11,5 m Ultra-lange, fabrikfertige Profile"},"content":{"rendered":"<h2>Produkte Details<\/h2>\n<table class=\"custom-table\">\n<tr>\n<td class=\"label\">Produktname<\/td>\n<td>Aluminium-Strangpressprofile 11,5 m Ultra-lange, fabrikfertige Profile<\/td>\n<\/tr>\n<tr>\n<td class=\"label\">Aluminium-Legierung<\/td>\n<td>Serie 1000, Serie 200, Serie 3000, Serie 5000, Serie 6000, Serie 7000<\/td>\n<\/tr>\n<tr>\n<td class=\"label\">Temperament<\/td>\n<td>T3-T8<\/td>\n<\/tr>\n<tr>\n<td class=\"label\">L\u00e4nge<\/td>\n<td>11,5 m oder nach Zeichnung<\/td>\n<\/tr>\n<tr>\n<td class=\"label\">Farbe<\/td>\n<td>M\u00fchle fertig<\/td>\n<\/tr>\n<tr>\n<td class=\"label\">Oberfl\u00e4chenbehandlung<\/td>\n<td>Eloxiert, Holzmaserung, Pulverbeschichtung, Sandstrahlen, Elektrophorese, geb\u00fcrstet, poliert, etc.<\/td>\n<\/tr>\n<tr>\n<td class=\"label\">CNC-Tiefenbearbeitung<\/td>\n<td>Schneiden, Bohren, Zerspanen, Stanzen, Biegen, Gewindeschneiden und so weiter<\/td>\n<\/tr>\n<tr>\n<td class=\"label\">Zertifizierungen<\/td>\n<td>CE, ISO, SGS, TUV, ROHS<\/td>\n<\/tr>\n<tr>\n<td class=\"label\">Proben<\/td>\n<td>Kostenlose Probe. 1-3 Tage zu Ihnen geliefert.<\/td>\n<\/tr>\n<tr>\n<td class=\"label\">MOQ<\/td>\n<td>200KG f\u00fcr jedes Profil<\/td>\n<\/tr>\n<tr>\n<td class=\"label\">Lieferfrist<\/td>\n<td>Die Entwicklung der Form und die Anfertigung des Musters dauern 12-15 Tage, die Produktion dauert 15-25 Tage nach Eingang der Anzahlung des K\u00e4ufers.<\/td>\n<\/tr>\n<tr>\n<td class=\"label\">Zahlungsbedingungen<\/td>\n<td>30% Anzahlung vor der Produktion, und der Restbetrag vor dem Versand.<\/td>\n<\/tr>\n<\/table>\n<h2>Unsere Produktionsbasis<\/h2>\n<h3>Fabrik-Panorama<\/h3>\n<p><img decoding=\"async\" src=\"\/wp-content\/uploads\/factory-01.webp\"\/><\/p>\n<h3>Werkstatt zur Herstellung von Aluminiumstangen<\/h3>\n<p><img decoding=\"async\" src=\"\/wp-content\/uploads\/factory-02.webp\"\/><\/p>\n<p><img decoding=\"async\" src=\"\/wp-content\/uploads\/factory-03.webp\"\/><\/p>\n<h3>Lagerhaus f\u00fcr Formen<\/h3>\n<p><img decoding=\"async\" src=\"\/wp-content\/uploads\/factory-04.webp\"\/><\/p>\n<h3>43 Aluminium-Strangpressanlagen (500\u00e2\u20ac\"5500 Tonnen)<\/h3>\n<p><img decoding=\"async\" src=\"\/wp-content\/uploads\/factory-05.webp\"\/><\/p>\n<p><img decoding=\"async\" src=\"\/wp-content\/uploads\/factory-06.webp\"\/><\/p>\n<p><img decoding=\"async\" src=\"\/wp-content\/uploads\/factory-07.webp\"\/><\/p>\n<h3>Werkstatt f\u00fcr Pulverbeschichtung<\/h3>\n<p><img decoding=\"async\" src=\"\/wp-content\/uploads\/factory-09.webp\"\/><\/p>\n<h3>Eloxal-Werkstatt<\/h3>\n<p><img decoding=\"async\" src=\"\/wp-content\/uploads\/factory-10.webp\"\/><\/p>\n<h3>Workshop zur Tiefenverarbeitung<\/h3>\n<p><img decoding=\"async\" src=\"\/wp-content\/uploads\/factory-11.webp\"\/><\/p>\n<h3>CNC-Pr\u00e4zisionsbearbeitungswerkstatt<\/h3>\n<p><img decoding=\"async\" src=\"\/wp-content\/uploads\/factory-11.5.webp\"\/><\/p>\n<h3>Lager f\u00fcr Fertigprodukte und Export<\/h3>\n<p><img decoding=\"async\" src=\"\/wp-content\/uploads\/factory-12.webp\"\/><\/p>\n<p><img decoding=\"async\" src=\"\/wp-content\/uploads\/factory-13.webp\"\/><\/p>\n<p><img decoding=\"async\" src=\"\/wp-content\/uploads\/factory-14.webp\"\/><\/p>\n<h2>FAQ<\/h2>\n<p><p><b>1. was sind Aluminium-Strangpressprofile mit 11,5 m L\u00e4nge, die im Werk bearbeitet wurden? <\/b><\/p>\n<p> Dabei handelt es sich um extra lange Aluminiumprofile mit einer L\u00e4nge von bis zu 11,5 Metern und einer gefr\u00e4sten Oberfl\u00e4che, die sich ideal f\u00fcr bauliche und industrielle Anwendungen eignen, bei denen nahtlose Spannweiten erforderlich sind.<br \/>\n<\/p><br \/>\n<br \/>\n<p><b>2. was sind die Vorteile von 11,5 m langen Aluminium-Strangpressprofilen? <\/b><\/p>\n<p> 11,5 m lange Aluminiumprofile reduzieren den Bedarf an Fugen, gew\u00e4hrleisten strukturelle Konsistenz, minimieren die Installationszeit und bieten eine hohe Materialfestigkeit.<br \/>\n<\/p><br \/>\n<br \/>\n<p><b>3. was bedeutet \"walzblank\" bei Aluminium-Strangpressprofilen? <\/b><\/p>\n<p> Als walzblank werden Aluminiumprofile bezeichnet, die eine nat\u00fcrliche, unbehandelte Oberfl\u00e4che direkt aus der Strangpresse haben, die sich ideal f\u00fcr die weitere Bearbeitung oder Eloxierung eignet.<br \/>\n<\/p><br \/>\n<br \/>\n<p><b>4. warum sollte man sich f\u00fcr ultralange Aluminium-Strangpressprofile entscheiden? <\/b><\/p>\n<p> Ultralange Aluminium-Strangpressprofile erm\u00f6glichen eine nahtlose Konstruktion, weniger Verbindungspunkte und eine h\u00f6here Festigkeit bei Architektur- und Industrieprojekten.<br \/>\n<\/p><br \/>\n<br \/>\n<p><b>5. wo werden 11,5 m lange Aluminium-Fertigprofile verwendet? <\/b><\/p>\n<p> Diese Profile finden breite Anwendung in Vorhangfassaden, Rahmen f\u00fcr Solarpaneele, im Transportwesen, als Bautr\u00e4ger und in gro\u00dfen industriellen Baugruppen.<br \/>\n<\/p><br \/>\n<br \/>\n<p><b>6. sind walzblanke Aluminium-Strangpressprofile korrosionsbest\u00e4ndig? <\/b><\/p>\n<p> W\u00e4hrend die Walzoberfl\u00e4che einen grundlegenden Schutz bietet, k\u00f6nnen die Profile nach der Extrusion eloxiert oder beschichtet werden, um die Korrosionsbest\u00e4ndigkeit f\u00fcr den Einsatz im Freien oder auf See zu erh\u00f6hen.<br \/>\n<\/p><br \/>\n<br \/>\n<p><b>7. K\u00f6nnen 11,5 m lange Aluminiumprofile individuell angepasst werden? <\/b><\/p>\n<p> Ja, sie k\u00f6nnen in Form, Querschnitt, Legierungsart und Dicke individuell angepasst werden, um spezifische technische und konstruktive Anforderungen zu erf\u00fcllen.<br \/>\n<\/p><br \/>\n<br \/>\n<p><b>8. sind lange Aluminium-Strangpressprofile leicht zu transportieren? <\/b><\/p>\n<p> Viele Hersteller bieten jedoch Verpackungs- und Versandl\u00f6sungen f\u00fcr 11,5 m lange Aluminiumprofile an, die eine besondere Handhabung und Logistik erfordern.<br \/>\n<\/p><br \/>\n<br \/>\n<p><b>9. verbessern ultralange Aluminiumprofile die strukturelle Integrit\u00e4t? <\/b><\/p>\n<p> Ja, die Verwendung eines einzigen ultralangen Profils verringert die Anzahl der Verbindungspunkte und erh\u00f6ht die Steifigkeit, die Tragf\u00e4higkeit und die allgemeine strukturelle Zuverl\u00e4ssigkeit.<br \/>\n<\/p><br \/>\n<br \/>\n<p><b>10.welche Legierungen werden \u00fcblicherweise f\u00fcr 11.5m Aluminium-Strangpressprofile verwendet? <\/b><\/p>\n<p> Zu den gebr\u00e4uchlichen Legierungen geh\u00f6ren 6061, 6063 und 6082, die eine ausgezeichnete Festigkeit, Schwei\u00dfbarkeit und Bearbeitbarkeit f\u00fcr weit gespannte Strukturanwendungen bieten.<br \/>\n<\/p><br \/><\/p>","protected":false},"featured_media":6177,"template":"","categories":[58],"class_list":["post-6178","product","type-product","status-publish","has-post-thumbnail","hentry","category-aluminium-extrusion-profiles"],"meta_box":{"hilight_text_group":{"product_hilight_text":"<li>Ultra-long 11.5m profiles reduce joint needs for large structures<\/li>\r\r\n<li>Mill finish offers a clean, ready-for-processing surface<\/li>\r\r\n<li>High straightness and dimensional stability for precision projects<\/li>\r\r\n<li>Ideal for curtain walls, transport, and industrial frameworks<\/li>\r\r\n<li>Supports custom alloy grades and cross-section designs<\/li>","product_chanpin_chanpin":"<li><a href=\"https:\/\/sinoextrud.com\/product\/aluminum-extrusion-gate-barrier-arm-aluminum-profile\/\" target=\"_blank\">Aluminum Extrusion Gate Barrier Arm Aluminum Profile<\/a><\/li>\r\n<li><a href=\"https:\/\/sinoextrud.com\/product\/aluminum-tube-framing\/\" target=\"_blank\">Aluminum Tube Framing<\/a><\/li>\r\n<li><a href=\"https:\/\/sinoextrud.com\/product\/aluminium-extrusion-wood-grain-outdoor-louver-aluminum-profile\/\" target=\"_blank\">Aluminium Extrusion Wood Grain Outdoor Louver Aluminum Profile<\/a><\/li>\r\n<li><a href=\"https:\/\/sinoextrud.com\/product\/aluminium-extrusion-caravan-awning-aluminum-profile\/\" target=\"_blank\">Aluminium Extrusion Caravan Awning Aluminum Profile<\/a><\/li>\r\n<li><a href=\"https:\/\/sinoextrud.com\/product\/aluminium-extrusion-11-5m-ultra-long-mill-finished-profiles\/\" target=\"_blank\">Aluminium Extrusion 11.5m Ultra-long Mill Finished Profiles<\/a><\/li>\r\n<li><a href=\"https:\/\/sinoextrud.com\/product\/aluminium-u-channel\/\" target=\"_blank\">Aluminium U Channel<\/a><\/li>\r\n<li><a href=\"https:\/\/sinoextrud.com\/product\/aluminum-profile-roller-blinds-rails\/\" target=\"_blank\">Aluminum Profile Roller Blinds Rails<\/a><\/li>\r\n<li><a href=\"https:\/\/sinoextrud.com\/product\/aluminum-extrusion-aluminum-cladding-profile-wood-look-grain-aluminum-panels\/\" target=\"_blank\">Aluminum Extrusion Aluminum Cladding Profile Wood Look Grain Aluminum Panels<\/a><\/li>\r\n<li><a href=\"https:\/\/sinoextrud.com\/product\/aluminum-extrusion-6005-big-size-industrial-aluminum-profile\/\" target=\"_blank\">Aluminum Extrusion 6005 Big Size Industrial Aluminum Profile<\/a><\/li>\r\n<li><a href=\"https:\/\/sinoextrud.com\/product\/anodised-aluminium\/\" target=\"_blank\">Anodised Aluminium<\/a><\/li>\r\n<li><a href=\"https:\/\/sinoextrud.com\/product\/aluminum-door-frame-profile\/\" target=\"_blank\">Aluminum Door Frame Profile<\/a><\/li>"},"feature_list":[]},"_links":{"self":[{"href":"https:\/\/sinoextrud.com\/de\/wp-json\/wp\/v2\/product\/6178","targetHints":{"allow":["GET"]}}],"collection":[{"href":"https:\/\/sinoextrud.com\/de\/wp-json\/wp\/v2\/product"}],"about":[{"href":"https:\/\/sinoextrud.com\/de\/wp-json\/wp\/v2\/types\/product"}],"wp:featuredmedia":[{"embeddable":true,"href":"https:\/\/sinoextrud.com\/de\/wp-json\/wp\/v2\/media\/6177"}],"wp:attachment":[{"href":"https:\/\/sinoextrud.com\/de\/wp-json\/wp\/v2\/media?parent=6178"}],"wp:term":[{"taxonomy":"category","embeddable":true,"href":"https:\/\/sinoextrud.com\/de\/wp-json\/wp\/v2\/categories?post=6178"}],"curies":[{"name":"wp","href":"https:\/\/api.w.org\/{rel}","templated":true}]}}