{"id":6174,"date":"2025-05-25T15:37:36","date_gmt":"2025-05-25T15:37:36","guid":{"rendered":"https:\/\/sinoextrud.com\/product\/aluminium-extrusion-wood-grain-outdoor-louver-aluminum-profile\/"},"modified":"2025-06-24T03:54:35","modified_gmt":"2025-06-24T03:54:35","slug":"aluminium-extrusion-holzmaserung-ausenjalousie-aluminiumprofil","status":"publish","type":"product","link":"https:\/\/sinoextrud.com\/de\/product\/aluminium-extrusion-wood-grain-outdoor-louver-aluminum-profile\/","title":{"rendered":"Aluminium Strangpressen Holzmaserung Outdoor Louver Aluminium Profil"},"content":{"rendered":"<h2>Produkte Details<\/h2>\n<table class=\"custom-table\">\n<tr>\n<td class=\"label\">Produktname<\/td>\n<td>Aluminium Strangpressen Holzmaserung Outdoor Louver Aluminium Profil<\/td>\n<\/tr>\n<tr>\n<td class=\"label\">Produktpalette<\/td>\n<td>Aluminium-Strangpressprofile f\u00fcr Aluminium-Au\u00dfenjalousien, Aluminium-Jalousie-Strangpressprofile, kundenspezifische Aluminium-Au\u00dfenjalousie, Holzmaserung Au\u00dfenjalousie Aluminiumprofil, etc<\/td>\n<\/tr>\n<tr>\n<td class=\"label\">Geeignete Systeme Typen<\/td>\n<td>Aluminium-Legierung Aluminium-Fensterladen, Aluminium-Lamellen, Aluminium-Pergola China, Outdoor-Aluminium-Fensterladen, Aluminium-Lamellenzaun, ametco Lamellenzaun, Lamellenholzzaun, Lamellenholzzaun-Paneele, etc<\/td>\n<\/tr>\n<tr>\n<td class=\"label\">Aluminium-Legierung<\/td>\n<td>Serie 5000, Serie 6000, Serie 7000<\/td>\n<\/tr>\n<tr>\n<td class=\"label\">Temperament<\/td>\n<td>T5-T8<\/td>\n<\/tr>\n<tr>\n<td class=\"label\">Form<\/td>\n<td>Personalisierung<\/td>\n<\/tr>\n<tr>\n<td class=\"label\">Farbe<\/td>\n<td>Holzmaserung, pulverbeschichtet Holzmaserung Transfer<\/td>\n<\/tr>\n<tr>\n<td class=\"label\">Oberfl\u00e4chenbehandlung<\/td>\n<td>walzblank, eloxiert, Holzmaserung, Pulverbeschichtung, Sandstrahlen, Elektrophorese, geb\u00fcrstet, poliert, etc.<\/td>\n<\/tr>\n<tr>\n<td class=\"label\">CNC-Tiefenbearbeitung<\/td>\n<td>Schneiden, Bohren, Zerspanen, Stanzen, Biegen, Gewindeschneiden und so weiter<\/td>\n<\/tr>\n<tr>\n<td class=\"label\">Zertifizierungen<\/td>\n<td>CE, ISO, SGS, TUV, ROHS<\/td>\n<\/tr>\n<tr>\n<td class=\"label\">Proben<\/td>\n<td>kostenlose Probe. 1-3 Tage an Sie geliefert.<\/td>\n<\/tr>\n<tr>\n<td class=\"label\">MOQ<\/td>\n<td>200KG f\u00fcr jedes Profil<\/td>\n<\/tr>\n<tr>\n<td class=\"label\">Lieferfrist<\/td>\n<td>Die Entwicklung der Form und die Anfertigung des Musters dauern 12-15 Tage, die Produktion dauert 15-25 Tage nach Eingang der Anzahlung des K\u00e4ufers.<\/td>\n<\/tr>\n<tr>\n<td class=\"label\">Zahlungsbedingungen<\/td>\n<td>30% Anzahlung vor der Produktion, und der Restbetrag vor dem Versand.<\/td>\n<\/tr>\n<\/table>\n<h2>Unsere Produktionsbasis<\/h2>\n<h3>Fabrik-Panorama<\/h3>\n<p><img decoding=\"async\" src=\"\/wp-content\/uploads\/factory-01.webp\"\/><\/p>\n<h3>Werkstatt zur Herstellung von Aluminiumstangen<\/h3>\n<p><img decoding=\"async\" src=\"\/wp-content\/uploads\/factory-02.webp\"\/><\/p>\n<p><img decoding=\"async\" src=\"\/wp-content\/uploads\/factory-03.webp\"\/><\/p>\n<h3>Lagerhaus f\u00fcr Formen<\/h3>\n<p><img decoding=\"async\" src=\"\/wp-content\/uploads\/factory-04.webp\"\/><\/p>\n<h3>43 Aluminium-Strangpressanlagen (500\u00e2\u20ac\"5500 Tonnen)<\/h3>\n<p><img decoding=\"async\" src=\"\/wp-content\/uploads\/factory-05.webp\"\/><\/p>\n<p><img decoding=\"async\" src=\"\/wp-content\/uploads\/factory-06.webp\"\/><\/p>\n<p><img decoding=\"async\" src=\"\/wp-content\/uploads\/factory-07.webp\"\/><\/p>\n<h3>Werkstatt f\u00fcr Pulverbeschichtung<\/h3>\n<p><img decoding=\"async\" src=\"\/wp-content\/uploads\/factory-09.webp\"\/><\/p>\n<h3>Eloxal-Werkstatt<\/h3>\n<p><img decoding=\"async\" src=\"\/wp-content\/uploads\/factory-10.webp\"\/><\/p>\n<h3>Workshop zur Tiefenverarbeitung<\/h3>\n<p><img decoding=\"async\" src=\"\/wp-content\/uploads\/factory-11.webp\"\/><\/p>\n<h3>CNC-Pr\u00e4zisionsbearbeitungswerkstatt<\/h3>\n<p><img decoding=\"async\" src=\"\/wp-content\/uploads\/factory-11.5.webp\"\/><\/p>\n<h3>Lager f\u00fcr Fertigprodukte und Export<\/h3>\n<p><img decoding=\"async\" src=\"\/wp-content\/uploads\/factory-12.webp\"\/><\/p>\n<p><img decoding=\"async\" src=\"\/wp-content\/uploads\/factory-13.webp\"\/><\/p>\n<p><img decoding=\"async\" src=\"\/wp-content\/uploads\/factory-14.webp\"\/><\/p>\n<h2>FAQ<\/h2>\n<p><p><b>1. was ist ein Aluminium-Strangpressprofil mit Holzmaserung f\u00fcr den Au\u00dfenbereich? <\/b><\/p>\n<p> Es handelt sich um ein stranggepresstes Aluminiumprofil mit einer Holzmaserung, das f\u00fcr Au\u00dfenjalousiesysteme entwickelt wurde, die das Aussehen von Holz mit der Haltbarkeit von Aluminium kombinieren.<br \/>\n<\/p><br \/>\n<br \/>\n<p><b>2. was sind die Vorteile von Holzmaserungsprofilen aus Aluminium? <\/b><\/p>\n<p> Jalousieprofile aus Aluminium mit Holzmaserung sind witterungsbest\u00e4ndig, wartungsarm, \u00e4sthetisch ansprechend und bieten eine lange Lebensdauer im Au\u00dfenbereich.<br \/>\n<\/p><br \/>\n<br \/>\n<p><b>3. warum Aluminium-Strangpressprofile mit Holzmaserung f\u00fcr Lamellen w\u00e4hlen? <\/b><\/p>\n<p> Stranggepresstes Aluminium mit Holzmaserung sorgt f\u00fcr eine nat\u00fcrliche Holzoptik ohne Verziehen, Verrotten oder Verblassen und gew\u00e4hrleistet eine hervorragende strukturelle Integrit\u00e4t.<br \/>\n<\/p><br \/>\n<br \/>\n<p><b>4. wo werden Aluminiumlamellen mit Holzmaserung im Au\u00dfenbereich verwendet? <\/b><\/p>\n<p> Diese Profile werden h\u00e4ufig f\u00fcr Fassaden, Sonnenschirme, Pergolen, Z\u00e4une und Sichtschutzw\u00e4nde in privaten und gewerblichen Au\u00dfenanlagen verwendet.<br \/>\n<\/p><br \/>\n<br \/>\n<p><b>5) Sind Holzmaserungsprofile aus Aluminium wetterfest? <\/b><\/p>\n<p> Ja, Aluminiumlamellen mit Holzmaserung sind sehr widerstandsf\u00e4hig gegen UV-Strahlen, Regen, Feuchtigkeit und Temperaturschwankungen und eignen sich daher perfekt f\u00fcr die Verwendung im Freien.<br \/>\n<\/p><br \/>\n<br \/>\n<p><b>6) M\u00fcssen Aluminiumprofile mit Holzmaserung gewartet werden? <\/b><\/p>\n<p> Nein, sie sind praktisch wartungsfrei und m\u00fcssen nur gelegentlich gereinigt werden, im Gegensatz zu Echtholz, das regelm\u00e4\u00dfig versiegelt oder gestrichen werden muss.<br \/>\n<\/p><br \/>\n<br \/>\n<p><b>7. k\u00f6nnen die Aluminium-Strangpressprofile individuell angepasst werden? <\/b><\/p>\n<p> Nat\u00fcrlich k\u00f6nnen sie in Form, Gr\u00f6\u00dfe, Holzmaserung und Farbe individuell angepasst werden, um bestimmten architektonischen und gestalterischen Anforderungen gerecht zu werden.<br \/>\n<\/p><br \/>\n<br \/>\n<p><b>8. ist die Holzmaserung der Aluminiumlamellen dauerhaft? <\/b><\/p>\n<p> Ja, die Holzmaserung wird durch fortschrittliche Oberfl\u00e4chenbehandlungstechniken wie Pulverbeschichtung oder Thermotransfer aufgebracht, die eine lang anhaltende Haftung und Farbstabilit\u00e4t gew\u00e4hrleisten.<br \/>\n<\/p><br \/>\n<br \/>\n<p><b>9. sind Aluminiumlamellen mit Holzmaserung umweltfreundlich? <\/b><\/p>\n<p> Ja, Aluminium ist recycelbar, und die Holzmaserung reduziert den Bedarf an Abholzung und bietet eine nachhaltige Alternative zu Naturholz.<br \/>\n<\/p><br \/>\n<br \/>\n<p><b>10. wie verbessern Holzmaserungslamellen aus Aluminium die \u00c4sthetik von Geb\u00e4uden? <\/b><\/p>\n<p> Diese Lamellen bieten eine warme, nat\u00fcrliche Holzoptik, w\u00e4hrend sie die klaren Linien und die moderne Ausstrahlung von Pr\u00e4zisionsaluminiumprofilen beibehalten.<br \/>\n<\/p><br \/><\/p>","protected":false},"featured_media":6173,"template":"","categories":[58],"class_list":["post-6174","product","type-product","status-publish","has-post-thumbnail","hentry","category-aluminium-extrusion-profiles"],"meta_box":{"hilight_text_group":{"product_hilight_text":"<li>Realistic wood grain finish combines aesthetics with durability<\/li>\r\r\n<li>Weather-resistant and corrosion-proof for outdoor use<\/li>\r\r\n<li>Lightweight aluminum structure ensures easy installation<\/li>\r\r\n<li>Low maintenance compared to real wood materials<\/li>\r\r\n<li>Custom profiles and colors available for architectural design needs<\/li>","product_chanpin_chanpin":"<li><a href=\"https:\/\/sinoextrud.com\/product\/extruded-aluminum-heatsink\/\" target=\"_blank\">Extruded Aluminum Heatsink<\/a><\/li>\r\n<li><a href=\"https:\/\/sinoextrud.com\/product\/aluminium-light-box-profile\/\" target=\"_blank\">Aluminium Light Box Profile<\/a><\/li>\r\n<li><a href=\"https:\/\/sinoextrud.com\/product\/aluminum-extrusion-gate-barrier-arm-aluminum-profile\/\" target=\"_blank\">Aluminum Extrusion Gate Barrier Arm Aluminum Profile<\/a><\/li>\r\n<li><a href=\"https:\/\/sinoextrud.com\/product\/aluminum-tube-framing\/\" target=\"_blank\">Aluminum Tube Framing<\/a><\/li>\r\n<li><a href=\"https:\/\/sinoextrud.com\/product\/aluminium-extrusion-wood-grain-outdoor-louver-aluminum-profile\/\" target=\"_blank\">Aluminium Extrusion Wood Grain Outdoor Louver Aluminum Profile<\/a><\/li>\r\n<li><a href=\"https:\/\/sinoextrud.com\/product\/aluminium-extrusion-caravan-awning-aluminum-profile\/\" target=\"_blank\">Aluminium Extrusion Caravan Awning Aluminum Profile<\/a><\/li>\r\n<li><a href=\"https:\/\/sinoextrud.com\/product\/aluminium-extrusion-11-5m-ultra-long-mill-finished-profiles\/\" target=\"_blank\">Aluminium Extrusion 11.5m Ultra-long Mill Finished Profiles<\/a><\/li>\r\n<li><a href=\"https:\/\/sinoextrud.com\/product\/aluminium-u-channel\/\" target=\"_blank\">Aluminium U Channel<\/a><\/li>\r\n<li><a href=\"https:\/\/sinoextrud.com\/product\/aluminum-profile-roller-blinds-rails\/\" target=\"_blank\">Aluminum Profile Roller Blinds Rails<\/a><\/li>\r\n<li><a href=\"https:\/\/sinoextrud.com\/product\/aluminum-curtain-wall-extrusions\/\" target=\"_blank\">Aluminum Curtain Wall Extrusions<\/a><\/li>\r\n<li><a href=\"https:\/\/sinoextrud.com\/product\/t-slot-aluminium-profile-extrusion-bulk-selling-98-pure-aluminum-price\/\" target=\"_blank\">t-slot aluminium profile extrusion bulk selling 98% pure aluminum price<\/a><\/li>"},"feature_list":[]},"_links":{"self":[{"href":"https:\/\/sinoextrud.com\/de\/wp-json\/wp\/v2\/product\/6174","targetHints":{"allow":["GET"]}}],"collection":[{"href":"https:\/\/sinoextrud.com\/de\/wp-json\/wp\/v2\/product"}],"about":[{"href":"https:\/\/sinoextrud.com\/de\/wp-json\/wp\/v2\/types\/product"}],"wp:featuredmedia":[{"embeddable":true,"href":"https:\/\/sinoextrud.com\/de\/wp-json\/wp\/v2\/media\/6173"}],"wp:attachment":[{"href":"https:\/\/sinoextrud.com\/de\/wp-json\/wp\/v2\/media?parent=6174"}],"wp:term":[{"taxonomy":"category","embeddable":true,"href":"https:\/\/sinoextrud.com\/de\/wp-json\/wp\/v2\/categories?post=6174"}],"curies":[{"name":"wp","href":"https:\/\/api.w.org\/{rel}","templated":true}]}}