{"id":6168,"date":"2025-05-25T15:00:46","date_gmt":"2025-05-25T15:00:46","guid":{"rendered":"https:\/\/sinoextrud.com\/product\/aluminium-light-box-profile\/"},"modified":"2025-06-24T03:54:30","modified_gmt":"2025-06-24T03:54:30","slug":"aluminium-leuchtkastenprofil","status":"publish","type":"product","link":"https:\/\/sinoextrud.com\/de\/product\/aluminium-light-box-profile\/","title":{"rendered":"Aluminium-Leuchtkastenprofil"},"content":{"rendered":"<h2>Produkte Details<\/h2>\n<table class=\"custom-table\">\n<tr>\n<td class=\"label\">Produktname<\/td>\n<td>Aluminium-Leuchtkastenprofil<\/td>\n<\/tr>\n<tr>\n<td class=\"label\">Produktpalette<\/td>\n<td>Aluminium-Strangpressprofile f\u00fcr Rahmen Aluminium-Profil f\u00fcr Leuchtk\u00e4sten, Aluminium-Profil f\u00fcr Werbe-Leuchtk\u00e4sten, Leuchtkasten-Rahmen Aluminium-Profil f\u00fcr Leuchtk\u00e4sten, schlankes Leuchtkasten-Aluminium-Profil, Aluminium-Profil f\u00fcr Leuchtkasten-Wand, Profil Aluminium-Leuchtkasten, Fotorahmen Aluminium-Profil f\u00fcr Leuchtk\u00e4sten, 8cm Aluminium-Profil f\u00fcr Outdoor-Leuchtk\u00e4sten, etc<\/td>\n<\/tr>\n<tr>\n<td class=\"label\">Aluminium-Legierung<\/td>\n<td>Serie 1000, Serie 200, Serie 3000, Serie 5000, Serie 6000, Serie 7000<\/td>\n<\/tr>\n<tr>\n<td class=\"label\">Temperament<\/td>\n<td>T3-T8<\/td>\n<\/tr>\n<tr>\n<td class=\"label\">Form<\/td>\n<td>Personalisierung<\/td>\n<\/tr>\n<tr>\n<td class=\"label\">Farbe<\/td>\n<td>Personalisierung<\/td>\n<\/tr>\n<tr>\n<td class=\"label\">Oberfl\u00e4chenbehandlung<\/td>\n<td>walzblank, eloxiert, Holzmaserung, Pulverbeschichtung, Sandstrahlen, Elektrophorese, geb\u00fcrstet, poliert, etc.<\/td>\n<\/tr>\n<tr>\n<td class=\"label\">CNC-Tiefenbearbeitung<\/td>\n<td>Schneiden, Bohren, Zerspanen, Stanzen, Biegen, Gewindeschneiden und so weiter<\/td>\n<\/tr>\n<tr>\n<td class=\"label\">Zertifizierungen<\/td>\n<td>CE, ISO, SGS, TUV, ROHS<\/td>\n<\/tr>\n<tr>\n<td class=\"label\">Proben<\/td>\n<td>kostenlose Probe. 1-3 Tage an Sie geliefert.<\/td>\n<\/tr>\n<tr>\n<td class=\"label\">MOQ<\/td>\n<td>200KG f\u00fcr jedes Profil<\/td>\n<\/tr>\n<tr>\n<td class=\"label\">Lieferfrist<\/td>\n<td>Die Entwicklung der Form und die Anfertigung des Musters dauern 12-15 Tage, die Produktion dauert 15-25 Tage nach Eingang der Anzahlung des K\u00e4ufers.<\/td>\n<\/tr>\n<tr>\n<td class=\"label\">Zahlungsbedingungen<\/td>\n<td>30% Anzahlung vor der Produktion, und der Restbetrag vor dem Versand.<\/td>\n<\/tr>\n<\/table>\n<h2>Unsere Produktionsbasis<\/h2>\n<h3>Fabrik-Panorama<\/h3>\n<p><img decoding=\"async\" src=\"\/wp-content\/uploads\/factory-01.webp\"\/><\/p>\n<h3>Werkstatt zur Herstellung von Aluminiumstangen<\/h3>\n<p><img decoding=\"async\" src=\"\/wp-content\/uploads\/factory-02.webp\"\/><\/p>\n<p><img decoding=\"async\" src=\"\/wp-content\/uploads\/factory-03.webp\"\/><\/p>\n<h3>Lagerhaus f\u00fcr Formen<\/h3>\n<p><img decoding=\"async\" src=\"\/wp-content\/uploads\/factory-04.webp\"\/><\/p>\n<h3>43 Aluminium-Strangpressanlagen (500\u00e2\u20ac\"5500 Tonnen)<\/h3>\n<p><img decoding=\"async\" src=\"\/wp-content\/uploads\/factory-05.webp\"\/><\/p>\n<p><img decoding=\"async\" src=\"\/wp-content\/uploads\/factory-06.webp\"\/><\/p>\n<p><img decoding=\"async\" src=\"\/wp-content\/uploads\/factory-07.webp\"\/><\/p>\n<h3>Werkstatt f\u00fcr Pulverbeschichtung<\/h3>\n<p><img decoding=\"async\" src=\"\/wp-content\/uploads\/factory-09.webp\"\/><\/p>\n<h3>Eloxal-Werkstatt<\/h3>\n<p><img decoding=\"async\" src=\"\/wp-content\/uploads\/factory-10.webp\"\/><\/p>\n<h3>Workshop zur Tiefenverarbeitung<\/h3>\n<p><img decoding=\"async\" src=\"\/wp-content\/uploads\/factory-11.webp\"\/><\/p>\n<h3>CNC-Pr\u00e4zisionsbearbeitungswerkstatt<\/h3>\n<p><img decoding=\"async\" src=\"\/wp-content\/uploads\/factory-11.5.webp\"\/><\/p>\n<h3>Lager f\u00fcr Fertigprodukte und Export<\/h3>\n<p><img decoding=\"async\" src=\"\/wp-content\/uploads\/factory-12.webp\"\/><\/p>\n<p><img decoding=\"async\" src=\"\/wp-content\/uploads\/factory-13.webp\"\/><\/p>\n<p><img decoding=\"async\" src=\"\/wp-content\/uploads\/factory-14.webp\"\/><\/p>\n<h2>FAQ<\/h2>\n<p><p><b>1. was ist ein Aluminium-Leuchtkastenprofil? <\/b><\/p>\n<p> Ein Aluminium-Leuchtkastenprofil ist ein struktureller Aluminiumrahmen, der f\u00fcr den Bau von Leuchtreklamen oder Schauk\u00e4sten verwendet wird und LED-Leuchten und Grafikpaneele tr\u00e4gt.<br \/>\n<\/p><br \/>\n<br \/>\n<p><b>2. was sind die Vorteile von Aluminium-Leuchtkastenprofilen? <\/b><\/p>\n<p> Aluminium-Leuchtkastenprofile bieten leichte Haltbarkeit, Korrosionsbest\u00e4ndigkeit, moderne \u00c4sthetik und eine einfache Integration mit LED-Beleuchtungssystemen.<br \/>\n<\/p><br \/>\n<br \/>\n<p><b>3. warum Aluminium f\u00fcr Leuchtk\u00e4sten w\u00e4hlen? <\/b><\/p>\n<p> Aluminium ist aufgrund seines Verh\u00e4ltnisses von Festigkeit zu Gewicht, seiner Rostbest\u00e4ndigkeit und seiner F\u00e4higkeit, pr\u00e4zise stranggepresst und kundenspezifisch angepasst zu werden, ideal f\u00fcr Rahmen von Leuchtk\u00e4sten.<br \/>\n<\/p><br \/>\n<br \/>\n<p><b>4. wo werden Aluminium-Leuchtkastenprofile \u00fcblicherweise verwendet? <\/b><\/p>\n<p> Aluminium-Leuchtkastenprofile finden breite Anwendung im Einzelhandel, bei Werbeschildern, auf Ausstellungen, Flugh\u00e4fen und bei Branding-Systemen f\u00fcr den Innen- und Au\u00dfenbereich.<br \/>\n<\/p><br \/>\n<br \/>\n<p><b>5. sind Aluminium-Leuchtkastenprofile f\u00fcr den Au\u00dfeneinsatz geeignet? <\/b><\/p>\n<p> Ja, eloxierte oder pulverbeschichtete Aluminium-Leuchtkastenprofile sind witterungsbest\u00e4ndig und f\u00fcr den langfristigen Einsatz im Au\u00dfenbereich geeignet.<br \/>\n<\/p><br \/>\n<br \/>\n<p><b>6. k\u00f6nnen Aluminium-Leuchtkastenprofile individuell angepasst werden? <\/b><\/p>\n<p> Aluminium-Leuchtkastenprofile k\u00f6nnen in Gr\u00f6\u00dfe, Tiefe, Farbe und Montageart an die jeweiligen Beschilderungs- und Beleuchtungsanforderungen angepasst werden.<br \/>\n<\/p><br \/>\n<br \/>\n<p><b>7. verbessern Aluminium-Leuchtkastenprofile die Beleuchtungsleistung? <\/b><\/p>\n<p> Ja, Aluminium-Leuchtkastenprofile helfen, die LED-Beleuchtung gleichm\u00e4\u00dfig zu verteilen und unterst\u00fctzen das W\u00e4rmemanagement, was zu einer hellen, gleichm\u00e4\u00dfigen Ausleuchtung f\u00fchrt.<br \/>\n<\/p><br \/>\n<br \/>\n<p><b>8. sind Aluminium-Leuchtkastenprofile leicht zu montieren? <\/b><\/p>\n<p> Ja, Aluminium-Leuchtkastenprofile sind f\u00fcr eine schnelle Montage mit Eckverbindern, Klammern und werkzeuglosen Systemen f\u00fcr eine effiziente Installation ausgelegt.<br \/>\n<\/p><br \/>\n<br \/>\n<p><b>9. welche Oberfl\u00e4chen sind f\u00fcr Aluminium-Leuchtkastenprofile erh\u00e4ltlich? <\/b><\/p>\n<p> Aluminium-Leuchtkastenprofile sind in eloxierter, pulverbeschichteter, geb\u00fcrsteter oder individuell eingef\u00e4rbter Ausf\u00fchrung erh\u00e4ltlich, um verschiedenen Anforderungen an das Branding gerecht zu werden.<br \/>\n<\/p><br \/>\n<br \/>\n<p><b>10. wie unterst\u00fctzen Aluminium-Leuchtkastenprofile die visuelle Wirkung? <\/b><\/p>\n<p> Aluminium-Leuchtkastenprofile erm\u00f6glichen schlanke, rahmenlose oder gerahmte Designs, die die Sichtbarkeit und das professionelle Aussehen von hinterleuchteten oder kantenbeleuchteten Displays verbessern.<br \/>\n<\/p><br \/><\/p>","protected":false},"featured_media":6167,"template":"","categories":[58],"class_list":["post-6168","product","type-product","status-publish","has-post-thumbnail","hentry","category-aluminium-extrusion-profiles"],"meta_box":{"hilight_text_group":{"product_hilight_text":"<li>Lightweight and durable for easy installation and long-term use<\/li>\r\r\n<li>Provides sleek framing for professional light box displays<\/li>\r\r\n<li>Supports various lighting types including LED strips<\/li>\r\r\n<li>Custom sizes and finishes available for branding needs<\/li>\r\r\n<li>Corrosion-resistant surface suitable for indoor and outdoor use<\/li>","product_chanpin_chanpin":"<li><a href=\"https:\/\/sinoextrud.com\/product\/led-plant-growth-light-aluminum-profile\/\" target=\"_blank\">Led Plant Growth Light Aluminum Profile<\/a><\/li>\r\n<li><a href=\"https:\/\/sinoextrud.com\/product\/anodized-small-aluminum-extrusions\/\" target=\"_blank\">Anodized Small Aluminum Extrusions<\/a><\/li>\r\n<li><a href=\"https:\/\/sinoextrud.com\/product\/t-slot-aluminium-extrusion-profile\/\" target=\"_blank\">T Slot Aluminium Extrusion Profile<\/a><\/li>\r\n<li><a href=\"https:\/\/sinoextrud.com\/product\/extruded-aluminum-heatsink\/\" target=\"_blank\">Extruded Aluminum Heatsink<\/a><\/li>\r\n<li><a href=\"https:\/\/sinoextrud.com\/product\/aluminium-light-box-profile\/\" target=\"_blank\">Aluminium Light Box Profile<\/a><\/li>\r\n<li><a href=\"https:\/\/sinoextrud.com\/product\/aluminum-extrusion-gate-barrier-arm-aluminum-profile\/\" target=\"_blank\">Aluminum Extrusion Gate Barrier Arm Aluminum Profile<\/a><\/li>\r\n<li><a href=\"https:\/\/sinoextrud.com\/product\/aluminum-tube-framing\/\" target=\"_blank\">Aluminum Tube Framing<\/a><\/li>\r\n<li><a href=\"https:\/\/sinoextrud.com\/product\/aluminium-extrusion-wood-grain-outdoor-louver-aluminum-profile\/\" target=\"_blank\">Aluminium Extrusion Wood Grain Outdoor Louver Aluminum Profile<\/a><\/li>\r\n<li><a href=\"https:\/\/sinoextrud.com\/product\/aluminium-extrusion-caravan-awning-aluminum-profile\/\" target=\"_blank\">Aluminium Extrusion Caravan Awning Aluminum Profile<\/a><\/li>\r\n<li><a href=\"https:\/\/sinoextrud.com\/product\/slotted-aluminum-extrusion\/\" target=\"_blank\">Slotted Aluminum Extrusion<\/a><\/li>\r\n<li><a href=\"https:\/\/sinoextrud.com\/product\/cnc-anodized-6063-curved-aluminum-extrusions\/\" target=\"_blank\">CNC Anodized 6063 Curved Aluminum Extrusions<\/a><\/li>"},"feature_list":[]},"_links":{"self":[{"href":"https:\/\/sinoextrud.com\/de\/wp-json\/wp\/v2\/product\/6168","targetHints":{"allow":["GET"]}}],"collection":[{"href":"https:\/\/sinoextrud.com\/de\/wp-json\/wp\/v2\/product"}],"about":[{"href":"https:\/\/sinoextrud.com\/de\/wp-json\/wp\/v2\/types\/product"}],"wp:featuredmedia":[{"embeddable":true,"href":"https:\/\/sinoextrud.com\/de\/wp-json\/wp\/v2\/media\/6167"}],"wp:attachment":[{"href":"https:\/\/sinoextrud.com\/de\/wp-json\/wp\/v2\/media?parent=6168"}],"wp:term":[{"taxonomy":"category","embeddable":true,"href":"https:\/\/sinoextrud.com\/de\/wp-json\/wp\/v2\/categories?post=6168"}],"curies":[{"name":"wp","href":"https:\/\/api.w.org\/{rel}","templated":true}]}}