{"id":6162,"date":"2025-05-25T14:52:23","date_gmt":"2025-05-25T14:52:23","guid":{"rendered":"https:\/\/sinoextrud.com\/product\/anodized-small-aluminum-extrusions\/"},"modified":"2025-06-24T03:54:23","modified_gmt":"2025-06-24T03:54:23","slug":"eloxierte-kleine-aluminium-strangpressprofile","status":"publish","type":"product","link":"https:\/\/sinoextrud.com\/de\/product\/anodized-small-aluminum-extrusions\/","title":{"rendered":"Eloxierte kleine Aluminium-Strangpressprofile"},"content":{"rendered":"<h2>Produkte Details<\/h2>\n<table class=\"custom-table\">\n<tr>\n<td class=\"label\">Produktname<\/td>\n<td>Eloxierte kleine Aluminium-Strangpressprofile<\/td>\n<\/tr>\n<tr>\n<td class=\"label\">Produktpalette<\/td>\n<td>Aluminium-Strangpressprofile f\u00fcr elektronische Geh\u00e4use, Ger\u00e4tezubeh\u00f6r, Aluminiumprodukte usw.<\/td>\n<\/tr>\n<tr>\n<td class=\"label\">Aluminium-Legierung<\/td>\n<td>Serie 1000, Serie 200, Serie 3000, Serie 5000, Serie 6000, Serie 7000<\/td>\n<\/tr>\n<tr>\n<td class=\"label\">Temperament<\/td>\n<td>T3-T8<\/td>\n<\/tr>\n<tr>\n<td class=\"label\">Form<\/td>\n<td>Personalisierung<\/td>\n<\/tr>\n<tr>\n<td class=\"label\">Farbe<\/td>\n<td>Personalisierung<\/td>\n<\/tr>\n<tr>\n<td class=\"label\">Oberfl\u00e4chenbehandlung<\/td>\n<td>walzblank, eloxiert, Holzmaserung, Pulverbeschichtung, Sandstrahlen, Elektrophorese, geb\u00fcrstet, poliert, etc.<\/td>\n<\/tr>\n<tr>\n<td class=\"label\">CNC-Tiefenbearbeitung<\/td>\n<td>Schneiden, Bohren, Zerspanen, Stanzen, Biegen, Gewindeschneiden und so weiter<\/td>\n<\/tr>\n<tr>\n<td class=\"label\">Zertifizierungen<\/td>\n<td>CE, ISO, SGS, TUV, ROHS<\/td>\n<\/tr>\n<tr>\n<td class=\"label\">Proben<\/td>\n<td>kostenlose Probe. 1-3 Tage an Sie geliefert.<\/td>\n<\/tr>\n<tr>\n<td class=\"label\">MOQ<\/td>\n<td>200KG f\u00fcr jedes Profil<\/td>\n<\/tr>\n<tr>\n<td class=\"label\">Lieferfrist<\/td>\n<td>Die Entwicklung der Form und die Anfertigung des Musters dauern 12-15 Tage, die Produktion dauert 15-25 Tage nach Eingang der Anzahlung des K\u00e4ufers.<\/td>\n<\/tr>\n<tr>\n<td class=\"label\">Zahlungsbedingungen<\/td>\n<td>30% Anzahlung vor der Produktion, und der Restbetrag vor dem Versand.<\/td>\n<\/tr>\n<\/table>\n<h2>Unsere Produktionsbasis<\/h2>\n<h3>Fabrik-Panorama<\/h3>\n<p><img decoding=\"async\" src=\"\/wp-content\/uploads\/factory-01.webp\"\/><\/p>\n<h3>Werkstatt zur Herstellung von Aluminiumstangen<\/h3>\n<p><img decoding=\"async\" src=\"\/wp-content\/uploads\/factory-02.webp\"\/><\/p>\n<p><img decoding=\"async\" src=\"\/wp-content\/uploads\/factory-03.webp\"\/><\/p>\n<h3>Lagerhaus f\u00fcr Formen<\/h3>\n<p><img decoding=\"async\" src=\"\/wp-content\/uploads\/factory-04.webp\"\/><\/p>\n<h3>43 Aluminium-Strangpressanlagen (500\u00e2\u20ac\"5500 Tonnen)<\/h3>\n<p><img decoding=\"async\" src=\"\/wp-content\/uploads\/factory-05.webp\"\/><\/p>\n<p><img decoding=\"async\" src=\"\/wp-content\/uploads\/factory-06.webp\"\/><\/p>\n<p><img decoding=\"async\" src=\"\/wp-content\/uploads\/factory-07.webp\"\/><\/p>\n<h3>Werkstatt f\u00fcr Pulverbeschichtung<\/h3>\n<p><img decoding=\"async\" src=\"\/wp-content\/uploads\/factory-09.webp\"\/><\/p>\n<h3>Eloxal-Werkstatt<\/h3>\n<p><img decoding=\"async\" src=\"\/wp-content\/uploads\/factory-10.webp\"\/><\/p>\n<h3>Workshop zur Tiefenverarbeitung<\/h3>\n<p><img decoding=\"async\" src=\"\/wp-content\/uploads\/factory-11.webp\"\/><\/p>\n<h3>CNC-Pr\u00e4zisionsbearbeitungswerkstatt<\/h3>\n<p><img decoding=\"async\" src=\"\/wp-content\/uploads\/factory-11.5.webp\"\/><\/p>\n<h3>Lager f\u00fcr Fertigprodukte und Export<\/h3>\n<p><img decoding=\"async\" src=\"\/wp-content\/uploads\/factory-12.webp\"\/><\/p>\n<p><img decoding=\"async\" src=\"\/wp-content\/uploads\/factory-13.webp\"\/><\/p>\n<p><img decoding=\"async\" src=\"\/wp-content\/uploads\/factory-14.webp\"\/><\/p>\n<h2>FAQ<\/h2>\n<p><p><b>1. was sind eloxierte kleine Aluminium-Strangpressprofile? <\/b><\/p>\n<p> Eloxierte kleine Aluminium-Strangpressprofile sind kompakte Aluminiumprofile, die mit einem Eloxalverfahren behandelt werden, um die Oberfl\u00e4chenbest\u00e4ndigkeit, die Korrosionsbest\u00e4ndigkeit und das Aussehen zu verbessern.<br \/>\n<\/p><br \/>\n<br \/>\n<p><b>2. was sind die Vorteile von eloxierten kleinen Aluminium-Strangpressprofilen? <\/b><\/p>\n<p> Eloxierte kleine Aluminium-Strangpressprofile bieten hervorragende Korrosionsbest\u00e4ndigkeit, verbesserte Oberfl\u00e4chenh\u00e4rte, \u00e4sthetische Oberfl\u00e4chen und verbesserten Verschlei\u00dfschutz.<br \/>\n<\/p><br \/>\n<br \/>\n<p><b>3. warum eloxiertes Aluminium f\u00fcr kleine Strangpressprofile w\u00e4hlen? <\/b><\/p>\n<p> Das Eloxieren erh\u00f6ht die Oberfl\u00e4chenfestigkeit und Witterungsbest\u00e4ndigkeit von kleinen Aluminium-Strangpressprofilen und macht sie ideal f\u00fcr dekorative und funktionelle Anwendungen.<br \/>\n<\/p><br \/>\n<br \/>\n<p><b>4. wo werden eloxierte kleine Aluminium-Strangpressprofile \u00fcblicherweise verwendet? <\/b><\/p>\n<p> Diese Profile werden in der Elektronik, in M\u00f6beln, Beleuchtungsk\u00f6rpern, architektonischen Verkleidungen und Heimwerkerprojekten verwendet, die kompakte und langlebige Komponenten erfordern.<br \/>\n<\/p><br \/>\n<br \/>\n<p><b>5. sind eloxierte kleine Aluminium-Strangpressprofile korrosionsbest\u00e4ndig? <\/b><\/p>\n<p> Ja, eloxierte kleine Aluminium-Strangpressprofile bilden eine sch\u00fctzende Oxidschicht, die Rost und Korrosion verhindert, insbesondere in feuchten Umgebungen oder im Freien.<br \/>\n<\/p><br \/>\n<br \/>\n<p><b>6. k\u00f6nnen eloxierte kleine Aluminium-Strangpressprofile angepasst werden? <\/b><\/p>\n<p> Kleine eloxierte Aluminium-Strangpressprofile k\u00f6nnen in Form, Farbe, L\u00e4nge und Montageoptionen an die jeweiligen Designanforderungen angepasst werden.<br \/>\n<\/p><br \/>\n<br \/>\n<p><b>7. bieten eloxierte Profile eine bessere \u00c4sthetik? <\/b><\/p>\n<p> Ja, eloxierte Aluminium-Strangpressprofile bieten eine glatte, metallische Oberfl\u00e4che in verschiedenen Farben, die sie f\u00fcr exponierte oder dekorative Anwendungen optisch ansprechend machen.<br \/>\n<\/p><br \/>\n<br \/>\n<p><b>8. sind eloxierte kleine Aluminium-Strangpressprofile umweltfreundlich? <\/b><\/p>\n<p> Ja, Aluminium ist vollst\u00e4ndig recycelbar und das Eloxalverfahren ist ungiftig, was diese Profile zu einer umweltfreundlichen Wahl f\u00fcr nachhaltige Designs macht.<br \/>\n<\/p><br \/>\n<br \/>\n<p><b>9. wie haltbar sind eloxierte kleine Aluminium-Strangpressprofile? <\/b><\/p>\n<p> Eloxierte kleine Aluminium-Strangpressprofile sind \u00e4u\u00dferst haltbar, kratz-, bleich- und korrosionsbest\u00e4ndig und gew\u00e4hrleisten eine langfristige Leistung.<br \/>\n<\/p><br \/>\n<br \/>\n<p><b>10. sind eloxierte Aluminium-Strangpressprofile leicht zu bearbeiten oder zu schneiden? <\/b><\/p>\n<p> Ja, kleine eloxierte Aluminium-Strangpressprofile lassen sich leicht schneiden, bohren und montieren und sind daher ideal f\u00fcr Pr\u00e4zisionsanwendungen und Sonderanfertigungen.<br \/>\n<\/p><br \/><\/p>","protected":false},"featured_media":6161,"template":"","categories":[58],"class_list":["post-6162","product","type-product","status-publish","has-post-thumbnail","hentry","category-aluminium-extrusion-profiles"],"meta_box":{"hilight_text_group":{"product_hilight_text":"<li>Durable anodized finish enhances corrosion and wear resistance<\/li>\r\r\n<li>Ideal for precision parts in electronics, furniture, and lighting<\/li>\r\r\n<li>Lightweight and strong for compact structural applications<\/li>\r\r\n<li>Available in various colors and finishes for aesthetic appeal<\/li>\r\r\n<li>Supports custom profiles for specialized small components<\/li>","product_chanpin_chanpin":"<li><a href=\"https:\/\/sinoextrud.com\/product\/aluminium-extrusion-motor-body\/\" target=\"_blank\">Aluminium Extrusion Motor Body<\/a><\/li>\r\n<li><a href=\"https:\/\/sinoextrud.com\/product\/aluminium-extrusion-6082-5083-aluminum-alloy-profile\/\" target=\"_blank\">Aluminium Extrusion 6082 5083 Aluminum Alloy Profile<\/a><\/li>\r\n<li><a href=\"https:\/\/sinoextrud.com\/product\/aluminium-edge-trim-profiles\/\" target=\"_blank\">Aluminium Edge Trim Profiles<\/a><\/li>\r\n<li><a href=\"https:\/\/sinoextrud.com\/product\/led-plant-growth-light-aluminum-profile\/\" target=\"_blank\">Led Plant Growth Light Aluminum Profile<\/a><\/li>\r\n<li><a href=\"https:\/\/sinoextrud.com\/product\/anodized-small-aluminum-extrusions\/\" target=\"_blank\">Anodized Small Aluminum Extrusions<\/a><\/li>\r\n<li><a href=\"https:\/\/sinoextrud.com\/product\/t-slot-aluminium-extrusion-profile\/\" target=\"_blank\">T Slot Aluminium Extrusion Profile<\/a><\/li>\r\n<li><a href=\"https:\/\/sinoextrud.com\/product\/extruded-aluminum-heatsink\/\" target=\"_blank\">Extruded Aluminum Heatsink<\/a><\/li>\r\n<li><a href=\"https:\/\/sinoextrud.com\/product\/aluminium-light-box-profile\/\" target=\"_blank\">Aluminium Light Box Profile<\/a><\/li>\r\n<li><a href=\"https:\/\/sinoextrud.com\/product\/aluminum-extrusion-gate-barrier-arm-aluminum-profile\/\" target=\"_blank\">Aluminum Extrusion Gate Barrier Arm Aluminum Profile<\/a><\/li>\r\n<li><a href=\"https:\/\/sinoextrud.com\/product\/t-slot-aluminum-extrusion-profile-for-industrial-assembly-line\/\" target=\"_blank\">T Slot Aluminum Extrusion Profile For Industrial Assembly Line<\/a><\/li>\r\n<li><a href=\"https:\/\/sinoextrud.com\/product\/clip-on-aluminium-profiles\/\" target=\"_blank\">Clip On Aluminium Profiles<\/a><\/li>"},"feature_list":[]},"_links":{"self":[{"href":"https:\/\/sinoextrud.com\/de\/wp-json\/wp\/v2\/product\/6162","targetHints":{"allow":["GET"]}}],"collection":[{"href":"https:\/\/sinoextrud.com\/de\/wp-json\/wp\/v2\/product"}],"about":[{"href":"https:\/\/sinoextrud.com\/de\/wp-json\/wp\/v2\/types\/product"}],"wp:featuredmedia":[{"embeddable":true,"href":"https:\/\/sinoextrud.com\/de\/wp-json\/wp\/v2\/media\/6161"}],"wp:attachment":[{"href":"https:\/\/sinoextrud.com\/de\/wp-json\/wp\/v2\/media?parent=6162"}],"wp:term":[{"taxonomy":"category","embeddable":true,"href":"https:\/\/sinoextrud.com\/de\/wp-json\/wp\/v2\/categories?post=6162"}],"curies":[{"name":"wp","href":"https:\/\/api.w.org\/{rel}","templated":true}]}}