{"id":6158,"date":"2025-05-25T14:46:09","date_gmt":"2025-05-25T14:46:09","guid":{"rendered":"https:\/\/sinoextrud.com\/product\/aluminium-edge-trim-profiles\/"},"modified":"2025-06-24T03:54:20","modified_gmt":"2025-06-24T03:54:20","slug":"aluminium-abschlussprofile","status":"publish","type":"product","link":"https:\/\/sinoextrud.com\/de\/product\/aluminium-edge-trim-profiles\/","title":{"rendered":"Aluminium-Kantenschutz-Profile"},"content":{"rendered":"<h2>Produkte Details<\/h2>\n<table class=\"custom-table\">\n<tr>\n<td class=\"label\">Produktname<\/td>\n<td>Aluminium-Abschlussprofile<\/td>\n<\/tr>\n<tr>\n<td class=\"label\">Produktpalette<\/td>\n<td>Aluminium-Strangpressprofile f\u00fcr Aluminium-Randleisten, Aluminium-Randprofile, Fliesenrandleisten, Metallrandleisten, Randleisten usw.<\/td>\n<\/tr>\n<tr>\n<td class=\"label\">Geeignete Systeme Typen<\/td>\n<td>Ultrakleines Aluminiumprofil, ultrad\u00fcnnes Aluminiumprofil, Kantenband, Br\u00fcstung, Anti-Kollisionsband, Schutzband, Aluminiumband f\u00fcr die Inneneinrichtung usw.<\/td>\n<\/tr>\n<tr>\n<td class=\"label\">Oberfl\u00e4chenbehandlung<\/td>\n<td>walzblank, eloxiert, Holzmaserung, Pulverbeschichtung, Sandstrahlen, Elektrophorese, geb\u00fcrstet, poliert, etc.<\/td>\n<\/tr>\n<tr>\n<td class=\"label\">CNC-Tiefenbearbeitung<\/td>\n<td>Schneiden, Bohren, Zerspanen, Stanzen, Biegen, Gewindeschneiden und so weiter<\/td>\n<\/tr>\n<tr>\n<td class=\"label\">Zertifizierungen<\/td>\n<td>CE, ISO, SGS, TUV, ROHS<\/td>\n<\/tr>\n<tr>\n<td class=\"label\">Proben<\/td>\n<td>kostenlose Probe. 1-3 Tage an Sie geliefert.<\/td>\n<\/tr>\n<tr>\n<td class=\"label\">MOQ<\/td>\n<td>200KG f\u00fcr jedes Profil<\/td>\n<\/tr>\n<tr>\n<td class=\"label\">Lieferfrist<\/td>\n<td>Die Entwicklung der Form und die Anfertigung des Musters dauern 12-15 Tage, die Produktion dauert 15-25 Tage nach Eingang der Anzahlung des K\u00e4ufers.<\/td>\n<\/tr>\n<tr>\n<td class=\"label\">Zahlungsbedingungen<\/td>\n<td>30% Anzahlung vor der Produktion, und der Restbetrag vor dem Versand.<\/td>\n<\/tr>\n<\/table>\n<h2>Unsere Produktionsbasis<\/h2>\n<h3>Fabrik-Panorama<\/h3>\n<p><img decoding=\"async\" src=\"\/wp-content\/uploads\/factory-01.webp\"\/><\/p>\n<h3>Werkstatt zur Herstellung von Aluminiumstangen<\/h3>\n<p><img decoding=\"async\" src=\"\/wp-content\/uploads\/factory-02.webp\"\/><\/p>\n<p><img decoding=\"async\" src=\"\/wp-content\/uploads\/factory-03.webp\"\/><\/p>\n<h3>Lagerhaus f\u00fcr Formen<\/h3>\n<p><img decoding=\"async\" src=\"\/wp-content\/uploads\/factory-04.webp\"\/><\/p>\n<h3>43 Aluminium-Strangpressanlagen (500\u00e2\u20ac\"5500 Tonnen)<\/h3>\n<p><img decoding=\"async\" src=\"\/wp-content\/uploads\/factory-05.webp\"\/><\/p>\n<p><img decoding=\"async\" src=\"\/wp-content\/uploads\/factory-06.webp\"\/><\/p>\n<p><img decoding=\"async\" src=\"\/wp-content\/uploads\/factory-07.webp\"\/><\/p>\n<h3>Werkstatt f\u00fcr Pulverbeschichtung<\/h3>\n<p><img decoding=\"async\" src=\"\/wp-content\/uploads\/factory-09.webp\"\/><\/p>\n<h3>Eloxal-Werkstatt<\/h3>\n<p><img decoding=\"async\" src=\"\/wp-content\/uploads\/factory-10.webp\"\/><\/p>\n<h3>Workshop zur Tiefenverarbeitung<\/h3>\n<p><img decoding=\"async\" src=\"\/wp-content\/uploads\/factory-11.webp\"\/><\/p>\n<h3>CNC-Pr\u00e4zisionsbearbeitungswerkstatt<\/h3>\n<p><img decoding=\"async\" src=\"\/wp-content\/uploads\/factory-11.5.webp\"\/><\/p>\n<h3>Lager f\u00fcr Fertigprodukte und Export<\/h3>\n<p><img decoding=\"async\" src=\"\/wp-content\/uploads\/factory-12.webp\"\/><\/p>\n<p><img decoding=\"async\" src=\"\/wp-content\/uploads\/factory-13.webp\"\/><\/p>\n<p><img decoding=\"async\" src=\"\/wp-content\/uploads\/factory-14.webp\"\/><\/p>\n<h2>FAQ<\/h2>\n<p><p><b>1. was sind Aluminium-Kantenprofile? <\/b><\/p>\n<p> Aluminium-Kantenprofile sind speziell entwickelte Aluminium-Strangpressprofile, die zum Abschluss und Schutz der Kanten von Oberfl\u00e4chen wie Fliesen, Paneelen oder Arbeitsplatten verwendet werden.<br \/>\n<\/p><br \/>\n<br \/>\n<p><b>2. welche Vorteile bietet die Verwendung von Aluminium-Kantenprofilen? <\/b><\/p>\n<p> Kantenprofile aus Aluminium bieten eine saubere Oberfl\u00e4che, Kantenschutz, Korrosionsbest\u00e4ndigkeit und erh\u00f6hte Haltbarkeit sowohl f\u00fcr Innen- als auch f\u00fcr Au\u00dfenanwendungen.<br \/>\n<\/p><br \/>\n<br \/>\n<p><b>3. warum Aluminium f\u00fcr Randleistenprofile? <\/b><\/p>\n<p> Aluminium ist leicht, rostfrei, stabil und einfach zu verarbeiten und eignet sich daher ideal f\u00fcr Kantenverkleidungsprofile im privaten, gewerblichen und industriellen Bereich.<br \/>\n<\/p><br \/>\n<br \/>\n<p><b>4. wo werden Aluminiumkantenprofile \u00fcblicherweise verwendet? <\/b><\/p>\n<p> Kantenprofile aus Aluminium werden h\u00e4ufig f\u00fcr Fliesenverkleidungen, Wandpaneele, M\u00f6bel, Fu\u00dfb\u00f6den und dekorative Oberfl\u00e4chenkanten f\u00fcr ein professionelles Aussehen verwendet.<br \/>\n<\/p><br \/>\n<br \/>\n<p><b>5) Verbessern Kantenprofile aus Aluminium die \u00c4sthetik? <\/b><\/p>\n<p> Ja, Kantenprofile aus Aluminium bieten ein elegantes, modernes Kantenfinish, das den visuellen Reiz und den Wert von architektonischen und innenarchitektonischen Designs steigert.<br \/>\n<\/p><br \/>\n<br \/>\n<p><b>6. sind Kantenverkleidungen aus Aluminium korrosionsbest\u00e4ndig? <\/b><\/p>\n<p> Kantenprofile aus Aluminium sind absolut korrosionsbest\u00e4ndig und ideal f\u00fcr den Einsatz in feuchten, nassen Umgebungen oder im Freien.<br \/>\n<\/p><br \/>\n<br \/>\n<p><b>7. k\u00f6nnen Aluminiumkantenprofile individuell angepasst werden? <\/b><\/p>\n<p> Ja, Kantenprofile aus Aluminium sind in verschiedenen Formen, Gr\u00f6\u00dfen, Farben und Ausf\u00fchrungen erh\u00e4ltlich und k\u00f6nnen nach Ma\u00df gefertigt werden, um spezielle Designanforderungen zu erf\u00fcllen.<br \/>\n<\/p><br \/>\n<br \/>\n<p><b>8. sind Kantenprofile aus Aluminium leicht zu montieren? <\/b><\/p>\n<p> Ja, Kantenprofile aus Aluminium sind so konzipiert, dass sie sich leicht mit Klebstoffen, Schrauben oder Schnappsystemen montieren lassen, so dass sie sowohl f\u00fcr den Heimwerker als auch f\u00fcr den professionellen Einsatz geeignet sind.<br \/>\n<\/p><br \/>\n<br \/>\n<p><b>9. welche Oberfl\u00e4chen gibt es f\u00fcr Aluminiumkantenleisten? <\/b><\/p>\n<p> Aluminiumkanten sind in eloxierter, geb\u00fcrsteter, pulverbeschichteter oder polierter Ausf\u00fchrung erh\u00e4ltlich, um verschiedenen Stilen und funktionalen Anforderungen gerecht zu werden.<br \/>\n<\/p><br \/>\n<br \/>\n<p><b>10. wie sch\u00fctzen Aluminiumkantenprofile die Oberfl\u00e4chen? <\/b><\/p>\n<p> Kantenschutzprofile aus Aluminium sch\u00fctzen freiliegende Kanten vor Abplatzungen, Feuchtigkeit und Sto\u00dfsch\u00e4den und gew\u00e4hrleisten gleichzeitig eine lange Haltbarkeit der Oberfl\u00e4che und saubere Linien.<br \/>\n<\/p><br \/><\/p>","protected":false},"featured_media":6157,"template":"","categories":[58],"class_list":["post-6158","product","type-product","status-publish","has-post-thumbnail","hentry","category-aluminium-extrusion-profiles"],"meta_box":{"hilight_text_group":{"product_hilight_text":"<li>Provides clean, finished edges for panels and surfaces<\/li>\r\r\n<li>Durable and corrosion-resistant for long-term use<\/li>\r\r\n<li>Easy to install with snap-in or adhesive options<\/li>\r\r\n<li>Available in various shapes and finishes to match design styles<\/li>\r\r\n<li>Protects edges from wear, impact, and moisture<\/li>","product_chanpin_chanpin":"<li><a href=\"https:\/\/sinoextrud.com\/product\/retractable-awning-aluminum-tube\/\" target=\"_blank\">Retractable Awning Aluminum Tube<\/a><\/li>\r\n<li><a href=\"https:\/\/sinoextrud.com\/product\/aluminum-sign-extrusions\/\" target=\"_blank\">Aluminum Sign Extrusions<\/a><\/li>\r\n<li><a href=\"https:\/\/sinoextrud.com\/product\/aluminium-extrusion-motor-body\/\" target=\"_blank\">Aluminium Extrusion Motor Body<\/a><\/li>\r\n<li><a href=\"https:\/\/sinoextrud.com\/product\/aluminium-extrusion-6082-5083-aluminum-alloy-profile\/\" target=\"_blank\">Aluminium Extrusion 6082 5083 Aluminum Alloy Profile<\/a><\/li>\r\n<li><a href=\"https:\/\/sinoextrud.com\/product\/aluminium-edge-trim-profiles\/\" target=\"_blank\">Aluminium Edge Trim Profiles<\/a><\/li>\r\n<li><a href=\"https:\/\/sinoextrud.com\/product\/led-plant-growth-light-aluminum-profile\/\" target=\"_blank\">Led Plant Growth Light Aluminum Profile<\/a><\/li>\r\n<li><a href=\"https:\/\/sinoextrud.com\/product\/anodized-small-aluminum-extrusions\/\" target=\"_blank\">Anodized Small Aluminum Extrusions<\/a><\/li>\r\n<li><a href=\"https:\/\/sinoextrud.com\/product\/t-slot-aluminium-extrusion-profile\/\" target=\"_blank\">T Slot Aluminium Extrusion Profile<\/a><\/li>\r\n<li><a href=\"https:\/\/sinoextrud.com\/product\/extruded-aluminum-heatsink\/\" target=\"_blank\">Extruded Aluminum Heatsink<\/a><\/li>\r\n<li><a href=\"https:\/\/sinoextrud.com\/product\/industrial-aluminum-extrusion\/\" target=\"_blank\">Industrial Aluminum Extrusion<\/a><\/li>\r\n<li><a href=\"https:\/\/sinoextrud.com\/product\/aluminium-profile-cutting\/\" target=\"_blank\">Aluminium Profile Cutting<\/a><\/li>"},"feature_list":[]},"_links":{"self":[{"href":"https:\/\/sinoextrud.com\/de\/wp-json\/wp\/v2\/product\/6158","targetHints":{"allow":["GET"]}}],"collection":[{"href":"https:\/\/sinoextrud.com\/de\/wp-json\/wp\/v2\/product"}],"about":[{"href":"https:\/\/sinoextrud.com\/de\/wp-json\/wp\/v2\/types\/product"}],"wp:featuredmedia":[{"embeddable":true,"href":"https:\/\/sinoextrud.com\/de\/wp-json\/wp\/v2\/media\/6157"}],"wp:attachment":[{"href":"https:\/\/sinoextrud.com\/de\/wp-json\/wp\/v2\/media?parent=6158"}],"wp:term":[{"taxonomy":"category","embeddable":true,"href":"https:\/\/sinoextrud.com\/de\/wp-json\/wp\/v2\/categories?post=6158"}],"curies":[{"name":"wp","href":"https:\/\/api.w.org\/{rel}","templated":true}]}}