{"id":6152,"date":"2025-05-25T14:36:46","date_gmt":"2025-05-25T14:36:46","guid":{"rendered":"https:\/\/sinoextrud.com\/product\/aluminum-sign-extrusions\/"},"modified":"2025-06-24T03:54:13","modified_gmt":"2025-06-24T03:54:13","slug":"aluminium-strangpressprofile-4","status":"publish","type":"product","link":"https:\/\/sinoextrud.com\/de\/product\/aluminum-sign-extrusions\/","title":{"rendered":"Aluminium-Schilder-Extrusionen"},"content":{"rendered":"<h2>Produkte Details<\/h2>\n<table class=\"custom-table\">\n<tr>\n<td class=\"label\">Produktname<\/td>\n<td>Aluminium-Strangpressprofile<\/td>\n<\/tr>\n<tr>\n<td class=\"label\">Produktpalette<\/td>\n<td>Aluminium-Strangpressprofile f\u00fcr Aluminium-Rahmen-Schild, Aluminium-Schild-Rahmen, Aluminium-Hintergrund-Rahmen mit Licht Zeichen, a4 Aluminium-Schild stehen, Display-Rahmen standee aus, Poster-Schild stehen, Poster-Rahmen stehen, etc<\/td>\n<\/tr>\n<tr>\n<td class=\"label\">Geeignete Systeme Typen<\/td>\n<td>Einseitiges Display, doppelseitiges Display, Bodenst\u00e4nder, Wandhalterung, etc.<\/td>\n<\/tr>\n<tr>\n<td class=\"label\">Aluminium-Legierung<\/td>\n<td>1000 bis 7000 Aluminium-Serien<\/td>\n<\/tr>\n<tr>\n<td class=\"label\">Temperament<\/td>\n<td>T3-T8<\/td>\n<\/tr>\n<tr>\n<td class=\"label\">Form<\/td>\n<td>Strip und kundenspezifisch<\/td>\n<\/tr>\n<tr>\n<td class=\"label\">Farbe<\/td>\n<td>angepasst<\/td>\n<\/tr>\n<tr>\n<td class=\"label\">Oberfl\u00e4chenbehandlung<\/td>\n<td>walzblank, eloxiert, Holzmaserung, Pulverbeschichtung, Sandstrahlen, Elektrophorese, geb\u00fcrstet, poliert, etc.<\/td>\n<\/tr>\n<tr>\n<td class=\"label\">CNC-Tiefenbearbeitung<\/td>\n<td>Schneiden, Bohren, Zerspanen, Stanzen, Biegen, Gewindeschneiden und so weiter<\/td>\n<\/tr>\n<tr>\n<td class=\"label\">Zertifizierungen<\/td>\n<td>CE, ISO, SGS, TUV, ROHS<\/td>\n<\/tr>\n<tr>\n<td class=\"label\">MOQ<\/td>\n<td>200KG f\u00fcr jedes Profil<\/td>\n<\/tr>\n<tr>\n<td class=\"label\">Lieferfrist<\/td>\n<td>Die Entwicklung der Form und die Anfertigung des Musters dauern 12-15 Tage, die Produktion dauert 15-25 Tage nach Eingang der Anzahlung des K\u00e4ufers.<\/td>\n<\/tr>\n<tr>\n<td class=\"label\">Zahlungsbedingungen<\/td>\n<td>30% Anzahlung vor der Produktion, und der Restbetrag vor dem Versand.<\/td>\n<\/tr>\n<\/table>\n<h2>Unsere Produktionsbasis<\/h2>\n<h3>Fabrik-Panorama<\/h3>\n<p><img decoding=\"async\" src=\"\/wp-content\/uploads\/factory-01.webp\"\/><\/p>\n<h3>Werkstatt zur Herstellung von Aluminiumstangen<\/h3>\n<p><img decoding=\"async\" src=\"\/wp-content\/uploads\/factory-02.webp\"\/><\/p>\n<p><img decoding=\"async\" src=\"\/wp-content\/uploads\/factory-03.webp\"\/><\/p>\n<h3>Lagerhaus f\u00fcr Formen<\/h3>\n<p><img decoding=\"async\" src=\"\/wp-content\/uploads\/factory-04.webp\"\/><\/p>\n<h3>43 Aluminium-Strangpressanlagen (500\u00e2\u20ac\"5500 Tonnen)<\/h3>\n<p><img decoding=\"async\" src=\"\/wp-content\/uploads\/factory-05.webp\"\/><\/p>\n<p><img decoding=\"async\" src=\"\/wp-content\/uploads\/factory-06.webp\"\/><\/p>\n<p><img decoding=\"async\" src=\"\/wp-content\/uploads\/factory-07.webp\"\/><\/p>\n<h3>Werkstatt f\u00fcr Pulverbeschichtung<\/h3>\n<p><img decoding=\"async\" src=\"\/wp-content\/uploads\/factory-09.webp\"\/><\/p>\n<h3>Eloxal-Werkstatt<\/h3>\n<p><img decoding=\"async\" src=\"\/wp-content\/uploads\/factory-10.webp\"\/><\/p>\n<h3>Workshop zur Tiefenverarbeitung<\/h3>\n<p><img decoding=\"async\" src=\"\/wp-content\/uploads\/factory-11.webp\"\/><\/p>\n<h3>CNC-Pr\u00e4zisionsbearbeitungswerkstatt<\/h3>\n<p><img decoding=\"async\" src=\"\/wp-content\/uploads\/factory-11.5.webp\"\/><\/p>\n<h3>Lager f\u00fcr Fertigprodukte und Export<\/h3>\n<p><img decoding=\"async\" src=\"\/wp-content\/uploads\/factory-12.webp\"\/><\/p>\n<p><img decoding=\"async\" src=\"\/wp-content\/uploads\/factory-13.webp\"\/><\/p>\n<p><img decoding=\"async\" src=\"\/wp-content\/uploads\/factory-14.webp\"\/><\/p>\n<h2>FAQ<\/h2>\n<p><p><b>1. was sind Aluminium-Strangpressprofile? <\/b><\/p>\n<p> Aluminium-Strangpressprofile sind speziell entwickelte Aluminiumprofile, die f\u00fcr die Umrahmung, Befestigung oder Unterst\u00fctzung von Schildern in Innen- und Au\u00dfenbereichen verwendet werden.<br \/>\n<\/p><br \/>\n<br \/>\n<p><b>2 Was sind die Vorteile der Verwendung von Aluminium-Strangpressprofilen? <\/b><\/p>\n<p> Aluminium-Strangpressprofile bieten leichte Festigkeit, Korrosionsbest\u00e4ndigkeit, elegante \u00c4sthetik und einfache Anpassung an verschiedene Beschilderungssysteme.<br \/>\n<\/p><br \/>\n<br \/>\n<p><b>3. warum Aluminium f\u00fcr Schilderextrusionen? <\/b><\/p>\n<p> Aluminium eignet sich aufgrund seiner Haltbarkeit, Witterungsbest\u00e4ndigkeit und seiner F\u00e4higkeit, leicht bearbeitet, eloxiert oder pulverbeschichtet zu werden, ideal f\u00fcr Schilder.<br \/>\n<\/p><br \/>\n<br \/>\n<p><b>4. wo werden Aluminium-Strangpressprofile \u00fcblicherweise verwendet? <\/b><\/p>\n<p> Strangpressprofile aus Aluminium werden h\u00e4ufig f\u00fcr Einzelhandelsauslagen, Wegweiser, architektonische Schilder und kommerzielle Branding-Installationen verwendet.<br \/>\n<\/p><br \/>\n<br \/>\n<p><b>5. sind Aluminium-Strangpressprofile witterungsbest\u00e4ndig? <\/b><\/p>\n<p> Ja, Aluminium-Strangpressprofile sind korrosionsbest\u00e4ndig und eignen sich f\u00fcr die Au\u00dfenbeschilderung unter allen Wetterbedingungen, einschlie\u00dflich Regen, Sonne und Schnee.<br \/>\n<\/p><br \/>\n<br \/>\n<p><b>6. k\u00f6nnen Aluminium-Strangpressprofile individuell angepasst werden? <\/b><\/p>\n<p> Aluminium-Strangpressprofile k\u00f6nnen auf jeden Fall auf die gew\u00fcnschte Gr\u00f6\u00dfe zugeschnitten, geformt und in verschiedenen Farben veredelt werden, um spezifischen Marken- oder Designanforderungen zu entsprechen.<br \/>\n<\/p><br \/>\n<br \/>\n<p><b>7 Verbessern Aluminium-Strangpressprofile die Haltbarkeit von Schildern? <\/b><\/p>\n<p> Ja, die Verwendung von stranggepresstem Aluminium st\u00e4rkt die strukturelle Integrit\u00e4t von Schildern und sch\u00fctzt Grafiken und Tafeln vor dem Verbiegen oder Verziehen im Laufe der Zeit.<br \/>\n<\/p><br \/>\n<br \/>\n<p><b>Sind Aluminium-Strangpressprofile leicht zu installieren? <\/b><\/p>\n<p> Ja, Aluminium-Strangpressprofile sind f\u00fcr eine schnelle Montage mit vorgebohrten L\u00f6chern, Clips oder Klammern ausgelegt, was die Installation einfach und effizient macht.<br \/>\n<\/p><br \/>\n<br \/>\n<p><b>9. welche Oberfl\u00e4chen sind f\u00fcr Aluminium-Strangpressprofile erh\u00e4ltlich? <\/b><\/p>\n<p> Aluminium-Strangpressprofile sind in eloxierter, pulverbeschichteter, geb\u00fcrsteter oder gefr\u00e4ster Ausf\u00fchrung erh\u00e4ltlich und bieten sowohl funktionale als auch \u00e4sthetische Vielseitigkeit.<br \/>\n<\/p><br \/>\n<br \/>\n<p><b>10. wie verbessern Aluminium-Strangpressprofile das Erscheinungsbild von Schildern? <\/b><\/p>\n<p> Aluminium-Strangpressprofile sorgen f\u00fcr saubere Kanten und eine professionelle Umrahmung und verleihen Schildern ein poliertes, hochwertiges Aussehen, das die visuelle Wirkung und die Markenwahrnehmung verbessert.<br \/>\n<\/p><br \/><\/p>","protected":false},"featured_media":6151,"template":"","categories":[58],"class_list":["post-6152","product","type-product","status-publish","has-post-thumbnail","hentry","category-aluminium-extrusion-profiles"],"meta_box":{"hilight_text_group":{"product_hilight_text":"<li>Durable and lightweight, ideal for indoor and outdoor signage<\/li>\r\r\n<li>Easy to cut and assemble for custom sign dimensions<\/li>\r\r\n<li>Clean, professional appearance enhances brand presentation<\/li>\r\r\n<li>Corrosion-resistant for long-term outdoor use<\/li>\r\r\n<li>Supports various mounting and insert options for flexibility<\/li>","product_chanpin_chanpin":"<li><a href=\"https:\/\/sinoextrud.com\/product\/aluminium-extrusion-profile-handle\/\" target=\"_blank\">Aluminium Extrusion Profile Handle<\/a><\/li>\r\n<li><a href=\"https:\/\/sinoextrud.com\/product\/linear-rail-aluminium-extrusion\/\" target=\"_blank\">Linear Rail Aluminium Extrusion<\/a><\/li>\r\n<li><a href=\"https:\/\/sinoextrud.com\/product\/led-strip-lights-aluminum-profile\/\" target=\"_blank\">Led Strip Lights Aluminum Profile<\/a><\/li>\r\n<li><a href=\"https:\/\/sinoextrud.com\/product\/retractable-awning-aluminum-tube\/\" target=\"_blank\">Retractable Awning Aluminum Tube<\/a><\/li>\r\n<li><a href=\"https:\/\/sinoextrud.com\/product\/aluminum-sign-extrusions\/\" target=\"_blank\">Aluminum Sign Extrusions<\/a><\/li>\r\n<li><a href=\"https:\/\/sinoextrud.com\/product\/aluminium-extrusion-motor-body\/\" target=\"_blank\">Aluminium Extrusion Motor Body<\/a><\/li>\r\n<li><a href=\"https:\/\/sinoextrud.com\/product\/aluminium-extrusion-6082-5083-aluminum-alloy-profile\/\" target=\"_blank\">Aluminium Extrusion 6082 5083 Aluminum Alloy Profile<\/a><\/li>\r\n<li><a href=\"https:\/\/sinoextrud.com\/product\/aluminium-edge-trim-profiles\/\" target=\"_blank\">Aluminium Edge Trim Profiles<\/a><\/li>\r\n<li><a href=\"https:\/\/sinoextrud.com\/product\/led-plant-growth-light-aluminum-profile\/\" target=\"_blank\">Led Plant Growth Light Aluminum Profile<\/a><\/li>\r\n<li><a href=\"https:\/\/sinoextrud.com\/product\/10x10-aluminum-extrusion-for-decoration\/\" target=\"_blank\">10\u00c3\u201410 Aluminum Extrusion For Decoration<\/a><\/li>\r\n<li><a href=\"https:\/\/sinoextrud.com\/product\/extruded-aluminum-sections\/\" target=\"_blank\">Extruded Aluminum Sections<\/a><\/li>"},"feature_list":[]},"_links":{"self":[{"href":"https:\/\/sinoextrud.com\/de\/wp-json\/wp\/v2\/product\/6152","targetHints":{"allow":["GET"]}}],"collection":[{"href":"https:\/\/sinoextrud.com\/de\/wp-json\/wp\/v2\/product"}],"about":[{"href":"https:\/\/sinoextrud.com\/de\/wp-json\/wp\/v2\/types\/product"}],"wp:featuredmedia":[{"embeddable":true,"href":"https:\/\/sinoextrud.com\/de\/wp-json\/wp\/v2\/media\/6151"}],"wp:attachment":[{"href":"https:\/\/sinoextrud.com\/de\/wp-json\/wp\/v2\/media?parent=6152"}],"wp:term":[{"taxonomy":"category","embeddable":true,"href":"https:\/\/sinoextrud.com\/de\/wp-json\/wp\/v2\/categories?post=6152"}],"curies":[{"name":"wp","href":"https:\/\/api.w.org\/{rel}","templated":true}]}}