{"id":6147,"date":"2025-05-25T12:35:12","date_gmt":"2025-05-25T12:35:12","guid":{"rendered":"https:\/\/sinoextrud.com\/product\/led-strip-lights-aluminum-profile\/"},"modified":"2025-06-24T03:54:08","modified_gmt":"2025-06-24T03:54:08","slug":"led-lichtband-aluminiumprofil","status":"publish","type":"product","link":"https:\/\/sinoextrud.com\/de\/product\/led-strip-lights-aluminum-profile\/","title":{"rendered":"Led Strip Lights Aluminium Profil"},"content":{"rendered":"<h2>Produkte Details<\/h2>\n<table class=\"custom-table\">\n<tr>\n<td class=\"label\">Produktname<\/td>\n<td>Led Strip Lights Aluminium Profil<\/td>\n<\/tr>\n<tr>\n<td class=\"label\">Produktpalette<\/td>\n<td>aluminium strangpressprofile f\u00fcr led profil, l form aluminium profil, aluminium profil f\u00fcr led,?aluminium profil f\u00fcr led streifen, 2835 smd led pcb aluminium, aluminium led, etc<\/td>\n<\/tr>\n<tr>\n<td class=\"label\">Geeignete Systeme Typen<\/td>\n<td>LED-Leuchtband, LED-Leuchtband f\u00fcr die Decke, LED-Leuchtband f\u00fcr den Au\u00dfenbereich, LED-Leuchtband in gro\u00dfen Abmessungen, LED-Leuchtband aus Aluminiumprofilen, LED-Leuchtband aus Aluminiumprofilen, quadratisches LED-Leuchtband, usw.<\/td>\n<\/tr>\n<tr>\n<td class=\"label\">Aluminium-Legierung<\/td>\n<td>Serie 1000, Serie 200, Serie 3000, Serie 5000, Serie 6000, Serie 7000<\/td>\n<\/tr>\n<tr>\n<td class=\"label\">Temperament<\/td>\n<td>T3-T8<\/td>\n<\/tr>\n<tr>\n<td class=\"label\">Form<\/td>\n<td>T-f\u00f6rmig, I-f\u00f6rmig, U-f\u00f6rmig, kreisf\u00f6rmig, usw.<\/td>\n<\/tr>\n<tr>\n<td class=\"label\">Farbe<\/td>\n<td>Personalisierung<\/td>\n<\/tr>\n<tr>\n<td class=\"label\">Oberfl\u00e4chenbehandlung<\/td>\n<td>walzblank, eloxiert, Holzmaserung, Pulverbeschichtung, Sandstrahlen, Elektrophorese, geb\u00fcrstet, poliert, etc.<\/td>\n<\/tr>\n<tr>\n<td class=\"label\">CNC-Tiefenbearbeitung<\/td>\n<td>Schneiden, Bohren, Zerspanen, Stanzen, Biegen, Gewindeschneiden und so weiter<\/td>\n<\/tr>\n<tr>\n<td class=\"label\">Zertifizierungen<\/td>\n<td>CE, ISO, SGS, TUV, ROHS<\/td>\n<\/tr>\n<tr>\n<td class=\"label\">Proben<\/td>\n<td>kostenlose Probe. 1-3 Tage an Sie geliefert.<\/td>\n<\/tr>\n<tr>\n<td class=\"label\">MOQ<\/td>\n<td>200KG f\u00fcr jedes Profil<\/td>\n<\/tr>\n<tr>\n<td class=\"label\">Lieferfrist<\/td>\n<td>Die Entwicklung der Form und die Anfertigung des Musters dauern 12-15 Tage, die Produktion dauert 15-25 Tage nach Eingang der Anzahlung des K\u00e4ufers.<\/td>\n<\/tr>\n<tr>\n<td class=\"label\">Zahlungsbedingungen<\/td>\n<td>30% Anzahlung vor der Produktion, und der Restbetrag vor dem Versand.<\/td>\n<\/tr>\n<\/table>\n<h2>Unsere Produktionsbasis<\/h2>\n<h3>Fabrik-Panorama<\/h3>\n<p><img decoding=\"async\" src=\"\/wp-content\/uploads\/factory-01.webp\"\/><\/p>\n<h3>Werkstatt zur Herstellung von Aluminiumstangen<\/h3>\n<p><img decoding=\"async\" src=\"\/wp-content\/uploads\/factory-02.webp\"\/><\/p>\n<p><img decoding=\"async\" src=\"\/wp-content\/uploads\/factory-03.webp\"\/><\/p>\n<h3>Lagerhaus f\u00fcr Formen<\/h3>\n<p><img decoding=\"async\" src=\"\/wp-content\/uploads\/factory-04.webp\"\/><\/p>\n<h3>43 Aluminium-Strangpressanlagen (500\u00e2\u20ac\"5500 Tonnen)<\/h3>\n<p><img decoding=\"async\" src=\"\/wp-content\/uploads\/factory-05.webp\"\/><\/p>\n<p><img decoding=\"async\" src=\"\/wp-content\/uploads\/factory-06.webp\"\/><\/p>\n<p><img decoding=\"async\" src=\"\/wp-content\/uploads\/factory-07.webp\"\/><\/p>\n<h3>Werkstatt f\u00fcr Pulverbeschichtung<\/h3>\n<p><img decoding=\"async\" src=\"\/wp-content\/uploads\/factory-09.webp\"\/><\/p>\n<h3>Eloxal-Werkstatt<\/h3>\n<p><img decoding=\"async\" src=\"\/wp-content\/uploads\/factory-10.webp\"\/><\/p>\n<h3>Workshop zur Tiefenverarbeitung<\/h3>\n<p><img decoding=\"async\" src=\"\/wp-content\/uploads\/factory-11.webp\"\/><\/p>\n<h3>CNC-Pr\u00e4zisionsbearbeitungswerkstatt<\/h3>\n<p><img decoding=\"async\" src=\"\/wp-content\/uploads\/factory-11.5.webp\"\/><\/p>\n<h3>Lager f\u00fcr Fertigprodukte und Export<\/h3>\n<p><img decoding=\"async\" src=\"\/wp-content\/uploads\/factory-12.webp\"\/><\/p>\n<p><img decoding=\"async\" src=\"\/wp-content\/uploads\/factory-13.webp\"\/><\/p>\n<p><img decoding=\"async\" src=\"\/wp-content\/uploads\/factory-14.webp\"\/><\/p>\n<h2>FAQ<\/h2>\n<p><p><b>1. was ist ein LED-Streifen leuchtet Aluminium-Profil? <\/b><\/p>\n<p> Ein LED-Leuchtbandprofil aus Aluminium ist ein Geh\u00e4usekanal zur Aufnahme und zum Schutz von LED-Leuchtb\u00e4ndern, der eine bessere W\u00e4rmeableitung und ein sauberes Beleuchtungsergebnis erm\u00f6glicht.<br \/>\n<\/p><br \/>\n<br \/>\n<p><b>2. was sind die Vorteile der Verwendung von Aluminiumprofilen f\u00fcr LED-Leuchtb\u00e4nder? <\/b><\/p>\n<p> Aluminiumprofile f\u00fcr LED-Leuchtb\u00e4nder bieten eine verbesserte W\u00e4rmeableitung, eine l\u00e4ngere Lebensdauer der LEDs, eine verbesserte \u00c4sthetik der Beleuchtung und zus\u00e4tzlichen Schutz vor Staub und Besch\u00e4digungen.<br \/>\n<\/p><br \/>\n<br \/>\n<p><b>3. warum ein Aluminiumprofil mit LED-Leuchtb\u00e4ndern verwenden? <\/b><\/p>\n<p> Die Verwendung eines Aluminiumprofils mit LED-Leuchtb\u00e4ndern sorgt f\u00fcr eine gleichm\u00e4\u00dfige Lichtverteilung, reduziert die W\u00e4rmeentwicklung und verleiht der Installation ein professionelles, poliertes Aussehen.<br \/>\n<\/p><br \/>\n<br \/>\n<p><b>4) Sind LED-Aluminiumprofile einfach zu installieren? <\/b><\/p>\n<p> Ja, LED-Leuchtb\u00e4nder aus Aluminiumprofilen lassen sich leicht mit Montageclips, Klebeband oder Schraubsystemen an Decken, Schr\u00e4nken und W\u00e4nden installieren.<br \/>\n<\/p><br \/>\n<br \/>\n<p><b>5. k\u00f6nnen LED-Leuchtb\u00e4nder aus Aluminiumprofilen angepasst werden? <\/b><\/p>\n<p> LED-Aluminiumprofile sind in verschiedenen Formen, L\u00e4ngen und Abdeckungsoptionen erh\u00e4ltlich und k\u00f6nnen auf die spezifischen Installationsanforderungen zugeschnitten werden.<br \/>\n<\/p><br \/>\n<br \/>\n<p><b>6. verbessern Aluminiumprofile die Leistung von LED-Leuchtb\u00e4ndern? <\/b><\/p>\n<p> Ja, Aluminiumprofile verbessern die LED-Leistung, indem sie die W\u00e4rme effizient ableiten, was zur Erhaltung der Helligkeit beitr\u00e4gt und die Lebensdauer der Leuchte verl\u00e4ngert.<br \/>\n<\/p><br \/>\n<br \/>\n<p><b>7. wo k\u00f6nnen LED-Leuchtb\u00e4nder aus Aluminiumprofilen verwendet werden? <\/b><\/p>\n<p> LED-Aluminiumprofile eignen sich ideal f\u00fcr K\u00fcchen, B\u00fcros, Auslagen im Einzelhandel, Treppenh\u00e4user und Unterschrankbeleuchtung und bieten eine elegante und gesch\u00fctzte Lichtintegration.<br \/>\n<\/p><br \/>\n<br \/>\n<p><b>8. welche Arten von Abdeckungen sind f\u00fcr LED-Aluminiumprofile erh\u00e4ltlich? <\/b><\/p>\n<p> LED-Aluminiumprofile werden in der Regel mit klaren, mattierten oder opalen Diffusoren geliefert, die die Lichtabgabe abmildern und Hotspots f\u00fcr einen gleichm\u00e4\u00dfigen Lichteffekt eliminieren.<br \/>\n<\/p><br \/>\n<br \/>\n<p><b>9. sind LED-Streifen-Aluminiumprofile mit allen LED-Streifen kompatibel? <\/b><\/p>\n<p> Die meisten LED-Aluminiumprofile sind mit LED-Streifen in Standardbreite kompatibel, aber es ist wichtig, die Abmessungen der Kan\u00e4le vor der Installation zu \u00fcberpr\u00fcfen.<br \/>\n<\/p><br \/>\n<br \/>\n<p><b>10. wie k\u00f6nnen Aluminiumprofile das Aussehen von LED-Lichtb\u00e4ndern verbessern? <\/b><\/p>\n<p> Aluminiumprofile sorgen f\u00fcr ein sauberes, modernes Finish, indem sie die Kabel verbergen, das Licht gleichm\u00e4\u00dfig streuen und einen eleganten architektonischen Lichteffekt erzeugen.<br \/>\n<\/p><br \/><\/p>","protected":false},"featured_media":6146,"template":"","categories":[58],"class_list":["post-6147","product","type-product","status-publish","has-post-thumbnail","hentry","category-aluminium-extrusion-profiles"],"meta_box":{"hilight_text_group":{"product_hilight_text":"<li>Provides efficient heat dissipation to extend LED lifespan<\/li>\r\r\n<li>Enhances light diffusion for uniform illumination<\/li>\r\r\n<li>Supports surface, recessed, and corner mounting options<\/li>\r\r\n<li>Protects LED strips from dust and physical damage<\/li>\r\r\n<li>Custom lengths and cover types available for versatile applications<\/li>","product_chanpin_chanpin":"<li><a href=\"https:\/\/sinoextrud.com\/product\/large-aluminum-extrusion-2\/\" target=\"_blank\">Large Aluminum Extrusion<\/a><\/li>\r\n<li><a href=\"https:\/\/sinoextrud.com\/product\/aluminium-door-extrusions-profiles\/\" target=\"_blank\">Aluminium Door Extrusions Profiles<\/a><\/li>\r\n<li><a href=\"https:\/\/sinoextrud.com\/product\/aluminium-extrusion-profile-handle\/\" target=\"_blank\">Aluminium Extrusion Profile Handle<\/a><\/li>\r\n<li><a href=\"https:\/\/sinoextrud.com\/product\/linear-rail-aluminium-extrusion\/\" target=\"_blank\">Linear Rail Aluminium Extrusion<\/a><\/li>\r\n<li><a href=\"https:\/\/sinoextrud.com\/product\/led-strip-lights-aluminum-profile\/\" target=\"_blank\">Led Strip Lights Aluminum Profile<\/a><\/li>\r\n<li><a href=\"https:\/\/sinoextrud.com\/product\/retractable-awning-aluminum-tube\/\" target=\"_blank\">Retractable Awning Aluminum Tube<\/a><\/li>\r\n<li><a href=\"https:\/\/sinoextrud.com\/product\/aluminum-sign-extrusions\/\" target=\"_blank\">Aluminum Sign Extrusions<\/a><\/li>\r\n<li><a href=\"https:\/\/sinoextrud.com\/product\/aluminium-extrusion-motor-body\/\" target=\"_blank\">Aluminium Extrusion Motor Body<\/a><\/li>\r\n<li><a href=\"https:\/\/sinoextrud.com\/product\/aluminium-extrusion-6082-5083-aluminum-alloy-profile\/\" target=\"_blank\">Aluminium Extrusion 6082 5083 Aluminum Alloy Profile<\/a><\/li>\r\n<li><a href=\"https:\/\/sinoextrud.com\/product\/aluminum-square-tube-powder-coating-6063-t5-extruded-profiles\/\" target=\"_blank\">aluminum square tube powder coating 6063 t5 extruded profiles<\/a><\/li>\r\n<li><a href=\"https:\/\/sinoextrud.com\/product\/aluminium-edge-trim-profiles\/\" target=\"_blank\">Aluminium Edge Trim Profiles<\/a><\/li>"},"feature_list":[]},"_links":{"self":[{"href":"https:\/\/sinoextrud.com\/de\/wp-json\/wp\/v2\/product\/6147","targetHints":{"allow":["GET"]}}],"collection":[{"href":"https:\/\/sinoextrud.com\/de\/wp-json\/wp\/v2\/product"}],"about":[{"href":"https:\/\/sinoextrud.com\/de\/wp-json\/wp\/v2\/types\/product"}],"wp:featuredmedia":[{"embeddable":true,"href":"https:\/\/sinoextrud.com\/de\/wp-json\/wp\/v2\/media\/6146"}],"wp:attachment":[{"href":"https:\/\/sinoextrud.com\/de\/wp-json\/wp\/v2\/media?parent=6147"}],"wp:term":[{"taxonomy":"category","embeddable":true,"href":"https:\/\/sinoextrud.com\/de\/wp-json\/wp\/v2\/categories?post=6147"}],"curies":[{"name":"wp","href":"https:\/\/api.w.org\/{rel}","templated":true}]}}