{"id":6145,"date":"2025-05-25T12:32:21","date_gmt":"2025-05-25T12:32:21","guid":{"rendered":"https:\/\/sinoextrud.com\/product\/linear-rail-aluminium-extrusion\/"},"modified":"2025-06-24T03:54:06","modified_gmt":"2025-06-24T03:54:06","slug":"linearschiene-aus-aluminiumprofilen","status":"publish","type":"product","link":"https:\/\/sinoextrud.com\/de\/product\/linear-rail-aluminium-extrusion\/","title":{"rendered":"Lineare Schiene Aluminium Strangpressen"},"content":{"rendered":"<h2>Produkte Details<\/h2>\n<table class=\"custom-table\">\n<tr>\n<td class=\"label\">Produktname<\/td>\n<td>Linearschiene aus Aluminiumprofilen<\/td>\n<\/tr>\n<tr>\n<td class=\"label\">Produktpalette<\/td>\n<td>Aluminium-Strangpressprofile f\u00fcr V-Linearschiene T-Nut-Extrus-Aluminiumprofil, C-Tr\u00e4ger-Linearschiene Aluminium, Strangpressprofile, Aluminium-Strangpressschiene, Schiene Aluminiumprofil, Aluminium-Strangpress-F\u00fchrungsschienen, Hydrokulturschiene, Hochpr\u00e4zisions-Linearschiene, Aluminium-Schienenprofil, Aluminium-Profilschiene, taktische Schiene, etc<\/td>\n<\/tr>\n<tr>\n<td class=\"label\">Geeignete Systeme Typen<\/td>\n<td>T-Nut-Aluminiumprofil, Aluminium-T-Nut-Extrus, T-Nut-Profil, Hiwin-Linearf\u00fchrungsschiene, C-Profil, C-Schiene, Aluminium-Strangpressprofil f\u00fcr Gel\u00e4nder, Aluminiumprofil f\u00fcr Vorhangschiene, Aluminium-Br\u00fcckenprofil f\u00fcr H\u00e4ngeschienent\u00fcr, U-Kanal-Aluminiumprofil f\u00fcr Glasgel\u00e4nder, Schiebet\u00fcr-Aluminiumf\u00fchrungsschiene, Aluminium-Fensterschiebeschiene, etc<\/td>\n<\/tr>\n<tr>\n<td class=\"label\">Anmeldung<\/td>\n<td>Roboterzaun, Werkbank, Geh\u00e4use, Montagelinie, Profilrahmen, Industrieplattform, Werkzeugwagen, Acrylschrank, Blechschrank, etc.<\/td>\n<\/tr>\n<tr>\n<td class=\"label\">Aluminium-Legierung<\/td>\n<td>Serie 1000, Serie 200, Serie 3000, Serie 5000, Serie 6000, Serie 7000<\/td>\n<\/tr>\n<tr>\n<td class=\"label\">Temperament<\/td>\n<td>T3-T8<\/td>\n<\/tr>\n<tr>\n<td class=\"label\">Form<\/td>\n<td>Rund, quadratisch, winklig, rechteckig, sechseckig oder kundenspezifisch<\/td>\n<\/tr>\n<tr>\n<td class=\"label\">Farbe<\/td>\n<td>Personalisierung<\/td>\n<\/tr>\n<tr>\n<td class=\"label\">Oberfl\u00e4chenbehandlung<\/td>\n<td>walzblank, eloxiert, Holzmaserung, Pulverbeschichtung, Sandstrahlen, Elektrophorese, geb\u00fcrstet, poliert, etc.<\/td>\n<\/tr>\n<tr>\n<td class=\"label\">CNC-Tiefenbearbeitung<\/td>\n<td>Schneiden, Bohren, Zerspanen, Stanzen, Biegen, Gewindeschneiden und so weiter<\/td>\n<\/tr>\n<tr>\n<td class=\"label\">Zertifizierungen<\/td>\n<td>CE, ISO, SGS, TUV, ROHS<\/td>\n<\/tr>\n<tr>\n<td class=\"label\">Proben<\/td>\n<td>kostenlose Probe. 1-3 Tage an Sie geliefert.<\/td>\n<\/tr>\n<tr>\n<td class=\"label\">MOQ<\/td>\n<td>200KG f\u00fcr jedes Profil<\/td>\n<\/tr>\n<tr>\n<td class=\"label\">Lieferfrist<\/td>\n<td>Die Entwicklung der Form und die Anfertigung des Musters dauern 12-15 Tage, die Produktion dauert 15-25 Tage nach Eingang der Anzahlung des K\u00e4ufers.<\/td>\n<\/tr>\n<tr>\n<td class=\"label\">Zahlungsbedingungen<\/td>\n<td>30% Anzahlung vor der Produktion, und der Restbetrag vor dem Versand.<\/td>\n<\/tr>\n<tr>\n<td class=\"label\">Sendung<\/td>\n<td>per 20GP-, 40GP-, 40HQ-Container oder Massengutfrachter<\/td>\n<\/tr>\n<\/table>\n<h2>Unsere Produktionsbasis<\/h2>\n<h3>Fabrik-Panorama<\/h3>\n<p><img decoding=\"async\" src=\"\/wp-content\/uploads\/factory-01.webp\"\/><\/p>\n<h3>Werkstatt zur Herstellung von Aluminiumstangen<\/h3>\n<p><img decoding=\"async\" src=\"\/wp-content\/uploads\/factory-02.webp\"\/><\/p>\n<p><img decoding=\"async\" src=\"\/wp-content\/uploads\/factory-03.webp\"\/><\/p>\n<h3>Lagerhaus f\u00fcr Formen<\/h3>\n<p><img decoding=\"async\" src=\"\/wp-content\/uploads\/factory-04.webp\"\/><\/p>\n<h3>43 Aluminium-Strangpressanlagen (500\u00e2\u20ac\"5500 Tonnen)<\/h3>\n<p><img decoding=\"async\" src=\"\/wp-content\/uploads\/factory-05.webp\"\/><\/p>\n<p><img decoding=\"async\" src=\"\/wp-content\/uploads\/factory-06.webp\"\/><\/p>\n<p><img decoding=\"async\" src=\"\/wp-content\/uploads\/factory-07.webp\"\/><\/p>\n<h3>Werkstatt f\u00fcr Pulverbeschichtung<\/h3>\n<p><img decoding=\"async\" src=\"\/wp-content\/uploads\/factory-09.webp\"\/><\/p>\n<h3>Eloxal-Werkstatt<\/h3>\n<p><img decoding=\"async\" src=\"\/wp-content\/uploads\/factory-10.webp\"\/><\/p>\n<h3>Workshop zur Tiefenverarbeitung<\/h3>\n<p><img decoding=\"async\" src=\"\/wp-content\/uploads\/factory-11.webp\"\/><\/p>\n<h3>CNC-Pr\u00e4zisionsbearbeitungswerkstatt<\/h3>\n<p><img decoding=\"async\" src=\"\/wp-content\/uploads\/factory-11.5.webp\"\/><\/p>\n<h3>Lager f\u00fcr Fertigprodukte und Export<\/h3>\n<p><img decoding=\"async\" src=\"\/wp-content\/uploads\/factory-12.webp\"\/><\/p>\n<p><img decoding=\"async\" src=\"\/wp-content\/uploads\/factory-13.webp\"\/><\/p>\n<p><img decoding=\"async\" src=\"\/wp-content\/uploads\/factory-14.webp\"\/><\/p>\n<h2>FAQ<\/h2>\n<p><p><b>1. was ist eine lineare Schiene aus stranggepresstem Aluminium? <\/b><\/p>\n<p> Linearschienen aus stranggepresstem Aluminium sind pr\u00e4zise gefertigte Aluminiumprofile, die zur Unterst\u00fctzung linearer Bewegungssysteme entwickelt wurden und eine stabile Basis f\u00fcr Schienen und Schlitten bieten.<br \/>\n<\/p><br \/>\n<br \/>\n<p><b>2 Was sind die Vorteile der Verwendung von Aluminium-Strangpressprofilen f\u00fcr Linearschienen? <\/b><\/p>\n<p> Aluminium-Strangpressprofile f\u00fcr Linearschienen bieten hohe Steifigkeit, eine leichte Struktur, Korrosionsbest\u00e4ndigkeit und eine einfache Montage, ideal f\u00fcr Automatisierungs- und CNC-Anwendungen.<br \/>\n<\/p><br \/>\n<br \/>\n<p><b>3. warum Aluminium-Strangpressprofile f\u00fcr Linearschienen verwenden? <\/b><\/p>\n<p> Aluminium-Strangpressprofile sind leicht, langlebig und korrosionsbest\u00e4ndig und eignen sich daher hervorragend zur Unterst\u00fctzung von Linearschienen in hochpr\u00e4zisen Bewegungssystemen.<br \/>\n<\/p><br \/>\n<br \/>\n<p><b>4. wo werden Aluminium-Strangpressprofile f\u00fcr Linearschienen \u00fcblicherweise eingesetzt? <\/b><\/p>\n<p> Linearschienenprofile aus Aluminium werden h\u00e4ufig in CNC-Maschinen, 3D-Druckern, Robotern und automatisierten Montagelinien f\u00fcr pr\u00e4zise und reibungslose Bewegungen eingesetzt.<br \/>\n<\/p><br \/>\n<br \/>\n<p><b>5. sind lineare Aluminiumprofile f\u00fcr Schienen anpassbar? <\/b><\/p>\n<p> Ja, Aluminium-Strangpressprofile f\u00fcr Linearschienen k\u00f6nnen kundenspezifisch geschnitten, gebohrt oder eloxiert werden, um spezifische strukturelle und funktionale Anforderungen in Bewegungssystemen zu erf\u00fcllen.<br \/>\n<\/p><br \/>\n<br \/>\n<p><b>6. wie stabil sind Aluminium-Strangpressprofile f\u00fcr Linearschienen? <\/b><\/p>\n<p> Lineare Schienenprofile aus Aluminium sind f\u00fcr hohe Tragf\u00e4higkeit bei geringem Gewicht ausgelegt und eignen sich sowohl f\u00fcr leichte als auch f\u00fcr schwere Anwendungen.<br \/>\n<\/p><br \/>\n<br \/>\n<p><b>7. k\u00f6nnen Linearschienen direkt auf Aluminiumprofilen montiert werden? <\/b><\/p>\n<p> Linearschienen k\u00f6nnen direkt auf Aluminiumprofilen montiert werden, um eine schnelle Installation, Ausrichtungsgenauigkeit und modulare Designflexibilit\u00e4t zu gew\u00e4hrleisten.<br \/>\n<\/p><br \/>\n<br \/>\n<p><b>8. wie unterscheiden sich Aluminium-Strangpressprofile mit Linearschienen von Stahlrahmen? <\/b><\/p>\n<p> Aluminium-Strangpressprofile f\u00fcr Linearschienen sind leichter, einfacher zu bearbeiten und korrosionsbest\u00e4ndiger als Stahl und bieten ein besseres Gleichgewicht zwischen Festigkeit und Verwendbarkeit.<br \/>\n<\/p><br \/>\n<br \/>\n<p><b>9. reduzieren Aluminiumprofile f\u00fcr Linearschienen Vibrationen? <\/b><\/p>\n<p> Ja, Aluminium-Strangpressprofile tragen dazu bei, Betriebsschwingungen zu absorbieren und eine stabile Basis zu schaffen, was die Pr\u00e4zision und Langlebigkeit von linearen Bewegungssystemen verbessert.<br \/>\n<\/p><br \/>\n<br \/>\n<p><b>10. eignen sich lineare Aluminium-Strangpressprofile f\u00fcr Heimwerkerprojekte? <\/b><\/p>\n<p> Ja, lineare Aluminium-Strangpressprofile sind aufgrund ihres modularen Aufbaus und ihrer einfachen Handhabung ideal f\u00fcr DIY-CNCs, Laserschneider und Automatisierungsanlagen.<br \/>\n<\/p><br \/><\/p>","protected":false},"featured_media":6144,"template":"","categories":[58],"class_list":["post-6145","product","type-product","status-publish","has-post-thumbnail","hentry","category-aluminium-extrusion-profiles"],"meta_box":{"hilight_text_group":{"product_hilight_text":"<li>Integrated guide rail design for smooth linear motion<\/li>\r\r\n<li>High rigidity and precision for automation and CNC applications<\/li>\r\r\n<li>Modular structure allows easy assembly and expansion<\/li>\r\r\n<li>Lightweight aluminum reduces overall system weight<\/li>\r\r\n<li>Corrosion-resistant and low maintenance for industrial use<\/li>","product_chanpin_chanpin":"<li><a href=\"https:\/\/sinoextrud.com\/product\/anodized-aluminum\/\" target=\"_blank\">Anodized Aluminum<\/a><\/li>\r\n<li><a href=\"https:\/\/sinoextrud.com\/product\/large-aluminum-extrusion-2\/\" target=\"_blank\">Large Aluminum Extrusion<\/a><\/li>\r\n<li><a href=\"https:\/\/sinoextrud.com\/product\/aluminium-door-extrusions-profiles\/\" target=\"_blank\">Aluminium Door Extrusions Profiles<\/a><\/li>\r\n<li><a href=\"https:\/\/sinoextrud.com\/product\/aluminium-extrusion-profile-handle\/\" target=\"_blank\">Aluminium Extrusion Profile Handle<\/a><\/li>\r\n<li><a href=\"https:\/\/sinoextrud.com\/product\/linear-rail-aluminium-extrusion\/\" target=\"_blank\">Linear Rail Aluminium Extrusion<\/a><\/li>\r\n<li><a href=\"https:\/\/sinoextrud.com\/product\/led-strip-lights-aluminum-profile\/\" target=\"_blank\">Led Strip Lights Aluminum Profile<\/a><\/li>\r\n<li><a href=\"https:\/\/sinoextrud.com\/product\/retractable-awning-aluminum-tube\/\" target=\"_blank\">Retractable Awning Aluminum Tube<\/a><\/li>\r\n<li><a href=\"https:\/\/sinoextrud.com\/product\/aluminum-sign-extrusions\/\" target=\"_blank\">Aluminum Sign Extrusions<\/a><\/li>\r\n<li><a href=\"https:\/\/sinoextrud.com\/product\/aluminium-extrusion-motor-body\/\" target=\"_blank\">Aluminium Extrusion Motor Body<\/a><\/li>\r\n<li><a href=\"https:\/\/sinoextrud.com\/product\/new-design-kitchen-handle-aluminum-profile\/\" target=\"_blank\">New Design Kitchen Handle Aluminum Profile<\/a><\/li>\r\n<li><a href=\"https:\/\/sinoextrud.com\/product\/l-shaped-aluminum-extrusion-6063-t5-aluminum-angle-bar-alloy-profile\/\" target=\"_blank\">L Shaped Aluminum Extrusion  6063 T5 Aluminum Angle Bar Alloy Profile<\/a><\/li>"},"feature_list":[]},"_links":{"self":[{"href":"https:\/\/sinoextrud.com\/de\/wp-json\/wp\/v2\/product\/6145","targetHints":{"allow":["GET"]}}],"collection":[{"href":"https:\/\/sinoextrud.com\/de\/wp-json\/wp\/v2\/product"}],"about":[{"href":"https:\/\/sinoextrud.com\/de\/wp-json\/wp\/v2\/types\/product"}],"wp:featuredmedia":[{"embeddable":true,"href":"https:\/\/sinoextrud.com\/de\/wp-json\/wp\/v2\/media\/6144"}],"wp:attachment":[{"href":"https:\/\/sinoextrud.com\/de\/wp-json\/wp\/v2\/media?parent=6145"}],"wp:term":[{"taxonomy":"category","embeddable":true,"href":"https:\/\/sinoextrud.com\/de\/wp-json\/wp\/v2\/categories?post=6145"}],"curies":[{"name":"wp","href":"https:\/\/api.w.org\/{rel}","templated":true}]}}