{"id":6137,"date":"2025-05-24T15:05:03","date_gmt":"2025-05-24T15:05:03","guid":{"rendered":"https:\/\/sinoextrud.com\/product\/aluminium-door-extrusions-profiles\/"},"modified":"2025-06-24T03:54:02","modified_gmt":"2025-06-24T03:54:02","slug":"aluminium-turstrangpressprofile","status":"publish","type":"product","link":"https:\/\/sinoextrud.com\/de\/product\/aluminium-door-extrusions-profiles\/","title":{"rendered":"Aluminium-T\u00fcrextrusionsprofile"},"content":{"rendered":"<h2>Produkte Details<\/h2>\n<table class=\"custom-table\">\n<tr>\n<td class=\"label\">Produktname<\/td>\n<td>Aluminium-T\u00fcrextrusionsprofile<\/td>\n<\/tr>\n<tr>\n<td class=\"label\">Produktpalette<\/td>\n<td>Aluminium-Strangpressprofile f\u00fcr Aluminium-Au\u00dfent\u00fcren, Aluminium-Gewerbet\u00fcren, Aluminium-Fenstert\u00fcren, Aluminium-T\u00fcrrahmen, Aluminium-T\u00fcrbeschl\u00e4ge, CNC-Drehen von Aluminium, Aluminium-Schiebet\u00fcren, Aluminium-Verbundplatten, etc.<\/td>\n<\/tr>\n<tr>\n<td class=\"label\">Geeignete Systeme Typen<\/td>\n<td>Rollt\u00fcren aus Aluminiumlegierung, Eingangst\u00fcren aus Aluminium, Au\u00dfent\u00fcrrahmen aus Aluminium, Au\u00dfent\u00fcrverkleidungen aus Aluminium, Terrassent\u00fcren aus Aluminium, Au\u00dfent\u00fcren aus Aluminium, Sicherheitst\u00fcren aus Aluminium, Fenstert\u00fcren aus Aluminium, Innent\u00fcren aus Aluminium, Doppelt\u00fcren aus Aluminium, Schiebet\u00fcren aus Aluminium, Au\u00dfent\u00fcrrahmen aus Aluminium, T\u00fcrscharniere aus Aluminium, T\u00fcrgriffe aus Aluminium, Schiebet\u00fcren aus Aluminium, usw.<\/td>\n<\/tr>\n<tr>\n<td class=\"label\">Aluminium-Legierung<\/td>\n<td>Serie 5000, Serie 6000, Serie 7000<\/td>\n<\/tr>\n<tr>\n<td class=\"label\">Temperament<\/td>\n<td>T5-T8<\/td>\n<\/tr>\n<tr>\n<td class=\"label\">Form<\/td>\n<td>Personalisierung<\/td>\n<\/tr>\n<tr>\n<td class=\"label\">Farbe<\/td>\n<td>Personalisierung<\/td>\n<\/tr>\n<tr>\n<td class=\"label\">Oberfl\u00e4chenbehandlung<\/td>\n<td>walzblank, eloxiert, Holzmaserung, Pulverbeschichtung, Sandstrahlen, Elektrophorese, geb\u00fcrstet, poliert, etc.<\/td>\n<\/tr>\n<tr>\n<td class=\"label\">CNC-Tiefenbearbeitung<\/td>\n<td>Schneiden, Bohren, Zerspanen, Stanzen, Biegen, Gewindeschneiden und so weiter<\/td>\n<\/tr>\n<tr>\n<td class=\"label\">Zertifizierungen<\/td>\n<td>CE, ISO, SGS, TUV, ROHS<\/td>\n<\/tr>\n<tr>\n<td class=\"label\">Proben<\/td>\n<td>kostenlose Probe. 1-3 Tage an Sie geliefert.<\/td>\n<\/tr>\n<tr>\n<td class=\"label\">MOQ<\/td>\n<td>200KG f\u00fcr jedes Profil<\/td>\n<\/tr>\n<tr>\n<td class=\"label\">Lieferfrist<\/td>\n<td>Die Entwicklung der Form und die Anfertigung des Musters dauern 12-15 Tage, die Produktion dauert 15-25 Tage nach Eingang der Anzahlung des K\u00e4ufers.<\/td>\n<\/tr>\n<tr>\n<td class=\"label\">Zahlungsbedingungen<\/td>\n<td>30% Anzahlung vor der Produktion, und der Restbetrag vor dem Versand.<\/td>\n<\/tr>\n<\/table>\n<h2>Unsere Produktionsbasis<\/h2>\n<h3>Fabrik-Panorama<\/h3>\n<p><img decoding=\"async\" src=\"\/wp-content\/uploads\/factory-01.webp\"\/><\/p>\n<h3>Werkstatt zur Herstellung von Aluminiumstangen<\/h3>\n<p><img decoding=\"async\" src=\"\/wp-content\/uploads\/factory-02.webp\"\/><\/p>\n<p><img decoding=\"async\" src=\"\/wp-content\/uploads\/factory-03.webp\"\/><\/p>\n<h3>Lagerhaus f\u00fcr Formen<\/h3>\n<p><img decoding=\"async\" src=\"\/wp-content\/uploads\/factory-04.webp\"\/><\/p>\n<h3>43 Aluminium-Strangpressanlagen (500\u00e2\u20ac\"5500 Tonnen)<\/h3>\n<p><img decoding=\"async\" src=\"\/wp-content\/uploads\/factory-05.webp\"\/><\/p>\n<p><img decoding=\"async\" src=\"\/wp-content\/uploads\/factory-06.webp\"\/><\/p>\n<p><img decoding=\"async\" src=\"\/wp-content\/uploads\/factory-07.webp\"\/><\/p>\n<h3>Werkstatt f\u00fcr Pulverbeschichtung<\/h3>\n<p><img decoding=\"async\" src=\"\/wp-content\/uploads\/factory-09.webp\"\/><\/p>\n<h3>Eloxal-Werkstatt<\/h3>\n<p><img decoding=\"async\" src=\"\/wp-content\/uploads\/factory-10.webp\"\/><\/p>\n<h3>Workshop zur Tiefenverarbeitung<\/h3>\n<p><img decoding=\"async\" src=\"\/wp-content\/uploads\/factory-11.webp\"\/><\/p>\n<h3>CNC-Pr\u00e4zisionsbearbeitungswerkstatt<\/h3>\n<p><img decoding=\"async\" src=\"\/wp-content\/uploads\/factory-11.5.webp\"\/><\/p>\n<h3>Lager f\u00fcr Fertigprodukte und Export<\/h3>\n<p><img decoding=\"async\" src=\"\/wp-content\/uploads\/factory-12.webp\"\/><\/p>\n<p><img decoding=\"async\" src=\"\/wp-content\/uploads\/factory-13.webp\"\/><\/p>\n<p><img decoding=\"async\" src=\"\/wp-content\/uploads\/factory-14.webp\"\/><\/p>\n<h2>FAQ<\/h2>\n<p><p><b>1.was sind Aluminium-T\u00fcrprofile?<\/b><\/p>\n<p>Aluminium-T\u00fcrstrangpressprofile sind speziell entwickelte Aluminiumformen, die zur Herstellung von langlebigen, leichten und korrosionsbest\u00e4ndigen T\u00fcrrahmen und -komponenten verwendet werden.<br \/>\n<\/p><br \/>\n<br \/>\n<p><b>2. was sind die wichtigsten Merkmale von Aluminium-T\u00fcrprofilen?<\/b><\/p>\n<p>Zu den Hauptmerkmalen geh\u00f6ren ein hohes Verh\u00e4ltnis von Festigkeit zu Gewicht, hervorragende Korrosionsbest\u00e4ndigkeit, anpassbare Designs und einfache Installation.<br \/>\n<\/p><br \/>\n<br \/>\n<p><b>3. warum Aluminium-T\u00fcrprofile f\u00fcr T\u00fcren w\u00e4hlen?<\/b><\/p>\n<p>Im Vergleich zu herk\u00f6mmlichen T\u00fcrmaterialien bieten sie eine \u00fcberlegene Haltbarkeit, geringe Wartung, Energieeffizienz und \u00e4sthetische Vielseitigkeit.<br \/>\n<\/p><br \/>\n<br \/>\n<p><b>4. welche Vorteile bietet die Korrosionsbest\u00e4ndigkeit von Aluminium-T\u00fcrprofilen?<\/b><\/p>\n<p>Die Korrosionsbest\u00e4ndigkeit sorgt f\u00fcr dauerhafte Leistung und minimale Wartung und macht sie ideal f\u00fcr T\u00fcranwendungen im Innen- und Au\u00dfenbereich.<br \/>\n<\/p><br \/>\n<br \/>\n<p><b>5. k\u00f6nnen Aluminium T\u00fcr Extrusionsprofile angepasst werden?<\/b><\/p>\n<p>Ja, sie k\u00f6nnen auf spezifische Designanforderungen, Gr\u00f6\u00dfen und Ausf\u00fchrungen zugeschnitten werden und bieten so Flexibilit\u00e4t f\u00fcr architektonische und funktionale Anforderungen.<br \/>\n<\/p><br \/>\n<br \/>\n<p><b>6. sind Aluminiumt\u00fcrprofile umweltfreundlich?<\/b><\/p>\n<p>Ja, Aluminium ist recycelbar und energieeffizient, was Aluminium-T\u00fcrprofile zu einer nachhaltigen Wahl f\u00fcr die T\u00fcrherstellung macht.<br \/>\n<\/p><br \/>\n<br \/>\n<p><b>7. wie verbessern Aluminium-T\u00fcrprofile die Energieeffizienz?<\/b><\/p>\n<p>Sie bieten hervorragende W\u00e4rmed\u00e4mmeigenschaften, verringern die W\u00e4rme\u00fcbertragung und verbessern die Gesamtenergieeffizienz von Geb\u00e4uden.<br \/>\n<\/p><br \/>\n<br \/>\n<p><b>8. welche Branchen verwenden \u00fcblicherweise Aluminium-T\u00fcr-Strangpressprofile?<\/b><\/p>\n<p>Sie werden h\u00e4ufig im Wohnungs-, Gewerbe- und Industriebau f\u00fcr T\u00fcren verwendet, die robust, langlebig und \u00e4sthetisch ansprechend sein m\u00fcssen.<br \/>\n<\/p><br \/>\n<br \/>\n<p><b>9. wie sind die Aluminium-T\u00fcrprofile im Vergleich zu Stahl oder Holz?<\/b><\/p>\n<p>Im Vergleich zu Stahl und Holz sind Aluminiumprofile leichter, korrosionsbest\u00e4ndiger, wartungs\u00e4rmer und bieten mehr Gestaltungsfreiheit.<br \/>\n<\/p><br \/>\n<br \/>\n<p><b>10. welche Wartung ist f\u00fcr Aluminium-T\u00fcrprofile erforderlich?<\/b><\/p>\n<p>Der Wartungsaufwand ist minimal; regelm\u00e4\u00dfige Reinigung und gelegentliche Inspektion auf Besch\u00e4digungen reichen aus, um Leistung und Aussehen zu erhalten.<br \/>\n<\/p><br \/><\/p>","protected":false},"featured_media":6136,"template":"","categories":[58],"class_list":["post-6137","product","type-product","status-publish","has-post-thumbnail","hentry","category-aluminium-extrusion-profiles"],"meta_box":{"hilight_text_group":{"product_hilight_text":"<li>High strength-to-weight ratio ensures durable yet lightweight door structures.<\/li>\r\r\n<li>Excellent corrosion resistance for long-lasting outdoor and indoor use.<\/li>\r\r\n<li>Customizable profiles to meet diverse architectural and functional requirements.<\/li>\r\r\n<li>Energy-efficient design improves thermal insulation and reduces costs.<\/li>\r\r\n<li>Low maintenance requirements save time and reduce lifecycle expenses.<\/li>","product_chanpin_chanpin":"<li><a href=\"https:\/\/sinoextrud.com\/product\/aluminium-profile-corner-joint\/\" target=\"_blank\">Aluminium Profile Corner Joint<\/a><\/li>\r\n<li><a href=\"https:\/\/sinoextrud.com\/product\/industrial-aluminum-brushed-polish-profile-for-railing-and-showroom-decoration\/\" target=\"_blank\">Industrial Aluminum Brushed Polish Profile For Railing And Showroom Decoration<\/a><\/li>\r\n<li><a href=\"https:\/\/sinoextrud.com\/product\/anodized-aluminum\/\" target=\"_blank\">Anodized Aluminum<\/a><\/li>\r\n<li><a href=\"https:\/\/sinoextrud.com\/product\/large-aluminum-extrusion-2\/\" target=\"_blank\">Large Aluminum Extrusion<\/a><\/li>\r\n<li><a href=\"https:\/\/sinoextrud.com\/product\/aluminium-door-extrusions-profiles\/\" target=\"_blank\">Aluminium Door Extrusions Profiles<\/a><\/li>\r\n<li><a href=\"https:\/\/sinoextrud.com\/product\/aluminium-extrusion-profile-handle\/\" target=\"_blank\">Aluminium Extrusion Profile Handle<\/a><\/li>\r\n<li><a href=\"https:\/\/sinoextrud.com\/product\/linear-rail-aluminium-extrusion\/\" target=\"_blank\">Linear Rail Aluminium Extrusion<\/a><\/li>\r\n<li><a href=\"https:\/\/sinoextrud.com\/product\/led-strip-lights-aluminum-profile\/\" target=\"_blank\">Led Strip Lights Aluminum Profile<\/a><\/li>\r\n<li><a href=\"https:\/\/sinoextrud.com\/product\/retractable-awning-aluminum-tube\/\" target=\"_blank\">Retractable Awning Aluminum Tube<\/a><\/li>\r\n<li><a href=\"https:\/\/sinoextrud.com\/product\/electrophoresis-surface-aluminum-profiles\/\" target=\"_blank\">Electrophoresis Surface Aluminum Profiles<\/a><\/li>\r\n<li><a href=\"https:\/\/sinoextrud.com\/product\/alu-profile-system\/\" target=\"_blank\">Alu Profile System<\/a><\/li>"},"feature_list":[]},"_links":{"self":[{"href":"https:\/\/sinoextrud.com\/de\/wp-json\/wp\/v2\/product\/6137","targetHints":{"allow":["GET"]}}],"collection":[{"href":"https:\/\/sinoextrud.com\/de\/wp-json\/wp\/v2\/product"}],"about":[{"href":"https:\/\/sinoextrud.com\/de\/wp-json\/wp\/v2\/types\/product"}],"wp:featuredmedia":[{"embeddable":true,"href":"https:\/\/sinoextrud.com\/de\/wp-json\/wp\/v2\/media\/6136"}],"wp:attachment":[{"href":"https:\/\/sinoextrud.com\/de\/wp-json\/wp\/v2\/media?parent=6137"}],"wp:term":[{"taxonomy":"category","embeddable":true,"href":"https:\/\/sinoextrud.com\/de\/wp-json\/wp\/v2\/categories?post=6137"}],"curies":[{"name":"wp","href":"https:\/\/api.w.org\/{rel}","templated":true}]}}