{"id":6061,"date":"2025-05-24T06:19:14","date_gmt":"2025-05-24T06:19:14","guid":{"rendered":"https:\/\/sinoextrud.com\/product\/large-aluminum-extrusion-2\/"},"modified":"2025-06-24T03:53:59","modified_gmt":"2025-06-24T03:53:59","slug":"groses-aluminium-strangpressprofil-2","status":"publish","type":"product","link":"https:\/\/sinoextrud.com\/de\/product\/large-aluminum-extrusion-2\/","title":{"rendered":"Gro\u00dfe Aluminium-Extrusion"},"content":{"rendered":"<h2>Produkte Details<\/h2>\n<table class=\"custom-table\">\n<tr>\n<td class=\"label\">Produktname<\/td>\n<td>gro\u00dfe Aluminium-Extrusion<\/td>\n<\/tr>\n<tr>\n<td class=\"label\">Produktpalette<\/td>\n<td>mechanische Teile, Autoteile, Industrieteile, Sportger\u00e4te<\/td>\n<\/tr>\n<tr>\n<td class=\"label\">Geeignete Systeme Typen<\/td>\n<td>Schienenfahrzeuge, gro\u00dfe Schiffe, Hochgeschwindigkeitsz\u00fcge, U- und S-Bahnen, Luft- und Raumfahrt, Marinewaffen und Maschinenbau usw.<\/td>\n<\/tr>\n<tr>\n<td class=\"label\">Aluminium-Legierung<\/td>\n<td>Serie 5000, Serie 6000, Serie 7000<\/td>\n<\/tr>\n<tr>\n<td class=\"label\">Temperament<\/td>\n<td>T5-T8<\/td>\n<\/tr>\n<tr>\n<td class=\"label\">Form<\/td>\n<td>Entsprechend den Anforderungen des Kunden<\/td>\n<\/tr>\n<tr>\n<td class=\"label\">Farbe<\/td>\n<td>Entsprechend den Anforderungen des Kunden<\/td>\n<\/tr>\n<tr>\n<td class=\"label\">Oberfl\u00e4chenbehandlung<\/td>\n<td>walzblank, eloxiert, Holzmaserung, Pulverbeschichtung, Sandstrahlen, Elektrophorese, geb\u00fcrstet, poliert, etc.<\/td>\n<\/tr>\n<tr>\n<td class=\"label\">CNC-Tiefenbearbeitung<\/td>\n<td>Schneiden, Bohren, Zerspanen, Stanzen, Biegen, Gewindeschneiden und so weiter<\/td>\n<\/tr>\n<tr>\n<td class=\"label\">Zertifizierungen<\/td>\n<td>CE, ISO, SGS, TUV, ROHS<\/td>\n<\/tr>\n<tr>\n<td class=\"label\">Proben<\/td>\n<td>kostenlose Probe. 1-3 Tage an Sie geliefert.<\/td>\n<\/tr>\n<tr>\n<td class=\"label\">MOQ<\/td>\n<td>200KG f\u00fcr jedes Profil<\/td>\n<\/tr>\n<tr>\n<td class=\"label\">Lieferfrist<\/td>\n<td>Die Entwicklung der Form und die Anfertigung des Musters dauern 12-15 Tage, die Produktion dauert 15-25 Tage nach Eingang der Anzahlung des K\u00e4ufers.<\/td>\n<\/tr>\n<tr>\n<td class=\"label\">Zahlungsbedingungen<\/td>\n<td>30% Anzahlung vor der Produktion, und der Restbetrag vor dem Versand.<\/td>\n<\/tr>\n<\/table>\n<h2>Unsere Produktionsbasis<\/h2>\n<h3>Fabrik-Panorama<\/h3>\n<p><img decoding=\"async\" src=\"\/wp-content\/uploads\/factory-01.webp\"\/><\/p>\n<h3>Werkstatt zur Herstellung von Aluminiumstangen<\/h3>\n<p><img decoding=\"async\" src=\"\/wp-content\/uploads\/factory-02.webp\"\/><\/p>\n<p><img decoding=\"async\" src=\"\/wp-content\/uploads\/factory-03.webp\"\/><\/p>\n<h3>Lagerhaus f\u00fcr Formen<\/h3>\n<p><img decoding=\"async\" src=\"\/wp-content\/uploads\/factory-04.webp\"\/><\/p>\n<h3>43 Aluminium-Strangpressanlagen (500\u00e2\u20ac\"5500 Tonnen)<\/h3>\n<p><img decoding=\"async\" src=\"\/wp-content\/uploads\/factory-05.webp\"\/><\/p>\n<p><img decoding=\"async\" src=\"\/wp-content\/uploads\/factory-06.webp\"\/><\/p>\n<p><img decoding=\"async\" src=\"\/wp-content\/uploads\/factory-07.webp\"\/><\/p>\n<h3>Werkstatt f\u00fcr Pulverbeschichtung<\/h3>\n<p><img decoding=\"async\" src=\"\/wp-content\/uploads\/factory-09.webp\"\/><\/p>\n<h3>Eloxal-Werkstatt<\/h3>\n<p><img decoding=\"async\" src=\"\/wp-content\/uploads\/factory-10.webp\"\/><\/p>\n<h3>Workshop zur Tiefenverarbeitung<\/h3>\n<p><img decoding=\"async\" src=\"\/wp-content\/uploads\/factory-11.webp\"\/><\/p>\n<h3>CNC-Pr\u00e4zisionsbearbeitungswerkstatt<\/h3>\n<p><img decoding=\"async\" src=\"\/wp-content\/uploads\/factory-11.5.webp\"\/><\/p>\n<h3>Lager f\u00fcr Fertigprodukte und Export<\/h3>\n<p><img decoding=\"async\" src=\"\/wp-content\/uploads\/factory-12.webp\"\/><\/p>\n<p><img decoding=\"async\" src=\"\/wp-content\/uploads\/factory-13.webp\"\/><\/p>\n<p><img decoding=\"async\" src=\"\/wp-content\/uploads\/factory-14.webp\"\/><\/p>\n<h2>FAQ<\/h2>\n<p><p><b>1. was ist ein gro\u00dfes Aluminium-Strangpressprofil? <\/b><\/p>\n<p> Das Strangpressen von Aluminium bezieht sich auf den Prozess der Formgebung von gro\u00dfformatigen Aluminiumprofilen durch eine Hochdruckd\u00fcse, die \u00fcblicherweise f\u00fcr strukturelle und industrielle Anwendungen verwendet wird.<br \/>\n<\/p><br \/>\n<br \/>\n<p><b>2. welche Vorteile bietet die Verwendung gro\u00dfer Aluminium-Strangpressprofile? <\/b><\/p>\n<p> Gro\u00dfe Aluminium-Strangpressprofile bieten Festigkeit, geringes Gewicht, Korrosionsbest\u00e4ndigkeit und Designflexibilit\u00e4t, ideal f\u00fcr das Baugewerbe, das Transportwesen und die Luft- und Raumfahrt.<br \/>\n<\/p><br \/>\n<br \/>\n<p><b>3. warum Aluminium f\u00fcr gro\u00dfe Strangpressprofile w\u00e4hlen? <\/b><\/p>\n<p> Aluminium ist leicht, stabil, wiederverwertbar und korrosionsbest\u00e4ndig und eignet sich daher hervorragend f\u00fcr gro\u00dfe Strangpressprofile, die in Schwerlastanwendungen eingesetzt werden.<br \/>\n<\/p><br \/>\n<br \/>\n<p><b>4. wie werden gro\u00dfe Aluminium-Strangpressprofile hergestellt? <\/b><\/p>\n<p> Gro\u00dfe Aluminiumstrangpressprofile werden durch Erhitzen von Aluminiumkn\u00fcppeln und Pressen durch spezielle Matrizen hergestellt, wodurch hochfeste, pr\u00e4zise geformte Profile entstehen.<br \/>\n<\/p><br \/>\n<br \/>\n<p><b>5. welche Branchen verwenden gro\u00dfe Aluminium-Strangpressprofile? <\/b><\/p>\n<p> Branchen wie die Luft- und Raumfahrt, die Automobilindustrie, das Baugewerbe und die erneuerbaren Energien sind auf gro\u00dfe Aluminium-Strangpressprofile angewiesen, um langlebige, leichte Strukturkomponenten zu erhalten.<br \/>\n<\/p><br \/>\n<br \/>\n<p><b>6. sind gro\u00dfe Aluminium-Strangpressprofile anpassbar? <\/b><\/p>\n<p> Ja, gro\u00dfe Aluminium-Strangpressprofile k\u00f6nnen in verschiedenen Formen, Gr\u00f6\u00dfen und Oberfl\u00e4chenausf\u00fchrungen kundenspezifisch gestaltet werden, um spezifische technische und architektonische Anforderungen zu erf\u00fcllen.<br \/>\n<\/p><br \/>\n<br \/>\n<p><b>7) Wie gro\u00df d\u00fcrfen gro\u00dfe Aluminium-Strangpressprofile sein? <\/b><\/p>\n<p> Die Gr\u00f6\u00dfe von gro\u00dfen Aluminium-Strangpressprofilen h\u00e4ngt von der Pressenkapazit\u00e4t und der Werkzeugkonstruktion ab, wobei einige Hersteller Profile mit einer Breite von 20 Zoll oder mehr anbieten.<br \/>\n<\/p><br \/>\n<br \/>\n<p><b>8. wie verh\u00e4lt sich das Strangpressen von Aluminium im Vergleich zu Stahl? <\/b><\/p>\n<p> Gro\u00dfe Aluminium-Strangpressprofile sind leichter und korrosionsbest\u00e4ndiger als Stahl und bieten eine einfachere Bearbeitung und bessere Leistung bei gewichtssensiblen Anwendungen.<br \/>\n<\/p><br \/>\n<br \/>\n<p><b>9. ist gro\u00dfe Aluminiumextrusion kosteneffektiv? <\/b><\/p>\n<p> Ja, gro\u00dfe Aluminium-Strangpressprofile sind aufgrund des geringen Materialabfalls, der langen Lebensdauer und des geringen Gewichts, das die Transport- und Montagekosten senkt, kosteng\u00fcnstig.<br \/>\n<\/p><br \/>\n<br \/>\n<p><b>10. k\u00f6nnen gro\u00dfe Aluminium-Strangpressprofile eloxiert oder lackiert werden? <\/b><\/p>\n<p> Gro\u00dfe Aluminium-Strangpressprofile k\u00f6nnen eloxiert oder pulverbeschichtet werden, um die Korrosionsbest\u00e4ndigkeit, \u00c4sthetik und Haltbarkeit der Oberfl\u00e4che zu verbessern.<br \/>\n<\/p><br \/><\/p>","protected":false},"featured_media":6060,"template":"","categories":[58],"class_list":["post-6061","product","type-product","status-publish","has-post-thumbnail","hentry","category-aluminium-extrusion-profiles"],"meta_box":{"hilight_text_group":{"product_hilight_text":"<li>High strength and lightweight, ideal for load-bearing structures and equipment frames<\/li>\r\r\n<li>Custom extrusion available to meet diverse industrial design needs<\/li>\r\r\n<li>Excellent corrosion resistance for outdoor and high-humidity environments<\/li>\r\r\n<li>Various surface finishes available, including anodizing, electrophoresis, and powder coating<\/li>\r\r\n<li>Reliable bulk supply for large-scale projects and OEM orders<\/li>","product_chanpin_chanpin":"<li><a href=\"https:\/\/sinoextrud.com\/product\/custom-anodized-aluminium-profiles\/\" target=\"_blank\">Custom Anodized Aluminium Profiles<\/a><\/li>\r\n<li><a href=\"https:\/\/sinoextrud.com\/product\/aluminium-profile-corner-joint\/\" target=\"_blank\">Aluminium Profile Corner Joint<\/a><\/li>\r\n<li><a href=\"https:\/\/sinoextrud.com\/product\/industrial-aluminum-brushed-polish-profile-for-railing-and-showroom-decoration\/\" target=\"_blank\">Industrial Aluminum Brushed Polish Profile For Railing And Showroom Decoration<\/a><\/li>\r\n<li><a href=\"https:\/\/sinoextrud.com\/product\/anodized-aluminum\/\" target=\"_blank\">Anodized Aluminum<\/a><\/li>\r\n<li><a href=\"https:\/\/sinoextrud.com\/product\/large-aluminum-extrusion-2\/\" target=\"_blank\">Large Aluminum Extrusion<\/a><\/li>\r\n<li><a href=\"https:\/\/sinoextrud.com\/product\/aluminium-door-extrusions-profiles\/\" target=\"_blank\">Aluminium Door Extrusions Profiles<\/a><\/li>\r\n<li><a href=\"https:\/\/sinoextrud.com\/product\/aluminium-extrusion-profile-handle\/\" target=\"_blank\">Aluminium Extrusion Profile Handle<\/a><\/li>\r\n<li><a href=\"https:\/\/sinoextrud.com\/product\/linear-rail-aluminium-extrusion\/\" target=\"_blank\">Linear Rail Aluminium Extrusion<\/a><\/li>\r\n<li><a href=\"https:\/\/sinoextrud.com\/product\/led-strip-lights-aluminum-profile\/\" target=\"_blank\">Led Strip Lights Aluminum Profile<\/a><\/li>\r\n<li><a href=\"https:\/\/sinoextrud.com\/product\/building-material-aluminium-extrusion-profiles\/\" target=\"_blank\">Building Material Aluminium Extrusion Profiles<\/a><\/li>\r\n<li><a href=\"https:\/\/sinoextrud.com\/product\/clip-in-tile-ceiling-system\/\" target=\"_blank\">Clip-in Tile Ceiling System<\/a><\/li>"},"feature_list":[]},"_links":{"self":[{"href":"https:\/\/sinoextrud.com\/de\/wp-json\/wp\/v2\/product\/6061","targetHints":{"allow":["GET"]}}],"collection":[{"href":"https:\/\/sinoextrud.com\/de\/wp-json\/wp\/v2\/product"}],"about":[{"href":"https:\/\/sinoextrud.com\/de\/wp-json\/wp\/v2\/types\/product"}],"wp:featuredmedia":[{"embeddable":true,"href":"https:\/\/sinoextrud.com\/de\/wp-json\/wp\/v2\/media\/6060"}],"wp:attachment":[{"href":"https:\/\/sinoextrud.com\/de\/wp-json\/wp\/v2\/media?parent=6061"}],"wp:term":[{"taxonomy":"category","embeddable":true,"href":"https:\/\/sinoextrud.com\/de\/wp-json\/wp\/v2\/categories?post=6061"}],"curies":[{"name":"wp","href":"https:\/\/api.w.org\/{rel}","templated":true}]}}