{"id":6056,"date":"2025-05-24T03:29:45","date_gmt":"2025-05-24T03:29:45","guid":{"rendered":"https:\/\/sinoextrud.com\/product\/industrial-aluminum-brushed-polish-profile-for-railing-and-showroom-decoration\/"},"modified":"2025-06-24T03:53:56","modified_gmt":"2025-06-24T03:53:56","slug":"industrielles-aluminiumprofil-geburstet-und-poliert-fur-gelander-und-die-dekoration-von-ausstellungsraumen","status":"publish","type":"product","link":"https:\/\/sinoextrud.com\/de\/product\/industrial-aluminum-brushed-polish-profile-for-railing-and-showroom-decoration\/","title":{"rendered":"Industrielles Aluminium geb\u00fcrstet polnisch Profil f\u00fcr Gel\u00e4nder und Showroom Dekoration"},"content":{"rendered":"<h2>Produkte Details<\/h2>\n<table class=\"custom-table\">\n<tr>\n<td class=\"label\">Markenname:<\/td>\n<td>Sinoextrud<\/td>\n<\/tr>\n<tr>\n<td class=\"label\">Material:<\/td>\n<td>Aluminiumlegierung<\/td>\n<\/tr>\n<tr>\n<td class=\"label\">Benennung:<\/td>\n<td>6 oder andere Serien nach Ihren W\u00fcnschen<\/td>\n<\/tr>\n<tr>\n<td class=\"label\">L\u00e4nge<\/td>\n<td>Kundenspezifisch<\/td>\n<\/tr>\n<tr>\n<td class=\"label\">Dicke<\/td>\n<td>Kundenspezifisch<\/td>\n<\/tr>\n<tr>\n<td class=\"label\">Beschreibung<\/td>\n<td>Aluminiumprofile, Aluminium-Strangpressprofile, Aluminiumrohre, Stangen, Aluminiumlegierungen, Aluminiumprodukte, Aluminiumt\u00fcren und -fenster, Baumaterial<\/td>\n<\/tr>\n<tr>\n<td class=\"label\">Oberfl\u00e4chenbehandlung<\/td>\n<td>walzblank (ohne Behandlung), poliert, eloxiert, pulverbeschichtet, mit Holzmaserung lackiert, sandgestrahlt, elektrophoretisch behandelt usw.<\/td>\n<\/tr>\n<tr>\n<td class=\"label\">Dimension<\/td>\n<td>optional<\/td>\n<\/tr>\n<tr>\n<td class=\"label\">Verpacken<\/td>\n<td>Kraftpapier, Karton, Schutzschaum, w\u00e4rmekontrahierte Plastikfolie, Polybeutel, etc. nach Ihren W\u00fcnschen.<\/td>\n<\/tr>\n<tr>\n<td class=\"label\">Bescheinigungen<\/td>\n<td>ISO 9001.CE, SGS,<\/td>\n<\/tr>\n<tr>\n<td class=\"label\">Farbe<\/td>\n<td>Silber, Schwarz, Silber, Bronze, Champagner, Holzmaserung und so weiter<\/td>\n<\/tr>\n<tr>\n<td class=\"label\">Form<\/td>\n<td>Verschiedene Formen, Parameter und Farben verf\u00fcgbar<\/td>\n<\/tr>\n<tr>\n<td class=\"label\">Gew\u00f6hnlich<\/td>\n<td>Fenster, T\u00fcren, W\u00e4nde, M\u00f6bel, architektonische, dekorative, zivile, industrielle und IT-Anwendungen usw.,<\/td>\n<\/tr>\n<tr>\n<td class=\"label\">Lieferung Detail<\/td>\n<td>10-20 Tage \/ abh\u00e4ngig von Menge und Zeichnungen<\/td>\n<\/tr>\n<tr>\n<td class=\"label\">Qualit\u00e4t<\/td>\n<td>Die Qualit\u00e4t entspricht dem internationalen Standard.<\/td>\n<\/tr>\n<tr>\n<td class=\"label\">Gestaltung<\/td>\n<td>OEM oder ODM ist verf\u00fcgbar, bitte senden Sie uns Ihre Zeichnung<\/td>\n<\/tr>\n<tr>\n<td class=\"label\">Merkmal<\/td>\n<td>Hohe Korrosionsbest\u00e4ndigkeit, Witterungsbest\u00e4ndigkeit, Hitzebest\u00e4ndigkeit, Alkalibest\u00e4ndigkeit<\/td>\n<\/tr>\n<\/table>\n<h2>Unsere Produktionsbasis<\/h2>\n<h3>Fabrik-Panorama<\/h3>\n<p><img decoding=\"async\" src=\"\/wp-content\/uploads\/factory-01.webp\"\/><\/p>\n<h3>Werkstatt zur Herstellung von Aluminiumstangen<\/h3>\n<p><img decoding=\"async\" src=\"\/wp-content\/uploads\/factory-02.webp\"\/><\/p>\n<\/p>\n<p><img decoding=\"async\" src=\"\/wp-content\/uploads\/factory-03.webp\"\/><\/p>\n<h3>Lagerhaus f\u00fcr Formen<\/h3>\n<p><img decoding=\"async\" src=\"\/wp-content\/uploads\/factory-04.webp\"\/><\/p>\n<h3>43 Aluminium-Strangpressanlagen (500-5500 Tonnen)<\/h3>\n<p><img decoding=\"async\" src=\"\/wp-content\/uploads\/factory-05.webp\"\/><\/p>\n<p><img decoding=\"async\" src=\"\/wp-content\/uploads\/factory-06.webp\"\/><\/p>\n<p><img decoding=\"async\" src=\"\/wp-content\/uploads\/factory-07.webp\"\/><\/p>\n<h3>Werkstatt f\u00fcr Pulverbeschichtung<\/h3>\n<p><img decoding=\"async\" src=\"\/wp-content\/uploads\/factory-09.webp\"\/><\/p>\n<h3>Eloxal-Werkstatt<\/h3>\n<p><img decoding=\"async\" src=\"\/wp-content\/uploads\/factory-10.webp\"\/><\/p>\n<h3>Workshop zur Tiefenverarbeitung<\/h3>\n<p><img decoding=\"async\" src=\"\/wp-content\/uploads\/factory-11.webp\"\/><\/p>\n<h3>CNC-Pr\u00e4zisionsbearbeitungswerkstatt<\/h3>\n<p><img decoding=\"async\" src=\"\/wp-content\/uploads\/factory-11.5.webp\"\/><\/p>\n<h3>Lager f\u00fcr Fertigprodukte und Export<\/h3>\n<p><img decoding=\"async\" src=\"\/wp-content\/uploads\/factory-12.webp\"\/><\/p>\n<p><img decoding=\"async\" src=\"\/wp-content\/uploads\/factory-13.webp\"\/><\/p>\n<p><img decoding=\"async\" src=\"\/wp-content\/uploads\/factory-14.webp\"\/><\/p>\n<h2>FAQ<\/h2>\n<p><b>1. was ist ein industrielles geb\u00fcrstetes polnisches Aluminiumprofil f\u00fcr Gel\u00e4nder und Ausstellungsraumdekoration? <\/b><\/p>\n<p> Es handelt sich um ein stranggepresstes Aluminium mit einer geb\u00fcrsteten und polierten Oberfl\u00e4che, das f\u00fcr Gel\u00e4ndersysteme und Ausstellungsr\u00e4ume mit einem eleganten, modernen Erscheinungsbild entwickelt wurde.\n<\/p>\n<p><\/p>\n<p><b>2. was sind die Vorteile der industriellen Aluminium geb\u00fcrstet polnischen Profilen? <\/b><\/p>\n<p> Diese Profile bieten eine hochwertige \u00c4sthetik, ausgezeichnete Korrosionsbest\u00e4ndigkeit, einfache Wartung und dauerhafte Leistung sowohl f\u00fcr strukturelle als auch f\u00fcr dekorative Anwendungen.\n<\/p>\n<p><\/p>\n<p><b>3 Warum sollte man sich bei Aluminiumprofilen f\u00fcr eine geb\u00fcrstete, polierte Oberfl\u00e4che entscheiden? <\/b><\/p>\n<p> Die geb\u00fcrstete Politur sorgt f\u00fcr einen raffinierten, matten Metall-Look, der Fingerabdr\u00fccke und Kratzer verbirgt und sich ideal f\u00fcr stark frequentierte und visuell auff\u00e4llige Bereiche wie Ausstellungsr\u00e4ume und Gel\u00e4nder eignet.\n<\/p>\n<p><\/p>\n<p><b>4. ist das geb\u00fcrstete polnische Aluminiumprofil f\u00fcr den Innen- und Au\u00dfeneinsatz geeignet? <\/b><\/p>\n<p> Ja, die geb\u00fcrstete und polierte Oberfl\u00e4che, die oft mit einer Eloxierung kombiniert wird, macht sie widerstandsf\u00e4hig gegen Feuchtigkeit und UV-Strahlung f\u00fcr den langfristigen Einsatz im Innen- oder Au\u00dfenbereich.\n<\/p>\n<p><\/p>\n<p><b>5. welche Anwendungen verwenden industrielle Aluminium geb\u00fcrstet polnischen Profile? <\/b><\/p>\n<p> Diese Profile werden h\u00e4ufig f\u00fcr Treppengel\u00e4nder, Balkongel\u00e4nder, Ladeneinrichtungen, Ausstellungsr\u00e4ume, Trennw\u00e4nde und architektonische Verkleidungen verwendet.\n<\/p>\n<p><\/p>\n<p><b>6. k\u00f6nnen diese Profile in Gr\u00f6\u00dfe und Form angepasst werden? <\/b><\/p>\n<p> Nat\u00fcrlich k\u00f6nnen sie in verschiedenen L\u00e4ngen, Querschnitten und Ausf\u00fchrungen hergestellt werden, um spezifische Design- und Installationsanforderungen zu erf\u00fcllen.\n<\/p>\n<p><\/p>\n<p><b>7 Wie kann geb\u00fcrstetes, poliertes Aluminium die Gestaltung von Ausstellungsr\u00e4umen verbessern? <\/b><\/p>\n<p> Sie verleiht Innenr\u00e4umen ein modernes, gehobenes Ambiente, reflektiert das Licht auf attraktive Weise und sorgt f\u00fcr ein sauberes, professionelles Aussehen, das die Produktpr\u00e4sentation verbessert.\n<\/p>\n<p><\/p>\n<p><b>8. sind industrielle geb\u00fcrstete polnische Aluminiumprofile leicht zu pflegen? <\/b><\/p>\n<p> Ja, die glatte Oberfl\u00e4che ist schmutzabweisend und muss nur gelegentlich mit einem weichen Tuch und einem milden Reinigungsmittel gereinigt werden, um makellos zu bleiben.\n<\/p>\n<p><\/p>\n<p><b>9. ist geb\u00fcrstetes poliertes Aluminium umweltfreundlich? <\/b><\/p>\n<p> Ja, Aluminium ist 100% recycelbar, und der Veredelungsprozess ist im Allgemeinen emissionsarm, was es zu einer nachhaltigen Wahl f\u00fcr modernes Bauen und Design macht.\n<\/p>\n<p><\/p>\n<p><b>10. wie haltbar ist ein geb\u00fcrstetes poliertes Aluminiumprofil f\u00fcr Gel\u00e4nder? <\/b><\/p>\n<p> Sehr langlebig - geb\u00fcrstete und polierte Aluminiumprofile sind verschlei\u00df-, korrosions- und verformungsbest\u00e4ndig und gew\u00e4hrleisten eine dauerhafte strukturelle und optische Leistung.\n<\/p>\n<p><\/p>","protected":false},"featured_media":6055,"template":"","categories":[57],"class_list":["post-6056","product","type-product","status-publish","has-post-thumbnail","hentry","category-anodized-aluminum-profile"],"meta_box":{"hilight_text_group":{"product_hilight_text":"<li>Brushed polish finish offers a sleek, high-end aesthetic for modern spaces<\/li>\r\r\n<li>Durable aluminum construction ensures long-lasting performance and corrosion resistance<\/li>\r\r\n<li>Ideal for railings, showroom displays, and interior architectural accents<\/li>\r\r\n<li>Easy to fabricate and install, saving time and labor costs<\/li>\r\r\n<li>Customizable sizes and finishes to meet specific design and branding needs<\/li>","product_chanpin_chanpin":"<li><a href=\"https:\/\/sinoextrud.com\/product\/sandblasted-aluminum-profile\/\" target=\"_blank\">Sandblasted Aluminum Profile<\/a><\/li>\r\n<li><a href=\"https:\/\/sinoextrud.com\/product\/extruded-aluminum-stock\/\" target=\"_blank\">Extruded Aluminum Stock<\/a><\/li>\r\n<li><a href=\"https:\/\/sinoextrud.com\/product\/custom-anodized-aluminium-profiles\/\" target=\"_blank\">Custom Anodized Aluminium Profiles<\/a><\/li>\r\n<li><a href=\"https:\/\/sinoextrud.com\/product\/aluminium-profile-corner-joint\/\" target=\"_blank\">Aluminium Profile Corner Joint<\/a><\/li>\r\n<li><a href=\"https:\/\/sinoextrud.com\/product\/industrial-aluminum-brushed-polish-profile-for-railing-and-showroom-decoration\/\" target=\"_blank\">Industrial Aluminum Brushed Polish Profile For Railing And Showroom Decoration<\/a><\/li>\r\n<li><a href=\"https:\/\/sinoextrud.com\/product\/anodized-aluminum\/\" target=\"_blank\">Anodized Aluminum<\/a><\/li>\r\n<li><a href=\"https:\/\/sinoextrud.com\/product\/large-aluminum-extrusion-2\/\" target=\"_blank\">Large Aluminum Extrusion<\/a><\/li>\r\n<li><a href=\"https:\/\/sinoextrud.com\/product\/aluminium-door-extrusions-profiles\/\" target=\"_blank\">Aluminium Door Extrusions Profiles<\/a><\/li>\r\n<li><a href=\"https:\/\/sinoextrud.com\/product\/aluminium-extrusion-profile-handle\/\" target=\"_blank\">Aluminium Extrusion Profile Handle<\/a><\/li>\r\n<li><a href=\"https:\/\/sinoextrud.com\/product\/cnc-machining-aluminium-profile-connectors\/\" target=\"_blank\">CNC Machining Aluminium Profile Connectors<\/a><\/li>\r\n<li><a href=\"https:\/\/sinoextrud.com\/product\/oem-precision-cnc-machining-for-aluminum-parts\/\" target=\"_blank\">OEM Precision CNC Machining For Aluminum Parts<\/a><\/li>"},"feature_list":[]},"_links":{"self":[{"href":"https:\/\/sinoextrud.com\/de\/wp-json\/wp\/v2\/product\/6056","targetHints":{"allow":["GET"]}}],"collection":[{"href":"https:\/\/sinoextrud.com\/de\/wp-json\/wp\/v2\/product"}],"about":[{"href":"https:\/\/sinoextrud.com\/de\/wp-json\/wp\/v2\/types\/product"}],"wp:featuredmedia":[{"embeddable":true,"href":"https:\/\/sinoextrud.com\/de\/wp-json\/wp\/v2\/media\/6055"}],"wp:attachment":[{"href":"https:\/\/sinoextrud.com\/de\/wp-json\/wp\/v2\/media?parent=6056"}],"wp:term":[{"taxonomy":"category","embeddable":true,"href":"https:\/\/sinoextrud.com\/de\/wp-json\/wp\/v2\/categories?post=6056"}],"curies":[{"name":"wp","href":"https:\/\/api.w.org\/{rel}","templated":true}]}}