{"id":6054,"date":"2025-05-24T03:26:31","date_gmt":"2025-05-24T03:26:31","guid":{"rendered":"https:\/\/sinoextrud.com\/product\/aluminium-profile-corner-joint\/"},"modified":"2025-06-24T03:53:53","modified_gmt":"2025-06-24T03:53:53","slug":"aluminiumprofil-eckverbindung","status":"publish","type":"product","link":"https:\/\/sinoextrud.com\/de\/product\/aluminium-profile-corner-joint\/","title":{"rendered":"Aluminium-Profil-Eckverbindung"},"content":{"rendered":"<h2>Produkte Details<\/h2>\n<table class=\"custom-table\">\n<tr>\n<td class=\"label\">Artikel Name<\/td>\n<td>Hersteller von Aluminiumprofilen 6063, CNC-Bearbeitung von Aluminiumprofilen, Fr\u00e4sen, Stanzen, Eckverbindungen von Aluminiumprofilen<\/td>\n<\/tr>\n<tr>\n<td class=\"label\">Material Klasse<\/td>\n<td>Legierung Serie 6000<\/td>\n<\/tr>\n<tr>\n<td class=\"label\">Temperament<\/td>\n<td>T5-T6<\/td>\n<\/tr>\n<tr>\n<td class=\"label\">Technologie<\/td>\n<td>Aluminium-Strangpressen<\/td>\n<\/tr>\n<tr>\n<td class=\"label\">Oberfl\u00e4chenbehandlung<\/td>\n<td>Fr\u00e4sen, Eloxieren, Pulverbeschichten, Sandstrahlen, Elektrophorese usw.<\/td>\n<\/tr>\n<tr>\n<td class=\"label\">Farbe<\/td>\n<td>Silberwei\u00df, schwarz, goldfarben, champagnerfarben, dunkelbronzefarben oder nach Ihren W\u00fcnschen<\/td>\n<\/tr>\n<tr>\n<td class=\"label\">Normale Eloxalst\u00e4rke<\/td>\n<td>8-12 Mikro<\/td>\n<\/tr>\n<tr>\n<td class=\"label\">Normale Leistung Beschichtungsdicke<\/td>\n<td>60-100 Mikro<\/td>\n<\/tr>\n<tr>\n<td class=\"label\">Form<\/td>\n<td>Quadratisch, rund, flach, oder nach Kundenzeichnung<\/td>\n<\/tr>\n<tr>\n<td class=\"label\">L\u00e4nge<\/td>\n<td>Die Standardl\u00e4nge f\u00fcr den Export betr\u00e4gt 5,8 m, f\u00fcr die Eloxierung maximal 6,5 m, f\u00fcr die Oberfl\u00e4chenbehandlung maximal 13 m.<\/td>\n<\/tr>\n<tr>\n<td class=\"label\">Tiefgehende Verarbeitung<\/td>\n<td>Schneiden, Bohren, Stanzen, Biegen usw.<\/td>\n<\/tr>\n<tr>\n<td class=\"label\">2D&amp;3D Entwurf<\/td>\n<td>1: 4 Konstrukteure in der Konstruktions- und Entwicklungsabteilung, 2: Auto CAD, 3D, AI, SLD, PRT. IGS, PDF, JPEG usw.<\/td>\n<\/tr>\n<tr>\n<td class=\"label\">Technik&amp; Werkzeugbau<\/td>\n<td>1: 8 Ingenieure in der Formwerkstatt. 2: Einsatz von Hochtonnage-Extrudern, Drahterodiermaschinen, CNC, Bohrmaschinen usw.<\/td>\n<\/tr>\n<\/table>\n<h2>Unsere Produktionsbasis<\/h2>\n<h3>Fabrik-Panorama<\/h3>\n<p><img decoding=\"async\" src=\"\/wp-content\/uploads\/factory-01.webp\"\/><\/p>\n<h3>Werkstatt zur Herstellung von Aluminiumstangen<\/h3>\n<p><img decoding=\"async\" src=\"\/wp-content\/uploads\/factory-02.webp\"\/><\/p>\n<p><img decoding=\"async\" src=\"\/wp-content\/uploads\/factory-03.webp\"\/><\/p>\n<h3>Lagerhaus f\u00fcr Formen<\/h3>\n<p><img decoding=\"async\" src=\"\/wp-content\/uploads\/factory-04.webp\"\/><\/p>\n<h3>43 Aluminium-Strangpressanlagen (500-5500 Tonnen)<\/h3>\n<p><img decoding=\"async\" src=\"\/wp-content\/uploads\/factory-05.webp\"\/><\/p>\n<p><img decoding=\"async\" src=\"\/wp-content\/uploads\/factory-06.webp\"\/><\/p>\n<p><img decoding=\"async\" src=\"\/wp-content\/uploads\/factory-07.webp\"\/><\/p>\n<h3>Werkstatt f\u00fcr Pulverbeschichtung<\/h3>\n<p><img decoding=\"async\" src=\"\/wp-content\/uploads\/factory-09.webp\"\/><\/p>\n<h3>Eloxal-Werkstatt<\/h3>\n<p><img decoding=\"async\" src=\"\/wp-content\/uploads\/factory-10.webp\"\/><\/p>\n<h3>Workshop zur Tiefenverarbeitung<\/h3>\n<p><img decoding=\"async\" src=\"\/wp-content\/uploads\/factory-11.webp\"\/><\/p>\n<h3>CNC-Pr\u00e4zisionsbearbeitungswerkstatt<\/h3>\n<p><img decoding=\"async\" src=\"\/wp-content\/uploads\/factory-11.5.webp\"\/><\/p>\n<h3>Lager f\u00fcr Fertigprodukte und Export<\/h3>\n<p><img decoding=\"async\" src=\"\/wp-content\/uploads\/factory-12.webp\"\/><\/p>\n<p><img decoding=\"async\" src=\"\/wp-content\/uploads\/factory-13.webp\"\/><\/p>\n<p><img decoding=\"async\" src=\"\/wp-content\/uploads\/factory-14.webp\"\/><\/p>\n<h2>FAQ<\/h2>\n<p><p><b>1. was ist eine Aluminiumprofil-Eckverbindung? <\/b><\/p>\n<p> Eine Aluminiumprofil-Eckverbindung ist ein Verbindungselement, das zur sicheren Verbindung von zwei oder mehr Aluminiumprofilen an einer Ecke, typischerweise im 90-Grad-Winkel, in modularen Rahmensystemen verwendet wird.<br \/>\n<\/p><br \/>\n<br \/>\n<p><b>2. was sind die Vorteile der Verwendung von Aluminiumprofil-Eckverbindungen? <\/b><\/p>\n<p> Diese Verbindungen sorgen f\u00fcr starke strukturelle Verbindungen, einfache Montage, verbesserte Ausrichtung und erh\u00f6hte Stabilit\u00e4t in Aluminiumrahmensystemen.<br \/>\n<\/p><br \/>\n<br \/>\n<p><b>3. warum sind Eckverbindungen aus Aluminiumprofilen wichtig f\u00fcr den Bau? <\/b><\/p>\n<p> Sie gew\u00e4hrleisten pr\u00e4zise Winkel, reduzieren den Bedarf an Schwei\u00dfarbeiten und erm\u00f6glichen modulare, rekonfigurierbare Strukturen mit minimalem Aufwand.<br \/>\n<\/p><br \/>\n<br \/>\n<p><b>4. sind Aluminiumprofil-Eckverbindungen einfach zu montieren? <\/b><\/p>\n<p> Ja, sie sind f\u00fcr eine schnelle, werkzeuglose Montage mit Schrauben, Bolzen oder Nutensteinen ausgelegt und damit ideal f\u00fcr den Heimwerker und den professionellen Einsatz.<br \/>\n<\/p><br \/>\n<br \/>\n<p><b>5. k\u00f6nnen Aluminiumprofil-Eckverbindungen wiederverwendet werden? <\/b><\/p>\n<p> Auf jeden Fall sind sie f\u00fcr modulare Systeme konzipiert, die eine einfache Demontage und Wiederverwendung ohne Besch\u00e4digung der Profile oder Verbinder erm\u00f6glichen.<br \/>\n<\/p><br \/>\n<br \/>\n<p><b>6. aus welchen Materialien werden Aluminiumprofil-Eckverbindungen hergestellt? <\/b><\/p>\n<p> Die meisten sind aus haltbarem Aluminiumdruckguss oder einer Zinklegierung gefertigt, um der Festigkeit und dem Finish der Profile zu entsprechen, die sie verbinden.<br \/>\n<\/p><br \/>\n<br \/>\n<p><b>7. f\u00fcr welche Anwendungen werden Aluminiumprofil-Eckverbindungen verwendet? <\/b><\/p>\n<p> Zu den \u00fcblichen Verwendungszwecken geh\u00f6ren Maschinengestelle, Arbeitsstationen, Ausstellungseinheiten, Regalsysteme und modulare Geh\u00e4use in industriellen und gewerblichen Bereichen.<br \/>\n<\/p><br \/>\n<br \/>\n<p><b>8. halten Aluminiumprofil-Eckverbindungen hohen Belastungen stand? <\/b><\/p>\n<p> Ja, hochwertige Eckverbindungen sind so konstruiert, dass sie bei ordnungsgem\u00e4\u00dfer Montage mit passenden Aluminiumprofilen erheblichen mechanischen Belastungen standhalten.<br \/>\n<\/p><br \/>\n<br \/>\n<p><b>9. gibt es verschiedene Arten von Aluminiumprofil-Eckverbindern? <\/b><\/p>\n<p> Ja, es gibt Innenverbinder, Winkel, 2-Wege-, 3-Wege- und 4-Wege-Verbindungen, die jeweils f\u00fcr bestimmte strukturelle Anforderungen ausgelegt sind.<br \/>\n<\/p><br \/>\n<br \/>\n<p><b>10. sind Aluminiumprofil-Eckverbindungen mit allen Aluminiumprofilen kompatibel? <\/b><\/p>\n<p> Sie sind in der Regel f\u00fcr standardm\u00e4\u00dfige T-Nut- und V-Nut-Extrusionssysteme ausgelegt, es sind jedoch auch kundenspezifische Optionen f\u00fcr spezielle Profilgr\u00f6\u00dfen erh\u00e4ltlich.<br \/>\n<\/p><br \/><\/p>","protected":false},"featured_media":6053,"template":"","categories":[57],"class_list":["post-6054","product","type-product","status-publish","has-post-thumbnail","hentry","category-anodized-aluminum-profile"],"meta_box":{"hilight_text_group":{"product_hilight_text":"<li>Provides strong and precise 90\u00c2\u00b0 connections for aluminium profile frames<\/li>\r\r\n<li>Quick and easy to install without welding or special tools<\/li>\r\r\n<li>Compatible with standard T-slot and modular aluminium systems<\/li>\r\r\n<li>Durable and corrosion-resistant for long-term structural stability<\/li>\r\r\n<li>Ideal for industrial automation, enclosures, and custom assemblies<\/li>","product_chanpin_chanpin":"<li><a href=\"https:\/\/sinoextrud.com\/product\/anodized-aluminum-trim-molding\/\" target=\"_blank\">Anodized Aluminum Trim Molding<\/a><\/li>\r\n<li><a href=\"https:\/\/sinoextrud.com\/product\/sandblasted-aluminum-profile\/\" target=\"_blank\">Sandblasted Aluminum Profile<\/a><\/li>\r\n<li><a href=\"https:\/\/sinoextrud.com\/product\/extruded-aluminum-stock\/\" target=\"_blank\">Extruded Aluminum Stock<\/a><\/li>\r\n<li><a href=\"https:\/\/sinoextrud.com\/product\/custom-anodized-aluminium-profiles\/\" target=\"_blank\">Custom Anodized Aluminium Profiles<\/a><\/li>\r\n<li><a href=\"https:\/\/sinoextrud.com\/product\/aluminium-profile-corner-joint\/\" target=\"_blank\">Aluminium Profile Corner Joint<\/a><\/li>\r\n<li><a href=\"https:\/\/sinoextrud.com\/product\/industrial-aluminum-brushed-polish-profile-for-railing-and-showroom-decoration\/\" target=\"_blank\">Industrial Aluminum Brushed Polish Profile For Railing And Showroom Decoration<\/a><\/li>\r\n<li><a href=\"https:\/\/sinoextrud.com\/product\/anodized-aluminum\/\" target=\"_blank\">Anodized Aluminum<\/a><\/li>\r\n<li><a href=\"https:\/\/sinoextrud.com\/product\/large-aluminum-extrusion-2\/\" target=\"_blank\">Large Aluminum Extrusion<\/a><\/li>\r\n<li><a href=\"https:\/\/sinoextrud.com\/product\/aluminium-door-extrusions-profiles\/\" target=\"_blank\">Aluminium Door Extrusions Profiles<\/a><\/li>\r\n<li><a href=\"https:\/\/sinoextrud.com\/product\/c-section-aluminium-extrusion\/\" target=\"_blank\">C Section Aluminium Extrusion<\/a><\/li>\r\n<li><a href=\"https:\/\/sinoextrud.com\/product\/anodized-extruded-aluminum\/\" target=\"_blank\">Anodized Extruded Aluminum<\/a><\/li>"},"feature_list":[]},"_links":{"self":[{"href":"https:\/\/sinoextrud.com\/de\/wp-json\/wp\/v2\/product\/6054","targetHints":{"allow":["GET"]}}],"collection":[{"href":"https:\/\/sinoextrud.com\/de\/wp-json\/wp\/v2\/product"}],"about":[{"href":"https:\/\/sinoextrud.com\/de\/wp-json\/wp\/v2\/types\/product"}],"wp:featuredmedia":[{"embeddable":true,"href":"https:\/\/sinoextrud.com\/de\/wp-json\/wp\/v2\/media\/6053"}],"wp:attachment":[{"href":"https:\/\/sinoextrud.com\/de\/wp-json\/wp\/v2\/media?parent=6054"}],"wp:term":[{"taxonomy":"category","embeddable":true,"href":"https:\/\/sinoextrud.com\/de\/wp-json\/wp\/v2\/categories?post=6054"}],"curies":[{"name":"wp","href":"https:\/\/api.w.org\/{rel}","templated":true}]}}